{"id":15642,"date":"2020-11-02T09:57:20","date_gmt":"2020-11-02T16:57:20","guid":{"rendered":"https:\/\/www.tucsonmuseumofart.org\/?page_id=15642"},"modified":"2024-06-04T10:11:17","modified_gmt":"2024-06-04T17:11:17","slug":"toys-fun","status":"publish","type":"page","link":"https:\/\/www.tucsonmuseumofart.org\/es\/store\/toys-fun\/","title":{"rendered":"Juguetes y diversi\u00f3n"},"content":{"rendered":"<div id='av_section_1'  class='avia-section av-3uz6d0v-6e5dd1ad8038331fe88128e047c45b02 main_color avia-section-default avia-no-border-styling  avia-builder-el-0  el_before_av_submenu  avia-builder-el-first  avia-bg-style-parallax container_wrap fullsize'  ><div class='container av-section-cont-open' ><main  role=\"main\" itemprop=\"mainContentOfPage\"  class='template-page content  av-content-full alpha units'><div class='post-entry post-entry-type-page post-entry-15642'><div class='entry-content-wrapper clearfix'>\n\n<style type=\"text\/css\" data-created_by=\"avia_inline_auto\" id=\"style-css-av-kh0scq3m-6ea47ffc20970113dca42a8830590d44\">\n#top .av-special-heading.av-kh0scq3m-6ea47ffc20970113dca42a8830590d44{\npadding-bottom:0;\nfont-size:40px;\n}\nbody .av-special-heading.av-kh0scq3m-6ea47ffc20970113dca42a8830590d44 .av-special-heading-tag .heading-char{\nfont-size:25px;\n}\n#top #wrap_all .av-special-heading.av-kh0scq3m-6ea47ffc20970113dca42a8830590d44 .av-special-heading-tag{\nfont-size:40px;\n}\n.av-special-heading.av-kh0scq3m-6ea47ffc20970113dca42a8830590d44 .av-subheading{\nfont-size:20px;\n}\n\n@media only screen and (min-width: 480px) and (max-width: 767px){ \n#top #wrap_all .av-special-heading.av-kh0scq3m-6ea47ffc20970113dca42a8830590d44 .av-special-heading-tag{\nfont-size:0.8em;\n}\n}\n\n@media only screen and (max-width: 479px){ \n#top #wrap_all .av-special-heading.av-kh0scq3m-6ea47ffc20970113dca42a8830590d44 .av-special-heading-tag{\nfont-size:0.8em;\n}\n}\n<\/style>\n<div  class='av-special-heading av-kh0scq3m-6ea47ffc20970113dca42a8830590d44 av-special-heading-h1 custom-color-heading blockquote modern-quote modern-centered  avia-builder-el-1  avia-builder-el-no-sibling  av-inherit-size av-linked-heading'><h1 class='av-special-heading-tag'  itemprop=\"headline\"  >Juguetes <span class='special_amp'>&amp;<\/span> Divertida<\/h1><div class=\"special-heading-border\"><div class=\"special-heading-inner-border\"><\/div><\/div><\/div>\n\n<\/div><\/div><\/main><!-- close content main element --><\/div><\/div><div class='clear'><\/div><div id='sub_menu1'  class='av-submenu-container av-kgtxocjn-3e81eedbc5b5719c188d3ee6431d2a73 main_color av-switch-768  avia-builder-el-2  el_after_av_section  el_before_av_section  av-sticky-submenu submenu-not-first container_wrap fullsize' style='z-index:301' ><div class='container av-menu-mobile-active av-submenu-pos-center'><a href=\"#\" class=\"mobile_menu_toggle\" aria-hidden='true' data-av_icon='\ue811' data-av_iconfont='entypo-fontello'><span class=\"av-current-placeholder\">Men\u00fa<\/span><\/a><ul id='av-custom-submenu-1' class='av-subnav-menu'>\n<li class='menu-item av-483s90a-b0f177d5801ebcae174ac2478cfc839a menu-item-top-level menu-item-top-level-1'><a href='https:\/\/www.tucsonmuseumofart.org\/es\/store\/jewelry-accessories\/'  ><span class='avia-bullet'><\/span><span class='avia-menu-text'>Accesorios<\/span><\/a><\/li>\n<li class='menu-item av-3y9nme2-372e79ffabc8b839b4501a15e5ff0e2a menu-item-top-level menu-item-top-level-2'><a href='https:\/\/www.tucsonmuseumofart.org\/es\/store\/art-supplies\/'  ><span class='avia-bullet'><\/span><span class='avia-menu-text'>Art\u00edculos de arte<\/span><\/a><\/li>\n<li class='menu-item av-2vv4yka-3eea68f5ed80e5c163cb6fada77897ed menu-item-top-level menu-item-top-level-3'><a href='https:\/\/www.tucsonmuseumofart.org\/es\/store\/art-decor\/'  ><span class='avia-bullet'><\/span><span class='avia-menu-text'>Arte y decoraci\u00f3n<\/span><\/a><\/li>\n<li class='menu-item av-3cj7r6i-914e60ff64935e92b58b714608a97525 menu-item-top-level menu-item-top-level-4'><a href='https:\/\/www.tucsonmuseumofart.org\/es\/store\/books-cards\/'  ><span class='avia-bullet'><\/span><span class='avia-menu-text'>Libros y Tarjetas<\/span><\/a><\/li>\n<li class='menu-item av-2feoihm-e3361a76f52a9ee051126b719881eb76 menu-item-top-level menu-item-top-level-5'><a href='https:\/\/www.tucsonmuseumofart.org\/es\/store\/housewares\/'  ><span class='avia-bullet'><\/span><span class='avia-menu-text'>Art\u00edculos para el hogar<\/span><\/a><\/li>\n<li class='menu-item av-umvp22-87a48c1c95cd87a0f1335011c23f8709 menu-item-top-level menu-item-top-level-6'><a href='https:\/\/www.tucsonmuseumofart.org\/es\/store\/jewelry\/'  ><span class='avia-bullet'><\/span><span class='avia-menu-text'>Joyas<\/span><\/a><\/li>\n<li class='menu-item av-266vn22-5384a45dcbaffa6b4fbb0e1d18030548 menu-item-top-level menu-item-top-level-7'><a href='https:\/\/www.tucsonmuseumofart.org\/es\/store\/puzzles-games\/'  ><span class='avia-bullet'><\/span><span class='avia-menu-text'>Rompecabezas y juegos<\/span><\/a><\/li>\n<li class='menu-item av-1sjeb6i-8d0f9414ce78dac8c8be685f2b4cef4b menu-item-top-level menu-item-top-level-8'><a href='https:\/\/www.tucsonmuseumofart.org\/es\/store\/toys-fun\/'  ><span class='avia-bullet'><\/span><span class='avia-menu-text'>Juguetes y diversi\u00f3n<\/span><\/a><\/li>\n<\/ul><\/div><\/div><div class='sticky_placeholder'><\/div>\n\n<style type=\"text\/css\" data-created_by=\"avia_inline_auto\" id=\"style-css-av-k7f1sk6y-33bc2b4783278a74e8737c5ca752aab7\">\n.avia-section.av-k7f1sk6y-33bc2b4783278a74e8737c5ca752aab7{\nbackground-color:#f7f7f7;\nbackground-image:unset;\n}\n<\/style>\n<div id='av_section_2'  class='avia-section av-k7f1sk6y-33bc2b4783278a74e8737c5ca752aab7 main_color avia-section-default avia-no-border-styling  avia-builder-el-3  el_after_av_submenu  avia-builder-el-last  avia-bg-style-parallax av-minimum-height av-minimum-height-50 av-height-50  container_wrap fullsize'   data-av_minimum_height_pc='50' data-av_min_height_opt='50'><div class='container av-section-cont-open' ><div class='template-page content  av-content-full alpha units'><div class='post-entry post-entry-type-page post-entry-15642'><div class='entry-content-wrapper clearfix'>\n<section  class='av_textblock_section av-kq60soby-075d4023339811247a2e20530d3d0d6c'   itemscope=\"itemscope\" itemtype=\"https:\/\/schema.org\/CreativeWork\" ><div class='avia_textblock'  itemprop=\"text\" ><p style=\"text-align: center\"><em>Las ventas en l\u00ednea son definitivas a menos que la mercanc\u00eda llegue da\u00f1ada.<\/em><\/p>\n<\/div><\/section>\n<div  class='avia-product-slider-container av-ka4j4c5q-8b4b865d82105ffaef1575268e5d73cb template-shop avia-content-slider avia-content-grid-active shop_columns_5  avia-builder-el-5  el_after_av_textblock  avia-builder-el-last  avia-content-slider-odd  avia-builder-el-5  el_after_av_textblock  avia-builder-el-last  av-slideshow-ui av-slider-hover-pause av-slideshow-manual av-loop-once av-loop-manual-endless avia-product-slider1' data-slideshow-options=\"{&quot;animation&quot;:&quot;fade&quot;,&quot;autoplay&quot;:false,&quot;loop_autoplay&quot;:&quot;once&quot;,&quot;interval&quot;:5,&quot;loop_manual&quot;:&quot;manual-endless&quot;,&quot;autoplay_stopper&quot;:false,&quot;noNavigation&quot;:false,&quot;bg_slider&quot;:false,&quot;keep_padding&quot;:false,&quot;hoverpause&quot;:true,&quot;show_slide_delay&quot;:0}\"><div class=\"product-sorting\"><ul class=\"sort-param sort-param-order\"><li><span class='currently-selected'>Ordenar por <strong>Por defecto<\/strong><\/span><ul><li class=\"current-param\"><a href='?avia_extended_shop_select=yes&product_order=default' rel=\"nofollow\"><span class='avia-bullet'><\/span>Por defecto<\/a><\/li><li><a href='?avia_extended_shop_select=yes&product_order=menu_order' rel=\"nofollow\"><span class='avia-bullet'><\/span>Costumbre<\/a><\/li><li><a href='?avia_extended_shop_select=yes&product_order=title' rel=\"nofollow\"><span class='avia-bullet'><\/span>Nombre<\/a><\/li><li><a href='?avia_extended_shop_select=yes&product_order=price' rel=\"nofollow\"><span class='avia-bullet'><\/span>Precio<\/a><\/li><li><a href='?avia_extended_shop_select=yes&product_order=date' rel=\"nofollow\"><span class='avia-bullet'><\/span>Fecha<\/a><\/li><li><a href='?avia_extended_shop_select=yes&product_order=popularity' rel=\"nofollow\"><span class='avia-bullet'><\/span>Popularidad (ventas)<\/a><\/li><li><a href='?avia_extended_shop_select=yes&product_order=rating' rel=\"nofollow\"><span class='avia-bullet'><\/span>Puntuaci\u00f3n media<\/a><\/li><li><a href='?avia_extended_shop_select=yes&product_order=relevance' rel=\"nofollow\"><span class='avia-bullet'><\/span>Relevancia<\/a><\/li><li><a href='?avia_extended_shop_select=yes&product_order=rand' rel=\"nofollow\"><span class='avia-bullet'><\/span>Aleatorio<\/a><\/li><li><a href='?avia_extended_shop_select=yes&product_order=id' rel=\"nofollow\"><span class='avia-bullet'><\/span>ID del Producto<\/a><\/li><\/ul><\/li><\/ul><ul class='sort-param sort-param-count'><li><span class='currently-selected'>Mostrar <strong>25 productos por p\u00e1gina <\/strong><\/span><ul><li class=\"current-param\"><a href='?paged=1&avia_extended_shop_select=yes&product_count=25' rel=\"nofollow\">\t\t<span class='avia-bullet'><\/span>25 productos por p\u00e1gina<\/a><\/li><li><a href='?paged=1&avia_extended_shop_select=yes&product_count=50' rel=\"nofollow\">\t<span class='avia-bullet'><\/span>50 productos por p\u00e1gina<\/a><\/li><li><a href='?paged=1&avia_extended_shop_select=yes&product_count=75' rel=\"nofollow\">\t<span class='avia-bullet'><\/span>75 Productos por p\u00e1gina<\/a><\/li><\/ul><\/li><\/ul><\/div><div class='avia-content-slider-inner'><ul class=\"products\"><li class=\"product type-product post-16426 status-publish first instock product_cat-books-cards product_cat-toys-fun has-post-thumbnail shipping-taxable purchasable product-type-simple\">\n\t<div class='inner_product main_color wrapped_style noLightbox  av-product-class-no_button'><a href=\"https:\/\/www.tucsonmuseumofart.org\/es\/producto\/paint-by-sticker-masterpieces\/\" class=\"woocommerce-LoopProduct-link woocommerce-loop-product__link\"><div class=\"thumbnail_container\"><img loading=\"lazy\" decoding=\"async\" width=\"450\" height=\"450\" src=\"https:\/\/www.tucsonmuseumofart.org\/wp-content\/uploads\/2020\/05\/pbs-master-450x450.jpg\" class=\"wp-image-16428 avia-img-lazy-loading-16428 attachment-shop_catalog size-shop_catalog wp-post-image\" alt=\"\" srcset=\"https:\/\/www.tucsonmuseumofart.org\/wp-content\/uploads\/2020\/05\/pbs-master-450x450.jpg 450w, https:\/\/www.tucsonmuseumofart.org\/wp-content\/uploads\/2020\/05\/pbs-master-100x100.jpg 100w, https:\/\/www.tucsonmuseumofart.org\/wp-content\/uploads\/2020\/05\/pbs-master-300x300.jpg 300w, https:\/\/www.tucsonmuseumofart.org\/wp-content\/uploads\/2020\/05\/pbs-master-80x80.jpg 80w, https:\/\/www.tucsonmuseumofart.org\/wp-content\/uploads\/2020\/05\/pbs-master-36x36.jpg 36w, https:\/\/www.tucsonmuseumofart.org\/wp-content\/uploads\/2020\/05\/pbs-master-180x180.jpg 180w, https:\/\/www.tucsonmuseumofart.org\/wp-content\/uploads\/2020\/05\/pbs-master.jpg 488w\" sizes=\"auto, (max-width: 450px) 100vw, 450px\" \/><span class=\"cart-loading\"><\/span><\/div><div class='inner_product_header'><div class='avia-arrow'><\/div><div class='inner_product_header_table'><div class='inner_product_header_cell'><h2 class=\"woocommerce-loop-product__title\">Paint by Sticker: Obras maestras<\/h2>\n\t<span class=\"price\"><span class=\"woocommerce-Price-amount amount\"><bdi><span class=\"woocommerce-Price-currencySymbol\">&#36;<\/span>20.00<\/bdi><\/span><\/span>\n<\/div><\/div><\/div><\/a><\/div><\/li>\n<li class=\"product type-product post-35417 status-publish instock product_cat-toys-fun product_tag-cactus product_tag-pillow has-post-thumbnail shipping-taxable purchasable product-type-simple\">\n\t<div class='inner_product main_color wrapped_style noLightbox  av-product-class-no_button'><a href=\"https:\/\/www.tucsonmuseumofart.org\/es\/producto\/standing-javalina-plushy\/\" class=\"woocommerce-LoopProduct-link woocommerce-loop-product__link\"><div class=\"thumbnail_container\"><img loading=\"lazy\" decoding=\"async\" width=\"450\" height=\"450\" src=\"https:\/\/www.tucsonmuseumofart.org\/wp-content\/uploads\/2023\/11\/Lg-javalina-450x450.jpg\" class=\"wp-image-35418 avia-img-lazy-loading-35418 attachment-shop_catalog size-shop_catalog wp-post-image\" alt=\"\" srcset=\"https:\/\/www.tucsonmuseumofart.org\/wp-content\/uploads\/2023\/11\/Lg-javalina-450x450.jpg 450w, https:\/\/www.tucsonmuseumofart.org\/wp-content\/uploads\/2023\/11\/Lg-javalina-100x100.jpg 100w, https:\/\/www.tucsonmuseumofart.org\/wp-content\/uploads\/2023\/11\/Lg-javalina-80x80.jpg 80w, https:\/\/www.tucsonmuseumofart.org\/wp-content\/uploads\/2023\/11\/Lg-javalina-36x36.jpg 36w, https:\/\/www.tucsonmuseumofart.org\/wp-content\/uploads\/2023\/11\/Lg-javalina-180x180.jpg 180w, https:\/\/www.tucsonmuseumofart.org\/wp-content\/uploads\/2023\/11\/Lg-javalina-120x120.jpg 120w\" sizes=\"auto, (max-width: 450px) 100vw, 450px\" \/><span class=\"cart-loading\"><\/span><\/div><div class='inner_product_header'><div class='avia-arrow'><\/div><div class='inner_product_header_table'><div class='inner_product_header_cell'><h2 class=\"woocommerce-loop-product__title\">Standing Javalina Plushy<\/h2>\n\t<span class=\"price\"><span class=\"woocommerce-Price-amount amount\"><bdi><span class=\"woocommerce-Price-currencySymbol\">&#36;<\/span>32.00<\/bdi><\/span><\/span>\n<\/div><\/div><\/div><\/a><\/div><\/li>\n<li class=\"product type-product post-37882 status-publish instock product_cat-books-cards product_cat-toys-fun product_tag-activity product_tag-coloring product_tag-coloring-book product_tag-tucson has-post-thumbnail shipping-taxable purchasable product-type-simple\">\n\t<div class='inner_product main_color wrapped_style noLightbox  av-product-class-no_button'><a href=\"https:\/\/www.tucsonmuseumofart.org\/es\/producto\/tucson-museum-of-art-a-coloring-book\/\" class=\"woocommerce-LoopProduct-link woocommerce-loop-product__link\"><div class=\"thumbnail_container\"><img loading=\"lazy\" decoding=\"async\" width=\"450\" height=\"450\" src=\"https:\/\/www.tucsonmuseumofart.org\/wp-content\/uploads\/2024\/05\/cover-450x450.jpg\" class=\"wp-image-37884 avia-img-lazy-loading-37884 attachment-shop_catalog size-shop_catalog wp-post-image\" alt=\"\" srcset=\"https:\/\/www.tucsonmuseumofart.org\/wp-content\/uploads\/2024\/05\/cover-450x450.jpg 450w, https:\/\/www.tucsonmuseumofart.org\/wp-content\/uploads\/2024\/05\/cover-80x80.jpg 80w, https:\/\/www.tucsonmuseumofart.org\/wp-content\/uploads\/2024\/05\/cover-36x36.jpg 36w, https:\/\/www.tucsonmuseumofart.org\/wp-content\/uploads\/2024\/05\/cover-180x180.jpg 180w, https:\/\/www.tucsonmuseumofart.org\/wp-content\/uploads\/2024\/05\/cover-120x120.jpg 120w, https:\/\/www.tucsonmuseumofart.org\/wp-content\/uploads\/2024\/05\/cover-100x100.jpg 100w\" sizes=\"auto, (max-width: 450px) 100vw, 450px\" \/><span class=\"cart-loading\"><\/span><\/div><div class='inner_product_header'><div class='avia-arrow'><\/div><div class='inner_product_header_table'><div class='inner_product_header_cell'><h2 class=\"woocommerce-loop-product__title\">Tucson Museum of Art: A Coloring Book<\/h2>\n\t<span class=\"price\"><span class=\"woocommerce-Price-amount amount\"><bdi><span class=\"woocommerce-Price-currencySymbol\">&#36;<\/span>26.00<\/bdi><\/span><\/span>\n<\/div><\/div><\/div><\/a><\/div><\/li>\n<\/ul><\/div><\/div><div class=\"clear\"><\/div>","protected":false},"excerpt":{"rendered":"","protected":false},"author":178,"featured_media":0,"parent":19409,"menu_order":0,"comment_status":"closed","ping_status":"closed","template":"","meta":{"_price":"","_stock":"","_tribe_ticket_header":"","_tribe_default_ticket_provider":"","_tribe_ticket_capacity":"0","_ticket_start_date":"","_ticket_end_date":"","_tribe_ticket_show_description":"","_tribe_ticket_show_not_going":false,"_tribe_ticket_use_global_stock":"","_tribe_ticket_global_stock_level":"","_global_stock_mode":"","_global_stock_cap":"","_tribe_rsvp_for_event":"","_tribe_ticket_going_count":"","_tribe_ticket_not_going_count":"","_tribe_tickets_list":"[]","_tribe_ticket_has_attendee_info_fields":false,"footnotes":""},"class_list":["post-15642","page","type-page","status-publish","hentry"],"publishpress_future_action":{"enabled":false,"date":"2026-04-21 19:09:23","action":"change-status","newStatus":"draft","terms":[],"taxonomy":"","extraData":[]},"publishpress_future_workflow_manual_trigger":{"enabledWorkflows":[]},"_links":{"self":[{"href":"https:\/\/www.tucsonmuseumofart.org\/es\/wp-json\/wp\/v2\/pages\/15642","targetHints":{"allow":["GET"]}}],"collection":[{"href":"https:\/\/www.tucsonmuseumofart.org\/es\/wp-json\/wp\/v2\/pages"}],"about":[{"href":"https:\/\/www.tucsonmuseumofart.org\/es\/wp-json\/wp\/v2\/types\/page"}],"author":[{"embeddable":true,"href":"https:\/\/www.tucsonmuseumofart.org\/es\/wp-json\/wp\/v2\/users\/178"}],"replies":[{"embeddable":true,"href":"https:\/\/www.tucsonmuseumofart.org\/es\/wp-json\/wp\/v2\/comments?post=15642"}],"version-history":[{"count":9,"href":"https:\/\/www.tucsonmuseumofart.org\/es\/wp-json\/wp\/v2\/pages\/15642\/revisions"}],"predecessor-version":[{"id":38666,"href":"https:\/\/www.tucsonmuseumofart.org\/es\/wp-json\/wp\/v2\/pages\/15642\/revisions\/38666"}],"up":[{"embeddable":true,"href":"https:\/\/www.tucsonmuseumofart.org\/es\/wp-json\/wp\/v2\/pages\/19409"}],"wp:attachment":[{"href":"https:\/\/www.tucsonmuseumofart.org\/es\/wp-json\/wp\/v2\/media?parent=15642"}],"curies":[{"name":"wp","href":"https:\/\/api.w.org\/{rel}","templated":true}]}}