{"id":15670,"date":"2020-10-28T17:09:12","date_gmt":"2020-10-29T00:09:12","guid":{"rendered":"https:\/\/www.tucsonmuseumofart.org\/?page_id=15670"},"modified":"2024-06-04T10:14:17","modified_gmt":"2024-06-04T17:14:17","slug":"art-supplies","status":"publish","type":"page","link":"https:\/\/www.tucsonmuseumofart.org\/es\/store\/art-supplies\/","title":{"rendered":"Art\u00edculos de arte"},"content":{"rendered":"<div id='av_section_1'  class='avia-section av-3uz6d0v-6e5dd1ad8038331fe88128e047c45b02 main_color avia-section-default avia-no-border-styling  avia-builder-el-0  el_before_av_submenu  avia-builder-el-first  avia-bg-style-parallax container_wrap fullsize'  ><div class='container av-section-cont-open' ><main  role=\"main\" itemprop=\"mainContentOfPage\"  class='template-page content  av-content-full alpha units'><div class='post-entry post-entry-type-page post-entry-15670'><div class='entry-content-wrapper clearfix'>\n\n<style type=\"text\/css\" data-created_by=\"avia_inline_auto\" id=\"style-css-av-kh0rvre9-8f6b1de3fa08f97bcaeed54371b1ab76\">\n#top .av-special-heading.av-kh0rvre9-8f6b1de3fa08f97bcaeed54371b1ab76{\npadding-bottom:0;\nfont-size:40px;\n}\nbody .av-special-heading.av-kh0rvre9-8f6b1de3fa08f97bcaeed54371b1ab76 .av-special-heading-tag .heading-char{\nfont-size:25px;\n}\n#top #wrap_all .av-special-heading.av-kh0rvre9-8f6b1de3fa08f97bcaeed54371b1ab76 .av-special-heading-tag{\nfont-size:40px;\n}\n.av-special-heading.av-kh0rvre9-8f6b1de3fa08f97bcaeed54371b1ab76 .av-subheading{\nfont-size:20px;\n}\n\n@media only screen and (min-width: 480px) and (max-width: 767px){ \n#top #wrap_all .av-special-heading.av-kh0rvre9-8f6b1de3fa08f97bcaeed54371b1ab76 .av-special-heading-tag{\nfont-size:0.8em;\n}\n}\n\n@media only screen and (max-width: 479px){ \n#top #wrap_all .av-special-heading.av-kh0rvre9-8f6b1de3fa08f97bcaeed54371b1ab76 .av-special-heading-tag{\nfont-size:0.8em;\n}\n}\n<\/style>\n<div  class='av-special-heading av-kh0rvre9-8f6b1de3fa08f97bcaeed54371b1ab76 av-special-heading-h1 custom-color-heading blockquote modern-quote modern-centered  avia-builder-el-1  avia-builder-el-no-sibling  av-inherit-size av-linked-heading'><h1 class='av-special-heading-tag'  itemprop=\"headline\"  >Art\u00edculos de arte<\/h1><div class=\"special-heading-border\"><div class=\"special-heading-inner-border\"><\/div><\/div><\/div>\n\n<\/div><\/div><\/main><!-- close content main element --><\/div><\/div><div class='clear'><\/div><div id='sub_menu1'  class='av-submenu-container av-kgtxocjn-3e81eedbc5b5719c188d3ee6431d2a73 main_color av-switch-768  avia-builder-el-2  el_after_av_section  el_before_av_section  av-sticky-submenu submenu-not-first container_wrap fullsize' style='z-index:301' ><div class='container av-menu-mobile-active av-submenu-pos-center'><a href=\"#\" class=\"mobile_menu_toggle\" aria-hidden='true' data-av_icon='\ue811' data-av_iconfont='entypo-fontello'><span class=\"av-current-placeholder\">Men\u00fa<\/span><\/a><ul id='av-custom-submenu-1' class='av-subnav-menu'>\n<li class='menu-item av-zff46n-854bbb45649193a30ce377610c9fdfcd menu-item-top-level menu-item-top-level-1'><a href=''  ><span class='avia-bullet'><\/span><span class='avia-menu-text'>Accesorios<\/span><\/a><\/li>\n<li class='menu-item av-3wl1p0v-134be2b0676a0536422d10dcf058778b menu-item-top-level menu-item-top-level-2'><a href=''  ><span class='avia-bullet'><\/span><span class='avia-menu-text'>Art\u00edculos de arte<\/span><\/a><\/li>\n<li class='menu-item av-t91pqn-157bcf2fc0146a43771bf1849ee9bc06 menu-item-top-level menu-item-top-level-3'><a href=''  ><span class='avia-bullet'><\/span><span class='avia-menu-text'>Arte y decoraci\u00f3n<\/span><\/a><\/li>\n<li class='menu-item av-wg6y4v-a0576d0ef8e2ff36432e190eab7bb3f6 menu-item-top-level menu-item-top-level-4'><a href='https:\/\/www.tucsonmuseumofart.org\/es\/store\/books-cards\/'  ><span class='avia-bullet'><\/span><span class='avia-menu-text'>Libros y Tarjetas<\/span><\/a><\/li>\n<li class='menu-item av-qpw90v-f66e54561b5009afe92e0be86e97907a menu-item-top-level menu-item-top-level-5'><a href=''  ><span class='avia-bullet'><\/span><span class='avia-menu-text'>Art\u00edculos para el hogar<\/span><\/a><\/li>\n<li class='menu-item av-uzbnm7-1262cca048cae3fa609d52f2c94e5c1a menu-item-top-level menu-item-top-level-6'><a href=''  ><span class='avia-bullet'><\/span><span class='avia-menu-text'>Joyas<\/span><\/a><\/li>\n<li class='menu-item av-18q9asv-7cb929c924146a66fb703143839fccba menu-item-top-level menu-item-top-level-7'><a href=''  ><span class='avia-bullet'><\/span><span class='avia-menu-text'>Rompecabezas y juegos<\/span><\/a><\/li>\n<li class='menu-item av-qfpqkv-6f0dcd6bd3c2f18ab149f60c4aafe680 menu-item-top-level menu-item-top-level-8'><a href=''  ><span class='avia-bullet'><\/span><span class='avia-menu-text'>Juguetes y diversi\u00f3n<\/span><\/a><\/li>\n<\/ul><\/div><\/div><div class='sticky_placeholder'><\/div>\n\n<style type=\"text\/css\" data-created_by=\"avia_inline_auto\" id=\"style-css-av-k7f1sk6y-33bc2b4783278a74e8737c5ca752aab7\">\n.avia-section.av-k7f1sk6y-33bc2b4783278a74e8737c5ca752aab7{\nbackground-color:#f7f7f7;\nbackground-image:unset;\n}\n<\/style>\n<div id='av_section_2'  class='avia-section av-k7f1sk6y-33bc2b4783278a74e8737c5ca752aab7 main_color avia-section-default avia-no-border-styling  avia-builder-el-3  el_after_av_submenu  avia-builder-el-last  avia-bg-style-parallax av-minimum-height av-minimum-height-50 av-height-50  container_wrap fullsize'   data-av_minimum_height_pc='50' data-av_min_height_opt='50'><div class='container av-section-cont-open' ><div class='template-page content  av-content-full alpha units'><div class='post-entry post-entry-type-page post-entry-15670'><div class='entry-content-wrapper clearfix'>\n<section  class='av_textblock_section av-kq5ywqpn-b1ef02bf783d6c5a0897d055e6e2fcad'   itemscope=\"itemscope\" itemtype=\"https:\/\/schema.org\/CreativeWork\" ><div class='avia_textblock'  itemprop=\"text\" ><p style=\"text-align: center\"><em>Las ventas en l\u00ednea son definitivas a menos que la mercanc\u00eda llegue da\u00f1ada.<\/em><\/p>\n<\/div><\/section>\n<p>No se han encontrado productos que coincidan con su selecci\u00f3n.<\/p><div class=\"clear\"><\/div>","protected":false},"excerpt":{"rendered":"","protected":false},"author":178,"featured_media":0,"parent":19409,"menu_order":0,"comment_status":"closed","ping_status":"closed","template":"","meta":{"_price":"","_stock":"","_tribe_ticket_header":"","_tribe_default_ticket_provider":"","_tribe_ticket_capacity":"0","_ticket_start_date":"","_ticket_end_date":"","_tribe_ticket_show_description":"","_tribe_ticket_show_not_going":false,"_tribe_ticket_use_global_stock":"","_tribe_ticket_global_stock_level":"","_global_stock_mode":"","_global_stock_cap":"","_tribe_rsvp_for_event":"","_tribe_ticket_going_count":"","_tribe_ticket_not_going_count":"","_tribe_tickets_list":"[]","_tribe_ticket_has_attendee_info_fields":false,"footnotes":""},"class_list":["post-15670","page","type-page","status-publish","hentry"],"publishpress_future_action":{"enabled":false,"date":"2026-04-15 14:28:23","action":"change-status","newStatus":"draft","terms":[],"taxonomy":"","extraData":[]},"publishpress_future_workflow_manual_trigger":{"enabledWorkflows":[]},"_links":{"self":[{"href":"https:\/\/www.tucsonmuseumofart.org\/es\/wp-json\/wp\/v2\/pages\/15670","targetHints":{"allow":["GET"]}}],"collection":[{"href":"https:\/\/www.tucsonmuseumofart.org\/es\/wp-json\/wp\/v2\/pages"}],"about":[{"href":"https:\/\/www.tucsonmuseumofart.org\/es\/wp-json\/wp\/v2\/types\/page"}],"author":[{"embeddable":true,"href":"https:\/\/www.tucsonmuseumofart.org\/es\/wp-json\/wp\/v2\/users\/178"}],"replies":[{"embeddable":true,"href":"https:\/\/www.tucsonmuseumofart.org\/es\/wp-json\/wp\/v2\/comments?post=15670"}],"version-history":[{"count":7,"href":"https:\/\/www.tucsonmuseumofart.org\/es\/wp-json\/wp\/v2\/pages\/15670\/revisions"}],"predecessor-version":[{"id":38671,"href":"https:\/\/www.tucsonmuseumofart.org\/es\/wp-json\/wp\/v2\/pages\/15670\/revisions\/38671"}],"up":[{"embeddable":true,"href":"https:\/\/www.tucsonmuseumofart.org\/es\/wp-json\/wp\/v2\/pages\/19409"}],"wp:attachment":[{"href":"https:\/\/www.tucsonmuseumofart.org\/es\/wp-json\/wp\/v2\/media?parent=15670"}],"curies":[{"name":"wp","href":"https:\/\/api.w.org\/{rel}","templated":true}]}}