{"id":16716,"date":"2020-06-24T12:57:38","date_gmt":"2020-06-24T19:57:38","guid":{"rendered":"https:\/\/www.tucsonmuseumofart.org\/?page_id=16716"},"modified":"2026-03-04T00:52:08","modified_gmt":"2026-03-04T07:52:08","slug":"know-before-you-go-new-procedures-and-policies","status":"publish","type":"page","link":"https:\/\/www.tucsonmuseumofart.org\/es\/know-before-you-go-new-procedures-and-policies\/","title":{"rendered":"Saber antes de ir"},"content":{"rendered":"<div id='av_section_1'  class='avia-section av-9fatq4s-0791651976f7011a90f975d023e601ac main_color avia-section-default avia-no-border-styling  avia-builder-el-0  el_before_av_one_half  avia-builder-el-first  avia-bg-style-parallax av-minimum-height av-minimum-height-50 av-height-50  container_wrap fullsize'   data-av_minimum_height_pc='50' data-av_min_height_opt='50'><div class='container av-section-cont-open' ><main  role=\"main\" itemprop=\"mainContentOfPage\"  class='template-page content  av-content-full alpha units'><div class='post-entry post-entry-type-page post-entry-16716'><div class='entry-content-wrapper clearfix'>\n\n<style type=\"text\/css\" data-created_by=\"avia_inline_auto\" id=\"style-css-av-3zsjho-c4a746cbceb4c20cde9cfb109cd6fa29\">\n#top .av-special-heading.av-3zsjho-c4a746cbceb4c20cde9cfb109cd6fa29{\npadding-bottom:30px;\nfont-size:40px;\n}\nbody .av-special-heading.av-3zsjho-c4a746cbceb4c20cde9cfb109cd6fa29 .av-special-heading-tag .heading-char{\nfont-size:25px;\n}\n#top #wrap_all .av-special-heading.av-3zsjho-c4a746cbceb4c20cde9cfb109cd6fa29 .av-special-heading-tag{\nfont-size:40px;\n}\n.av-special-heading.av-3zsjho-c4a746cbceb4c20cde9cfb109cd6fa29 .av-subheading{\nfont-size:30px;\n}\n\n@media only screen and (min-width: 480px) and (max-width: 767px){ \n#top #wrap_all .av-special-heading.av-3zsjho-c4a746cbceb4c20cde9cfb109cd6fa29 .av-special-heading-tag{\nfont-size:0.8em;\n}\n}\n\n@media only screen and (max-width: 479px){ \n#top #wrap_all .av-special-heading.av-3zsjho-c4a746cbceb4c20cde9cfb109cd6fa29 .av-special-heading-tag{\nfont-size:0.8em;\n}\n}\n<\/style>\n<div  class='av-special-heading av-3zsjho-c4a746cbceb4c20cde9cfb109cd6fa29 av-special-heading-h1 custom-color-heading blockquote modern-quote modern-centered  avia-builder-el-1  el_before_av_textblock  avia-builder-el-first  av-inherit-size'><h1 class='av-special-heading-tag'  itemprop=\"headline\"  >Inf\u00f3rmese antes de ir | Saber antes de ir<\/h1><div class='av-subheading av-subheading_below'><p>Pol\u00edticas y Procedimientos para Visitantes<br \/>\nPol\u00edticas y procedimientos para visitantes<\/p>\n<\/div><div class=\"special-heading-border\"><div class=\"special-heading-inner-border\"><\/div><\/div><\/div>\n<section  class='av_textblock_section av-men2igfg-72e47f2ba3681f86be1a25b3bf8f6edd'   itemscope=\"itemscope\" itemtype=\"https:\/\/schema.org\/CreativeWork\" ><div class='avia_textblock'  itemprop=\"text\" ><\/div><\/section>\n<\/div><\/div><\/main><!-- close content main element --><\/div><\/div><div id='after_section_1'  class='main_color av_default_container_wrap container_wrap fullsize'  ><div class='container av-section-cont-open' ><div class='template-page content  av-content-full alpha units'><div class='post-entry post-entry-type-page post-entry-16716'><div class='entry-content-wrapper clearfix'>\n\n<style type=\"text\/css\" data-created_by=\"avia_inline_auto\" id=\"style-css-av-smaz8s-307767aadcfd004387730fb2bc682119\">\n.flex_column.av-smaz8s-307767aadcfd004387730fb2bc682119{\nborder-radius:0px 0px 0px 0px;\npadding:0px 0px 0px 0px;\n}\n<\/style>\n<div  class='flex_column av-smaz8s-307767aadcfd004387730fb2bc682119 av_one_half  avia-builder-el-3  el_after_av_section  el_before_av_one_half  avia-builder-el-first  first flex_column_div av-zero-column-padding'     ><section  class='av_textblock_section av-kbtrycag-1-c9b7c35378fa3badcacf6df979b167c2'   itemscope=\"itemscope\" itemtype=\"https:\/\/schema.org\/CreativeWork\" ><div class='avia_textblock'  itemprop=\"text\" ><h3>Abierto<\/h3>\n<ul>\n<li>Todas las galer\u00edas en el edificio principal del museo, Goodman Pavilion y Kasser Family Wing of Latin American Art<\/li>\n<li>Cafe a la C&#8217;Art (Wednesday-Sunday, brunch and lunch)<\/li>\n<li>Oficinas de administraci\u00f3n<\/li>\n<li>La Casa C\u00f3rdoba<\/li>\n<\/ul>\n<h3>Cerrado hasta nuevo aviso<\/h3>\n<ul>\n<li>Casa J. Knox Corbett<\/li>\n<\/ul>\n<\/div><\/section><\/div>\n\n<style type=\"text\/css\" data-created_by=\"avia_inline_auto\" id=\"style-css-av-17xbnm4-e1f0cbe97133cbfef063892ab8f8cff1\">\n.flex_column.av-17xbnm4-e1f0cbe97133cbfef063892ab8f8cff1{\nborder-radius:0px 0px 0px 0px;\npadding:0px 0px 0px 0px;\n}\n<\/style>\n<div  class='flex_column av-17xbnm4-e1f0cbe97133cbfef063892ab8f8cff1 av_one_half  avia-builder-el-5  el_after_av_one_half  el_before_av_image  flex_column_div av-zero-column-padding'     ><section  class='av_textblock_section av-kbtrycag-a4960c3a93cd66dd784f9b32de350593'   itemscope=\"itemscope\" itemtype=\"https:\/\/schema.org\/CreativeWork\" ><div class='avia_textblock'  itemprop=\"text\" ><h3>Entrada al museo<\/h3>\n<p><strong>175 N Meyer Ave (Mooney Hall)<\/strong><br \/>\nIngrese a Mooney Hall (vest\u00edbulo principal) en el lado este del edificio principal del museo a trav\u00e9s de una de las dos puertas marcadas en el mapa a continuaci\u00f3n.<\/p>\n<h3>Store Entrance<\/h3>\n<p><strong>140 N. Avenida Principal<\/strong><br \/>\nPop into the Museum Store (without paying museum admission) by entering from the west side of the museum. You can also get admission and\u00a0 enter the museum from here, but this entrance is not handicapped accessible.<\/p>\n<\/div><\/section><\/div>\n\n<style type=\"text\/css\" data-created_by=\"avia_inline_auto\" id=\"style-css-av-kb9ryh65-7958e543ce872b8aac73ee4d17e5c0af\">\n.avia-image-container.av-kb9ryh65-7958e543ce872b8aac73ee4d17e5c0af img.avia_image{\nbox-shadow:none;\n}\n.avia-image-container.av-kb9ryh65-7958e543ce872b8aac73ee4d17e5c0af .av-image-caption-overlay-center{\ncolor:#ffffff;\n}\n<\/style>\n<div  class='avia-image-container av-kb9ryh65-7958e543ce872b8aac73ee4d17e5c0af av-styling- avia-align-center  avia-builder-el-7  el_after_av_one_half  el_before_av_one_half'   itemprop=\"image\" itemscope=\"itemscope\" itemtype=\"https:\/\/schema.org\/ImageObject\" ><div class=\"avia-image-container-inner\"><div class=\"avia-image-overlay-wrap\"><img decoding=\"async\" class='wp-image-44511 avia-img-lazy-loading-not-44511 avia_image' src=\"https:\/\/www.tucsonmuseumofart.org\/wp-content\/uploads\/2026\/03\/Map-Basic-full-campus-01-1626x2048.jpg\" alt='' title='Map Basic full campus-01'  height=\"2048\" width=\"1626\"  itemprop=\"thumbnailUrl\" srcset=\"https:\/\/www.tucsonmuseumofart.org\/wp-content\/uploads\/2026\/03\/Map-Basic-full-campus-01-1626x2048.jpg 1626w, https:\/\/www.tucsonmuseumofart.org\/wp-content\/uploads\/2026\/03\/Map-Basic-full-campus-01-238x300.jpg 238w, https:\/\/www.tucsonmuseumofart.org\/wp-content\/uploads\/2026\/03\/Map-Basic-full-campus-01-818x1030.jpg 818w, https:\/\/www.tucsonmuseumofart.org\/wp-content\/uploads\/2026\/03\/Map-Basic-full-campus-01-768x967.jpg 768w, https:\/\/www.tucsonmuseumofart.org\/wp-content\/uploads\/2026\/03\/Map-Basic-full-campus-01-1219x1536.jpg 1219w, https:\/\/www.tucsonmuseumofart.org\/wp-content\/uploads\/2026\/03\/Map-Basic-full-campus-01-10x12.jpg 10w, https:\/\/www.tucsonmuseumofart.org\/wp-content\/uploads\/2026\/03\/Map-Basic-full-campus-01-1191x1500.jpg 1191w, https:\/\/www.tucsonmuseumofart.org\/wp-content\/uploads\/2026\/03\/Map-Basic-full-campus-01-560x705.jpg 560w, https:\/\/www.tucsonmuseumofart.org\/wp-content\/uploads\/2026\/03\/Map-Basic-full-campus-01-450x567.jpg 450w, https:\/\/www.tucsonmuseumofart.org\/wp-content\/uploads\/2026\/03\/Map-Basic-full-campus-01-scaled.jpg 2032w\" sizes=\"(max-width: 1626px) 100vw, 1626px\" \/><\/div><\/div><\/div>\n\n<style type=\"text\/css\" data-created_by=\"avia_inline_auto\" id=\"style-css-av-m891r5p1-118eb19fe450822519820d2581545772\">\n.flex_column.av-m891r5p1-118eb19fe450822519820d2581545772{\nborder-radius:0px 0px 0px 0px;\npadding:0px 0px 0px 0px;\n}\n<\/style>\n<div  class='flex_column av-m891r5p1-118eb19fe450822519820d2581545772 av_one_half  avia-builder-el-8  el_after_av_image  el_before_av_one_half  first flex_column_div av-zero-column-padding'     ><section  class='av_textblock_section av-m891ws0t-ce2afad65ec46f52ab4bfcbe532e0e9c'   itemscope=\"itemscope\" itemtype=\"https:\/\/schema.org\/CreativeWork\" ><div class='avia_textblock'  itemprop=\"text\" ><h3>Fotograf\u00eda<\/h3>\n<p>Visitors are welcome to take personal photographs of the Museum and installations.\u00a0 Flash photography is not allowed in the galleries.\u00a0 Professional photography equipment such as tripods, lighting, etc. is not allowed in the galleries unless approved by the Marketing Manager.<\/p>\n<\/div><\/section><br \/>\n<div  class='togglecontainer av-mbpj3pmy-481bda7498f1eb33a85a9ee1a106dc9b  avia-builder-el-10  el_after_av_textblock  avia-builder-el-last  toggle_close_all' >\n<section class='av_toggle_section av-mbpj3ny8-bc510d785b0754b7a479921a8e8ffcd1'  itemscope=\"itemscope\" itemtype=\"https:\/\/schema.org\/CreativeWork\" ><div role=\"tablist\" class=\"single_toggle\" data-tags=\"{All} \"  ><p data-fake-id='#toggle-id-1' class='toggler'  itemprop=\"headline\"  role='tab' tabindex='0' aria-controls='toggle-id-1'>More Information on Photography<span class=\"toggle_icon\"><span class=\"vert_icon\"><\/span><span class=\"hor_icon\"><\/span><\/span><\/p><div id='toggle-id-1' class='toggle_wrap'  ><div class='toggle_content invers-color'  itemprop=\"text\" ><p>Visitors are welcome to take personal photographs of the museum and exhibitions.<\/p>\n<p>However, to protect the objects being photographed and the safety of other visitors, certain guidelines must be followed when taking photographs at the Tucson Museum of Art and Historic Block (TMA).<\/p>\n<ul>\n<li>Non-flash photography and phone videos for <strong>personal, non-commercial use<\/strong> are permitted (unless restrictions are posted or otherwise noted) and must not disrupt the experiences of other guests, or block access to exhibitions, entrances\/exits, doorways, bathrooms, and\/or high-traffic areas.<\/li>\n<li>Flash, shoulder mounted video cameras or lights, tripods, monopods, \u201cselfie sticks,\u201d or any similar equipment are not allowed in the galleries (unless permitted by Marketing or Collections Departments). Camera bags and other accessories may be restricted at TMA\u2019s discretion.<\/li>\n<li>Commercial or professional photography and filming by are prohibited unless prior arrangements and permissions have been granted by Marketing or Collections Departments. There may be a fee and special insurance required for photo shoots, filming, and interviews conducted in our buildings. Special permits may be necessary. Restrictions may apply.<\/li>\n<li>Credentialed members of the media must inquire in advance and receive authorization for photography and videography at public events, in the galleries, or elsewhere in the museum, and to set up interviews with TMA personnel.<\/li>\n<li>Photographers are solely responsible for any violation of copyright law (Title 17, United States Code).<\/li>\n<li>All photography must take place during TMA&#8217;s normal business hours. TMA reserves the right to restrict photography at any time.<\/li>\n<\/ul>\n<p>For inquiries, please contact marketing@tucsonmuseumofart.org or 520-616-2692.<\/p>\n<p>Visitantes son bienvenidos a tomar fotograf\u00edas personales del museo y de las exhibiciones.<\/p>\n<p>Sin embargo, para proteger los objetos que se fotograf\u00edan y la seguridad de los dem\u00e1s visitantes, deben seguirse ciertas directrices al tomar fotograf\u00edas en el Museo de Arte de Tucson y Bloque Hist\u00f3rico (TMA).<\/p>\n<ul>\n<li>Se permite la fotograf\u00eda sin flash y los v\u00eddeos telef\u00f3nicos para uso personal y no comercial (a menos que se indiquen restricciones o se indique lo contrario) y no deben perturbar la experiencia de otros visitantes ni bloquear el acceso a las exhibiciones, entradas\/salidas, portales, ba\u00f1os o zonas muy transitadas.<\/li>\n<li>El uso de flash, c\u00e1maras de v\u00eddeo o luces montadas en el hombro, tr\u00edpodes, monopi\u00e9s, \u201cpalos selfie\u201d o cualquier equipo similar no son permitidos en las galer\u00edas (a menos que lo permitan los Departamentos de Mercadotecnia o Colecciones). Las bolsas para c\u00e1maras y otros accesorios pueden estar restringidos a discreci\u00f3n de TMA.<\/li>\n<li>La fotograf\u00eda comercial o profesional y la filmaci\u00f3n est\u00e1n prohibidas a menos que se haya acordado previamente y se hayan concedido permisos por parte de los Departamentos de Mercadotecnia o Colecciones. Un honorario y la contrataci\u00f3n de un seguro especial pueden ser requeridos para sesiones fotogr\u00e1ficas, filmaciones y entrevistas realizadas en nuestros edificios. Pueden ser necesarios permisos especiales. Pueden aplicarse restricciones.<\/li>\n<li>Los miembros acreditados de los medios de comunicaci\u00f3n deben solicitar y recibir una autorizaci\u00f3n de antemano para fotografiar y grabar en v\u00eddeo en eventos p\u00fablicos, en las galer\u00edas o en cualquier otro lugar del museo, as\u00ed como para organizar entrevistas con el personal del TMA.<\/li>\n<li>Los fot\u00f3grafos son los \u00fanicos responsables de cualquier violaci\u00f3n de la ley de derechos de autor (T\u00edtulo 17 del C\u00f3digo de los Estados Unidos).<\/li>\n<li>Todas las fotograf\u00edas deben realizarse durante el horario comercial normal de TMA. TMA se reserva el derecho de restringir la fotograf\u00eda en cualquier momento.<\/li>\n<\/ul>\n<p>Para m\u00e1s informaci\u00f3n, por favor contacte marketing@tucsonmuseumofart.org o 520-616-2692.<\/p>\n<\/div><\/div><\/div><\/section>\n<\/div><\/p><\/div>\n\n<style type=\"text\/css\" data-created_by=\"avia_inline_auto\" id=\"style-css-av-ll3bnw-cc67b7cd3110ff3c53b154d6f438350c\">\n.flex_column.av-ll3bnw-cc67b7cd3110ff3c53b154d6f438350c{\nborder-radius:0px 0px 0px 0px;\npadding:0px 0px 0px 0px;\n}\n<\/style>\n<div  class='flex_column av-ll3bnw-cc67b7cd3110ff3c53b154d6f438350c av_one_half  avia-builder-el-11  el_after_av_one_half  avia-builder-el-last  flex_column_div av-zero-column-padding'     ><section  class='av_textblock_section av-m895yz9i-1e4fce9845bd8bcd09cd81897b6211ec'   itemscope=\"itemscope\" itemtype=\"https:\/\/schema.org\/CreativeWork\" ><div class='avia_textblock'  itemprop=\"text\" ><p><strong>Pets \/ Mascotas<\/strong><\/p>\n<p>Pets are not allowed in the museum and<strong>\u00a0should not be left in your car<\/strong>.<\/p>\n<p>However, as provided for by the Americans with Disabilities Act (ADA) and Arizona State Law, service animals and service animals in training are welcome. We ask that you and your service animal check in with Admissions when you arrive. While a license or documentation is not required, we are permitted to ask whether the animal is needed because of a disability and what work or task the animal has been trained to perform for you.<\/p>\n<p>Service animal owners are 100% liable for any and all actions of the animal.<\/p>\n<p>Tucson Museum of Art does not allow therapy or emotional support animals, not defined as service animals under the ADA.<\/p>\n<p>Emotional Support Animals may be allowed during certain community partnerships, these arrangements must be made in advance.<\/p>\n<p><strong>\u00a0<\/strong><\/p>\n<p>Mascotas no son permitidas en el museo y <strong>no se deben dejar en su veh\u00edculo<\/strong>.<\/p>\n<p>Sin embargo, seg\u00fan lo dispuesto por la Ley de Estadounidenses con Discapacidades (ADA) y la Ley del Estado de Arizona, los animales de servicio y los animales de servicio en entrenamiento son bienvenidos. Le pedimos que usted y su animal de servicio se registren en Admisiones cuando lleguen. Aunque no se requiere una licencia o documentaci\u00f3n, se nos permite preguntar si el animal es necesario debido a una discapacidad y qu\u00e9 trabajo o tarea el animal ha sido entrenado para realizar para usted.<\/p>\n<p>Los propietarios de animales de servicio son responsables al 100% de todas y cada una de las acciones del animal.<\/p>\n<p>El Museo de Arte de Tucson no admite animales de terapia ni de apoyo emocional, que no se definen como animales de servicio seg\u00fan la ADA.<\/p>\n<p>Los animales de apoyo emocional pueden ser admitidos durante ciertas asociaciones comunitarias, estos arreglos deben hacerse con previo aviso.<\/p>\n<\/div><\/section><\/div>","protected":false},"excerpt":{"rendered":"","protected":false},"author":177,"featured_media":0,"parent":0,"menu_order":0,"comment_status":"closed","ping_status":"closed","template":"","meta":{"_price":"","_stock":"","_tribe_ticket_header":"","_tribe_default_ticket_provider":"","_tribe_ticket_capacity":"0","_ticket_start_date":"","_ticket_end_date":"","_tribe_ticket_show_description":"","_tribe_ticket_show_not_going":false,"_tribe_ticket_use_global_stock":"","_tribe_ticket_global_stock_level":"","_global_stock_mode":"","_global_stock_cap":"","_tribe_rsvp_for_event":"","_tribe_ticket_going_count":"","_tribe_ticket_not_going_count":"","_tribe_tickets_list":"[]","_tribe_ticket_has_attendee_info_fields":false,"footnotes":""},"class_list":["post-16716","page","type-page","status-publish","hentry"],"publishpress_future_action":{"enabled":false,"date":"2026-04-14 03:41:46","action":"change-status","newStatus":"draft","terms":[],"taxonomy":"","extraData":[]},"publishpress_future_workflow_manual_trigger":{"enabledWorkflows":[]},"_links":{"self":[{"href":"https:\/\/www.tucsonmuseumofart.org\/es\/wp-json\/wp\/v2\/pages\/16716","targetHints":{"allow":["GET"]}}],"collection":[{"href":"https:\/\/www.tucsonmuseumofart.org\/es\/wp-json\/wp\/v2\/pages"}],"about":[{"href":"https:\/\/www.tucsonmuseumofart.org\/es\/wp-json\/wp\/v2\/types\/page"}],"author":[{"embeddable":true,"href":"https:\/\/www.tucsonmuseumofart.org\/es\/wp-json\/wp\/v2\/users\/177"}],"replies":[{"embeddable":true,"href":"https:\/\/www.tucsonmuseumofart.org\/es\/wp-json\/wp\/v2\/comments?post=16716"}],"version-history":[{"count":27,"href":"https:\/\/www.tucsonmuseumofart.org\/es\/wp-json\/wp\/v2\/pages\/16716\/revisions"}],"predecessor-version":[{"id":44634,"href":"https:\/\/www.tucsonmuseumofart.org\/es\/wp-json\/wp\/v2\/pages\/16716\/revisions\/44634"}],"wp:attachment":[{"href":"https:\/\/www.tucsonmuseumofart.org\/es\/wp-json\/wp\/v2\/media?parent=16716"}],"curies":[{"name":"wp","href":"https:\/\/api.w.org\/{rel}","templated":true}]}}