{"id":16748,"date":"2020-06-16T19:10:46","date_gmt":"2020-06-17T02:10:46","guid":{"rendered":"https:\/\/www.tucsonmuseumofart.org\/?page_id=16748"},"modified":"2020-06-17T00:11:40","modified_gmt":"2020-06-17T07:11:40","slug":"accordion-fold-sketchbooks","status":"publish","type":"page","link":"https:\/\/www.tucsonmuseumofart.org\/es\/accordion-fold-sketchbooks\/","title":{"rendered":"Cuadernos de bocetos plegados en acorde\u00f3n"},"content":{"rendered":"<style type=\"text\/css\" data-created_by=\"avia_inline_auto\" id=\"style-css-av-e774x8-a2e64d57da629b9d4b4f9dd4d32f0b27\">\n.avia-section.av-e774x8-a2e64d57da629b9d4b4f9dd4d32f0b27{\nbackground-color:#ffffff;\nbackground-image:unset;\n}\n<\/style>\n<div id='av_section_1'  class='avia-section av-e774x8-a2e64d57da629b9d4b4f9dd4d32f0b27 main_color avia-section-default avia-no-border-styling  avia-builder-el-0  el_before_av_section  avia-builder-el-first  avia-bg-style-scroll container_wrap fullsize'  ><div class='container av-section-cont-open' ><main  role=\"main\" itemprop=\"mainContentOfPage\"  class='template-page content  av-content-full alpha units'><div class='post-entry post-entry-type-page post-entry-16748'><div class='entry-content-wrapper clearfix'>\n\n<style type=\"text\/css\" data-created_by=\"avia_inline_auto\" id=\"style-css-av-kbiq2q3o-e3cf68ca2e08ea8a0ea42b394711929c\">\n#top .av-special-heading.av-kbiq2q3o-e3cf68ca2e08ea8a0ea42b394711929c{\npadding-bottom:0;\nfont-size:40px;\n}\nbody .av-special-heading.av-kbiq2q3o-e3cf68ca2e08ea8a0ea42b394711929c .av-special-heading-tag .heading-char{\nfont-size:25px;\n}\n#top #wrap_all .av-special-heading.av-kbiq2q3o-e3cf68ca2e08ea8a0ea42b394711929c .av-special-heading-tag{\nfont-size:40px;\n}\n.av-special-heading.av-kbiq2q3o-e3cf68ca2e08ea8a0ea42b394711929c .av-subheading{\nfont-size:20px;\n}\n\n@media only screen and (min-width: 480px) and (max-width: 767px){ \n#top #wrap_all .av-special-heading.av-kbiq2q3o-e3cf68ca2e08ea8a0ea42b394711929c .av-special-heading-tag{\nfont-size:0.8em;\n}\n}\n\n@media only screen and (max-width: 479px){ \n#top #wrap_all .av-special-heading.av-kbiq2q3o-e3cf68ca2e08ea8a0ea42b394711929c .av-special-heading-tag{\nfont-size:0.8em;\n}\n}\n<\/style>\n<div  class='av-special-heading av-kbiq2q3o-e3cf68ca2e08ea8a0ea42b394711929c av-special-heading-h1 blockquote modern-quote modern-centered  avia-builder-el-1  avia-builder-el-no-sibling  av-inherit-size'><h1 class='av-special-heading-tag'  itemprop=\"headline\"  >Cuadernos de bocetos plegados en acorde\u00f3n<\/h1><div class=\"special-heading-border\"><div class=\"special-heading-inner-border\"><\/div><\/div><\/div>\n\n<\/div><\/div><\/main><!-- close content main element --><\/div><\/div><div id='av_section_2'  class='avia-section av-30kxt58-1fb369c6031dd42c4cd54860ffe50d96 main_color avia-section-default avia-no-border-styling  avia-builder-el-2  el_after_av_section  avia-builder-el-last  avia-bg-style-scroll av-minimum-height av-minimum-height-50 av-height-50  container_wrap fullsize'   data-av_minimum_height_pc='50' data-av_min_height_opt='50'><div class='container av-section-cont-open' ><div class='template-page content  av-content-full alpha units'><div class='post-entry post-entry-type-page post-entry-16748'><div class='entry-content-wrapper clearfix'>\n\n<style type=\"text\/css\" data-created_by=\"avia_inline_auto\" id=\"style-css-av-7tuyp8-ee967d18c03855ae0c3d3bd2dd1e1f21\">\n.flex_column.av-7tuyp8-ee967d18c03855ae0c3d3bd2dd1e1f21{\nborder-radius:0px 0px 0px 0px;\npadding:0px 0px 0px 0px;\n}\n<\/style>\n<div  class='flex_column av-7tuyp8-ee967d18c03855ae0c3d3bd2dd1e1f21 av_three_fourth  avia-builder-el-3  el_before_av_one_fourth  avia-builder-el-first  first flex_column_div av-zero-column-padding'     ><p>\n<style type=\"text\/css\" data-created_by=\"avia_inline_auto\" id=\"style-css-av-kbipszgs-112807651c58c8382a5f43cfd09fba70\">\n#top .av_textblock_section.av-kbipszgs-112807651c58c8382a5f43cfd09fba70 .avia_textblock{\nfont-size:20px;\n}\n<\/style>\n<section  class='av_textblock_section av-kbipszgs-112807651c58c8382a5f43cfd09fba70'   itemscope=\"itemscope\" itemtype=\"https:\/\/schema.org\/CreativeWork\" ><div class='avia_textblock av_inherit_color'  itemprop=\"text\" ><p>Los artistas crean cuadernos de bocetos para documentar su vida diaria o experimentar con nuevos procesos y materiales. Su cuaderno de bocetos es su propio espacio privado para capturar la vida, explorar ideas y reflexionar sobre sus experiencias.<\/p>\n<\/div><\/section><br \/>\n<div  class='avia-buttonrow-wrap av-kbizhgx4-3ff3d1b20e6481a0ab13a9ac3ec6efdb avia-buttonrow-left  avia-builder-el-5  el_after_av_textblock  el_before_av_hr'>\n\n<style type=\"text\/css\" data-created_by=\"avia_inline_auto\" id=\"style-css-av-1zwzszw-2cdcb0bac8b85a214d505d6382fc4bbd\">\n#top #wrap_all .avia-button.av-1zwzszw-2cdcb0bac8b85a214d505d6382fc4bbd{\nmargin-bottom:5px;\nmargin-right:5px;\n}\n<\/style>\n<a href=''  class='avia-button av-1zwzszw-2cdcb0bac8b85a214d505d6382fc4bbd avia-icon_select-no avia-size-medium avia-color-dark'  ><span class='avia_iconbox_title' >Descargar Instrucciones (PDF)<\/span><\/a>\n\n<style type=\"text\/css\" data-created_by=\"avia_inline_auto\" id=\"style-css-av-1mnbqcs-74d835e38b2e2395887b9649a6832f1d\">\n#top #wrap_all .avia-button.av-1mnbqcs-74d835e38b2e2395887b9649a6832f1d{\nmargin-bottom:5px;\nmargin-right:5px;\n}\n<\/style>\n<a href=''  class='avia-button av-1mnbqcs-74d835e38b2e2395887b9649a6832f1d avia-icon_select-no avia-size-medium avia-color-dark'  ><span class='avia_iconbox_title' >V\u00eddeo instructivo<\/span><\/a>\n\n<style type=\"text\/css\" data-created_by=\"avia_inline_auto\" id=\"style-css-av-112lmjw-d2cdb3413a1ab6c245d7d160408daa8b\">\n#top #wrap_all .avia-button.av-112lmjw-d2cdb3413a1ab6c245d7d160408daa8b{\nmargin-bottom:5px;\nmargin-right:5px;\n}\n<\/style>\n<a href=''  class='avia-button av-112lmjw-d2cdb3413a1ab6c245d7d160408daa8b avia-icon_select-no avia-size-medium avia-color-dark'  ><span class='avia_iconbox_title' >Qu\u00e9 dibujar: 31 ideas<\/span><\/a>\n<\/div><br \/>\n<div  class='hr av-16o2pnw-376865e41774c0cd65422c09e70a5795 hr-default  avia-builder-el-6  el_after_av_buttonrow  el_before_av_heading'><span class='hr-inner'><span class=\"hr-inner-style\"><\/span><\/span><\/div><br \/>\n\n<style type=\"text\/css\" data-created_by=\"avia_inline_auto\" id=\"style-css-av-av_heading-c96864ad8d76be70ddcf4eabf43d12f6\">\n#top .av-special-heading.av-av_heading-c96864ad8d76be70ddcf4eabf43d12f6{\npadding-bottom:10px;\n}\nbody .av-special-heading.av-av_heading-c96864ad8d76be70ddcf4eabf43d12f6 .av-special-heading-tag .heading-char{\nfont-size:25px;\n}\n.av-special-heading.av-av_heading-c96864ad8d76be70ddcf4eabf43d12f6 .av-subheading{\nfont-size:15px;\n}\n<\/style>\n<div  class='av-special-heading av-av_heading-c96864ad8d76be70ddcf4eabf43d12f6 av-special-heading-h3 blockquote modern-quote  avia-builder-el-7  el_after_av_hr  el_before_av_image'><h3 class='av-special-heading-tag'  itemprop=\"headline\"  >Materiales<\/h3><div class=\"special-heading-border\"><div class=\"special-heading-inner-border\"><\/div><\/div><\/div><br \/>\n\n<style type=\"text\/css\" data-created_by=\"avia_inline_auto\" id=\"style-css-av-kbiz54os-8d7e9f0899537036f46c058945e14d02\">\n.avia-image-container.av-kbiz54os-8d7e9f0899537036f46c058945e14d02 img.avia_image{\nbox-shadow:none;\n}\n.avia-image-container.av-kbiz54os-8d7e9f0899537036f46c058945e14d02 .av-image-caption-overlay-center{\ncolor:#ffffff;\n}\n<\/style>\n<div  class='avia-image-container av-kbiz54os-8d7e9f0899537036f46c058945e14d02 av-styling- avia-align-left  avia-builder-el-8  el_after_av_heading  el_before_av_textblock'   itemprop=\"image\" itemscope=\"itemscope\" itemtype=\"https:\/\/schema.org\/ImageObject\" ><div class=\"avia-image-container-inner\"><div class=\"avia-image-overlay-wrap\"><img decoding=\"async\" class='wp-image-16757 avia-img-lazy-loading-not-16757 avia_image' src=\"https:\/\/www.tucsonmuseumofart.org\/wp-content\/uploads\/2020\/06\/sketchbook-kit.jpg\" alt='Materials needed' title='kit de cuaderno de bocetos'  height=\"526\" width=\"800\"  itemprop=\"thumbnailUrl\" srcset=\"https:\/\/www.tucsonmuseumofart.org\/wp-content\/uploads\/2020\/06\/sketchbook-kit.jpg 800w, https:\/\/www.tucsonmuseumofart.org\/wp-content\/uploads\/2020\/06\/sketchbook-kit-450x296.jpg 450w, https:\/\/www.tucsonmuseumofart.org\/wp-content\/uploads\/2020\/06\/sketchbook-kit-300x197.jpg 300w, https:\/\/www.tucsonmuseumofart.org\/wp-content\/uploads\/2020\/06\/sketchbook-kit-768x505.jpg 768w, https:\/\/www.tucsonmuseumofart.org\/wp-content\/uploads\/2020\/06\/sketchbook-kit-705x464.jpg 705w\" sizes=\"(max-width: 800px) 100vw, 800px\" \/><\/div><\/div><\/div><br \/>\n<section  class='av_textblock_section av-kbiyw1i8-2cbb75438756a0839dd7f99d6b6744be'   itemscope=\"itemscope\" itemtype=\"https:\/\/schema.org\/CreativeWork\" ><div class='avia_textblock'  itemprop=\"text\" ><ul>\n<li>Aglomerado, o cart\u00f3n o papel muy pesado, para cubiertas.<\/li>\n<li>\u00a1Largas hojas de papel para las tripas de tu libro! Estas deben tener la misma altura que las tapas pero ir m\u00e1s all\u00e1 de las tapas, ya que se doblar\u00e1n en acorde\u00f3n para hacer las p\u00e1ginas interiores.<\/li>\n<li>barra de pegamento<\/li>\n<li>Tijeras<\/li>\n<li>Papel de construcci\u00f3n: \u00a1para decorar tus portadas!<\/li>\n<\/ul>\n<\/div><\/section><\/p><\/div>\n<style type=\"text\/css\" data-created_by=\"avia_inline_auto\" id=\"style-css-av-1q3tgy4-46b7fb985c74b3a2a9dc8d7286b27b25\">\n.flex_column.av-1q3tgy4-46b7fb985c74b3a2a9dc8d7286b27b25{\nborder-width:4px;\nborder-color:#efefef;\nborder-style:solid;\nborder-radius:0px 0px 0px 0px;\npadding:10px 20px 10px 20px;\n}\n<\/style>\n<div  class='flex_column av-1q3tgy4-46b7fb985c74b3a2a9dc8d7286b27b25 av_one_fourth  avia-builder-el-10  el_after_av_three_fourth  el_before_av_hr  flex_column_div'     ><p>\n<style type=\"text\/css\" data-created_by=\"avia_inline_auto\" id=\"style-css-av-kbiytow7-42eb5939ec71a3d9698727b2adad7ea1\">\n.avia-image-container.av-kbiytow7-42eb5939ec71a3d9698727b2adad7ea1 img.avia_image{\nbox-shadow:none;\n}\n.avia-image-container.av-kbiytow7-42eb5939ec71a3d9698727b2adad7ea1 .av-image-caption-overlay-center{\ncolor:#ffffff;\n}\n<\/style>\n<div  class='avia-image-container av-kbiytow7-42eb5939ec71a3d9698727b2adad7ea1 av-styling- avia-align-center  avia-builder-el-11  el_before_av_textblock  avia-builder-el-first'   itemprop=\"image\" itemscope=\"itemscope\" itemtype=\"https:\/\/schema.org\/ImageObject\" ><div class=\"avia-image-container-inner\"><div class=\"avia-image-overlay-wrap\"><img decoding=\"async\" class='wp-image-16756 avia-img-lazy-loading-not-16756 avia_image' src=\"https:\/\/www.tucsonmuseumofart.org\/wp-content\/uploads\/2020\/06\/memory-brain-180x180.jpg\" alt='' title='memoria-cerebro'  height=\"180\" width=\"180\"  itemprop=\"thumbnailUrl\" srcset=\"https:\/\/www.tucsonmuseumofart.org\/wp-content\/uploads\/2020\/06\/memory-brain-180x180.jpg 180w, https:\/\/www.tucsonmuseumofart.org\/wp-content\/uploads\/2020\/06\/memory-brain-100x100.jpg 100w, https:\/\/www.tucsonmuseumofart.org\/wp-content\/uploads\/2020\/06\/memory-brain-300x300.jpg 300w, https:\/\/www.tucsonmuseumofart.org\/wp-content\/uploads\/2020\/06\/memory-brain-80x80.jpg 80w, https:\/\/www.tucsonmuseumofart.org\/wp-content\/uploads\/2020\/06\/memory-brain-36x36.jpg 36w, https:\/\/www.tucsonmuseumofart.org\/wp-content\/uploads\/2020\/06\/memory-brain.jpg 320w\" sizes=\"(max-width: 180px) 100vw, 180px\" \/><\/div><\/div><\/div><br \/>\n<section  class='av_textblock_section av-kbiyqjft-c2f3d6841416586c39123e64d079fa29'   itemscope=\"itemscope\" itemtype=\"https:\/\/schema.org\/CreativeWork\" ><div class='avia_textblock'  itemprop=\"text\" ><p><strong>Sab\u00edas <\/strong>que dibujar puede ayudar a tu memoria? Un estudio de 2018 realizado por Myra A. Fernandes, Jeffrey D. Wammes y Melissa E. Meade del Departamento de Psicolog\u00eda de la Universidad de Waterloo lo llama <strong><em>el efecto de dibujo,<\/em> <\/strong>por lo que dibujar cosas que est\u00e1 experimentando o aprendiendo lo ayuda a recordar mejor que tomar una foto, escribir o incluso ver im\u00e1genes.<\/p>\n<\/div><\/section><\/p><\/div><div  class='hr av-1071nho-809090651312f7c0d1e3b0ddaafd6c8a hr-default  avia-builder-el-13  el_after_av_one_fourth  el_before_av_two_third'><span class='hr-inner'><span class=\"hr-inner-style\"><\/span><\/span><\/div>\n\n<style type=\"text\/css\" data-created_by=\"avia_inline_auto\" id=\"style-css-av-14ryq24-4f6aff866da3c37425528054547d19ab\">\n.flex_column.av-14ryq24-4f6aff866da3c37425528054547d19ab{\nborder-radius:0px 0px 0px 0px;\npadding:0px 0px 0px 0px;\n}\n<\/style>\n<div  class='flex_column av-14ryq24-4f6aff866da3c37425528054547d19ab av_two_third  avia-builder-el-14  el_after_av_hr  el_before_av_one_third  first flex_column_div av-zero-column-padding'     ><p>\n<style type=\"text\/css\" data-created_by=\"avia_inline_auto\" id=\"style-css-av-av_heading-e109fada958c187d0f0344ef1f5d8b43\">\n#top .av-special-heading.av-av_heading-e109fada958c187d0f0344ef1f5d8b43{\npadding-bottom:10px;\n}\nbody .av-special-heading.av-av_heading-e109fada958c187d0f0344ef1f5d8b43 .av-special-heading-tag .heading-char{\nfont-size:25px;\n}\n.av-special-heading.av-av_heading-e109fada958c187d0f0344ef1f5d8b43 .av-subheading{\nfont-size:15px;\n}\n<\/style>\n<div  class='av-special-heading av-av_heading-e109fada958c187d0f0344ef1f5d8b43 av-special-heading-h3 blockquote modern-quote  avia-builder-el-15  el_before_av_video  avia-builder-el-first'><h3 class='av-special-heading-tag'  itemprop=\"headline\"  >C\u00f3mo ensamblar<\/h3><div class=\"special-heading-border\"><div class=\"special-heading-inner-border\"><\/div><\/div><\/div><br \/>\n<div  class='avia-video av-nknmlo-49d91afca773fa40edbb8066af5cfdc1 avia-video-16:9 av-no-preview-image avia-video-load-always av-lazyload-immediate av-lazyload-video-embed'  itemprop=\"video\" itemtype=\"https:\/\/schema.org\/VideoObject\"  data-original_url='https:\/\/'><script type='text\/html' class='av-video-tmpl'><a href=\"https:\/\/\">https:\/\/<\/a><\/script><div class='av-click-to-play-overlay'><div class=\"avia_playpause_icon\"><\/div><\/div><\/div><br \/>\n<div  class='hr av-1bgqf3g-3f67b8394defa396f1fa8ac162c8f944 hr-default  avia-builder-el-17  el_after_av_video  el_before_av_textblock'><span class='hr-inner'><span class=\"hr-inner-style\"><\/span><\/span><\/div><br \/>\n<section  class='av_textblock_section av-kbj0lzm2-6e2fd820a5929722e84101f02d466071'   itemscope=\"itemscope\" itemtype=\"https:\/\/schema.org\/CreativeWork\" ><div class='avia_textblock'  itemprop=\"text\" ><p><strong>Env\u00edanos fotos de tu cuaderno de bocetos y bocetos a <a href=\"mailto:communityengagement@localhost\">communityengagement@TucsonMuseumofArt.org<\/a> o etiqu\u00e9tanos en <a href=\"https:\/\/www.facebook.com\/TucsonMuseumofArt\/\">Facebook<\/a> o <a href=\"https:\/\/www.instagram.com\/tucsonmuseumofart\/\">Instagram<\/a>!<\/strong><\/p>\n<\/div><\/section><\/p><\/div>\n<style type=\"text\/css\" data-created_by=\"avia_inline_auto\" id=\"style-css-av-m2jbpo-4e9b5b1124d96b42afb8a549fbf3c477\">\n.flex_column.av-m2jbpo-4e9b5b1124d96b42afb8a549fbf3c477{\nborder-radius:0px 0px 0px 0px;\npadding:0px 0px 0px 0px;\n}\n<\/style>\n<div  class='flex_column av-m2jbpo-4e9b5b1124d96b42afb8a549fbf3c477 av_one_third  avia-builder-el-19  el_after_av_two_third  avia-builder-el-last  flex_column_div av-zero-column-padding'     ><p>\n<style type=\"text\/css\" data-created_by=\"avia_inline_auto\" id=\"style-css-av-av_heading-2df7f8a21e2bc81d64eed05baa7a79e6\">\n#top .av-special-heading.av-av_heading-2df7f8a21e2bc81d64eed05baa7a79e6{\npadding-bottom:10px;\n}\nbody .av-special-heading.av-av_heading-2df7f8a21e2bc81d64eed05baa7a79e6 .av-special-heading-tag .heading-char{\nfont-size:25px;\n}\n.av-special-heading.av-av_heading-2df7f8a21e2bc81d64eed05baa7a79e6 .av-subheading{\nfont-size:15px;\n}\n<\/style>\n<div  class='av-special-heading av-av_heading-2df7f8a21e2bc81d64eed05baa7a79e6 av-special-heading-h3 blockquote modern-quote  avia-builder-el-20  el_before_av_textblock  avia-builder-el-first'><h3 class='av-special-heading-tag'  itemprop=\"headline\"  >que dibujar<\/h3><div class=\"special-heading-border\"><div class=\"special-heading-inner-border\"><\/div><\/div><\/div><br \/>\n<section  class='av_textblock_section av-kbizsoww-fc58ec5b53b4b8335363b23a6027b36e'   itemscope=\"itemscope\" itemtype=\"https:\/\/schema.org\/CreativeWork\" ><div class='avia_textblock'  itemprop=\"text\" ><p>Llena tu cuaderno de bocetos con estos 31 desaf\u00edos de dibujo:<\/p>\n<ol>\n<li>Auto retrato<\/li>\n<li>algo en la naturaleza<\/li>\n<li>Una escena nocturna<\/li>\n<li>Estante para libros<\/li>\n<li>Un amigo o familiar<\/li>\n<li>Tu mano<\/li>\n<li>paisaje des\u00e9rtico<\/li>\n<li>Un animal<\/li>\n<li>Algo de una cocina<\/li>\n<li>Una pieza de ropa<\/li>\n<li>Algo que comiste hoy<\/li>\n<li>Un cuarto<\/li>\n<li>Flores<\/li>\n<li>algo con alas<\/li>\n<li>crea un patr\u00f3n<\/li>\n<li>Un contenedor<\/li>\n<li>Dibujo de l\u00ednea continua<\/li>\n<li>Tu nombre en letras elaboradas<\/li>\n<li>Tecnolog\u00eda como un tel\u00e9fono o una computadora<\/li>\n<li>Una criatura m\u00edtica<\/li>\n<li>Interruptor de luz<\/li>\n<li>Tu sue\u00f1o de anoche<\/li>\n<li>Una ventana y lo que puedes ver a trav\u00e9s de ella.<\/li>\n<li>Tus zapatos<\/li>\n<li>algo abstracto<\/li>\n<li>Crear una tira c\u00f3mica<\/li>\n<li>Un elemento de la naturaleza: tierra, viento, fuego o agua.<\/li>\n<li>Una ciudad llena de rascacielos y edificios.<\/li>\n<li>Un tipo de transporte como un autom\u00f3vil, tren, bicicleta o autob\u00fas.<\/li>\n<li>solo un garabato<\/li>\n<li>\u00a1La elecci\u00f3n del artista!<\/li>\n<\/ol>\n<\/div><\/section><\/p><\/div>","protected":false},"excerpt":{"rendered":"","protected":false},"author":177,"featured_media":0,"parent":0,"menu_order":0,"comment_status":"closed","ping_status":"closed","template":"","meta":{"_price":"","_stock":"","_tribe_ticket_header":"","_tribe_default_ticket_provider":"","_tribe_ticket_capacity":"0","_ticket_start_date":"","_ticket_end_date":"","_tribe_ticket_show_description":"","_tribe_ticket_show_not_going":false,"_tribe_ticket_use_global_stock":"","_tribe_ticket_global_stock_level":"","_global_stock_mode":"","_global_stock_cap":"","_tribe_rsvp_for_event":"","_tribe_ticket_going_count":"","_tribe_ticket_not_going_count":"","_tribe_tickets_list":"[]","_tribe_ticket_has_attendee_info_fields":false,"footnotes":""},"class_list":["post-16748","page","type-page","status-publish","hentry"],"publishpress_future_action":{"enabled":false,"date":"2026-05-03 06:05:10","action":"change-status","newStatus":"draft","terms":[],"taxonomy":"","extraData":[]},"publishpress_future_workflow_manual_trigger":{"enabledWorkflows":[]},"_links":{"self":[{"href":"https:\/\/www.tucsonmuseumofart.org\/es\/wp-json\/wp\/v2\/pages\/16748","targetHints":{"allow":["GET"]}}],"collection":[{"href":"https:\/\/www.tucsonmuseumofart.org\/es\/wp-json\/wp\/v2\/pages"}],"about":[{"href":"https:\/\/www.tucsonmuseumofart.org\/es\/wp-json\/wp\/v2\/types\/page"}],"author":[{"embeddable":true,"href":"https:\/\/www.tucsonmuseumofart.org\/es\/wp-json\/wp\/v2\/users\/177"}],"replies":[{"embeddable":true,"href":"https:\/\/www.tucsonmuseumofart.org\/es\/wp-json\/wp\/v2\/comments?post=16748"}],"version-history":[{"count":10,"href":"https:\/\/www.tucsonmuseumofart.org\/es\/wp-json\/wp\/v2\/pages\/16748\/revisions"}],"predecessor-version":[{"id":35834,"href":"https:\/\/www.tucsonmuseumofart.org\/es\/wp-json\/wp\/v2\/pages\/16748\/revisions\/35834"}],"wp:attachment":[{"href":"https:\/\/www.tucsonmuseumofart.org\/es\/wp-json\/wp\/v2\/media?parent=16748"}],"curies":[{"name":"wp","href":"https:\/\/api.w.org\/{rel}","templated":true}]}}