{"id":17791,"date":"2020-09-03T15:06:03","date_gmt":"2020-09-03T22:06:03","guid":{"rendered":"https:\/\/www.tucsonmuseumofart.org\/?page_id=17791"},"modified":"2020-09-03T17:17:59","modified_gmt":"2020-09-04T00:17:59","slug":"line-drawing-self-portrait","status":"publish","type":"page","link":"https:\/\/www.tucsonmuseumofart.org\/es\/line-drawing-self-portrait\/","title":{"rendered":"Explorando Retratos"},"content":{"rendered":"<div id='av_section_1'  class='avia-section av-kend06ql-c956b4f8a30cbad07f4115868e5e5d7c main_color avia-section-large avia-no-border-styling  avia-builder-el-0  el_before_av_one_full  avia-builder-el-first  avia-bg-style-scroll container_wrap fullsize'  ><div class='container av-section-cont-open' ><main  role=\"main\" itemprop=\"mainContentOfPage\"  class='template-page content  av-content-full alpha units'><div class='post-entry post-entry-type-page post-entry-17791'><div class='entry-content-wrapper clearfix'>\n\n<style type=\"text\/css\" data-created_by=\"avia_inline_auto\" id=\"style-css-av-kenfz60s-98aa29b184372fc36802fe64091c6838\">\n#top .av-special-heading.av-kenfz60s-98aa29b184372fc36802fe64091c6838{\npadding-bottom:10px;\n}\nbody .av-special-heading.av-kenfz60s-98aa29b184372fc36802fe64091c6838 .av-special-heading-tag .heading-char{\nfont-size:25px;\n}\n.av-special-heading.av-kenfz60s-98aa29b184372fc36802fe64091c6838 .av-subheading{\nfont-size:15px;\n}\n<\/style>\n<div  class='av-special-heading av-kenfz60s-98aa29b184372fc36802fe64091c6838 av-special-heading-h1 blockquote modern-quote modern-centered  avia-builder-el-1  avia-builder-el-no-sibling'><h1 class='av-special-heading-tag'  itemprop=\"headline\"  >Explorando Retratos<\/h1><div class=\"special-heading-border\"><div class=\"special-heading-inner-border\"><\/div><\/div><\/div>\n<\/div><\/div><\/main><!-- close content main element --><\/div><\/div><div id='after_section_1'  class='main_color av_default_container_wrap container_wrap fullsize'  ><div class='container av-section-cont-open' ><div class='template-page content  av-content-full alpha units'><div class='post-entry post-entry-type-page post-entry-17791'><div class='entry-content-wrapper clearfix'>\n\n<style type=\"text\/css\" data-created_by=\"avia_inline_auto\" id=\"style-css-av-w8ii2n-725402c6d9b455eff6416c5389f5c4f0\">\n.flex_column.av-w8ii2n-725402c6d9b455eff6416c5389f5c4f0{\nborder-radius:0px 0px 0px 0px;\npadding:0px 0px 0px 0px;\n}\n<\/style>\n<div  class='flex_column av-w8ii2n-725402c6d9b455eff6416c5389f5c4f0 av_one_full  avia-builder-el-2  el_after_av_section  el_before_av_three_fifth  avia-builder-el-first  first flex_column_div av-zero-column-padding'     ><style type=\"text\/css\" data-created_by=\"avia_inline_auto\" id=\"style-css-av-keng0du4-44ea106e7302709266dc97f65e610b4b\">\n.avia-image-container.av-keng0du4-44ea106e7302709266dc97f65e610b4b img.avia_image{\nbox-shadow:none;\n}\n.avia-image-container.av-keng0du4-44ea106e7302709266dc97f65e610b4b .av-image-caption-overlay-center{\ncolor:#ffffff;\n}\n<\/style>\n<div  class='avia-image-container av-keng0du4-44ea106e7302709266dc97f65e610b4b av-styling- avia-align-center  avia-builder-el-3  avia-builder-el-no-sibling'   itemprop=\"image\" itemscope=\"itemscope\" itemtype=\"https:\/\/schema.org\/ImageObject\" ><div class=\"avia-image-container-inner\"><div class=\"avia-image-overlay-wrap\"><img decoding=\"async\" class='wp-image-17546 avia-img-lazy-loading-not-17546 avia_image' src=\"https:\/\/www.tucsonmuseumofart.org\/wp-content\/uploads\/2020\/08\/Tense-and-Release-hero2.jpg\" alt='' title='Tensa y suelta hero2'  height=\"630\" width=\"1440\"  itemprop=\"thumbnailUrl\" srcset=\"https:\/\/www.tucsonmuseumofart.org\/wp-content\/uploads\/2020\/08\/Tense-and-Release-hero2.jpg 1440w, https:\/\/www.tucsonmuseumofart.org\/wp-content\/uploads\/2020\/08\/Tense-and-Release-hero2-450x197.jpg 450w, https:\/\/www.tucsonmuseumofart.org\/wp-content\/uploads\/2020\/08\/Tense-and-Release-hero2-300x131.jpg 300w, https:\/\/www.tucsonmuseumofart.org\/wp-content\/uploads\/2020\/08\/Tense-and-Release-hero2-1030x451.jpg 1030w, https:\/\/www.tucsonmuseumofart.org\/wp-content\/uploads\/2020\/08\/Tense-and-Release-hero2-768x336.jpg 768w, https:\/\/www.tucsonmuseumofart.org\/wp-content\/uploads\/2020\/08\/Tense-and-Release-hero2-705x308.jpg 705w\" sizes=\"(max-width: 1440px) 100vw, 1440px\" \/><\/div><\/div><\/div><\/div>\n\n<style type=\"text\/css\" data-created_by=\"avia_inline_auto\" id=\"style-css-av-3f76vjz-13bebfb063cef60af5d4dfb1823b5fe3\">\n.flex_column.av-3f76vjz-13bebfb063cef60af5d4dfb1823b5fe3{\nborder-radius:0px 0px 0px 0px;\npadding:0px 0px 0px 0px;\n}\n<\/style>\n<div  class='flex_column av-3f76vjz-13bebfb063cef60af5d4dfb1823b5fe3 av_three_fifth  avia-builder-el-4  el_after_av_one_full  el_before_av_two_fifth  first flex_column_div av-zero-column-padding  column-top-margin'     ><p>\n<style type=\"text\/css\" data-created_by=\"avia_inline_auto\" id=\"style-css-av-av_heading-7992a891ec65532d0ae0a391c65817c5\">\n#top .av-special-heading.av-av_heading-7992a891ec65532d0ae0a391c65817c5{\npadding-bottom:10px;\n}\nbody .av-special-heading.av-av_heading-7992a891ec65532d0ae0a391c65817c5 .av-special-heading-tag .heading-char{\nfont-size:25px;\n}\n.av-special-heading.av-av_heading-7992a891ec65532d0ae0a391c65817c5 .av-subheading{\nfont-size:15px;\n}\n<\/style>\n<div  class='av-special-heading av-av_heading-7992a891ec65532d0ae0a391c65817c5 av-special-heading-h3 blockquote modern-quote  avia-builder-el-5  el_before_av_textblock  avia-builder-el-first'><h3 class='av-special-heading-tag'  itemprop=\"headline\"  >Inspiraci\u00f3n<\/h3><div class=\"special-heading-border\"><div class=\"special-heading-inner-border\"><\/div><\/div><\/div><br \/>\n<section  class='av_textblock_section av-kenbexdp-7d0418313359075367dfb522b5c7f364'   itemscope=\"itemscope\" itemtype=\"https:\/\/schema.org\/CreativeWork\" ><div class='avia_textblock'  itemprop=\"text\" ><p>Actualmente a la vista en <em><a href=\"https:\/\/www.tucsonmuseumofart.org\/es\/exhibition\/tense-and-release\/\">Tense and Release: arte y estado de \u00e1nimo de la colecci\u00f3n permanente<\/a><\/em> son varios ejemplos de retratos tanto de individuos como de familias. Estos trabajos destacan una variedad de individuos, emociones y relaciones. Las l\u00edneas n\u00edtidas en <em>retrato, de, madre y ni\u00f1o<\/em> inspir\u00f3 al personal de TMA a considerar las diversas formas en que se podr\u00edan usar las l\u00edneas para crear nuestros propios retratos.<\/p>\n<p>Mire el video a continuaci\u00f3n para ver a alguien haciendo un retrato usando una t\u00e9cnica de dibujo de contorno ciego. Mientras te miras en un espejo, crea tu autorretrato. Una vez que haya terminado, reflexione sobre su trabajo y use las indicaciones provistas para responder por escrito con un poema de cinco l\u00edneas.<\/p>\n<\/div><\/section><br \/>\n<div  class='hr av-18rkhz3-056ca9d4f06a33970d1ab65318439cfa hr-default  avia-builder-el-7  el_after_av_textblock  el_before_av_heading'><span class='hr-inner'><span class=\"hr-inner-style\"><\/span><\/span><\/div><br \/>\n\n<style type=\"text\/css\" data-created_by=\"avia_inline_auto\" id=\"style-css-av-kenhow88-068fcb11a57b418c8dbde051f48e7c9c\">\n#top .av-special-heading.av-kenhow88-068fcb11a57b418c8dbde051f48e7c9c{\npadding-bottom:10px;\n}\nbody .av-special-heading.av-kenhow88-068fcb11a57b418c8dbde051f48e7c9c .av-special-heading-tag .heading-char{\nfont-size:25px;\n}\n.av-special-heading.av-kenhow88-068fcb11a57b418c8dbde051f48e7c9c .av-subheading{\nfont-size:15px;\n}\n<\/style>\n<div  class='av-special-heading av-kenhow88-068fcb11a57b418c8dbde051f48e7c9c av-special-heading-h3 blockquote modern-quote  avia-builder-el-8  el_after_av_hr  el_before_av_textblock'><h3 class='av-special-heading-tag'  itemprop=\"headline\"  >Crear<\/h3><div class=\"special-heading-border\"><div class=\"special-heading-inner-border\"><\/div><\/div><\/div><br \/>\n<section  class='av_textblock_section av-kenbexdp-7d0418313359075367dfb522b5c7f364'   itemscope=\"itemscope\" itemtype=\"https:\/\/schema.org\/CreativeWork\" ><div class='avia_textblock'  itemprop=\"text\" ><p>Dibujos lineales: Autorretrato<\/p>\n<ul>\n<li>El dibujo de l\u00ednea continua es esencialmente un esquema, donde el artista dibuja una imagen sin levantar la herramienta de dibujo.<\/li>\n<li>Un dibujo de contorno ciego es similar a un dibujo de contorno, pero en este caso, el artista no mira el papel mientras crea su dibujo.<\/li>\n<\/ul>\n<p><strong>Materiales necesarios: papel, marcador Sharpie y espejo<\/strong><\/p>\n<\/div><\/section><br \/>\n<div  class='avia-video av-1gavqcf-554a5d84a4bbab28c732d8b9b39de7a0 avia-video-16-9 av-no-preview-image avia-video-load-always av-lazyload-immediate av-lazyload-video-embed'  itemprop=\"video\" itemtype=\"https:\/\/schema.org\/VideoObject\"  data-original_url='https:\/\/youtu.be\/jIC_BDff4Ow'><script type='text\/html' class='av-video-tmpl'><div class='avia-iframe-wrap'><iframe loading=\"lazy\" title=\"Line Drawing Tutorial\" width=\"1500\" height=\"844\" src=\"https:\/\/www.youtube.com\/embed\/jIC_BDff4Ow?feature=oembed&autoplay=0&loop=0&controls=1&mute=0\" frameborder=\"0\" allow=\"accelerometer; autoplay; encrypted-media; gyroscope; picture-in-picture\" allowfullscreen><\/iframe><\/div><\/script><div class='av-click-to-play-overlay'><div class=\"avia_playpause_icon\"><\/div><\/div><\/div><br \/>\n<div  class='hr av-18rkhz3-056ca9d4f06a33970d1ab65318439cfa hr-default  avia-builder-el-11  el_after_av_video  el_before_av_heading'><span class='hr-inner'><span class=\"hr-inner-style\"><\/span><\/span><\/div><br \/>\n\n<style type=\"text\/css\" data-created_by=\"avia_inline_auto\" id=\"style-css-av-av_heading-26a5aeadc198b0f93933661da57d643e\">\n#top .av-special-heading.av-av_heading-26a5aeadc198b0f93933661da57d643e{\npadding-bottom:10px;\n}\nbody .av-special-heading.av-av_heading-26a5aeadc198b0f93933661da57d643e .av-special-heading-tag .heading-char{\nfont-size:25px;\n}\n.av-special-heading.av-av_heading-26a5aeadc198b0f93933661da57d643e .av-subheading{\nfont-size:15px;\n}\n<\/style>\n<div  class='av-special-heading av-av_heading-26a5aeadc198b0f93933661da57d643e av-special-heading-h3 blockquote modern-quote  avia-builder-el-12  el_after_av_hr  el_before_av_textblock'><h3 class='av-special-heading-tag'  itemprop=\"headline\"  >Responder<\/h3><div class=\"special-heading-border\"><div class=\"special-heading-inner-border\"><\/div><\/div><\/div><br \/>\n<section  class='av_textblock_section av-kencr5wj-4f817f0bfadd85b6ccf00d8237203960'   itemscope=\"itemscope\" itemtype=\"https:\/\/schema.org\/CreativeWork\" ><div class='avia_textblock'  itemprop=\"text\" ><p>Escribe un poema de cinco l\u00edneas desde la perspectiva de tu boceto de l\u00ednea de contorno. Utilice estas indicaciones para comenzar cada l\u00ednea.<\/p>\n<p>Soy\u2026<br \/>\nMe pregunto\u2026<br \/>\nDeseo\u2026<br \/>\nYo digo\u2026<br \/>\nSoy\u2026<\/p>\n<\/div><\/section><\/p><\/div>\n<style type=\"text\/css\" data-created_by=\"avia_inline_auto\" id=\"style-css-av-2w21mu7-78519e3a6ff0f7775c92209f42305ec1\">\n.flex_column.av-2w21mu7-78519e3a6ff0f7775c92209f42305ec1{\nborder-radius:0px 0px 0px 0px;\npadding:0px 0px 0px 0px;\n}\n<\/style>\n<div  class='flex_column av-2w21mu7-78519e3a6ff0f7775c92209f42305ec1 av_two_fifth  avia-builder-el-14  el_after_av_three_fifth  avia-builder-el-last  flex_column_div av-zero-column-padding  column-top-margin'     ><p>\n<style type=\"text\/css\" data-created_by=\"avia_inline_auto\" id=\"style-css-av-kenbvmgh-78918f435196d4eb4ef23a55c85d07fd\">\n.avia-image-container.av-kenbvmgh-78918f435196d4eb4ef23a55c85d07fd img.avia_image{\nbox-shadow:none;\n}\n.avia-image-container.av-kenbvmgh-78918f435196d4eb4ef23a55c85d07fd .av-image-caption-overlay-center{\ncolor:#ffffff;\n}\n<\/style>\n<div  class='avia-image-container av-kenbvmgh-78918f435196d4eb4ef23a55c85d07fd av-styling- avia-align-center  avia-builder-el-15  el_before_av_textblock  avia-builder-el-first'   itemprop=\"image\" itemscope=\"itemscope\" itemtype=\"https:\/\/schema.org\/ImageObject\" ><div class=\"avia-image-container-inner\"><div class=\"avia-image-overlay-wrap\"><img decoding=\"async\" class='wp-image-17792 avia-img-lazy-loading-not-17792 avia_image' src=\"https:\/\/www.tucsonmuseumofart.org\/wp-content\/uploads\/2020\/09\/Mother-and-Child_1977024-831x1030.jpg\" alt='' title='madre-y-ni\u00f1o_1977024'  height=\"1030\" width=\"831\"  itemprop=\"thumbnailUrl\" srcset=\"https:\/\/www.tucsonmuseumofart.org\/wp-content\/uploads\/2020\/09\/Mother-and-Child_1977024-831x1030.jpg 831w, https:\/\/www.tucsonmuseumofart.org\/wp-content\/uploads\/2020\/09\/Mother-and-Child_1977024-450x558.jpg 450w, https:\/\/www.tucsonmuseumofart.org\/wp-content\/uploads\/2020\/09\/Mother-and-Child_1977024-242x300.jpg 242w, https:\/\/www.tucsonmuseumofart.org\/wp-content\/uploads\/2020\/09\/Mother-and-Child_1977024-768x952.jpg 768w, https:\/\/www.tucsonmuseumofart.org\/wp-content\/uploads\/2020\/09\/Mother-and-Child_1977024-1239x1536.jpg 1239w, https:\/\/www.tucsonmuseumofart.org\/wp-content\/uploads\/2020\/09\/Mother-and-Child_1977024-1210x1500.jpg 1210w, https:\/\/www.tucsonmuseumofart.org\/wp-content\/uploads\/2020\/09\/Mother-and-Child_1977024-569x705.jpg 569w, https:\/\/www.tucsonmuseumofart.org\/wp-content\/uploads\/2020\/09\/Mother-and-Child_1977024.jpg 1329w\" sizes=\"(max-width: 831px) 100vw, 831px\" \/><\/div><\/div><\/div><br \/>\n\n<style type=\"text\/css\" data-created_by=\"avia_inline_auto\" id=\"style-css-av-kenbqoho-d3eddd89dfe9d73faf3faeddfa2c06c8\">\n#top .av_textblock_section.av-kenbqoho-d3eddd89dfe9d73faf3faeddfa2c06c8 .avia_textblock{\nfont-size:12px;\n}\n<\/style>\n<section  class='av_textblock_section av-kenbqoho-d3eddd89dfe9d73faf3faeddfa2c06c8'   itemscope=\"itemscope\" itemtype=\"https:\/\/schema.org\/CreativeWork\" ><div class='avia_textblock'  itemprop=\"text\" ><p>Artista desconocido, <em>retrato, de, madre y ni\u00f1o<\/em>, 1775-1799, \u00f3leo sobre lienzo. Colecci\u00f3n del Museo de Arte de Tucson. Donaci\u00f3n del Patrimonio de Frederick R. Pleasants. 1977.24<\/p>\n<\/div><\/section><\/p><\/div><\/p>","protected":false},"excerpt":{"rendered":"","protected":false},"author":177,"featured_media":0,"parent":0,"menu_order":0,"comment_status":"closed","ping_status":"closed","template":"","meta":{"_price":"","_stock":"","_tribe_ticket_header":"","_tribe_default_ticket_provider":"","_tribe_ticket_capacity":"0","_ticket_start_date":"","_ticket_end_date":"","_tribe_ticket_show_description":"","_tribe_ticket_show_not_going":false,"_tribe_ticket_use_global_stock":"","_tribe_ticket_global_stock_level":"","_global_stock_mode":"","_global_stock_cap":"","_tribe_rsvp_for_event":"","_tribe_ticket_going_count":"","_tribe_ticket_not_going_count":"","_tribe_tickets_list":"[]","_tribe_ticket_has_attendee_info_fields":false,"footnotes":""},"class_list":["post-17791","page","type-page","status-publish","hentry"],"publishpress_future_action":{"enabled":false,"date":"2026-04-15 03:26:07","action":"change-status","newStatus":"draft","terms":[],"taxonomy":"","extraData":[]},"publishpress_future_workflow_manual_trigger":{"enabledWorkflows":[]},"_links":{"self":[{"href":"https:\/\/www.tucsonmuseumofart.org\/es\/wp-json\/wp\/v2\/pages\/17791","targetHints":{"allow":["GET"]}}],"collection":[{"href":"https:\/\/www.tucsonmuseumofart.org\/es\/wp-json\/wp\/v2\/pages"}],"about":[{"href":"https:\/\/www.tucsonmuseumofart.org\/es\/wp-json\/wp\/v2\/types\/page"}],"author":[{"embeddable":true,"href":"https:\/\/www.tucsonmuseumofart.org\/es\/wp-json\/wp\/v2\/users\/177"}],"replies":[{"embeddable":true,"href":"https:\/\/www.tucsonmuseumofart.org\/es\/wp-json\/wp\/v2\/comments?post=17791"}],"version-history":[{"count":10,"href":"https:\/\/www.tucsonmuseumofart.org\/es\/wp-json\/wp\/v2\/pages\/17791\/revisions"}],"predecessor-version":[{"id":17841,"href":"https:\/\/www.tucsonmuseumofart.org\/es\/wp-json\/wp\/v2\/pages\/17791\/revisions\/17841"}],"wp:attachment":[{"href":"https:\/\/www.tucsonmuseumofart.org\/es\/wp-json\/wp\/v2\/media?parent=17791"}],"curies":[{"name":"wp","href":"https:\/\/api.w.org\/{rel}","templated":true}]}}