{"id":19030,"date":"2020-11-02T15:23:38","date_gmt":"2020-11-02T22:23:38","guid":{"rendered":"https:\/\/www.tucsonmuseumofart.org\/?page_id=19030"},"modified":"2024-06-04T10:16:27","modified_gmt":"2024-06-04T17:16:27","slug":"jewelry","status":"publish","type":"page","link":"https:\/\/www.tucsonmuseumofart.org\/es\/store\/jewelry\/","title":{"rendered":"Joyas"},"content":{"rendered":"<div id='av_section_1'  class='avia-section av-3uz6d0v-6e5dd1ad8038331fe88128e047c45b02 main_color avia-section-default avia-no-border-styling  avia-builder-el-0  el_before_av_submenu  avia-builder-el-first  avia-bg-style-parallax container_wrap fullsize'  ><div class='container av-section-cont-open' ><main  role=\"main\" itemprop=\"mainContentOfPage\"  class='template-page content  av-content-full alpha units'><div class='post-entry post-entry-type-page post-entry-19030'><div class='entry-content-wrapper clearfix'>\n\n<style type=\"text\/css\" data-created_by=\"avia_inline_auto\" id=\"style-css-av-kh13yung-31b0070d00e1d11306c653dffff70720\">\n#top .av-special-heading.av-kh13yung-31b0070d00e1d11306c653dffff70720{\npadding-bottom:0;\nfont-size:40px;\n}\nbody .av-special-heading.av-kh13yung-31b0070d00e1d11306c653dffff70720 .av-special-heading-tag .heading-char{\nfont-size:25px;\n}\n#top #wrap_all .av-special-heading.av-kh13yung-31b0070d00e1d11306c653dffff70720 .av-special-heading-tag{\nfont-size:40px;\n}\n.av-special-heading.av-kh13yung-31b0070d00e1d11306c653dffff70720 .av-subheading{\nfont-size:20px;\n}\n\n@media only screen and (min-width: 480px) and (max-width: 767px){ \n#top #wrap_all .av-special-heading.av-kh13yung-31b0070d00e1d11306c653dffff70720 .av-special-heading-tag{\nfont-size:0.8em;\n}\n}\n\n@media only screen and (max-width: 479px){ \n#top #wrap_all .av-special-heading.av-kh13yung-31b0070d00e1d11306c653dffff70720 .av-special-heading-tag{\nfont-size:0.8em;\n}\n}\n<\/style>\n<div  class='av-special-heading av-kh13yung-31b0070d00e1d11306c653dffff70720 av-special-heading-h1 custom-color-heading blockquote modern-quote modern-centered  avia-builder-el-1  avia-builder-el-no-sibling  av-inherit-size av-linked-heading'><h1 class='av-special-heading-tag'  itemprop=\"headline\"  >Joyas<\/h1><div class=\"special-heading-border\"><div class=\"special-heading-inner-border\"><\/div><\/div><\/div>\n\n<\/div><\/div><\/main><!-- close content main element --><\/div><\/div><div class='clear'><\/div><div id='sub_menu1'  class='av-submenu-container av-kgtxocjn-3e81eedbc5b5719c188d3ee6431d2a73 main_color av-switch-768  avia-builder-el-2  el_after_av_section  el_before_av_section  av-sticky-submenu submenu-not-first container_wrap fullsize' style='z-index:301' ><div class='container av-menu-mobile-active av-submenu-pos-center'><a href=\"#\" class=\"mobile_menu_toggle\" aria-hidden='true' data-av_icon='\ue811' data-av_iconfont='entypo-fontello'><span class=\"av-current-placeholder\">Men\u00fa<\/span><\/a><ul id='av-custom-submenu-1' class='av-subnav-menu'>\n<li class='menu-item av-4960cnq-d019e6ee9aaf37f713c9a5f2e437434f menu-item-top-level menu-item-top-level-1'><a href='https:\/\/www.tucsonmuseumofart.org\/es\/store\/jewelry-accessories\/'  ><span class='avia-bullet'><\/span><span class='avia-menu-text'>Accesorios<\/span><\/a><\/li>\n<li class='menu-item av-3y17c7q-6240fd0dcb62e0a97060e2c3ca9beb7f menu-item-top-level menu-item-top-level-2'><a href='https:\/\/www.tucsonmuseumofart.org\/es\/store\/art-supplies\/'  ><span class='avia-bullet'><\/span><span class='avia-menu-text'>Art\u00edculos de arte<\/span><\/a><\/li>\n<li class='menu-item av-2xp85bq-b148c5bbe55cef652bcc695c6afb2eb7 menu-item-top-level menu-item-top-level-3'><a href='https:\/\/www.tucsonmuseumofart.org\/es\/store\/art-decor\/'  ><span class='avia-bullet'><\/span><span class='avia-menu-text'>Arte y decoraci\u00f3n<\/span><\/a><\/li>\n<li class='menu-item av-3alz452-58913959e4c05a82f5365e2e1141ee0c menu-item-top-level menu-item-top-level-4'><a href='https:\/\/www.tucsonmuseumofart.org\/es\/store\/books-cards\/'  ><span class='avia-bullet'><\/span><span class='avia-menu-text'>Libros y Tarjetas<\/span><\/a><\/li>\n<li class='menu-item av-2kwgs9i-7d17d53e5602df4bede5f055d7918652 menu-item-top-level menu-item-top-level-5'><a href='https:\/\/www.tucsonmuseumofart.org\/es\/store\/housewares\/'  ><span class='avia-bullet'><\/span><span class='avia-menu-text'>Art\u00edculos para el hogar<\/span><\/a><\/li>\n<li class='menu-item av-sutiza-ac04a7cc4742a15eee0702a9cea40642 menu-item-top-level menu-item-top-level-6'><a href='https:\/\/www.tucsonmuseumofart.org\/es\/store\/jewelry\/'  ><span class='avia-bullet'><\/span><span class='avia-menu-text'>Joyas<\/span><\/a><\/li>\n<li class='menu-item av-1zdtp2u-8529c928fc3fd6dea6868820d186e195 menu-item-top-level menu-item-top-level-7'><a href='https:\/\/www.tucsonmuseumofart.org\/es\/store\/puzzles-games\/'  ><span class='avia-bullet'><\/span><span class='avia-menu-text'>Rompecabezas y juegos<\/span><\/a><\/li>\n<li class='menu-item av-1gl04l2-59f4e0257d74bdc0206589c89fea27d7 menu-item-top-level menu-item-top-level-8'><a href='https:\/\/www.tucsonmuseumofart.org\/es\/store\/toys-fun\/'  ><span class='avia-bullet'><\/span><span class='avia-menu-text'>Juguetes y diversi\u00f3n<\/span><\/a><\/li>\n<\/ul><\/div><\/div><div class='sticky_placeholder'><\/div>\n\n<style type=\"text\/css\" data-created_by=\"avia_inline_auto\" id=\"style-css-av-k7f1sk6y-33bc2b4783278a74e8737c5ca752aab7\">\n.avia-section.av-k7f1sk6y-33bc2b4783278a74e8737c5ca752aab7{\nbackground-color:#f7f7f7;\nbackground-image:unset;\n}\n<\/style>\n<div id='av_section_2'  class='avia-section av-k7f1sk6y-33bc2b4783278a74e8737c5ca752aab7 main_color avia-section-default avia-no-border-styling  avia-builder-el-3  el_after_av_submenu  avia-builder-el-last  avia-bg-style-parallax av-minimum-height av-minimum-height-50 av-height-50  container_wrap fullsize'   data-av_minimum_height_pc='50' data-av_min_height_opt='50'><div class='container av-section-cont-open' ><div class='template-page content  av-content-full alpha units'><div class='post-entry post-entry-type-page post-entry-19030'><div class='entry-content-wrapper clearfix'>\n<section  class='av_textblock_section av-kq60vw3j-f9940198d5319fbbaee853eda1994c12'   itemscope=\"itemscope\" itemtype=\"https:\/\/schema.org\/CreativeWork\" ><div class='avia_textblock'  itemprop=\"text\" ><p style=\"text-align: center\"><em>Las ventas en l\u00ednea son definitivas a menos que la mercanc\u00eda llegue da\u00f1ada.<\/em><\/p>\n<\/div><\/section>\n<div  class='avia-product-slider-container av-ka4j4c5q-52b0c6458be8014068bbb289c87a4f99 template-shop avia-content-slider avia-content-grid-active shop_columns_5  avia-builder-el-5  el_after_av_textblock  avia-builder-el-last  avia-content-slider-odd  avia-builder-el-5  el_after_av_textblock  avia-builder-el-last  av-slideshow-ui av-slider-hover-pause av-slideshow-manual av-loop-once av-loop-manual-endless avia-product-slider1' data-slideshow-options=\"{&quot;animation&quot;:&quot;fade&quot;,&quot;autoplay&quot;:false,&quot;loop_autoplay&quot;:&quot;once&quot;,&quot;interval&quot;:5,&quot;loop_manual&quot;:&quot;manual-endless&quot;,&quot;autoplay_stopper&quot;:false,&quot;noNavigation&quot;:false,&quot;bg_slider&quot;:false,&quot;keep_padding&quot;:false,&quot;hoverpause&quot;:true,&quot;show_slide_delay&quot;:0}\"><div class=\"product-sorting\"><ul class=\"sort-param sort-param-order\"><li><span class='currently-selected'>Ordenar por <strong>Por defecto<\/strong><\/span><ul><li class=\"current-param\"><a href='?avia_extended_shop_select=yes&product_order=default' rel=\"nofollow\"><span class='avia-bullet'><\/span>Por defecto<\/a><\/li><li><a href='?avia_extended_shop_select=yes&product_order=menu_order' rel=\"nofollow\"><span class='avia-bullet'><\/span>Costumbre<\/a><\/li><li><a href='?avia_extended_shop_select=yes&product_order=title' rel=\"nofollow\"><span class='avia-bullet'><\/span>Nombre<\/a><\/li><li><a href='?avia_extended_shop_select=yes&product_order=price' rel=\"nofollow\"><span class='avia-bullet'><\/span>Precio<\/a><\/li><li><a href='?avia_extended_shop_select=yes&product_order=date' rel=\"nofollow\"><span class='avia-bullet'><\/span>Fecha<\/a><\/li><li><a href='?avia_extended_shop_select=yes&product_order=popularity' rel=\"nofollow\"><span class='avia-bullet'><\/span>Popularidad (ventas)<\/a><\/li><li><a href='?avia_extended_shop_select=yes&product_order=rating' rel=\"nofollow\"><span class='avia-bullet'><\/span>Puntuaci\u00f3n media<\/a><\/li><li><a href='?avia_extended_shop_select=yes&product_order=relevance' rel=\"nofollow\"><span class='avia-bullet'><\/span>Relevancia<\/a><\/li><li><a href='?avia_extended_shop_select=yes&product_order=rand' rel=\"nofollow\"><span class='avia-bullet'><\/span>Aleatorio<\/a><\/li><li><a href='?avia_extended_shop_select=yes&product_order=id' rel=\"nofollow\"><span class='avia-bullet'><\/span>ID del Producto<\/a><\/li><\/ul><\/li><\/ul><ul class='sort-param sort-param-count'><li><span class='currently-selected'>Mostrar <strong>25 productos por p\u00e1gina <\/strong><\/span><ul><li class=\"current-param\"><a href='?paged=1&avia_extended_shop_select=yes&product_count=25' rel=\"nofollow\">\t\t<span class='avia-bullet'><\/span>25 productos por p\u00e1gina<\/a><\/li><li><a href='?paged=1&avia_extended_shop_select=yes&product_count=50' rel=\"nofollow\">\t<span class='avia-bullet'><\/span>50 productos por p\u00e1gina<\/a><\/li><li><a href='?paged=1&avia_extended_shop_select=yes&product_count=75' rel=\"nofollow\">\t<span class='avia-bullet'><\/span>75 Productos por p\u00e1gina<\/a><\/li><\/ul><\/li><\/ul><\/div><div class='avia-content-slider-inner'><ul class=\"products\"><li class=\"product type-product post-38427 status-publish first instock product_cat-jewelry product_tag-arizona product_tag-artist product_tag-jewelry product_tag-leather has-post-thumbnail shipping-taxable purchasable product-type-simple\">\n\t<div class='inner_product main_color wrapped_style noLightbox  av-product-class-no_button'><a href=\"https:\/\/www.tucsonmuseumofart.org\/es\/producto\/k2-neckalce-earring-set\/\" class=\"woocommerce-LoopProduct-link woocommerce-loop-product__link\"><div class=\"thumbnail_container\"><img loading=\"lazy\" decoding=\"async\" width=\"450\" height=\"450\" src=\"https:\/\/www.tucsonmuseumofart.org\/wp-content\/uploads\/2024\/05\/20240524_141128-450x450.jpg\" class=\"wp-image-38404 avia-img-lazy-loading-38404 attachment-shop_catalog size-shop_catalog wp-post-image\" alt=\"\" srcset=\"https:\/\/www.tucsonmuseumofart.org\/wp-content\/uploads\/2024\/05\/20240524_141128-450x450.jpg 450w, https:\/\/www.tucsonmuseumofart.org\/wp-content\/uploads\/2024\/05\/20240524_141128-300x300.jpg 300w, https:\/\/www.tucsonmuseumofart.org\/wp-content\/uploads\/2024\/05\/20240524_141128-80x80.jpg 80w, https:\/\/www.tucsonmuseumofart.org\/wp-content\/uploads\/2024\/05\/20240524_141128-768x768.jpg 768w, https:\/\/www.tucsonmuseumofart.org\/wp-content\/uploads\/2024\/05\/20240524_141128-12x12.jpg 12w, https:\/\/www.tucsonmuseumofart.org\/wp-content\/uploads\/2024\/05\/20240524_141128-36x36.jpg 36w, https:\/\/www.tucsonmuseumofart.org\/wp-content\/uploads\/2024\/05\/20240524_141128-180x180.jpg 180w, https:\/\/www.tucsonmuseumofart.org\/wp-content\/uploads\/2024\/05\/20240524_141128-705x705.jpg 705w, https:\/\/www.tucsonmuseumofart.org\/wp-content\/uploads\/2024\/05\/20240524_141128-120x120.jpg 120w, https:\/\/www.tucsonmuseumofart.org\/wp-content\/uploads\/2024\/05\/20240524_141128-100x100.jpg 100w, https:\/\/www.tucsonmuseumofart.org\/wp-content\/uploads\/2024\/05\/20240524_141128.jpg 960w\" sizes=\"auto, (max-width: 450px) 100vw, 450px\" \/><span class=\"cart-loading\"><\/span><\/div><div class='inner_product_header'><div class='avia-arrow'><\/div><div class='inner_product_header_table'><div class='inner_product_header_cell'><h2 class=\"woocommerce-loop-product__title\">Glass Chard Necklace &amp; Earring Set<\/h2>\n\t<span class=\"price\"><span class=\"woocommerce-Price-amount amount\"><bdi><span class=\"woocommerce-Price-currencySymbol\">&#36;<\/span>75.00<\/bdi><\/span><\/span>\n<\/div><\/div><\/div><\/a><\/div><\/li>\n<li class=\"product type-product post-38434 status-publish instock product_cat-jewelry product_tag-arizona product_tag-artist product_tag-jewelry product_tag-leather has-post-thumbnail shipping-taxable purchasable product-type-simple\">\n\t<div class='inner_product main_color wrapped_style noLightbox  av-product-class-no_button'><a href=\"https:\/\/www.tucsonmuseumofart.org\/es\/producto\/k2-necklace-earring-set\/\" class=\"woocommerce-LoopProduct-link woocommerce-loop-product__link\"><div class=\"thumbnail_container\"><img loading=\"lazy\" decoding=\"async\" width=\"450\" height=\"450\" src=\"https:\/\/www.tucsonmuseumofart.org\/wp-content\/uploads\/2024\/05\/20240524_140820-450x450.jpg\" class=\"wp-image-38402 avia-img-lazy-loading-38402 attachment-shop_catalog size-shop_catalog wp-post-image\" alt=\"\" srcset=\"https:\/\/www.tucsonmuseumofart.org\/wp-content\/uploads\/2024\/05\/20240524_140820-450x450.jpg 450w, https:\/\/www.tucsonmuseumofart.org\/wp-content\/uploads\/2024\/05\/20240524_140820-300x300.jpg 300w, https:\/\/www.tucsonmuseumofart.org\/wp-content\/uploads\/2024\/05\/20240524_140820-80x80.jpg 80w, https:\/\/www.tucsonmuseumofart.org\/wp-content\/uploads\/2024\/05\/20240524_140820-768x768.jpg 768w, https:\/\/www.tucsonmuseumofart.org\/wp-content\/uploads\/2024\/05\/20240524_140820-12x12.jpg 12w, https:\/\/www.tucsonmuseumofart.org\/wp-content\/uploads\/2024\/05\/20240524_140820-36x36.jpg 36w, https:\/\/www.tucsonmuseumofart.org\/wp-content\/uploads\/2024\/05\/20240524_140820-180x180.jpg 180w, https:\/\/www.tucsonmuseumofart.org\/wp-content\/uploads\/2024\/05\/20240524_140820-705x705.jpg 705w, https:\/\/www.tucsonmuseumofart.org\/wp-content\/uploads\/2024\/05\/20240524_140820-120x120.jpg 120w, https:\/\/www.tucsonmuseumofart.org\/wp-content\/uploads\/2024\/05\/20240524_140820-100x100.jpg 100w, https:\/\/www.tucsonmuseumofart.org\/wp-content\/uploads\/2024\/05\/20240524_140820.jpg 960w\" sizes=\"auto, (max-width: 450px) 100vw, 450px\" \/><span class=\"cart-loading\"><\/span><\/div><div class='inner_product_header'><div class='avia-arrow'><\/div><div class='inner_product_header_table'><div class='inner_product_header_cell'><h2 class=\"woocommerce-loop-product__title\">K2 Necklace &amp; Earring Set<\/h2>\n\t<span class=\"price\"><span class=\"woocommerce-Price-amount amount\"><bdi><span class=\"woocommerce-Price-currencySymbol\">&#36;<\/span>105.00<\/bdi><\/span><\/span>\n<\/div><\/div><\/div><\/a><\/div><\/li>\n<li class=\"product type-product post-38413 status-publish instock product_cat-jewelry product_tag-arizona product_tag-artist product_tag-jewelry product_tag-leather has-post-thumbnail shipping-taxable purchasable product-type-simple\">\n\t<div class='inner_product main_color wrapped_style noLightbox  av-product-class-no_button'><a href=\"https:\/\/www.tucsonmuseumofart.org\/es\/producto\/metal-and-glass-necklace\/\" class=\"woocommerce-LoopProduct-link woocommerce-loop-product__link\"><div class=\"thumbnail_container\"><img loading=\"lazy\" decoding=\"async\" width=\"450\" height=\"450\" src=\"https:\/\/www.tucsonmuseumofart.org\/wp-content\/uploads\/2024\/05\/20240524_141019-450x450.jpg\" class=\"wp-image-38403 avia-img-lazy-loading-38403 attachment-shop_catalog size-shop_catalog wp-post-image\" alt=\"\" srcset=\"https:\/\/www.tucsonmuseumofart.org\/wp-content\/uploads\/2024\/05\/20240524_141019-450x450.jpg 450w, https:\/\/www.tucsonmuseumofart.org\/wp-content\/uploads\/2024\/05\/20240524_141019-300x300.jpg 300w, https:\/\/www.tucsonmuseumofart.org\/wp-content\/uploads\/2024\/05\/20240524_141019-80x80.jpg 80w, https:\/\/www.tucsonmuseumofart.org\/wp-content\/uploads\/2024\/05\/20240524_141019-768x768.jpg 768w, https:\/\/www.tucsonmuseumofart.org\/wp-content\/uploads\/2024\/05\/20240524_141019-12x12.jpg 12w, https:\/\/www.tucsonmuseumofart.org\/wp-content\/uploads\/2024\/05\/20240524_141019-36x36.jpg 36w, https:\/\/www.tucsonmuseumofart.org\/wp-content\/uploads\/2024\/05\/20240524_141019-180x180.jpg 180w, https:\/\/www.tucsonmuseumofart.org\/wp-content\/uploads\/2024\/05\/20240524_141019-705x705.jpg 705w, https:\/\/www.tucsonmuseumofart.org\/wp-content\/uploads\/2024\/05\/20240524_141019-120x120.jpg 120w, https:\/\/www.tucsonmuseumofart.org\/wp-content\/uploads\/2024\/05\/20240524_141019-100x100.jpg 100w, https:\/\/www.tucsonmuseumofart.org\/wp-content\/uploads\/2024\/05\/20240524_141019.jpg 960w\" sizes=\"auto, (max-width: 450px) 100vw, 450px\" \/><span class=\"cart-loading\"><\/span><\/div><div class='inner_product_header'><div class='avia-arrow'><\/div><div class='inner_product_header_table'><div class='inner_product_header_cell'><h2 class=\"woocommerce-loop-product__title\">Metal and Glass Necklace<\/h2>\n\t<span class=\"price\"><span class=\"woocommerce-Price-amount amount\"><bdi><span class=\"woocommerce-Price-currencySymbol\">&#36;<\/span>105.00<\/bdi><\/span><\/span>\n<\/div><\/div><\/div><\/a><\/div><\/li>\n<\/ul><\/div><\/div><div class=\"clear\"><\/div>","protected":false},"excerpt":{"rendered":"","protected":false},"author":177,"featured_media":0,"parent":19409,"menu_order":0,"comment_status":"closed","ping_status":"closed","template":"","meta":{"_price":"","_stock":"","_tribe_ticket_header":"","_tribe_default_ticket_provider":"","_tribe_ticket_capacity":"0","_ticket_start_date":"","_ticket_end_date":"","_tribe_ticket_show_description":"","_tribe_ticket_show_not_going":false,"_tribe_ticket_use_global_stock":"","_tribe_ticket_global_stock_level":"","_global_stock_mode":"","_global_stock_cap":"","_tribe_rsvp_for_event":"","_tribe_ticket_going_count":"","_tribe_ticket_not_going_count":"","_tribe_tickets_list":"[]","_tribe_ticket_has_attendee_info_fields":false,"footnotes":""},"class_list":["post-19030","page","type-page","status-publish","hentry"],"publishpress_future_action":{"enabled":false,"date":"2026-04-15 09:52:34","action":"change-status","newStatus":"draft","terms":[],"taxonomy":"","extraData":[]},"publishpress_future_workflow_manual_trigger":{"enabledWorkflows":[]},"_links":{"self":[{"href":"https:\/\/www.tucsonmuseumofart.org\/es\/wp-json\/wp\/v2\/pages\/19030","targetHints":{"allow":["GET"]}}],"collection":[{"href":"https:\/\/www.tucsonmuseumofart.org\/es\/wp-json\/wp\/v2\/pages"}],"about":[{"href":"https:\/\/www.tucsonmuseumofart.org\/es\/wp-json\/wp\/v2\/types\/page"}],"author":[{"embeddable":true,"href":"https:\/\/www.tucsonmuseumofart.org\/es\/wp-json\/wp\/v2\/users\/177"}],"replies":[{"embeddable":true,"href":"https:\/\/www.tucsonmuseumofart.org\/es\/wp-json\/wp\/v2\/comments?post=19030"}],"version-history":[{"count":7,"href":"https:\/\/www.tucsonmuseumofart.org\/es\/wp-json\/wp\/v2\/pages\/19030\/revisions"}],"predecessor-version":[{"id":38676,"href":"https:\/\/www.tucsonmuseumofart.org\/es\/wp-json\/wp\/v2\/pages\/19030\/revisions\/38676"}],"up":[{"embeddable":true,"href":"https:\/\/www.tucsonmuseumofart.org\/es\/wp-json\/wp\/v2\/pages\/19409"}],"wp:attachment":[{"href":"https:\/\/www.tucsonmuseumofart.org\/es\/wp-json\/wp\/v2\/media?parent=19030"}],"curies":[{"name":"wp","href":"https:\/\/api.w.org\/{rel}","templated":true}]}}