{"id":2433,"date":"2019-02-04T09:02:11","date_gmt":"2019-02-04T16:02:11","guid":{"rendered":"https:\/\/www.tucsonmuseumofart.org\/?page_id=2433"},"modified":"2026-03-23T11:37:53","modified_gmt":"2026-03-23T18:37:53","slug":"artisans-market","status":"publish","type":"page","link":"https:\/\/www.tucsonmuseumofart.org\/es\/artisans-market\/","title":{"rendered":"Mercado de Artesanos"},"content":{"rendered":"<div id='av_section_1'  class='avia-section av-m7b4nl-bcb2ea5546cace6fe5488d62e072842e main_color avia-section-default avia-no-border-styling  avia-builder-el-0  el_before_av_section  avia-builder-el-first  avia-bg-style-parallax av-minimum-height av-minimum-height-50 av-height-50  container_wrap fullsize'   data-av_minimum_height_pc='50' data-av_min_height_opt='50'><div class='container av-section-cont-open' ><main  role=\"main\" itemprop=\"mainContentOfPage\"  class='template-page content  av-content-full alpha units'><div class='post-entry post-entry-type-page post-entry-2433'><div class='entry-content-wrapper clearfix'>\n\n<style type=\"text\/css\" data-created_by=\"avia_inline_auto\" id=\"style-css-av-kuswnn3t-b510f002efd40dc084498f5119908eb2\">\n#top .av-special-heading.av-kuswnn3t-b510f002efd40dc084498f5119908eb2{\npadding-bottom:10px;\n}\nbody .av-special-heading.av-kuswnn3t-b510f002efd40dc084498f5119908eb2 .av-special-heading-tag .heading-char{\nfont-size:25px;\n}\n.av-special-heading.av-kuswnn3t-b510f002efd40dc084498f5119908eb2 .av-subheading{\nfont-size:15px;\n}\n<\/style>\n<div  class='av-special-heading av-kuswnn3t-b510f002efd40dc084498f5119908eb2 av-special-heading-h1 blockquote modern-quote modern-centered  avia-builder-el-1  avia-builder-el-no-sibling  av-linked-heading'><h1 class='av-special-heading-tag'  itemprop=\"headline\"  >Artisans Market | Mercado de Artesanos<\/h1><div class=\"special-heading-border\"><div class=\"special-heading-inner-border\"><\/div><\/div><\/div>\n\n<\/div><\/div><\/main><!-- close content main element --><\/div><\/div>\n<style type=\"text\/css\" data-created_by=\"avia_inline_auto\" id=\"style-css-av-l7avlcvi-8de0c91636ba4e69a3c2cf3623d29948\">\n.avia-section.av-l7avlcvi-8de0c91636ba4e69a3c2cf3623d29948 .av-parallax .av-parallax-inner{\nbackground-repeat:no-repeat;\nbackground-image:url(https:\/\/www.tucsonmuseumofart.org\/wp-content\/uploads\/2022\/08\/For-Web-DSCF2830.jpg);\nbackground-position:50% 50%;\nbackground-attachment:scroll;\n}\n<\/style>\n<div id='av_section_2'  class='avia-section av-l7avlcvi-8de0c91636ba4e69a3c2cf3623d29948 main_color avia-section-default avia-no-border-styling  avia-builder-el-2  el_after_av_section  el_before_av_section  av-parallax-section avia-bg-style-parallax av-minimum-height av-minimum-height-75 av-height-75  container_wrap fullsize'  data-section-bg-repeat='no-repeat' data-av_minimum_height_pc='75' data-av_min_height_opt='75'><div class='av-parallax' data-avia-parallax-ratio='0.3' ><div class='av-parallax-inner main_color avia-full-stretch'><\/div><\/div><div class='container av-section-cont-open' ><div class='template-page content  av-content-full alpha units'><div class='post-entry post-entry-type-page post-entry-2433'><div class='entry-content-wrapper clearfix'>\n<\/div><\/div><\/div><!-- close content main div --><\/div><\/div><div id='av_section_3'  class='avia-section av-72u081-2eddc924bcf6e494060eefd7e800ca66 main_color avia-section-default avia-no-border-styling  avia-builder-el-3  el_after_av_section  el_before_av_section  avia-bg-style-scroll container_wrap fullsize'  ><div class='container av-section-cont-open' ><div class='template-page content  av-content-full alpha units'><div class='post-entry post-entry-type-page post-entry-2433'><div class='entry-content-wrapper clearfix'>\n\n<style type=\"text\/css\" data-created_by=\"avia_inline_auto\" id=\"style-css-av-2uktox-d120389b7d74f1f0e4f10171a3fb7784\">\n#top .hr.hr-invisible.av-2uktox-d120389b7d74f1f0e4f10171a3fb7784{\nheight:30px;\n}\n<\/style>\n<div  class='hr av-2uktox-d120389b7d74f1f0e4f10171a3fb7784 hr-invisible  avia-builder-el-4  el_before_av_one_half  avia-builder-el-first'><span class='hr-inner'><span class=\"hr-inner-style\"><\/span><\/span><\/div>\n<div  class='flex_column av-3nc27l-a3ed7f895144f1225ab461d5088acf33 av_one_half  avia-builder-el-5  el_after_av_hr  el_before_av_one_half  first flex_column_div'     ><style type=\"text\/css\" data-created_by=\"avia_inline_auto\" id=\"style-css-av-m7ma50n3-9c901523274d2ce415fe1782b7af3e94\">\n.avia-image-container.av-m7ma50n3-9c901523274d2ce415fe1782b7af3e94 img.avia_image{\nbox-shadow:none;\n}\n.avia-image-container.av-m7ma50n3-9c901523274d2ce415fe1782b7af3e94 .av-image-caption-overlay-center{\ncolor:#ffffff;\n}\n<\/style>\n<div  class='avia-image-container av-m7ma50n3-9c901523274d2ce415fe1782b7af3e94 av-styling- avia-align-center  avia-builder-el-6  avia-builder-el-no-sibling'   itemprop=\"image\" itemscope=\"itemscope\" itemtype=\"https:\/\/schema.org\/ImageObject\" ><div class=\"avia-image-container-inner\"><div class=\"avia-image-overlay-wrap\"><img decoding=\"async\" class='wp-image-35603 avia-img-lazy-loading-not-35603 avia_image' src=\"https:\/\/www.tucsonmuseumofart.org\/wp-content\/uploads\/2023\/11\/For-Web-DSCF2186-845x684.jpg\" alt='' title='Mercado de Artesan\u00edas de Oto\u00f1o'  height=\"684\" width=\"845\"  itemprop=\"thumbnailUrl\" srcset=\"https:\/\/www.tucsonmuseumofart.org\/wp-content\/uploads\/2023\/11\/For-Web-DSCF2186-845x684.jpg 845w, https:\/\/www.tucsonmuseumofart.org\/wp-content\/uploads\/2023\/11\/For-Web-DSCF2186-495x400.jpg 495w\" sizes=\"(max-width: 845px) 100vw, 845px\" \/><\/div><\/div><\/div><\/div><div  class='flex_column av-5pcgf5-a107286e20b92ca53917559de597a169 av_one_half  avia-builder-el-7  el_after_av_one_half  el_before_av_hr  flex_column_div'     ><section  class='av_textblock_section av-14r2wr5-0eb072769ab20673bb2b7511f4fe2d17'   itemscope=\"itemscope\" itemtype=\"https:\/\/schema.org\/CreativeWork\" ><div class='avia_textblock'  itemprop=\"text\" ><p>TMA\u2019s Artisans Markets feature more than 100 unique and local artists and artisans with crafts, original artwork, pottery, glass, jewelry, textiles, and gift items in an outdoor street fair setting. Organized by TMA\u2019s Museum Store, the event is an annual fundraiser for Southern Arizona\u2019s oldest visual arts institution located in downtown Tucson, Arizona.<\/p>\n<p><strong>Entrada Paga lo que desees<\/strong><br \/>\nDuring the 3-day events in the Fall and Spring, museum admission is pay-what-you-wish. The amount you pay for admission is up to you! All visitors and members are encouraged to make a voluntary donation for general admission.<\/p>\n<p><strong>Estacionamiento<\/strong><br \/>\nPlenty of street parking, garages, and parking lots are available near the museum. Get in early and use the Paseo Redondo lot, which will be free to visitors during the event. The museum parking lot will not be available as it will be full of vendors for you to shop.<\/p>\n<\/div><\/section><\/div><div  class='hr av-1wtbz5-858ff8b32d5cfa261129b2b8ec1bb3cd hr-full  avia-builder-el-9  el_after_av_one_half  el_before_av_hr  hr-no-shadow'><span class='hr-inner'><span class=\"hr-inner-style\"><\/span><\/span><\/div>\n\n<style type=\"text\/css\" data-created_by=\"avia_inline_auto\" id=\"style-css-av-m7ma5iph-63a0ca66257207d432bd706f6164d646\">\n#top .hr.hr-invisible.av-m7ma5iph-63a0ca66257207d432bd706f6164d646{\nheight:50px;\n}\n<\/style>\n<div  class='hr av-m7ma5iph-63a0ca66257207d432bd706f6164d646 hr-invisible  avia-builder-el-10  el_after_av_hr  el_before_av_one_half'><span class='hr-inner'><span class=\"hr-inner-style\"><\/span><\/span><\/div>\n<div  class='flex_column av-4vahsx-b5b72394ef0767af0ab7c348e8f28eae av_one_half  avia-builder-el-11  el_after_av_hr  el_before_av_one_half  first flex_column_div'     ><section  class='av_textblock_section av-m7ma2es8-e663035162f20ff17f39503750dc8df8'   itemscope=\"itemscope\" itemtype=\"https:\/\/schema.org\/CreativeWork\" ><div class='avia_textblock'  itemprop=\"text\" ><p>El Mercado de Artesanos de TMA presenta a m\u00e1s de 100 artistas y artesanos \u00fanicos y locales con artesan\u00edas, obras de arte originales, cer\u00e1mica, vidrio, joyer\u00eda, textiles y art\u00edculos de regalo en un ambiente de feria callejera al aire libre. Organizado por la Tienda del Museo TMA, el evento es una recaudaci\u00f3n de fondos anual para la instituci\u00f3n de artes visuales m\u00e1s antigua del sur de Arizona ubicada en el centro de Tucson, Arizona.<\/p>\n<p><strong>Entrada de Paga-lo-que-Desees<\/strong><br \/>\nDurante el evento de tres d\u00edas durante oto\u00f1o y primavera, la entrada al museo ser\u00e1 paga-lo-que-desees.\u00a1La cantidad que pagues por la entrada depende de ti! Se anima a todos los visitantes y miembros a hacer una donaci\u00f3n voluntaria para la entrada general.<\/p>\n<p><strong>Estacionamiento<\/strong><br \/>\nHabr\u00e1 aparcamiento disponible a lo largo de las calles y en los garajes y estacionamientos disponibles cerca del museo. Llegue temprano y use el estacionamiento de Paseo Redondo, que ser\u00e1 gratuito para los visitantes durante el evento. El estacionamiento del museo no estar\u00e1 disponible ya que estar\u00e1 lleno de vendedores para comprar.<\/p>\n<\/div><\/section><\/div><div  class='flex_column av-2j7g1d-45e20b8119fbacd7f177d8b62c9d3ddf av_one_half  avia-builder-el-13  el_after_av_one_half  el_before_av_hr  flex_column_div'     ><style type=\"text\/css\" data-created_by=\"avia_inline_auto\" id=\"style-css-av-lode3lep-f1ff3fb8749d9b385ca4704c517605ef\">\n.avia-image-container.av-lode3lep-f1ff3fb8749d9b385ca4704c517605ef img.avia_image{\nbox-shadow:none;\n}\n.avia-image-container.av-lode3lep-f1ff3fb8749d9b385ca4704c517605ef .av-image-caption-overlay-center{\ncolor:#ffffff;\n}\n<\/style>\n<div  class='avia-image-container av-lode3lep-f1ff3fb8749d9b385ca4704c517605ef av-styling- avia-align-center  avia-builder-el-14  avia-builder-el-no-sibling'   itemprop=\"image\" itemscope=\"itemscope\" itemtype=\"https:\/\/schema.org\/ImageObject\" ><div class=\"avia-image-container-inner\"><div class=\"avia-image-overlay-wrap\"><img decoding=\"async\" class='wp-image-33985 avia-img-lazy-loading-not-33985 avia_image' src=\"https:\/\/www.tucsonmuseumofart.org\/wp-content\/uploads\/2023\/07\/For-Web-DSCF2540-1-845x684.jpg\" alt='' title='TMA Fall Artisans Market'  height=\"684\" width=\"845\"  itemprop=\"thumbnailUrl\" srcset=\"https:\/\/www.tucsonmuseumofart.org\/wp-content\/uploads\/2023\/07\/For-Web-DSCF2540-1-845x684.jpg 845w, https:\/\/www.tucsonmuseumofart.org\/wp-content\/uploads\/2023\/07\/For-Web-DSCF2540-1-495x400.jpg 495w\" sizes=\"(max-width: 845px) 100vw, 845px\" \/><\/div><\/div><\/div><\/div>\n<style type=\"text\/css\" data-created_by=\"avia_inline_auto\" id=\"style-css-av-7azuxd-8539c3d556a06f7afc38632fbf33c2c0\">\n#top .hr.hr-invisible.av-7azuxd-8539c3d556a06f7afc38632fbf33c2c0{\nheight:30px;\n}\n<\/style>\n<div  class='hr av-7azuxd-8539c3d556a06f7afc38632fbf33c2c0 hr-invisible  avia-builder-el-15  el_after_av_one_half  el_before_av_textblock'><span class='hr-inner'><span class=\"hr-inner-style\"><\/span><\/span><\/div>\n<section  class='av_textblock_section av-mj36n6pp-6a92c3a1f41371e1831aa87b3f082ad0'   itemscope=\"itemscope\" itemtype=\"https:\/\/schema.org\/CreativeWork\" ><div class='avia_textblock'  itemprop=\"text\" ><h1 style=\"text-align: center;\"><strong>Become A Vendor! &#8211; <span class=\"Y2IQFc\" lang=\"es\">Convi\u00e9rtete en un vendedor!<\/span><\/strong><\/h1>\n<p style=\"text-align: center;\">To join the mail list for future shows contact:<\/p>\n<p style=\"text-align: center;\"><span class=\"Y2IQFc\" lang=\"es\">Para unirse a la lista de correo y recibir informaci\u00f3n sobre futuros eventos, p\u00f3ngase en contacto con:<\/span><\/p>\n<p style=\"text-align: center;\">JGermain@TucsonMuseumofArt.org<\/p>\n<p style=\"text-align: center;\">Applications and registration for the Fall 2026 and Spring 2027 TMA Artisans Markets coming July 2026!<\/p>\n<p style=\"text-align: center;\"><span class=\"Y2IQFc\" lang=\"es\">\u00a1Las solicitudes e inscripciones para los Mercados de Artesanos de TMA de Oto\u00f1o de 2026 y Primavera de 2027 llegar\u00e1n en julio de 2026!<\/span><\/p>\n<\/div><\/section>\n\n<style type=\"text\/css\" data-created_by=\"avia_inline_auto\" id=\"style-css-av-lsdkup4t-d2b85a9b571c40b30c4bb4a8c486f1f1\">\n#top .hr.hr-invisible.av-lsdkup4t-d2b85a9b571c40b30c4bb4a8c486f1f1{\nheight:10px;\n}\n<\/style>\n<div  class='hr av-lsdkup4t-d2b85a9b571c40b30c4bb4a8c486f1f1 hr-invisible  avia-builder-el-17  el_after_av_textblock  el_before_av_heading'><span class='hr-inner'><span class=\"hr-inner-style\"><\/span><\/span><\/div>\n\n<style type=\"text\/css\" data-created_by=\"avia_inline_auto\" id=\"style-css-av-lv40sw2u-9abe405ecfc551dca7a8cee384d892fa\">\n#top .av-special-heading.av-lv40sw2u-9abe405ecfc551dca7a8cee384d892fa{\npadding-bottom:10px;\n}\nbody .av-special-heading.av-lv40sw2u-9abe405ecfc551dca7a8cee384d892fa .av-special-heading-tag .heading-char{\nfont-size:25px;\n}\n.av-special-heading.av-lv40sw2u-9abe405ecfc551dca7a8cee384d892fa .av-subheading{\nfont-size:15px;\n}\n<\/style>\n<div  class='av-special-heading av-lv40sw2u-9abe405ecfc551dca7a8cee384d892fa av-special-heading-h3 blockquote modern-quote modern-centered  avia-builder-el-18  el_after_av_hr  el_before_av_heading  av-linked-heading'><h3 class='av-special-heading-tag'  itemprop=\"headline\"  >SAVE THE DATE &#8211; 43nd Annual Fall Artisans Market | November 20-22, 2026<\/h3><div class='av-subheading av-subheading_below'><p>RESERVA LA FECHA \u2013 43\u00ba Mercado Anual de Artesanos de Oto\u00f1o \u2013 20-22 de noviembre de 2026<\/p>\n<\/div><div class=\"special-heading-border\"><div class=\"special-heading-inner-border\"><\/div><\/div><\/div>\n\n<style type=\"text\/css\" data-created_by=\"avia_inline_auto\" id=\"style-css-av-mn3ivqv4-d0d0a95adc8ba5b6d360bd544e9a4dcc\">\n#top .av-special-heading.av-mn3ivqv4-d0d0a95adc8ba5b6d360bd544e9a4dcc{\npadding-bottom:10px;\n}\nbody .av-special-heading.av-mn3ivqv4-d0d0a95adc8ba5b6d360bd544e9a4dcc .av-special-heading-tag .heading-char{\nfont-size:25px;\n}\n.av-special-heading.av-mn3ivqv4-d0d0a95adc8ba5b6d360bd544e9a4dcc .av-subheading{\nfont-size:15px;\n}\n<\/style>\n<div  class='av-special-heading av-mn3ivqv4-d0d0a95adc8ba5b6d360bd544e9a4dcc av-special-heading-h3 blockquote modern-quote modern-centered  avia-builder-el-19  el_after_av_heading  avia-builder-el-last  av-linked-heading'><h3 class='av-special-heading-tag'  itemprop=\"headline\"  >SAVE THE DATE &#8211; 40th Annual Spring Artisans Market | March 5-7, 2027<\/h3><div class='av-subheading av-subheading_below'><p>RESERVA LA FECHA \u2013 40\u00ba Mercado Anual de Artesanos de Primavera \u2013 5-7 de marzo de 2027<\/p>\n<\/div><div class=\"special-heading-border\"><div class=\"special-heading-inner-border\"><\/div><\/div><\/div>\n<\/div><\/div><\/div><!-- close content main div --><\/div><\/div><div id='av_section_4'  class='avia-section av-5iph0x-3c5b0be359c3d71fef9495391999465c main_color avia-section-default avia-no-border-styling  avia-builder-el-20  el_after_av_section  el_before_av_textblock  avia-bg-style-scroll container_wrap fullsize'  ><div class='container av-section-cont-open' ><div class='template-page content  av-content-full alpha units'><div class='post-entry post-entry-type-page post-entry-2433'><div class='entry-content-wrapper clearfix'>\n\n<style type=\"text\/css\" data-created_by=\"avia_inline_auto\" id=\"style-css-av-4gn8bl-933a4ccab71b90888e805b66435cc46c\">\n#top .av-special-heading.av-4gn8bl-933a4ccab71b90888e805b66435cc46c{\npadding-bottom:10px;\n}\nbody .av-special-heading.av-4gn8bl-933a4ccab71b90888e805b66435cc46c .av-special-heading-tag .heading-char{\nfont-size:25px;\n}\n.av-special-heading.av-4gn8bl-933a4ccab71b90888e805b66435cc46c .av-subheading{\nfont-size:15px;\n}\n<\/style>\n<div  class='av-special-heading av-4gn8bl-933a4ccab71b90888e805b66435cc46c av-special-heading-h3 blockquote modern-quote modern-centered  avia-builder-el-21  avia-builder-el-no-sibling  av-linked-heading'><h3 class='av-special-heading-tag'  itemprop=\"headline\"  >Event Sponsors | Patrocinadores del Evento<\/h3><div class=\"special-heading-border\"><div class=\"special-heading-inner-border\"><\/div><\/div><\/div>\n<\/div><\/div><\/div><!-- close content main div --><\/div><\/div><div id='after_section_4'  class='main_color av_default_container_wrap container_wrap fullsize'  ><div class='container av-section-cont-open' ><div class='template-page content  av-content-full alpha units'><div class='post-entry post-entry-type-page post-entry-2433'><div class='entry-content-wrapper clearfix'><\/p>\n<section  class='av_textblock_section av-mhf3lkh7-11b0a310ba0a993e6b0eaa949b92bf0a'   itemscope=\"itemscope\" itemtype=\"https:\/\/schema.org\/CreativeWork\" ><div class='avia_textblock'  itemprop=\"text\" ><h4><strong>Silver Sponsor | <span data-teams=\"true\">Patrocinio de Plata<\/span><\/strong><\/h4>\n<h1><img loading=\"lazy\" decoding=\"async\" class=\"alignnone size-medium wp-image-43792\" src=\"https:\/\/www.tucsonmuseumofart.org\/wp-content\/uploads\/2025\/10\/Rio-Nuevo-logo-300x92.png\" alt=\"\" width=\"300\" height=\"92\" srcset=\"https:\/\/www.tucsonmuseumofart.org\/wp-content\/uploads\/2025\/10\/Rio-Nuevo-logo-300x92.png 300w, https:\/\/www.tucsonmuseumofart.org\/wp-content\/uploads\/2025\/10\/Rio-Nuevo-logo-18x6.png 18w, https:\/\/www.tucsonmuseumofart.org\/wp-content\/uploads\/2025\/10\/Rio-Nuevo-logo.png 405w\" sizes=\"auto, (max-width: 300px) 100vw, 300px\" \/><\/h1>\n<h4><strong>Bronze Sponsor | <span data-teams=\"true\">Patrocinio de Bronce<\/span><\/strong><\/h4>\n<h1><img loading=\"lazy\" decoding=\"async\" class=\"alignnone size-medium wp-image-43791\" src=\"https:\/\/www.tucsonmuseumofart.org\/wp-content\/uploads\/2025\/10\/Renewal-by-Andersen-logo-300x115.png\" alt=\"\" width=\"300\" height=\"115\" srcset=\"https:\/\/www.tucsonmuseumofart.org\/wp-content\/uploads\/2025\/10\/Renewal-by-Andersen-logo-300x115.png 300w, https:\/\/www.tucsonmuseumofart.org\/wp-content\/uploads\/2025\/10\/Renewal-by-Andersen-logo-1030x396.png 1030w, https:\/\/www.tucsonmuseumofart.org\/wp-content\/uploads\/2025\/10\/Renewal-by-Andersen-logo-768x295.png 768w, https:\/\/www.tucsonmuseumofart.org\/wp-content\/uploads\/2025\/10\/Renewal-by-Andersen-logo-1536x591.png 1536w, https:\/\/www.tucsonmuseumofart.org\/wp-content\/uploads\/2025\/10\/Renewal-by-Andersen-logo-2048x788.png 2048w, https:\/\/www.tucsonmuseumofart.org\/wp-content\/uploads\/2025\/10\/Renewal-by-Andersen-logo-18x7.png 18w, https:\/\/www.tucsonmuseumofart.org\/wp-content\/uploads\/2025\/10\/Renewal-by-Andersen-logo-1500x577.png 1500w, https:\/\/www.tucsonmuseumofart.org\/wp-content\/uploads\/2025\/10\/Renewal-by-Andersen-logo-705x271.png 705w, https:\/\/www.tucsonmuseumofart.org\/wp-content\/uploads\/2025\/10\/Renewal-by-Andersen-logo-845x321.png 845w, https:\/\/www.tucsonmuseumofart.org\/wp-content\/uploads\/2025\/10\/Renewal-by-Andersen-logo-450x173.png 450w\" sizes=\"auto, (max-width: 300px) 100vw, 300px\" \/><\/h1>\n<\/div><\/section>","protected":false},"excerpt":{"rendered":"","protected":false},"author":177,"featured_media":43165,"parent":0,"menu_order":0,"comment_status":"closed","ping_status":"closed","template":"","meta":{"_price":"","_stock":"","_tribe_ticket_header":"","_tribe_default_ticket_provider":"","_tribe_ticket_capacity":"0","_ticket_start_date":"","_ticket_end_date":"","_tribe_ticket_show_description":"","_tribe_ticket_show_not_going":false,"_tribe_ticket_use_global_stock":"","_tribe_ticket_global_stock_level":"","_global_stock_mode":"","_global_stock_cap":"","_tribe_rsvp_for_event":"","_tribe_ticket_going_count":"","_tribe_ticket_not_going_count":"","_tribe_tickets_list":"[]","_tribe_ticket_has_attendee_info_fields":false,"footnotes":""},"class_list":["post-2433","page","type-page","status-publish","has-post-thumbnail","hentry"],"publishpress_future_action":{"enabled":false,"date":"2026-04-14 00:45:19","action":"change-status","newStatus":"draft","terms":[],"taxonomy":"","extraData":[]},"publishpress_future_workflow_manual_trigger":{"enabledWorkflows":[]},"_links":{"self":[{"href":"https:\/\/www.tucsonmuseumofart.org\/es\/wp-json\/wp\/v2\/pages\/2433","targetHints":{"allow":["GET"]}}],"collection":[{"href":"https:\/\/www.tucsonmuseumofart.org\/es\/wp-json\/wp\/v2\/pages"}],"about":[{"href":"https:\/\/www.tucsonmuseumofart.org\/es\/wp-json\/wp\/v2\/types\/page"}],"author":[{"embeddable":true,"href":"https:\/\/www.tucsonmuseumofart.org\/es\/wp-json\/wp\/v2\/users\/177"}],"replies":[{"embeddable":true,"href":"https:\/\/www.tucsonmuseumofart.org\/es\/wp-json\/wp\/v2\/comments?post=2433"}],"version-history":[{"count":169,"href":"https:\/\/www.tucsonmuseumofart.org\/es\/wp-json\/wp\/v2\/pages\/2433\/revisions"}],"predecessor-version":[{"id":44376,"href":"https:\/\/www.tucsonmuseumofart.org\/es\/wp-json\/wp\/v2\/pages\/2433\/revisions\/44376"}],"wp:featuredmedia":[{"embeddable":true,"href":"https:\/\/www.tucsonmuseumofart.org\/es\/wp-json\/wp\/v2\/media\/43165"}],"wp:attachment":[{"href":"https:\/\/www.tucsonmuseumofart.org\/es\/wp-json\/wp\/v2\/media?parent=2433"}],"curies":[{"name":"wp","href":"https:\/\/api.w.org\/{rel}","templated":true}]}}