{"id":24765,"date":"2022-06-06T15:45:01","date_gmt":"2022-06-06T22:45:01","guid":{"rendered":"https:\/\/www.tucsonmuseumofart.org\/?page_id=24765"},"modified":"2025-03-22T12:46:51","modified_gmt":"2025-03-22T19:46:51","slug":"businessmembership","status":"publish","type":"page","link":"https:\/\/www.tucsonmuseumofart.org\/es\/businessmembership\/","title":{"rendered":"Membres\u00eda comercial"},"content":{"rendered":"<div id='av_section_1'  class='avia-section av-fdiil-593aa732c0e1332ea704bea614233f0d main_color avia-section-default avia-no-border-styling  avia-builder-el-0  el_before_av_section  avia-builder-el-first  avia-bg-style-scroll av-minimum-height av-minimum-height-50 av-height-50  container_wrap fullsize'   data-av_minimum_height_pc='50' data-av_min_height_opt='50'><div class='container av-section-cont-open' ><main  role=\"main\" itemprop=\"mainContentOfPage\"  class='template-page content  av-content-full alpha units'><div class='post-entry post-entry-type-page post-entry-24765'><div class='entry-content-wrapper clearfix'>\n\n<style type=\"text\/css\" data-created_by=\"avia_inline_auto\" id=\"style-css-av-lmcw2kc9-7605edee2d79b88a0e4fd6113c584183\">\n#top .av-special-heading.av-lmcw2kc9-7605edee2d79b88a0e4fd6113c584183{\npadding-bottom:10px;\n}\nbody .av-special-heading.av-lmcw2kc9-7605edee2d79b88a0e4fd6113c584183 .av-special-heading-tag .heading-char{\nfont-size:25px;\n}\n.av-special-heading.av-lmcw2kc9-7605edee2d79b88a0e4fd6113c584183 .av-subheading{\nfont-size:15px;\n}\n<\/style>\n<div  class='av-special-heading av-lmcw2kc9-7605edee2d79b88a0e4fd6113c584183 av-special-heading-h1 blockquote modern-quote modern-centered  avia-builder-el-1  avia-builder-el-no-sibling'><h1 class='av-special-heading-tag'  itemprop=\"headline\"  >MEMBRES\u00cdA EMPRESARIAL<\/h1><div class=\"special-heading-border\"><div class=\"special-heading-inner-border\"><\/div><\/div><\/div>\n\n<\/div><\/div><\/main><!-- close content main element --><\/div><\/div>\n<style type=\"text\/css\" data-created_by=\"avia_inline_auto\" id=\"style-css-av-lmcw5fb8-fb9aecf6982cc6f6ff35f99166d093a2\">\n.avia-section.av-lmcw5fb8-fb9aecf6982cc6f6ff35f99166d093a2 .av-parallax .av-parallax-inner{\nbackground-repeat:no-repeat;\nbackground-image:url(https:\/\/www.tucsonmuseumofart.org\/wp-content\/uploads\/2023\/09\/DSCF5493-scaled.jpg);\nbackground-position:50% 50%;\nbackground-attachment:scroll;\n}\n<\/style>\n<div id='av_section_2'  class='avia-section av-lmcw5fb8-fb9aecf6982cc6f6ff35f99166d093a2 main_color avia-section-default avia-no-border-styling  avia-builder-el-2  el_after_av_section  el_before_av_section  av-parallax-section avia-bg-style-parallax av-minimum-height av-minimum-height-75 av-height-75  container_wrap fullsize'  data-section-bg-repeat='no-repeat' data-av_minimum_height_pc='75' data-av_min_height_opt='75'><div class='av-parallax' data-avia-parallax-ratio='0.3' ><div class='av-parallax-inner main_color avia-full-stretch'><\/div><\/div><div class='container av-section-cont-open' ><div class='template-page content  av-content-full alpha units'><div class='post-entry post-entry-type-page post-entry-24765'><div class='entry-content-wrapper clearfix'>\n<\/div><\/div><\/div><!-- close content main div --><\/div><\/div><div id='av_section_3'  class='avia-section av-3ndjqf1-f8aa95e4844c96c1e978916de9faba01 main_color avia-section-default avia-no-border-styling  avia-builder-el-3  el_after_av_section  avia-builder-el-last  avia-bg-style-scroll container_wrap fullsize'  ><div class='container av-section-cont-open' ><div class='template-page content  av-content-full alpha units'><div class='post-entry post-entry-type-page post-entry-24765'><div class='entry-content-wrapper clearfix'>\n<div  class='flex_column av-31awhb1-f1e4877e3e2cc35242c26a19482fbbfc av_one_half  avia-builder-el-4  el_before_av_one_half  avia-builder-el-first  first flex_column_div'     ><p>\n<style type=\"text\/css\" data-created_by=\"avia_inline_auto\" id=\"style-css-av-kx6ceslk-d854db74b4e08ae98af5a6cf72b1fdfb\">\n#top .av-special-heading.av-kx6ceslk-d854db74b4e08ae98af5a6cf72b1fdfb{\npadding-bottom:30px;\n}\nbody .av-special-heading.av-kx6ceslk-d854db74b4e08ae98af5a6cf72b1fdfb .av-special-heading-tag .heading-char{\nfont-size:25px;\n}\n.av-special-heading.av-kx6ceslk-d854db74b4e08ae98af5a6cf72b1fdfb .av-subheading{\nfont-size:15px;\n}\n<\/style>\n<div  class='av-special-heading av-kx6ceslk-d854db74b4e08ae98af5a6cf72b1fdfb av-special-heading-h1 blockquote modern-quote  avia-builder-el-5  el_before_av_textblock  avia-builder-el-first'><h1 class='av-special-heading-tag'  itemprop=\"headline\"  >Invierte en las artes<\/h1><div class=\"special-heading-border\"><div class=\"special-heading-inner-border\"><\/div><\/div><\/div><br \/>\n<section  class='av_textblock_section av-kx6ckh0n-000ad82c87d6c53e484fc30127b4918a'   itemscope=\"itemscope\" itemtype=\"https:\/\/schema.org\/CreativeWork\" ><div class='avia_textblock'  itemprop=\"text\" ><p>En Tucson, como en muchas otras ciudades del pa\u00eds, las organizaciones sin fines de lucro, como TMA, dependen del apoyo de donantes corporativos que reconocen que invertir en arte y cultura es fundamental para crear y mantener un lugar vibrante para vivir y trabajar. Las membres\u00edas comerciales de TMA var\u00edan desde $1,000 hasta $10,000 y los atractivos beneficios para empresas y empleados se enumeran en la p\u00e1gina siguiente. Lo invitamos a hacer una inversi\u00f3n en la comunidad de Tucson y convertirse en miembro comercial de TMA.<\/p>\n<\/div><\/section><br \/>\n<div  class='avia-button-wrap av-kx6ezq07-c49efb536823d3be8c720bab76396717-wrap avia-button-left  avia-builder-el-7  el_after_av_textblock  avia-builder-el-last'><a href='https:\/\/www.tucsonmuseumofart.org\/wp-content\/uploads\/2023\/09\/TMA-Business-Membership-digital-Copy.pdf' class='avia-button av-kx6ezq07-c49efb536823d3be8c720bab76396717 avia-icon_select-no avia-size-large avia-position-left av-icon-on-hover avia-color-dark' target=\"_blank\" rel=\"noopener noreferrer\"><span class='avia_iconbox_title' >Descargar folleto<\/span><\/a><\/div><\/p><\/div><div  class='flex_column av-1k9f1y5-369013b4413d2e215839eec7bd2d5bb7 av_one_half  avia-builder-el-8  el_after_av_one_half  el_before_av_hr  flex_column_div'     ><style type=\"text\/css\" data-created_by=\"avia_inline_auto\" id=\"style-css-av-kx6doin1-17deb4a78fbd0909dfa13610005f1aa5\">\n.avia-image-container.av-kx6doin1-17deb4a78fbd0909dfa13610005f1aa5 img.avia_image{\nbox-shadow:none;\n}\n.avia-image-container.av-kx6doin1-17deb4a78fbd0909dfa13610005f1aa5 .av-image-caption-overlay-center{\ncolor:#ffffff;\n}\n<\/style>\n<div  class='avia-image-container av-kx6doin1-17deb4a78fbd0909dfa13610005f1aa5 av-styling-no-styling avia-align-center  avia-builder-el-9  avia-builder-el-no-sibling'   itemprop=\"image\" itemscope=\"itemscope\" itemtype=\"https:\/\/schema.org\/ImageObject\" ><div class=\"avia-image-container-inner\"><div class=\"avia-image-overlay-wrap\"><img decoding=\"async\" class='wp-image-34664 avia-img-lazy-loading-not-34664 avia_image' src=\"https:\/\/www.tucsonmuseumofart.org\/wp-content\/uploads\/2023\/09\/057-_willoart-1-845x684.jpeg\" alt='' title='Gala TMA 2023'  height=\"684\" width=\"845\"  itemprop=\"thumbnailUrl\" srcset=\"https:\/\/www.tucsonmuseumofart.org\/wp-content\/uploads\/2023\/09\/057-_willoart-1-845x684.jpeg 845w, https:\/\/www.tucsonmuseumofart.org\/wp-content\/uploads\/2023\/09\/057-_willoart-1-495x400.jpeg 495w\" sizes=\"(max-width: 845px) 100vw, 845px\" \/><\/div><\/div><\/div><\/div><div  class='hr av-2jxrc4d-501dbb0b61e7060b55d53cd78e3da602 hr-default  avia-builder-el-10  el_after_av_one_half  el_before_av_one_full'><span class='hr-inner'><span class=\"hr-inner-style\"><\/span><\/span><\/div>\n<div  class='flex_column av-4fxp6zh-7087410b00a909d08bebbc457e1bf0a5 av_one_full  avia-builder-el-11  el_after_av_hr  el_before_av_one_full  first flex_column_div'     ><style type=\"text\/css\" data-created_by=\"avia_inline_auto\" id=\"style-css-av-kxp33u5c-a1e86cb3de3f4aae11c0ff2a987edac1\">\n#top .av-special-heading.av-kxp33u5c-a1e86cb3de3f4aae11c0ff2a987edac1{\npadding-bottom:10px;\ncolor:#000000;\n}\nbody .av-special-heading.av-kxp33u5c-a1e86cb3de3f4aae11c0ff2a987edac1 .av-special-heading-tag .heading-char{\nfont-size:25px;\n}\n.av-special-heading.av-kxp33u5c-a1e86cb3de3f4aae11c0ff2a987edac1 .special-heading-inner-border{\nborder-color:#000000;\n}\n.av-special-heading.av-kxp33u5c-a1e86cb3de3f4aae11c0ff2a987edac1 .av-subheading{\nfont-size:15px;\n}\n<\/style>\n<div  class='av-special-heading av-kxp33u5c-a1e86cb3de3f4aae11c0ff2a987edac1 av-special-heading-h2 custom-color-heading blockquote modern-quote modern-centered  avia-builder-el-12  avia-builder-el-no-sibling'><h2 class='av-special-heading-tag'  itemprop=\"headline\"  >NIVELES ANUALES DE MEMBRES\u00cdA EMPRESARIAL <span class='special_amp'>&amp;<\/span> BENEFICIOS<\/h2><div class=\"special-heading-border\"><div class=\"special-heading-inner-border\"><\/div><\/div><\/div><\/div><div  class='flex_column av-1djtcnx-60e642d8586879b09a4ba6fd30049ee7 av_one_full  avia-builder-el-13  el_after_av_one_full  el_before_av_one_fourth  first flex_column_div  column-top-margin'     ><style type=\"text\/css\" data-created_by=\"avia_inline_auto\" id=\"style-css-av-jjbw0t-10f43fc5b323f98e4170cb90719f7ca8\">\n#top .av-special-heading.av-jjbw0t-10f43fc5b323f98e4170cb90719f7ca8{\npadding-bottom:10px;\ncolor:#000000;\n}\nbody .av-special-heading.av-jjbw0t-10f43fc5b323f98e4170cb90719f7ca8 .av-special-heading-tag .heading-char{\nfont-size:25px;\n}\n.av-special-heading.av-jjbw0t-10f43fc5b323f98e4170cb90719f7ca8 .special-heading-inner-border{\nborder-color:#000000;\n}\n.av-special-heading.av-jjbw0t-10f43fc5b323f98e4170cb90719f7ca8 .av-subheading{\nfont-size:15px;\n}\n<\/style>\n<div  class='av-special-heading av-jjbw0t-10f43fc5b323f98e4170cb90719f7ca8 av-special-heading-h2 custom-color-heading  avia-builder-el-14  avia-builder-el-no-sibling'><h2 class='av-special-heading-tag'  itemprop=\"headline\"  >Asociado<\/h2><div class=\"special-heading-border\"><div class=\"special-heading-inner-border\"><\/div><\/div><\/div><\/div><div  class='flex_column av-41dtvst-7ef0f32505aea05116d1de842d850309 av_one_fourth  avia-builder-el-15  el_after_av_one_full  el_before_av_three_fifth  first flex_column_div  column-top-margin'     ><style type=\"text\/css\" data-created_by=\"avia_inline_auto\" id=\"style-css-av-kxp3uk9o-ed6020a240540bad6efb15df762bf6b2\">\n#top .av-special-heading.av-kxp3uk9o-ed6020a240540bad6efb15df762bf6b2{\npadding-bottom:10px;\ncolor:#000000;\n}\nbody .av-special-heading.av-kxp3uk9o-ed6020a240540bad6efb15df762bf6b2 .av-special-heading-tag .heading-char{\nfont-size:25px;\n}\n.av-special-heading.av-kxp3uk9o-ed6020a240540bad6efb15df762bf6b2 .special-heading-inner-border{\nborder-color:#000000;\n}\n.av-special-heading.av-kxp3uk9o-ed6020a240540bad6efb15df762bf6b2 .av-subheading{\nfont-size:15px;\n}\n<\/style>\n<div  class='av-special-heading av-kxp3uk9o-ed6020a240540bad6efb15df762bf6b2 av-special-heading-h1 custom-color-heading blockquote modern-quote  avia-builder-el-16  avia-builder-el-no-sibling'><h1 class='av-special-heading-tag'  itemprop=\"headline\"  >$1.000\u2013$2.499<\/h1><div class=\"special-heading-border\"><div class=\"special-heading-inner-border\"><\/div><\/div><\/div><\/div><div  class='flex_column av-3d1do65-ea58519ba9348f564a756cc682b5f5eb av_three_fifth  avia-builder-el-17  el_after_av_one_fourth  el_before_av_one_full  flex_column_div  column-top-margin'     ><section  class='av_textblock_section av-kxp44gbl-1bc3730f183d972a98daeaeb22725a2a'   itemscope=\"itemscope\" itemtype=\"https:\/\/schema.org\/CreativeWork\" ><div class='avia_textblock'  itemprop=\"text\" ><ul>\n<li>Reconocimiento en el sitio web de TMA y en el Informe Anual<\/li>\n<li>Two (2) transferable admission cards, each offering free access for two<br \/>\nindividuos<\/li>\n<li>Invitaciones a presentaciones previas de exposiciones y conferencias de los miembros.<\/li>\n<li>Descuento 10% en la tienda del museo y acceso a d\u00edas de doble descuento<br \/>\n(como se anunci\u00f3)<\/li>\n<li>Descuento 10% en membres\u00eda TMA para tus empleados (no incluye<br \/>\nlos niveles de Director o Embajador)<\/li>\n<li>Reducci\u00f3n de tarifa 10% en alquileres de instalaciones de TMA, incluido el Museo y<br \/>\nCentro Alice Chait\u00e9n Baker para la Educaci\u00f3n Art\u00edstica<\/li>\n<li>Privilegios de membres\u00eda rec\u00edproca para sus empleados en m\u00e1s de 1,000 instituciones miembro en Bermudas, M\u00e9xico y EE. UU. que pertenecen a la Asociaci\u00f3n NARM (Museo Rec\u00edproco de Am\u00e9rica del Norte)<\/li>\n<\/ul>\n<\/div><\/section><\/div><div  class='flex_column av-2x28xst-d6b9fea21da2263951ebc474b28a4e51 av_one_full  avia-builder-el-19  el_after_av_three_fifth  el_before_av_one_fourth  first flex_column_div'     ><style type=\"text\/css\" data-created_by=\"avia_inline_auto\" id=\"style-css-av-kxp4apvf-b88a2cb02a70408dc3d2f7d3ec3bb59e\">\n#top .av-special-heading.av-kxp4apvf-b88a2cb02a70408dc3d2f7d3ec3bb59e{\npadding-bottom:10px;\ncolor:#000000;\n}\nbody .av-special-heading.av-kxp4apvf-b88a2cb02a70408dc3d2f7d3ec3bb59e .av-special-heading-tag .heading-char{\nfont-size:25px;\n}\n.av-special-heading.av-kxp4apvf-b88a2cb02a70408dc3d2f7d3ec3bb59e .special-heading-inner-border{\nborder-color:#000000;\n}\n.av-special-heading.av-kxp4apvf-b88a2cb02a70408dc3d2f7d3ec3bb59e .av-subheading{\nfont-size:15px;\n}\n<\/style>\n<div  class='av-special-heading av-kxp4apvf-b88a2cb02a70408dc3d2f7d3ec3bb59e av-special-heading-h2 custom-color-heading  avia-builder-el-20  avia-builder-el-no-sibling'><h2 class='av-special-heading-tag'  itemprop=\"headline\"  >Pareja<\/h2><div class=\"special-heading-border\"><div class=\"special-heading-inner-border\"><\/div><\/div><\/div><\/div><div  class='flex_column av-2en8mjh-7983b1a000d8a6943d80cb3101af9db7 av_one_fourth  avia-builder-el-21  el_after_av_one_full  el_before_av_three_fifth  first flex_column_div  column-top-margin'     ><style type=\"text\/css\" data-created_by=\"avia_inline_auto\" id=\"style-css-av-kxp4bx37-37f63af6e14cddd2aa551209423b8356\">\n#top .av-special-heading.av-kxp4bx37-37f63af6e14cddd2aa551209423b8356{\npadding-bottom:10px;\ncolor:#000000;\n}\nbody .av-special-heading.av-kxp4bx37-37f63af6e14cddd2aa551209423b8356 .av-special-heading-tag .heading-char{\nfont-size:25px;\n}\n.av-special-heading.av-kxp4bx37-37f63af6e14cddd2aa551209423b8356 .special-heading-inner-border{\nborder-color:#000000;\n}\n.av-special-heading.av-kxp4bx37-37f63af6e14cddd2aa551209423b8356 .av-subheading{\nfont-size:15px;\n}\n<\/style>\n<div  class='av-special-heading av-kxp4bx37-37f63af6e14cddd2aa551209423b8356 av-special-heading-h1 custom-color-heading blockquote modern-quote  avia-builder-el-22  avia-builder-el-no-sibling'><h1 class='av-special-heading-tag'  itemprop=\"headline\"  >$2.500\u2013$4.999<\/h1><div class=\"special-heading-border\"><div class=\"special-heading-inner-border\"><\/div><\/div><\/div><\/div><div  class='flex_column av-23zn1h9-81a3c8fd8e3036e9706f3f8f44a844ed av_three_fifth  avia-builder-el-23  el_after_av_one_fourth  el_before_av_one_full  flex_column_div  column-top-margin'     ><section  class='av_textblock_section av-kxp4de7c-150048c52308de75fbded7a8dfdee57e'   itemscope=\"itemscope\" itemtype=\"https:\/\/schema.org\/CreativeWork\" ><div class='avia_textblock'  itemprop=\"text\" ><p>Todos los beneficios mencionados anteriormente, m\u00e1s:<\/p>\n<ul>\n<li>Cuatro (4) tarjetas de admisi\u00f3n transferibles, cada una de las cuales ofrece acceso gratuito para dos<br \/>\nindividuos<\/li>\n<li>Cuatro (4) invitaciones individuales a la Cena de Premios a la Trayectoria de TMA<\/li>\n<li>Dos (2) recorridos privados por el museo, fuera del horario de atenci\u00f3n, dirigidos por un curador, para 20 personas<\/li>\n<\/ul>\n<\/div><\/section><\/div><div  class='flex_column av-1omprz1-514d7b2148931a3b2af5e3ba30ded09b av_one_full  avia-builder-el-25  el_after_av_three_fifth  el_before_av_one_fourth  first flex_column_div'     ><style type=\"text\/css\" data-created_by=\"avia_inline_auto\" id=\"style-css-av-kxp4f75o-3f30121bde1f38200952f66fc4f219e8\">\n#top .av-special-heading.av-kxp4f75o-3f30121bde1f38200952f66fc4f219e8{\npadding-bottom:10px;\ncolor:#000000;\n}\nbody .av-special-heading.av-kxp4f75o-3f30121bde1f38200952f66fc4f219e8 .av-special-heading-tag .heading-char{\nfont-size:25px;\n}\n.av-special-heading.av-kxp4f75o-3f30121bde1f38200952f66fc4f219e8 .special-heading-inner-border{\nborder-color:#000000;\n}\n.av-special-heading.av-kxp4f75o-3f30121bde1f38200952f66fc4f219e8 .av-subheading{\nfont-size:15px;\n}\n<\/style>\n<div  class='av-special-heading av-kxp4f75o-3f30121bde1f38200952f66fc4f219e8 av-special-heading-h2 custom-color-heading  avia-builder-el-26  avia-builder-el-no-sibling'><h2 class='av-special-heading-tag'  itemprop=\"headline\"  >Ejecutivo <\/h2><div class=\"special-heading-border\"><div class=\"special-heading-inner-border\"><\/div><\/div><\/div><\/div><div  class='flex_column av-219xt3x-1c795c37df5d68fb19e46480bc092906 av_one_fourth  avia-builder-el-27  el_after_av_one_full  el_before_av_three_fifth  first flex_column_div  column-top-margin'     ><style type=\"text\/css\" data-created_by=\"avia_inline_auto\" id=\"style-css-av-1txrrzx-31445d0cee128b6ccea7b6e0d2669f6b\">\n#top .av-special-heading.av-1txrrzx-31445d0cee128b6ccea7b6e0d2669f6b{\npadding-bottom:10px;\ncolor:#000000;\n}\nbody .av-special-heading.av-1txrrzx-31445d0cee128b6ccea7b6e0d2669f6b .av-special-heading-tag .heading-char{\nfont-size:25px;\n}\n.av-special-heading.av-1txrrzx-31445d0cee128b6ccea7b6e0d2669f6b .special-heading-inner-border{\nborder-color:#000000;\n}\n.av-special-heading.av-1txrrzx-31445d0cee128b6ccea7b6e0d2669f6b .av-subheading{\nfont-size:15px;\n}\n<\/style>\n<div  class='av-special-heading av-1txrrzx-31445d0cee128b6ccea7b6e0d2669f6b av-special-heading-h1 custom-color-heading blockquote modern-quote  avia-builder-el-28  avia-builder-el-no-sibling'><h1 class='av-special-heading-tag'  itemprop=\"headline\"  >$5.000\u2013$7.500<\/h1><div class=\"special-heading-border\"><div class=\"special-heading-inner-border\"><\/div><\/div><\/div><\/div><div  class='flex_column av-qt6bvh-f72f2918bda8d8c71d6fb5b66bb6e5ed av_three_fifth  avia-builder-el-29  el_after_av_one_fourth  el_before_av_one_full  flex_column_div  column-top-margin'     ><section  class='av_textblock_section av-kxp4gnrx-30345e2aeb0717df3be93d7925b269d7'   itemscope=\"itemscope\" itemtype=\"https:\/\/schema.org\/CreativeWork\" ><div class='avia_textblock'  itemprop=\"text\" ><p>Todos los beneficios mencionados anteriormente, m\u00e1s:<\/p>\n<ul>\n<li>Seis (6) tarjetas de admisi\u00f3n transferibles, cada una de las cuales ofrece acceso gratuito para dos personas<\/li>\n<li>Seis (6) invitaciones individuales a la Cena de Premios a la Trayectoria de TMA<\/li>\n<li>Cuatro (4) visitas privadas al museo dirigidas por curadores para 20 personas<\/li>\n<li>10 entradas gratuitas a conferencias con asiento reservado<\/li>\n<li>Four (4) tickets to TMA\u2019s Annual Spring Gala<\/li>\n<\/ul>\n<\/div><\/section><\/div><div  class='flex_column av-12y02f1-f8cfb222b7219e56d5155150c1faeb7a av_one_full  avia-builder-el-31  el_after_av_three_fifth  el_before_av_one_fourth  first flex_column_div'     ><style type=\"text\/css\" data-created_by=\"avia_inline_auto\" id=\"style-css-av-lmcvif1r-7f14d7ea6c51d4f965bfcdb0b20afb79\">\n#top .av-special-heading.av-lmcvif1r-7f14d7ea6c51d4f965bfcdb0b20afb79{\npadding-bottom:10px;\ncolor:#000000;\n}\nbody .av-special-heading.av-lmcvif1r-7f14d7ea6c51d4f965bfcdb0b20afb79 .av-special-heading-tag .heading-char{\nfont-size:25px;\n}\n.av-special-heading.av-lmcvif1r-7f14d7ea6c51d4f965bfcdb0b20afb79 .special-heading-inner-border{\nborder-color:#000000;\n}\n.av-special-heading.av-lmcvif1r-7f14d7ea6c51d4f965bfcdb0b20afb79 .av-subheading{\nfont-size:15px;\n}\n<\/style>\n<div  class='av-special-heading av-lmcvif1r-7f14d7ea6c51d4f965bfcdb0b20afb79 av-special-heading-h2 custom-color-heading  avia-builder-el-32  avia-builder-el-no-sibling'><h2 class='av-special-heading-tag'  itemprop=\"headline\"  >Sala del consejo<\/h2><div class=\"special-heading-border\"><div class=\"special-heading-inner-border\"><\/div><\/div><\/div><\/div><div  class='flex_column av-1b73da5-3ec73bb989a80ed8da3969081789319c av_one_fourth  avia-builder-el-33  el_after_av_one_full  el_before_av_three_fifth  first flex_column_div  column-top-margin'     ><style type=\"text\/css\" data-created_by=\"avia_inline_auto\" id=\"style-css-av-kxp4fvau-d4ef1cb6f7536a3f970a597c9a195e9c\">\n#top .av-special-heading.av-kxp4fvau-d4ef1cb6f7536a3f970a597c9a195e9c{\npadding-bottom:10px;\ncolor:#000000;\n}\nbody .av-special-heading.av-kxp4fvau-d4ef1cb6f7536a3f970a597c9a195e9c .av-special-heading-tag .heading-char{\nfont-size:25px;\n}\n.av-special-heading.av-kxp4fvau-d4ef1cb6f7536a3f970a597c9a195e9c .special-heading-inner-border{\nborder-color:#000000;\n}\n.av-special-heading.av-kxp4fvau-d4ef1cb6f7536a3f970a597c9a195e9c .av-subheading{\nfont-size:15px;\n}\n<\/style>\n<div  class='av-special-heading av-kxp4fvau-d4ef1cb6f7536a3f970a597c9a195e9c av-special-heading-h1 custom-color-heading blockquote modern-quote  avia-builder-el-34  avia-builder-el-no-sibling'><h1 class='av-special-heading-tag'  itemprop=\"headline\"  >$10,000+<\/h1><div class=\"special-heading-border\"><div class=\"special-heading-inner-border\"><\/div><\/div><\/div><\/div><div  class='flex_column av-jye5ml-afbfd800a028bb417385df69e9bab368 av_three_fifth  avia-builder-el-35  el_after_av_one_fourth  avia-builder-el-last  flex_column_div  column-top-margin'     ><section  class='av_textblock_section av-lmcvkh8e-fa0c8341b74cbb2754581f13756ed28d'   itemscope=\"itemscope\" itemtype=\"https:\/\/schema.org\/CreativeWork\" ><div class='avia_textblock'  itemprop=\"text\" ><p>All benefits mentioned above, plus a \u2018curated\u2019 benefits package designed to meet your business\u2019s specific needs. Please contact Meg Hagyard, Director of Advancement and Strategic Initiatives, to learn more at 520-616-2689 or <a href=\"mailto:mhagyard@tucsonmuseumofart.org\" target=\"_blank\" rel=\"noopener\">mhagyard@tucsonmuseumofart.org<\/a>.<\/p>\n<\/div><\/section><\/div>","protected":false},"excerpt":{"rendered":"","protected":false},"author":177,"featured_media":0,"parent":0,"menu_order":0,"comment_status":"closed","ping_status":"closed","template":"","meta":{"_price":"","_stock":"","_tribe_ticket_header":"","_tribe_default_ticket_provider":"","_tribe_ticket_capacity":"0","_ticket_start_date":"","_ticket_end_date":"","_tribe_ticket_show_description":"","_tribe_ticket_show_not_going":false,"_tribe_ticket_use_global_stock":"","_tribe_ticket_global_stock_level":"","_global_stock_mode":"","_global_stock_cap":"","_tribe_rsvp_for_event":"","_tribe_ticket_going_count":"","_tribe_ticket_not_going_count":"","_tribe_tickets_list":"[]","_tribe_ticket_has_attendee_info_fields":false,"footnotes":""},"class_list":["post-24765","page","type-page","status-publish","hentry"],"publishpress_future_action":{"enabled":false,"date":"2026-04-17 00:55:54","action":"change-status","newStatus":"draft","terms":[],"taxonomy":"","extraData":[]},"publishpress_future_workflow_manual_trigger":{"enabledWorkflows":[]},"_links":{"self":[{"href":"https:\/\/www.tucsonmuseumofart.org\/es\/wp-json\/wp\/v2\/pages\/24765","targetHints":{"allow":["GET"]}}],"collection":[{"href":"https:\/\/www.tucsonmuseumofart.org\/es\/wp-json\/wp\/v2\/pages"}],"about":[{"href":"https:\/\/www.tucsonmuseumofart.org\/es\/wp-json\/wp\/v2\/types\/page"}],"author":[{"embeddable":true,"href":"https:\/\/www.tucsonmuseumofart.org\/es\/wp-json\/wp\/v2\/users\/177"}],"replies":[{"embeddable":true,"href":"https:\/\/www.tucsonmuseumofart.org\/es\/wp-json\/wp\/v2\/comments?post=24765"}],"version-history":[{"count":22,"href":"https:\/\/www.tucsonmuseumofart.org\/es\/wp-json\/wp\/v2\/pages\/24765\/revisions"}],"predecessor-version":[{"id":42033,"href":"https:\/\/www.tucsonmuseumofart.org\/es\/wp-json\/wp\/v2\/pages\/24765\/revisions\/42033"}],"wp:attachment":[{"href":"https:\/\/www.tucsonmuseumofart.org\/es\/wp-json\/wp\/v2\/media?parent=24765"}],"curies":[{"name":"wp","href":"https:\/\/api.w.org\/{rel}","templated":true}]}}