{"id":27,"date":"2016-08-10T17:18:29","date_gmt":"2016-08-10T21:18:29","guid":{"rendered":"https:\/\/www.tucsonmuseumofart.org\/?page_id=27"},"modified":"2025-11-05T12:58:45","modified_gmt":"2025-11-05T19:58:45","slug":"upcoming-exhibitions","status":"publish","type":"page","link":"https:\/\/www.tucsonmuseumofart.org\/es\/upcoming-exhibitions\/","title":{"rendered":"Pr\u00f3ximas Exposiciones"},"content":{"rendered":"<div id='av_section_1'  class='avia-section av-3oy1z-49dfc5dc7cf61d021b92061c9ea81721 main_color avia-section-default avia-no-border-styling  avia-builder-el-0  avia-builder-el-no-sibling  avia-bg-style-parallax av-minimum-height av-minimum-height-50 av-height-50  container_wrap fullsize'   data-av_minimum_height_pc='50' data-av_min_height_opt='50'><div class='container av-section-cont-open' ><main  role=\"main\" itemprop=\"mainContentOfPage\"  class='template-page content  av-content-full alpha units'><div class='post-entry post-entry-type-page post-entry-27'><div class='entry-content-wrapper clearfix'>\n\n<style type=\"text\/css\" data-created_by=\"avia_inline_auto\" id=\"style-css-av-3idbr-bc402059eaa156cf37b36e2ca2e7b2a8\">\n#top .av-special-heading.av-3idbr-bc402059eaa156cf37b36e2ca2e7b2a8{\npadding-bottom:0;\nfont-size:35px;\n}\nbody .av-special-heading.av-3idbr-bc402059eaa156cf37b36e2ca2e7b2a8 .av-special-heading-tag .heading-char{\nfont-size:25px;\n}\n#top #wrap_all .av-special-heading.av-3idbr-bc402059eaa156cf37b36e2ca2e7b2a8 .av-special-heading-tag{\nfont-size:35px;\n}\n.av-special-heading.av-3idbr-bc402059eaa156cf37b36e2ca2e7b2a8 .av-subheading{\nfont-size:20px;\n}\n\n@media only screen and (min-width: 480px) and (max-width: 767px){ \n#top #wrap_all .av-special-heading.av-3idbr-bc402059eaa156cf37b36e2ca2e7b2a8 .av-special-heading-tag{\nfont-size:0.8em;\n}\n}\n\n@media only screen and (max-width: 479px){ \n#top #wrap_all .av-special-heading.av-3idbr-bc402059eaa156cf37b36e2ca2e7b2a8 .av-special-heading-tag{\nfont-size:0.8em;\n}\n}\n<\/style>\n<div  class='av-special-heading av-3idbr-bc402059eaa156cf37b36e2ca2e7b2a8 av-special-heading-h1 custom-color-heading blockquote modern-quote modern-centered  avia-builder-el-1  el_before_av_hr  avia-builder-el-first  av-inherit-size'><h1 class='av-special-heading-tag'  itemprop=\"headline\"  >UPCOMING EXHIBITIONS 2025 \u2013 2026 SEASON \u2502PR\u00d3XIMA TEMPORADA DE EXHIBICIONES 2025 \u2013 2026<\/h1><div class=\"special-heading-border\"><div class=\"special-heading-inner-border\"><\/div><\/div><\/div>\n\n<style type=\"text\/css\" data-created_by=\"avia_inline_auto\" id=\"style-css-av-m2a0pxjp-e18b1ef2d42a6c3c1b99597769b18f9d\">\n#top .hr.hr-invisible.av-m2a0pxjp-e18b1ef2d42a6c3c1b99597769b18f9d{\nheight:20px;\n}\n<\/style>\n<div  class='hr av-m2a0pxjp-e18b1ef2d42a6c3c1b99597769b18f9d hr-invisible  avia-builder-el-2  el_after_av_heading  el_before_av_textblock'><span class='hr-inner'><span class=\"hr-inner-style\"><\/span><\/span><\/div>\n<section  class='av_textblock_section av-lhy7rg69-a76bd539774cb6fca89c788e64e896a2'   itemscope=\"itemscope\" itemtype=\"https:\/\/schema.org\/CreativeWork\" ><div class='avia_textblock'  itemprop=\"text\" ><p>We&#8217;re looking forward to sharing our upcoming exhibitions which will present artworks in multiple mediums that span thousands of years of history all curated to connect art to life. Look below for a glance at what&#8217;s next.<\/p>\n<\/div><\/section>\n\n<style type=\"text\/css\" data-created_by=\"avia_inline_auto\" id=\"style-css-av-m2fo7onf-da0b4251ece86044d14bfcc24197ff2b\">\n#top .hr.hr-invisible.av-m2fo7onf-da0b4251ece86044d14bfcc24197ff2b{\nheight:20px;\n}\n<\/style>\n<div  class='hr av-m2fo7onf-da0b4251ece86044d14bfcc24197ff2b hr-invisible  avia-builder-el-4  el_after_av_textblock  el_before_av_textblock'><span class='hr-inner'><span class=\"hr-inner-style\"><\/span><\/span><\/div>\n<section  class='av_textblock_section av-lwtnaa2o-f954eb4ed09cabb7e9056dc20b051c1e'   itemscope=\"itemscope\" itemtype=\"https:\/\/schema.org\/CreativeWork\" ><div class='avia_textblock'  itemprop=\"text\" ><p>Esperamos compartir nuestras pr\u00f3ximas exhibiciones que presentar\u00e1n obras de arte en m\u00faltiples medios que abarcan miles de a\u00f1os de historia, todas seleccionadas para conectar el arte con la vida. Mire a continuaci\u00f3n para echar un vistazo a lo que sigue.<\/p>\n<\/div><\/section>\n<div  class='hr av-lxp4sxl2-719e117f4f144f3a75105f736e3d6722 hr-full  avia-builder-el-6  el_after_av_textblock  el_before_av_hr  hr-shadow'><span class='hr-inner'><span class=\"hr-inner-style\"><\/span><\/span><\/div>\n\n<style type=\"text\/css\" data-created_by=\"avia_inline_auto\" id=\"style-css-av-lxp4nwqm-0e7075ce29e446f50c36c921a15fd4df\">\n#top .hr.hr-invisible.av-lxp4nwqm-0e7075ce29e446f50c36c921a15fd4df{\nheight:25px;\n}\n<\/style>\n<div  class='hr av-lxp4nwqm-0e7075ce29e446f50c36c921a15fd4df hr-invisible  avia-builder-el-7  el_after_av_hr  el_before_av_heading'><span class='hr-inner'><span class=\"hr-inner-style\"><\/span><\/span><\/div>\n\n<style type=\"text\/css\" data-created_by=\"avia_inline_auto\" id=\"style-css-av-m937vld2-3b67e3e670788c3a60e73c968fe82738\">\n#top .av-special-heading.av-m937vld2-3b67e3e670788c3a60e73c968fe82738{\npadding-bottom:0;\nfont-size:35px;\n}\nbody .av-special-heading.av-m937vld2-3b67e3e670788c3a60e73c968fe82738 .av-special-heading-tag .heading-char{\nfont-size:25px;\n}\n#top #wrap_all .av-special-heading.av-m937vld2-3b67e3e670788c3a60e73c968fe82738 .av-special-heading-tag{\nfont-size:35px;\n}\n.av-special-heading.av-m937vld2-3b67e3e670788c3a60e73c968fe82738 .av-subheading{\nfont-size:20px;\n}\n\n@media only screen and (min-width: 480px) and (max-width: 767px){ \n#top #wrap_all .av-special-heading.av-m937vld2-3b67e3e670788c3a60e73c968fe82738 .av-special-heading-tag{\nfont-size:0.8em;\n}\n}\n\n@media only screen and (max-width: 479px){ \n#top #wrap_all .av-special-heading.av-m937vld2-3b67e3e670788c3a60e73c968fe82738 .av-special-heading-tag{\nfont-size:0.8em;\n}\n}\n<\/style>\n<div  class='av-special-heading av-m937vld2-3b67e3e670788c3a60e73c968fe82738 av-special-heading-h1 custom-color-heading blockquote modern-quote modern-centered  avia-builder-el-8  el_after_av_hr  el_before_av_heading  av-inherit-size'><h1 class='av-special-heading-tag'  itemprop=\"headline\"  >Upcoming Feature Exhibitions \u2502Pr\u00f3ximas Exhibiciones Destacadas<\/h1><div class=\"special-heading-border\"><div class=\"special-heading-inner-border\"><\/div><\/div><\/div>\n\n<div id='av-masonry-1' class='av-masonry av-lxf86m1o-a2eda70235fce30ee8fba3824efe6f65 noHover av-flex-size av-large-gap av-hover-overlay- av-masonry-animation- av-masonry-col-2 av-caption-always av-caption-style- av-masonry-entries' data-post_id=\"27\"><div class=\"av-masonry-container isotope av-js-disabled\"><div class='av-masonry-entry isotope-item av-masonry-item-no-image'><\/div><a href=\"https:\/\/www.tucsonmuseumofart.org\/es\/exhibition\/another-frame\/\"  id='av-masonry-1-item-44597' data-av-masonry-item='44597' class='av-masonry-entry isotope-item post-44597 exhibition type-exhibition status-publish format-standard has-post-thumbnail hentry exhibition-status-collection-exhibitions exhibition-status-current-exhibitions exhibition-status-upcoming-feature-exhibitions  av-masonry-item-with-image' title=\"Carmen Mar\u2019n de Barreda\"   itemscope=\"itemscope\" itemtype=\"https:\/\/schema.org\/CreativeWork\" ><div class='av-inner-masonry-sizer'><\/div><figure class='av-inner-masonry main_color'><div class=\"av-masonry-outerimage-container\"><div class='av-masonry-image-container'   ><img decoding=\"async\" width=\"902\" height=\"1030\" class=\"wp-image-44598 avia-img-lazy-loading-not-44598\"  src=\"https:\/\/www.tucsonmuseumofart.org\/wp-content\/uploads\/2026\/03\/95029011-902x1030.jpg\" title=\"Carmen Mar\u2019n de Barreda\" alt=\"\" srcset=\"https:\/\/www.tucsonmuseumofart.org\/wp-content\/uploads\/2026\/03\/95029011-902x1030.jpg 902w, https:\/\/www.tucsonmuseumofart.org\/wp-content\/uploads\/2026\/03\/95029011-263x300.jpg 263w, https:\/\/www.tucsonmuseumofart.org\/wp-content\/uploads\/2026\/03\/95029011-768x877.jpg 768w, https:\/\/www.tucsonmuseumofart.org\/wp-content\/uploads\/2026\/03\/95029011-1346x1536.jpg 1346w, https:\/\/www.tucsonmuseumofart.org\/wp-content\/uploads\/2026\/03\/95029011-11x12.jpg 11w, https:\/\/www.tucsonmuseumofart.org\/wp-content\/uploads\/2026\/03\/95029011-1314x1500.jpg 1314w, https:\/\/www.tucsonmuseumofart.org\/wp-content\/uploads\/2026\/03\/95029011-618x705.jpg 618w, https:\/\/www.tucsonmuseumofart.org\/wp-content\/uploads\/2026\/03\/95029011-450x514.jpg 450w, https:\/\/www.tucsonmuseumofart.org\/wp-content\/uploads\/2026\/03\/95029011.jpg 1794w\" sizes=\"(max-width: 902px) 100vw, 902px\" \/><\/div><\/div><figcaption class='av-inner-masonry-content site-background'><div class='av-inner-masonry-content-pos'><div class='av-inner-masonry-content-pos-content'><div class='avia-arrow'><\/div><h3 class='av-masonry-entry-title entry-title'  itemprop=\"headline\" >Another Frame: Lola \u00c1lvarez Bravo, Mariana Yampolsky, Graciela Iturbide, Flor Gardu\u00f1o<\/h3><div class='av-masonry-entry-content entry-content'  itemprop=\"text\" >April 02, 2026 \u2013 September 20, 2026<br \/>\r\nOn view in Kenneth and Judith Riskind\/Peter Salomon and Patricia Carr Morgan Gallery<\/div><\/div><\/div><\/figcaption><\/figure><\/a><!--end av-masonry entry--><a href=\"https:\/\/www.tucsonmuseumofart.org\/es\/exhibition\/az-biennial-2026\/\"  id='av-masonry-1-item-42282' data-av-masonry-item='42282' class='av-masonry-entry isotope-item post-42282 exhibition type-exhibition status-publish format-standard has-post-thumbnail hentry exhibition-status-feature-exhibitions exhibition-status-upcoming-feature-exhibitions  av-masonry-item-with-image' title=\"Exhibit372-12 Arizona Biennial 2024\"   itemscope=\"itemscope\" itemtype=\"https:\/\/schema.org\/CreativeWork\" ><div class='av-inner-masonry-sizer'><\/div><figure class='av-inner-masonry main_color'><div class=\"av-masonry-outerimage-container\"><div class='av-masonry-image-container'   ><img decoding=\"async\" width=\"1030\" height=\"687\" class=\"wp-image-42283 avia-img-lazy-loading-not-42283\"  src=\"https:\/\/www.tucsonmuseumofart.org\/wp-content\/uploads\/2025\/04\/Exhibit372-12-Arizona-Biennial-2024-1030x687.jpg\" title=\"Exhibit372-12 Arizona Biennial 2024\" alt=\"\" srcset=\"https:\/\/www.tucsonmuseumofart.org\/wp-content\/uploads\/2025\/04\/Exhibit372-12-Arizona-Biennial-2024-1030x687.jpg 1030w, https:\/\/www.tucsonmuseumofart.org\/wp-content\/uploads\/2025\/04\/Exhibit372-12-Arizona-Biennial-2024-300x200.jpg 300w, https:\/\/www.tucsonmuseumofart.org\/wp-content\/uploads\/2025\/04\/Exhibit372-12-Arizona-Biennial-2024-768x512.jpg 768w, https:\/\/www.tucsonmuseumofart.org\/wp-content\/uploads\/2025\/04\/Exhibit372-12-Arizona-Biennial-2024-1536x1024.jpg 1536w, https:\/\/www.tucsonmuseumofart.org\/wp-content\/uploads\/2025\/04\/Exhibit372-12-Arizona-Biennial-2024-2048x1365.jpg 2048w, https:\/\/www.tucsonmuseumofart.org\/wp-content\/uploads\/2025\/04\/Exhibit372-12-Arizona-Biennial-2024-18x12.jpg 18w, https:\/\/www.tucsonmuseumofart.org\/wp-content\/uploads\/2025\/04\/Exhibit372-12-Arizona-Biennial-2024-1500x1000.jpg 1500w, https:\/\/www.tucsonmuseumofart.org\/wp-content\/uploads\/2025\/04\/Exhibit372-12-Arizona-Biennial-2024-705x470.jpg 705w, https:\/\/www.tucsonmuseumofart.org\/wp-content\/uploads\/2025\/04\/Exhibit372-12-Arizona-Biennial-2024-450x300.jpg 450w\" sizes=\"(max-width: 1030px) 100vw, 1030px\" \/><\/div><\/div><figcaption class='av-inner-masonry-content site-background'><div class='av-inner-masonry-content-pos'><div class='av-inner-masonry-content-pos-content'><div class='avia-arrow'><\/div><h3 class='av-masonry-entry-title entry-title'  itemprop=\"headline\" >Arizona Biennial 2026<\/h3><div class='av-masonry-entry-content entry-content'  itemprop=\"text\" >James J. and Louise R. Glasser and Earl Kai Chann Galleries<br \/>\r\nMay 22 - September 27, 2026<\/div><\/div><\/div><\/figcaption><\/figure><\/a><!--end av-masonry entry--><\/div><\/div>\n\n<style type=\"text\/css\" data-created_by=\"avia_inline_auto\" id=\"style-css-av-m937wa5v-7e496d4c7e42cf15769ab5f74121d4de\">\n#top .av-special-heading.av-m937wa5v-7e496d4c7e42cf15769ab5f74121d4de{\npadding-bottom:0;\nfont-size:35px;\n}\nbody .av-special-heading.av-m937wa5v-7e496d4c7e42cf15769ab5f74121d4de .av-special-heading-tag .heading-char{\nfont-size:25px;\n}\n#top #wrap_all .av-special-heading.av-m937wa5v-7e496d4c7e42cf15769ab5f74121d4de .av-special-heading-tag{\nfont-size:35px;\n}\n.av-special-heading.av-m937wa5v-7e496d4c7e42cf15769ab5f74121d4de .av-subheading{\nfont-size:20px;\n}\n\n@media only screen and (min-width: 480px) and (max-width: 767px){ \n#top #wrap_all .av-special-heading.av-m937wa5v-7e496d4c7e42cf15769ab5f74121d4de .av-special-heading-tag{\nfont-size:0.8em;\n}\n}\n\n@media only screen and (max-width: 479px){ \n#top #wrap_all .av-special-heading.av-m937wa5v-7e496d4c7e42cf15769ab5f74121d4de .av-special-heading-tag{\nfont-size:0.8em;\n}\n}\n<\/style>\n<div  class='av-special-heading av-m937wa5v-7e496d4c7e42cf15769ab5f74121d4de av-special-heading-h1 custom-color-heading blockquote modern-quote modern-centered  avia-builder-el-11  el_after_av_masonry_entries  el_before_av_hr  avia-builder-el-first  av-inherit-size'><h1 class='av-special-heading-tag'  itemprop=\"headline\"  >Upcoming Collection Exhibitions \u2502Pr\u00f3ximas Exhibiciones de la Colecci\u00f3n<\/h1><div class=\"special-heading-border\"><div class=\"special-heading-inner-border\"><\/div><\/div><\/div>\n<div  class='hr av-15r9f-e0b1fc33374e69f74e341380c64f43e7 hr-full  avia-builder-el-12  el_after_av_heading  el_before_av_masonry_entries  avia-builder-el-last  hr-shadow'><span class='hr-inner'><span class=\"hr-inner-style\"><\/span><\/span><\/div>\n\n\n<style type=\"text\/css\" data-created_by=\"avia_inline_auto\" id=\"style-css-av-lxp4tihq-6231b17de68894d5bdb5f59993abf1aa\">\n#top .hr.hr-invisible.av-lxp4tihq-6231b17de68894d5bdb5f59993abf1aa{\nheight:25px;\n}\n<\/style>\n<div  class='hr av-lxp4tihq-6231b17de68894d5bdb5f59993abf1aa hr-invisible  avia-builder-el-14  el_after_av_masonry_entries  avia-builder-el-no-sibling'><span class='hr-inner'><span class=\"hr-inner-style\"><\/span><\/span><\/div>","protected":false},"excerpt":{"rendered":"","protected":false},"author":177,"featured_media":0,"parent":0,"menu_order":0,"comment_status":"closed","ping_status":"closed","template":"","meta":{"_price":"","_stock":"","_tribe_ticket_header":"","_tribe_default_ticket_provider":"","_tribe_ticket_capacity":"0","_ticket_start_date":"","_ticket_end_date":"","_tribe_ticket_show_description":"","_tribe_ticket_show_not_going":false,"_tribe_ticket_use_global_stock":"","_tribe_ticket_global_stock_level":"","_global_stock_mode":"","_global_stock_cap":"","_tribe_rsvp_for_event":"","_tribe_ticket_going_count":"","_tribe_ticket_not_going_count":"","_tribe_tickets_list":"[]","_tribe_ticket_has_attendee_info_fields":false,"footnotes":""},"class_list":["post-27","page","type-page","status-publish","hentry"],"publishpress_future_action":{"enabled":false,"date":"2026-04-23 00:25:05","action":"change-status","newStatus":"draft","terms":[],"taxonomy":"","extraData":[]},"publishpress_future_workflow_manual_trigger":{"enabledWorkflows":[]},"_links":{"self":[{"href":"https:\/\/www.tucsonmuseumofart.org\/es\/wp-json\/wp\/v2\/pages\/27","targetHints":{"allow":["GET"]}}],"collection":[{"href":"https:\/\/www.tucsonmuseumofart.org\/es\/wp-json\/wp\/v2\/pages"}],"about":[{"href":"https:\/\/www.tucsonmuseumofart.org\/es\/wp-json\/wp\/v2\/types\/page"}],"author":[{"embeddable":true,"href":"https:\/\/www.tucsonmuseumofart.org\/es\/wp-json\/wp\/v2\/users\/177"}],"replies":[{"embeddable":true,"href":"https:\/\/www.tucsonmuseumofart.org\/es\/wp-json\/wp\/v2\/comments?post=27"}],"version-history":[{"count":58,"href":"https:\/\/www.tucsonmuseumofart.org\/es\/wp-json\/wp\/v2\/pages\/27\/revisions"}],"predecessor-version":[{"id":43846,"href":"https:\/\/www.tucsonmuseumofart.org\/es\/wp-json\/wp\/v2\/pages\/27\/revisions\/43846"}],"wp:attachment":[{"href":"https:\/\/www.tucsonmuseumofart.org\/es\/wp-json\/wp\/v2\/media?parent=27"}],"curies":[{"name":"wp","href":"https:\/\/api.w.org\/{rel}","templated":true}]}}