{"id":2867,"date":"2017-05-01T08:03:31","date_gmt":"2017-05-01T15:03:31","guid":{"rendered":"https:\/\/www.tucsonmuseumofart.org\/?page_id=2867"},"modified":"2025-06-17T12:01:12","modified_gmt":"2025-06-17T19:01:12","slug":"western-art-patrons","status":"publish","type":"page","link":"https:\/\/www.tucsonmuseumofart.org\/es\/western-art-patrons\/","title":{"rendered":"Mecenas del arte occidental"},"content":{"rendered":"<div id='av_section_1'  class='avia-section av-h4lukz-bff346f602e6020415e75c9622d1bc9d main_color avia-section-default avia-no-border-styling  avia-builder-el-0  el_before_av_section  avia-builder-el-first  avia-bg-style-parallax av-minimum-height av-minimum-height-50 av-height-50  container_wrap fullsize'   data-av_minimum_height_pc='50' data-av_min_height_opt='50'><div class='container av-section-cont-open' ><main  role=\"main\" itemprop=\"mainContentOfPage\"  class='template-page content  av-content-full alpha units'><div class='post-entry post-entry-type-page post-entry-2867'><div class='entry-content-wrapper clearfix'>\n\n<style type=\"text\/css\" data-created_by=\"avia_inline_auto\" id=\"style-css-av-ltuyfn-59758f6a924c5ccff63e3534dc838822\">\n#top .av-special-heading.av-ltuyfn-59758f6a924c5ccff63e3534dc838822{\npadding-bottom:0;\nfont-size:40px;\n}\nbody .av-special-heading.av-ltuyfn-59758f6a924c5ccff63e3534dc838822 .av-special-heading-tag .heading-char{\nfont-size:25px;\n}\n#top #wrap_all .av-special-heading.av-ltuyfn-59758f6a924c5ccff63e3534dc838822 .av-special-heading-tag{\nfont-size:40px;\n}\n.av-special-heading.av-ltuyfn-59758f6a924c5ccff63e3534dc838822 .av-subheading{\nfont-size:20px;\n}\n\n@media only screen and (min-width: 480px) and (max-width: 767px){ \n#top #wrap_all .av-special-heading.av-ltuyfn-59758f6a924c5ccff63e3534dc838822 .av-special-heading-tag{\nfont-size:0.8em;\n}\n}\n\n@media only screen and (max-width: 479px){ \n#top #wrap_all .av-special-heading.av-ltuyfn-59758f6a924c5ccff63e3534dc838822 .av-special-heading-tag{\nfont-size:0.8em;\n}\n}\n<\/style>\n<div  class='av-special-heading av-ltuyfn-59758f6a924c5ccff63e3534dc838822 av-special-heading-h1 custom-color-heading blockquote modern-quote modern-centered  avia-builder-el-1  avia-builder-el-no-sibling  av-inherit-size'><h1 class='av-special-heading-tag'  itemprop=\"headline\"  >Mecenas del arte occidental<\/h1><div class=\"special-heading-border\"><div class=\"special-heading-inner-border\"><\/div><\/div><\/div>\n\n<\/div><\/div><\/main><!-- close content main element --><\/div><\/div><div id='av_section_2'  class='avia-section av-e4ej3n-268f326d838da4d689ab5f905281ba0e main_color avia-section-default avia-no-shadow  avia-builder-el-2  el_after_av_section  el_before_av_section  avia-bg-style-scroll container_wrap fullsize'  ><div class='container av-section-cont-open' ><div class='template-page content  av-content-full alpha units'><div class='post-entry post-entry-type-page post-entry-2867'><div class='entry-content-wrapper clearfix'>\n\n<style type=\"text\/css\" data-created_by=\"avia_inline_auto\" id=\"style-css-av-buo56b-d720de33a421b536e123d552d010ff27\">\n.flex_column.av-buo56b-d720de33a421b536e123d552d010ff27{\nborder-radius:0px 0px 0px 0px;\npadding:0px 0px 0px 0px;\n}\n<\/style>\n<div  class='flex_column av-buo56b-d720de33a421b536e123d552d010ff27 av_one_half  avia-builder-el-3  el_before_av_one_half  avia-builder-el-first  first flex_column_div av-zero-column-padding'     ><style type=\"text\/css\" data-created_by=\"avia_inline_auto\" id=\"style-css-av-bdxncz-a288284873b6e6585cd885d7db2ae12e\">\n.avia-image-container.av-bdxncz-a288284873b6e6585cd885d7db2ae12e img.avia_image{\nbox-shadow:none;\n}\n.avia-image-container.av-bdxncz-a288284873b6e6585cd885d7db2ae12e .av-image-caption-overlay-center{\ncolor:#ffffff;\n}\n<\/style>\n<div  class='avia-image-container av-bdxncz-a288284873b6e6585cd885d7db2ae12e av-styling-no-styling avia-align-center  avia-builder-el-4  avia-builder-el-no-sibling'   itemprop=\"image\" itemscope=\"itemscope\" itemtype=\"https:\/\/schema.org\/ImageObject\" ><div class=\"avia-image-container-inner\"><div class=\"avia-image-overlay-wrap\"><img decoding=\"async\" class='wp-image-21524 avia-img-lazy-loading-not-21524 avia_image' src=\"https:\/\/www.tucsonmuseumofart.org\/wp-content\/uploads\/2021\/04\/WAP-Four-Corners-2018-web2-1030x689.jpg\" alt='' title='WAP Cuatro Esquinas 2018-web2'  height=\"689\" width=\"1030\"  itemprop=\"thumbnailUrl\" srcset=\"https:\/\/www.tucsonmuseumofart.org\/wp-content\/uploads\/2021\/04\/WAP-Four-Corners-2018-web2-1030x689.jpg 1030w, https:\/\/www.tucsonmuseumofart.org\/wp-content\/uploads\/2021\/04\/WAP-Four-Corners-2018-web2-450x301.jpg 450w, https:\/\/www.tucsonmuseumofart.org\/wp-content\/uploads\/2021\/04\/WAP-Four-Corners-2018-web2-300x201.jpg 300w, https:\/\/www.tucsonmuseumofart.org\/wp-content\/uploads\/2021\/04\/WAP-Four-Corners-2018-web2-768x514.jpg 768w, https:\/\/www.tucsonmuseumofart.org\/wp-content\/uploads\/2021\/04\/WAP-Four-Corners-2018-web2-1536x1027.jpg 1536w, https:\/\/www.tucsonmuseumofart.org\/wp-content\/uploads\/2021\/04\/WAP-Four-Corners-2018-web2-2048x1370.jpg 2048w, https:\/\/www.tucsonmuseumofart.org\/wp-content\/uploads\/2021\/04\/WAP-Four-Corners-2018-web2-1500x1003.jpg 1500w, https:\/\/www.tucsonmuseumofart.org\/wp-content\/uploads\/2021\/04\/WAP-Four-Corners-2018-web2-705x472.jpg 705w\" sizes=\"(max-width: 1030px) 100vw, 1030px\" \/><\/div><\/div><\/div><\/div>\n<style type=\"text\/css\" data-created_by=\"avia_inline_auto\" id=\"style-css-av-9el283-ee8ff5f1108cd6b1d1b4b410684944b4\">\n.flex_column.av-9el283-ee8ff5f1108cd6b1d1b4b410684944b4{\nborder-radius:0px 0px 0px 0px;\npadding:0px 0px 0px 0px;\n}\n<\/style>\n<div  class='flex_column av-9el283-ee8ff5f1108cd6b1d1b4b410684944b4 av_one_half  avia-builder-el-5  el_after_av_one_half  avia-builder-el-last  flex_column_div av-zero-column-padding'     ><section  class='av_textblock_section av-7hdukz-985161400f9cf1227b34e30b9e0b6604'   itemscope=\"itemscope\" itemtype=\"https:\/\/schema.org\/CreativeWork\" ><div class='avia_textblock'  itemprop=\"text\" ><p>Fundado en 2007, Western Art Patrons (WAP) apoya los programas de adquisici\u00f3n y exhibici\u00f3n del departamento curatorial de Arte del Oeste Americano y Artes Ind\u00edgenas. El grupo celebra y explora los temas, las experiencias y los entornos exclusivos del arte producido en o sobre el oeste de los Estados Unidos, abarcando expresiones hist\u00f3ricas y contempor\u00e1neas.<\/p>\n<p>WAP ofrece regularmente a sus miembros conferencias, simposios, recorridos por museos detr\u00e1s de escena, visitas a estudios de artistas, viajes a los principales centros de arte y excursiones a colecciones de arte ind\u00edgena y occidental privadas y corporativas. Esta organizaci\u00f3n de apoyo de TMA brinda oportunidades para la camarader\u00eda y para compartir con entusiasmo la pasi\u00f3n y la intriga del oeste americano.<\/p>\n<p>*Se requiere membres\u00eda del museo para unirse a Western Art Patrons.<\/p>\n<p><strong>Boletines recientes<\/strong><br \/>\n<a href=\"https:\/\/www.tucsonmuseumofart.org\/wp-content\/uploads\/2024\/02\/Fall-2023-WAP-newsletter.pdf\" target=\"_blank\" rel=\"noopener\">Fall 2023<\/a><br \/>\n<a href=\"https:\/\/www.tucsonmuseumofart.org\/wp-content\/uploads\/2023\/03\/WAP-Spring-Newsletter-March-2023.pdf\" target=\"_blank\" rel=\"noopener\">Primavera 2023<\/a><br \/>\n<a href=\"https:\/\/www.tucsonmuseumofart.org\/wp-content\/uploads\/2025\/01\/Spring-2024-Newsletter_final-1.pdf\" target=\"_blank\" rel=\"noopener\">Spring 2024<\/a><br \/>\n<a href=\"https:\/\/www.tucsonmuseumofart.org\/wp-content\/uploads\/2025\/01\/Fall-2024-newsletter.pdf\" target=\"_blank\" rel=\"noopener\">Fall 2024<\/a><br \/>\n<a href=\"https:\/\/www.tucsonmuseumofart.org\/wp-content\/uploads\/2024\/02\/WAP-Fall-2023-and-Jan-2024-Newsletter-.pdf\" target=\"_blank\" rel=\"noopener\">Winter 2024<\/a><br \/>\n<a href=\"https:\/\/www.tucsonmuseumofart.org\/wp-content\/uploads\/2025\/06\/WAP-Spring-2025-newsletter-.pdf\">Spring 2025<\/a><br \/>\n<a href=\"https:\/\/www.tucsonmuseumofart.org\/wp-content\/uploads\/2025\/06\/Cowboy-Cantina-Newsletter-2025.pdf\">Cowboy Cantina 2025<\/a><\/p>\n<\/div><\/section><\/div><\/div><\/div><\/div><!-- close content main div --><\/div><\/div><div id='av_section_3'  class='avia-section av-lbxler-eb99f0ef2eb8f5e60b5912cb3b5cf570 main_color avia-section-default avia-no-border-styling  avia-builder-el-7  el_after_av_section  avia-builder-el-last  avia-bg-style-scroll container_wrap fullsize'  ><div class='container av-section-cont-open' ><div class='template-page content  av-content-full alpha units'><div class='post-entry post-entry-type-page post-entry-2867'><div class='entry-content-wrapper clearfix'>\n\n<style type=\"text\/css\" data-created_by=\"avia_inline_auto\" id=\"style-css-av-k4x3df5d-bcfeee3ddad1340e48239ffc9f1b70d0\">\n#top .av-special-heading.av-k4x3df5d-bcfeee3ddad1340e48239ffc9f1b70d0{\npadding-bottom:0;\nfont-size:40px;\n}\nbody .av-special-heading.av-k4x3df5d-bcfeee3ddad1340e48239ffc9f1b70d0 .av-special-heading-tag .heading-char{\nfont-size:25px;\n}\n#top #wrap_all .av-special-heading.av-k4x3df5d-bcfeee3ddad1340e48239ffc9f1b70d0 .av-special-heading-tag{\nfont-size:40px;\n}\n.av-special-heading.av-k4x3df5d-bcfeee3ddad1340e48239ffc9f1b70d0 .av-subheading{\nfont-size:20px;\n}\n\n@media only screen and (min-width: 480px) and (max-width: 767px){ \n#top #wrap_all .av-special-heading.av-k4x3df5d-bcfeee3ddad1340e48239ffc9f1b70d0 .av-special-heading-tag{\nfont-size:0.8em;\n}\n}\n\n@media only screen and (max-width: 479px){ \n#top #wrap_all .av-special-heading.av-k4x3df5d-bcfeee3ddad1340e48239ffc9f1b70d0 .av-special-heading-tag{\nfont-size:0.8em;\n}\n}\n<\/style>\n<div  class='av-special-heading av-k4x3df5d-bcfeee3ddad1340e48239ffc9f1b70d0 av-special-heading-h1 custom-color-heading blockquote modern-quote modern-centered  avia-builder-el-8  el_before_av_hr  avia-builder-el-first  av-inherit-size'><h1 class='av-special-heading-tag'  itemprop=\"headline\"  >UNIRSE A WAP<\/h1><div class=\"special-heading-border\"><div class=\"special-heading-inner-border\"><\/div><\/div><\/div>\n\n<style type=\"text\/css\" data-created_by=\"avia_inline_auto\" id=\"style-css-av-k4x37pft-8adbf48c8894ed4e7ec1d2a1ff8107df\">\n#top .hr.hr-invisible.av-k4x37pft-8adbf48c8894ed4e7ec1d2a1ff8107df{\nheight:50px;\n}\n<\/style>\n<div  class='hr av-k4x37pft-8adbf48c8894ed4e7ec1d2a1ff8107df hr-invisible  avia-builder-el-9  el_after_av_heading  el_before_av_hr'><span class='hr-inner'><span class=\"hr-inner-style\"><\/span><\/span><\/div>\n\n<style type=\"text\/css\" data-created_by=\"avia_inline_auto\" id=\"style-css-av-k4x37pft-8-7215c8091816634491f500cf5e94c332\">\n#top .hr.hr-invisible.av-k4x37pft-8-7215c8091816634491f500cf5e94c332{\nheight:50px;\n}\n<\/style>\n<div  class='hr av-k4x37pft-8-7215c8091816634491f500cf5e94c332 hr-invisible  avia-builder-el-10  el_after_av_hr  el_before_av_one_fourth'><span class='hr-inner'><span class=\"hr-inner-style\"><\/span><\/span><\/div>\n\n<style type=\"text\/css\" data-created_by=\"avia_inline_auto\" id=\"style-css-av-iu6xeb-b45c805d30fb6bbe9a91fd2741163fb8\">\n.flex_column.av-iu6xeb-b45c805d30fb6bbe9a91fd2741163fb8{\nborder-radius:0px 0px 0px 0px;\npadding:0px 0px 0px 0px;\n}\n<\/style>\n<div  class='flex_column av-iu6xeb-b45c805d30fb6bbe9a91fd2741163fb8 av_one_fourth  avia-builder-el-11  el_after_av_hr  el_before_av_three_fifth  first flex_column_div av-zero-column-padding'     ><style type=\"text\/css\" data-created_by=\"avia_inline_auto\" id=\"style-css-av-k4x38w9z-2268231f8ad48188511973f01a34fa06\">\n#top .av-special-heading.av-k4x38w9z-2268231f8ad48188511973f01a34fa06{\npadding-bottom:10px;\n}\nbody .av-special-heading.av-k4x38w9z-2268231f8ad48188511973f01a34fa06 .av-special-heading-tag .heading-char{\nfont-size:25px;\n}\n.av-special-heading.av-k4x38w9z-2268231f8ad48188511973f01a34fa06 .av-subheading{\nfont-size:15px;\n}\n<\/style>\n<div  class='av-special-heading av-k4x38w9z-2268231f8ad48188511973f01a34fa06 av-special-heading-h1 blockquote modern-quote  avia-builder-el-12  avia-builder-el-no-sibling'><h1 class='av-special-heading-tag'  itemprop=\"headline\"  >$50<\/h1><div class='av-subheading av-subheading_below'><p>Individual<\/p>\n<\/div><div class=\"special-heading-border\"><div class=\"special-heading-inner-border\"><\/div><\/div><\/div><\/div>\n<style type=\"text\/css\" data-created_by=\"avia_inline_auto\" id=\"style-css-av-1ohwzn-7fb9ac3e351bdb7122f81fe6a8a63aac\">\n.flex_column.av-1ohwzn-7fb9ac3e351bdb7122f81fe6a8a63aac{\nborder-radius:0px 0px 0px 0px;\npadding:0px 0px 0px 0px;\n}\n<\/style>\n<div  class='flex_column av-1ohwzn-7fb9ac3e351bdb7122f81fe6a8a63aac av_three_fifth  avia-builder-el-13  el_after_av_one_fourth  el_before_av_hr  flex_column_div av-zero-column-padding'     ><section  class='av_textblock_section av-k4x3aevv-c91359ebb056a064c6255649796592e6'   itemscope=\"itemscope\" itemtype=\"https:\/\/schema.org\/CreativeWork\" ><div class='avia_textblock'  itemprop=\"text\" ><p>Incluye un adulto, sin invitados.<\/p>\n<\/div><\/section><\/div><div  class='hr av-ft1yhv-be251a6941b612f9b31e5f29da6e935a hr-default  avia-builder-el-15  el_after_av_three_fifth  el_before_av_one_fourth'><span class='hr-inner'><span class=\"hr-inner-style\"><\/span><\/span><\/div>\n\n<style type=\"text\/css\" data-created_by=\"avia_inline_auto\" id=\"style-css-av-dqtuib-511b7feff666f82f884a7d10ab101368\">\n.flex_column.av-dqtuib-511b7feff666f82f884a7d10ab101368{\nborder-radius:0px 0px 0px 0px;\npadding:0px 0px 0px 0px;\n}\n<\/style>\n<div  class='flex_column av-dqtuib-511b7feff666f82f884a7d10ab101368 av_one_fourth  avia-builder-el-16  el_after_av_hr  el_before_av_three_fifth  first flex_column_div av-zero-column-padding'     ><style type=\"text\/css\" data-created_by=\"avia_inline_auto\" id=\"style-css-av-k4x38w9z-6-3b0051e582f03dbf062aafbddef0b01c\">\n#top .av-special-heading.av-k4x38w9z-6-3b0051e582f03dbf062aafbddef0b01c{\npadding-bottom:10px;\n}\nbody .av-special-heading.av-k4x38w9z-6-3b0051e582f03dbf062aafbddef0b01c .av-special-heading-tag .heading-char{\nfont-size:25px;\n}\n.av-special-heading.av-k4x38w9z-6-3b0051e582f03dbf062aafbddef0b01c .av-subheading{\nfont-size:15px;\n}\n<\/style>\n<div  class='av-special-heading av-k4x38w9z-6-3b0051e582f03dbf062aafbddef0b01c av-special-heading-h1 blockquote modern-quote  avia-builder-el-17  avia-builder-el-no-sibling'><h1 class='av-special-heading-tag'  itemprop=\"headline\"  >$100<\/h1><div class='av-subheading av-subheading_below'><p>Doble \/ Familiar<\/p>\n<\/div><div class=\"special-heading-border\"><div class=\"special-heading-inner-border\"><\/div><\/div><\/div><\/div>\n<style type=\"text\/css\" data-created_by=\"avia_inline_auto\" id=\"style-css-av-bxdg9f-403c1988e01b50c5f3525b0f230c2ff5\">\n.flex_column.av-bxdg9f-403c1988e01b50c5f3525b0f230c2ff5{\nborder-radius:0px 0px 0px 0px;\npadding:0px 0px 0px 0px;\n}\n<\/style>\n<div  class='flex_column av-bxdg9f-403c1988e01b50c5f3525b0f230c2ff5 av_three_fifth  avia-builder-el-18  el_after_av_one_fourth  el_before_av_hr  flex_column_div av-zero-column-padding'     ><section  class='av_textblock_section av-k4x3aevv-5-d9f0f5b8881e8b26bc4eef9d6b915064'   itemscope=\"itemscope\" itemtype=\"https:\/\/schema.org\/CreativeWork\" ><div class='avia_textblock'  itemprop=\"text\" ><p>Incluye dos adultos.<\/p>\n<\/div><\/section><\/div><div  class='hr av-axm5o3-d47f5bc8a9305fcb505d1688975814ec hr-default  avia-builder-el-20  el_after_av_three_fifth  el_before_av_one_fourth'><span class='hr-inner'><span class=\"hr-inner-style\"><\/span><\/span><\/div>\n\n<style type=\"text\/css\" data-created_by=\"avia_inline_auto\" id=\"style-css-av-954hf7-855dd89f5a2f618594a7a0b9b21206f1\">\n.flex_column.av-954hf7-855dd89f5a2f618594a7a0b9b21206f1{\nborder-radius:0px 0px 0px 0px;\npadding:0px 0px 0px 0px;\n}\n<\/style>\n<div  class='flex_column av-954hf7-855dd89f5a2f618594a7a0b9b21206f1 av_one_fourth  avia-builder-el-21  el_after_av_hr  el_before_av_three_fifth  first flex_column_div av-zero-column-padding'     ><style type=\"text\/css\" data-created_by=\"avia_inline_auto\" id=\"style-css-av-k4x38w9z-4-41bebc79489fa0d4603da3392d637989\">\n#top .av-special-heading.av-k4x38w9z-4-41bebc79489fa0d4603da3392d637989{\npadding-bottom:10px;\n}\nbody .av-special-heading.av-k4x38w9z-4-41bebc79489fa0d4603da3392d637989 .av-special-heading-tag .heading-char{\nfont-size:25px;\n}\n.av-special-heading.av-k4x38w9z-4-41bebc79489fa0d4603da3392d637989 .av-subheading{\nfont-size:15px;\n}\n<\/style>\n<div  class='av-special-heading av-k4x38w9z-4-41bebc79489fa0d4603da3392d637989 av-special-heading-h1 blockquote modern-quote  avia-builder-el-22  avia-builder-el-no-sibling'><h1 class='av-special-heading-tag'  itemprop=\"headline\"  >$250<\/h1><div class='av-subheading av-subheading_below'><p>Patr\u00f3n<\/p>\n<\/div><div class=\"special-heading-border\"><div class=\"special-heading-inner-border\"><\/div><\/div><\/div><\/div>\n<style type=\"text\/css\" data-created_by=\"avia_inline_auto\" id=\"style-css-av-qopjn-31c15e156011ddd4cecf037188efbfeb\">\n.flex_column.av-qopjn-31c15e156011ddd4cecf037188efbfeb{\nborder-radius:0px 0px 0px 0px;\npadding:0px 0px 0px 0px;\n}\n<\/style>\n<div  class='flex_column av-qopjn-31c15e156011ddd4cecf037188efbfeb av_three_fifth  avia-builder-el-23  el_after_av_one_fourth  el_before_av_hr  flex_column_div av-zero-column-padding'     ><section  class='av_textblock_section av-k4x3aevv-3-5a8540b11cb760d633dd883604a8fd98'   itemscope=\"itemscope\" itemtype=\"https:\/\/schema.org\/CreativeWork\" ><div class='avia_textblock'  itemprop=\"text\" ><p>Incluye dos adultos y una invitaci\u00f3n a la Fiesta Anual del Benefactor y Patrono.<\/p>\n<\/div><\/section><\/div><div  class='hr av-5tvcyb-e5f29ca69d793c390e752d0c205485be hr-default  avia-builder-el-25  el_after_av_three_fifth  el_before_av_one_fourth'><span class='hr-inner'><span class=\"hr-inner-style\"><\/span><\/span><\/div>\n\n<style type=\"text\/css\" data-created_by=\"avia_inline_auto\" id=\"style-css-av-3rf3r7-f19f5761a3549a35b0aba1e2bdf6022a\">\n.flex_column.av-3rf3r7-f19f5761a3549a35b0aba1e2bdf6022a{\nborder-radius:0px 0px 0px 0px;\npadding:0px 0px 0px 0px;\n}\n<\/style>\n<div  class='flex_column av-3rf3r7-f19f5761a3549a35b0aba1e2bdf6022a av_one_fourth  avia-builder-el-26  el_after_av_hr  el_before_av_three_fifth  first flex_column_div av-zero-column-padding'     ><style type=\"text\/css\" data-created_by=\"avia_inline_auto\" id=\"style-css-av-k4x38w9z-2-f75f95ce84fb390b2386155c9455c6b2\">\n#top .av-special-heading.av-k4x38w9z-2-f75f95ce84fb390b2386155c9455c6b2{\npadding-bottom:10px;\n}\nbody .av-special-heading.av-k4x38w9z-2-f75f95ce84fb390b2386155c9455c6b2 .av-special-heading-tag .heading-char{\nfont-size:25px;\n}\n.av-special-heading.av-k4x38w9z-2-f75f95ce84fb390b2386155c9455c6b2 .av-subheading{\nfont-size:15px;\n}\n<\/style>\n<div  class='av-special-heading av-k4x38w9z-2-f75f95ce84fb390b2386155c9455c6b2 av-special-heading-h1 blockquote modern-quote  avia-builder-el-27  avia-builder-el-no-sibling'><h1 class='av-special-heading-tag'  itemprop=\"headline\"  >$500<\/h1><div class='av-subheading av-subheading_below'><p>Benefactor<\/p>\n<\/div><div class=\"special-heading-border\"><div class=\"special-heading-inner-border\"><\/div><\/div><\/div><\/div>\n<style type=\"text\/css\" data-created_by=\"avia_inline_auto\" id=\"style-css-av-1w49j7-4b9ed93b62e27f1ed20403d48abca967\">\n.flex_column.av-1w49j7-4b9ed93b62e27f1ed20403d48abca967{\nborder-radius:0px 0px 0px 0px;\npadding:0px 0px 0px 0px;\n}\n<\/style>\n<div  class='flex_column av-1w49j7-4b9ed93b62e27f1ed20403d48abca967 av_three_fifth  avia-builder-el-28  el_after_av_one_fourth  el_before_av_hr  flex_column_div av-zero-column-padding'     ><section  class='av_textblock_section av-k4x3aevv-1-02bf5eb4637c6b3e95cdc30881ea4b2f'   itemscope=\"itemscope\" itemtype=\"https:\/\/schema.org\/CreativeWork\" ><div class='avia_textblock'  itemprop=\"text\" ><p>Incluye dos adultos y una invitaci\u00f3n a la Fiesta Anual del Benefactor y Patrono.<\/p>\n<\/div><\/section><\/div>\n<style type=\"text\/css\" data-created_by=\"avia_inline_auto\" id=\"style-css-av-k4x37pft-7-2bc6d9396fe26ff53645585df20900f4\">\n#top .hr.hr-invisible.av-k4x37pft-7-2bc6d9396fe26ff53645585df20900f4{\nheight:50px;\n}\n<\/style>\n<div  class='hr av-k4x37pft-7-2bc6d9396fe26ff53645585df20900f4 hr-invisible  avia-builder-el-30  el_after_av_three_fifth  el_before_av_one_full'><span class='hr-inner'><span class=\"hr-inner-style\"><\/span><\/span><\/div>\n\n<style type=\"text\/css\" data-created_by=\"avia_inline_auto\" id=\"style-css-av-1zw5ib-2ca55e22bf6afa7277922050d6906d97\">\n.flex_column.av-1zw5ib-2ca55e22bf6afa7277922050d6906d97{\nborder-radius:0px 0px 0px 0px;\npadding:0px 0px 0px 0px;\n}\n<\/style>\n<div  class='flex_column av-1zw5ib-2ca55e22bf6afa7277922050d6906d97 av_one_full  avia-builder-el-31  el_after_av_hr  avia-builder-el-last  first flex_column_div av-zero-column-padding'     ><div  class='avia-button-wrap av-jqmzq8k5-31c94de662f09db455389b5c0355c1dc-wrap avia-button-center  avia-builder-el-32  avia-builder-el-no-sibling'><a href='https:\/\/12194a.blackbaudhosting.com\/12194a\/WAP-Membership'  class='avia-button av-jqmzq8k5-31c94de662f09db455389b5c0355c1dc avia-icon_select-no avia-size-large avia-position-center avia-color-theme-color'  ><span class='avia_iconbox_title' >Haz clic para unirte a los patrocinadores del arte occidental<\/span><\/a><\/div><\/div>\n<\/p>","protected":false},"excerpt":{"rendered":"","protected":false},"author":177,"featured_media":0,"parent":0,"menu_order":0,"comment_status":"closed","ping_status":"closed","template":"","meta":{"_price":"","_stock":"","_tribe_ticket_header":"","_tribe_default_ticket_provider":"","_tribe_ticket_capacity":"0","_ticket_start_date":"","_ticket_end_date":"","_tribe_ticket_show_description":"","_tribe_ticket_show_not_going":false,"_tribe_ticket_use_global_stock":"","_tribe_ticket_global_stock_level":"","_global_stock_mode":"","_global_stock_cap":"","_tribe_rsvp_for_event":"","_tribe_ticket_going_count":"","_tribe_ticket_not_going_count":"","_tribe_tickets_list":"[]","_tribe_ticket_has_attendee_info_fields":false,"footnotes":""},"class_list":["post-2867","page","type-page","status-publish","hentry"],"publishpress_future_action":{"enabled":false,"date":"2026-04-16 08:55:25","action":"change-status","newStatus":"draft","terms":[],"taxonomy":"","extraData":[]},"publishpress_future_workflow_manual_trigger":{"enabledWorkflows":[]},"_links":{"self":[{"href":"https:\/\/www.tucsonmuseumofart.org\/es\/wp-json\/wp\/v2\/pages\/2867","targetHints":{"allow":["GET"]}}],"collection":[{"href":"https:\/\/www.tucsonmuseumofart.org\/es\/wp-json\/wp\/v2\/pages"}],"about":[{"href":"https:\/\/www.tucsonmuseumofart.org\/es\/wp-json\/wp\/v2\/types\/page"}],"author":[{"embeddable":true,"href":"https:\/\/www.tucsonmuseumofart.org\/es\/wp-json\/wp\/v2\/users\/177"}],"replies":[{"embeddable":true,"href":"https:\/\/www.tucsonmuseumofart.org\/es\/wp-json\/wp\/v2\/comments?post=2867"}],"version-history":[{"count":14,"href":"https:\/\/www.tucsonmuseumofart.org\/es\/wp-json\/wp\/v2\/pages\/2867\/revisions"}],"predecessor-version":[{"id":43189,"href":"https:\/\/www.tucsonmuseumofart.org\/es\/wp-json\/wp\/v2\/pages\/2867\/revisions\/43189"}],"wp:attachment":[{"href":"https:\/\/www.tucsonmuseumofart.org\/es\/wp-json\/wp\/v2\/media?parent=2867"}],"curies":[{"name":"wp","href":"https:\/\/api.w.org\/{rel}","templated":true}]}}