{"id":29413,"date":"2022-08-24T11:57:49","date_gmt":"2022-08-24T18:57:49","guid":{"rendered":"https:\/\/www.tucsonmuseumofart.org\/?page_id=29413"},"modified":"2026-04-21T12:50:37","modified_gmt":"2026-04-21T19:50:37","slug":"first-thursday","status":"publish","type":"page","link":"https:\/\/www.tucsonmuseumofart.org\/es\/first-thursday\/","title":{"rendered":"primer jueves"},"content":{"rendered":"<div id='av_section_1'  class='avia-section av-4yyfxet-2d272a53df105ff094d96a646c8b2cfe main_color avia-section-default avia-no-border-styling  avia-builder-el-0  el_before_av_section  avia-builder-el-first  avia-bg-style-parallax av-minimum-height av-minimum-height-50 av-height-50  container_wrap fullsize'   data-av_minimum_height_pc='50' data-av_min_height_opt='50'><div class='container av-section-cont-open' ><main  role=\"main\" itemprop=\"mainContentOfPage\"  class='template-page content  av-content-full alpha units'><div class='post-entry post-entry-type-page post-entry-29413'><div class='entry-content-wrapper clearfix'>\n\n<style type=\"text\/css\" data-created_by=\"avia_inline_auto\" id=\"style-css-av-l77ymhgn-ef71a026d35a6c342d9c2d9569384617\">\n#top .av-special-heading.av-l77ymhgn-ef71a026d35a6c342d9c2d9569384617{\npadding-bottom:10px;\n}\nbody .av-special-heading.av-l77ymhgn-ef71a026d35a6c342d9c2d9569384617 .av-special-heading-tag .heading-char{\nfont-size:25px;\n}\n.av-special-heading.av-l77ymhgn-ef71a026d35a6c342d9c2d9569384617 .av-subheading{\nfont-size:15px;\n}\n<\/style>\n<div  class='av-special-heading av-l77ymhgn-ef71a026d35a6c342d9c2d9569384617 av-special-heading-h1 blockquote modern-quote modern-centered  avia-builder-el-1  avia-builder-el-no-sibling'><h1 class='av-special-heading-tag'  itemprop=\"headline\"  >About First Thursday | Acerca De Primer Jueves<\/h1><div class=\"special-heading-border\"><div class=\"special-heading-inner-border\"><\/div><\/div><\/div>\n\n<\/div><\/div><\/main><!-- close content main element --><\/div><\/div>\n<style type=\"text\/css\" data-created_by=\"avia_inline_auto\" id=\"style-css-av-l7aumcpt-7b7c1eefcb614f2905749ba69f3d71bf\">\n.avia-section.av-l7aumcpt-7b7c1eefcb614f2905749ba69f3d71bf .av-parallax .av-parallax-inner{\nbackground-repeat:no-repeat;\nbackground-image:url(https:\/\/www.tucsonmuseumofart.org\/wp-content\/uploads\/2023\/12\/313184133_10159480602136622_5044554615913838632_n.jpg);\nbackground-position:50% 50%;\nbackground-attachment:scroll;\n}\n<\/style>\n<div id='av_section_2'  class='avia-section av-l7aumcpt-7b7c1eefcb614f2905749ba69f3d71bf main_color avia-section-default avia-no-border-styling  avia-builder-el-2  el_after_av_section  el_before_av_section  av-parallax-section avia-bg-style-parallax av-minimum-height av-minimum-height-100 av-height-100  container_wrap fullsize'  data-section-bg-repeat='no-repeat' data-av_minimum_height_pc='100' data-av_min_height_opt='100'><div class='av-parallax' data-avia-parallax-ratio='0.3' ><div class='av-parallax-inner main_color avia-full-stretch'><\/div><\/div><div class='container av-section-cont-open' ><div class='template-page content  av-content-full alpha units'><div class='post-entry post-entry-type-page post-entry-29413'><div class='entry-content-wrapper clearfix'>\n<\/div><\/div><\/div><!-- close content main div --><\/div><\/div><div id='av_section_3'  class='avia-section av-4caaxd1-bf61e990431c1f6e2af20dcd1bbeda65 main_color avia-section-default avia-no-shadow  avia-builder-el-3  el_after_av_section  el_before_av_section  avia-bg-style-scroll container_wrap fullsize'  ><div class='container av-section-cont-open' ><div class='template-page content  av-content-full alpha units'><div class='post-entry post-entry-type-page post-entry-29413'><div class='entry-content-wrapper clearfix'>\n\n<style type=\"text\/css\" data-created_by=\"avia_inline_auto\" id=\"style-css-av-3y5sll1-ef59c65ba815bcf2120287c70527add3\">\n.flex_column.av-3y5sll1-ef59c65ba815bcf2120287c70527add3{\nborder-radius:0px 0px 0px 0px;\npadding:0px 0px 0px 0px;\n}\n<\/style>\n<div  class='flex_column av-3y5sll1-ef59c65ba815bcf2120287c70527add3 av_one_half  avia-builder-el-4  el_before_av_one_half  avia-builder-el-first  first flex_column_div av-zero-column-padding'     ><p>\n<style type=\"text\/css\" data-created_by=\"avia_inline_auto\" id=\"style-css-av-l7auk2an-9c4a4f9fa88c760d1d1283172b1ba002\">\n#top .av-special-heading.av-l7auk2an-9c4a4f9fa88c760d1d1283172b1ba002{\npadding-bottom:40px;\n}\nbody .av-special-heading.av-l7auk2an-9c4a4f9fa88c760d1d1283172b1ba002 .av-special-heading-tag .heading-char{\nfont-size:25px;\n}\n.av-special-heading.av-l7auk2an-9c4a4f9fa88c760d1d1283172b1ba002 .av-subheading{\nfont-size:20px;\n}\n<\/style>\n<div  class='av-special-heading av-l7auk2an-9c4a4f9fa88c760d1d1283172b1ba002 av-special-heading-h2 custom-color-heading blockquote modern-quote  avia-builder-el-5  el_before_av_textblock  avia-builder-el-first'><h2 class='av-special-heading-tag'  itemprop=\"headline\"  >First Thursday &#8211; May 7 <span class='special_amp'>&amp;<\/span> June 4 from 5\u20138 p.m.<\/h2><div class=\"special-heading-border\"><div class=\"special-heading-inner-border\"><\/div><\/div><\/div><br \/>\n<section  class='av_textblock_section av-l7aujy9l-dfd50095c96f25a1b28d65c81953281f'   itemscope=\"itemscope\" itemtype=\"https:\/\/schema.org\/CreativeWork\" ><div class='avia_textblock'  itemprop=\"text\" ><h3><strong>Entrada Paga lo que desees<br \/>\nActividades | Experiencias | Actuaciones<br \/>\nSocios de la comunidad | Vendedores de comida<\/strong><\/h3>\n<p>On May 7, be inspired by the spring season with a whimsy meter to explore the museum\u2019s galleries, a pop-up card making station, and a flower bar.<\/p>\n<p>On June 4, discover various interpretations of place throughout the museum\u2019s campus and see new installations in La Casa Cordova.<\/p>\n<p>From 5:00pm until 8:00pm enjoy pay-what-you-wish admission, create art, explore the galleries with special activities, listen to live music, purchase food from a local food vendor, and check out TMA\u2019s cash bar featuring beer and wine.<\/p>\n<p>TMA remains committed to pay-what-you-wish access, and our future programs will continue to emphasize participatory and interdisciplinary experiences, stay tuned for future programming.<\/p>\n<\/div><\/section><\/p><\/div>\n<style type=\"text\/css\" data-created_by=\"avia_inline_auto\" id=\"style-css-av-c3an2d-a19709f04b2b9585c80fde02b4f30e10\">\n.flex_column.av-c3an2d-a19709f04b2b9585c80fde02b4f30e10{\nborder-radius:0px 0px 0px 0px;\npadding:0px 0px 0px 0px;\n}\n<\/style>\n<div  class='flex_column av-c3an2d-a19709f04b2b9585c80fde02b4f30e10 av_one_half  avia-builder-el-7  el_after_av_one_half  el_before_av_hr  flex_column_div av-zero-column-padding'     ><style type=\"text\/css\" data-created_by=\"avia_inline_auto\" id=\"style-css-av-l77z8510-238cf300d92996235e70ea599b047105\">\n.avia-image-container.av-l77z8510-238cf300d92996235e70ea599b047105 img.avia_image{\nbox-shadow:none;\n}\n.avia-image-container.av-l77z8510-238cf300d92996235e70ea599b047105 .av-image-caption-overlay-center{\ncolor:#ffffff;\n}\n<\/style>\n<div  class='avia-image-container av-l77z8510-238cf300d92996235e70ea599b047105 av-styling- avia-align-center  avia-builder-el-8  avia-builder-el-no-sibling'   itemprop=\"image\" itemscope=\"itemscope\" itemtype=\"https:\/\/schema.org\/ImageObject\" ><div class=\"avia-image-container-inner\"><div class=\"avia-image-overlay-wrap\"><img decoding=\"async\" class='wp-image-36046 avia-img-lazy-loading-not-36046 avia_image' src=\"https:\/\/www.tucsonmuseumofart.org\/wp-content\/uploads\/2023\/12\/For-Web-JSS_8574-845x684.jpg\" alt='' title='For Web - JSS_8574'  height=\"684\" width=\"845\"  itemprop=\"thumbnailUrl\" srcset=\"https:\/\/www.tucsonmuseumofart.org\/wp-content\/uploads\/2023\/12\/For-Web-JSS_8574-845x684.jpg 845w, https:\/\/www.tucsonmuseumofart.org\/wp-content\/uploads\/2023\/12\/For-Web-JSS_8574-495x400.jpg 495w\" sizes=\"(max-width: 845px) 100vw, 845px\" \/><\/div><\/div><\/div><\/div><div  class='hr av-2oqf551-50c9038e648bc8ea413754ab113add60 hr-default  avia-builder-el-9  el_after_av_one_half  el_before_av_one_half'><span class='hr-inner'><span class=\"hr-inner-style\"><\/span><\/span><\/div>\n\n<style type=\"text\/css\" data-created_by=\"avia_inline_auto\" id=\"style-css-av-1wgornp-a1f5bf682806d41a0a3911d785dc348e\">\n.flex_column.av-1wgornp-a1f5bf682806d41a0a3911d785dc348e{\nborder-radius:0px 0px 0px 0px;\npadding:0px 0px 0px 0px;\n}\n<\/style>\n<div  class='flex_column av-1wgornp-a1f5bf682806d41a0a3911d785dc348e av_one_half  avia-builder-el-10  el_after_av_hr  el_before_av_one_half  first flex_column_div av-zero-column-padding'     ><style type=\"text\/css\" data-created_by=\"avia_inline_auto\" id=\"style-css-av-lau5rt7y-aca878df4c86243fab65e811c748febf\">\n.avia-image-container.av-lau5rt7y-aca878df4c86243fab65e811c748febf img.avia_image{\nbox-shadow:none;\n}\n.avia-image-container.av-lau5rt7y-aca878df4c86243fab65e811c748febf .av-image-caption-overlay-center{\ncolor:#ffffff;\n}\n<\/style>\n<div  class='avia-image-container av-lau5rt7y-aca878df4c86243fab65e811c748febf av-styling- avia-align-center  avia-builder-el-11  avia-builder-el-no-sibling'   itemprop=\"image\" itemscope=\"itemscope\" itemtype=\"https:\/\/schema.org\/ImageObject\" ><div class=\"avia-image-container-inner\"><div class=\"avia-image-overlay-wrap\"><img decoding=\"async\" class='wp-image-36047 avia-img-lazy-loading-not-36047 avia_image' src=\"https:\/\/www.tucsonmuseumofart.org\/wp-content\/uploads\/2023\/12\/For-Web-JSS_8670-845x684.jpg\" alt='' title=''  height=\"684\" width=\"845\"  itemprop=\"thumbnailUrl\" srcset=\"https:\/\/www.tucsonmuseumofart.org\/wp-content\/uploads\/2023\/12\/For-Web-JSS_8670-845x684.jpg 845w, https:\/\/www.tucsonmuseumofart.org\/wp-content\/uploads\/2023\/12\/For-Web-JSS_8670-495x400.jpg 495w\" sizes=\"(max-width: 845px) 100vw, 845px\" \/><\/div><\/div><\/div><\/div>\n<style type=\"text\/css\" data-created_by=\"avia_inline_auto\" id=\"style-css-av-1qahsp1-d418504876413f2bfb22afec05380881\">\n.flex_column.av-1qahsp1-d418504876413f2bfb22afec05380881{\nborder-radius:0px 0px 0px 0px;\npadding:0px 0px 0px 0px;\n}\n<\/style>\n<div  class='flex_column av-1qahsp1-d418504876413f2bfb22afec05380881 av_one_half  avia-builder-el-12  el_after_av_one_half  avia-builder-el-last  flex_column_div av-zero-column-padding'     ><p>\n<style type=\"text\/css\" data-created_by=\"avia_inline_auto\" id=\"style-css-av-1cue8px-6a1a3cea9bd259de38d849a87e53dfed\">\n#top .av-special-heading.av-1cue8px-6a1a3cea9bd259de38d849a87e53dfed{\npadding-bottom:40px;\n}\nbody .av-special-heading.av-1cue8px-6a1a3cea9bd259de38d849a87e53dfed .av-special-heading-tag .heading-char{\nfont-size:25px;\n}\n.av-special-heading.av-1cue8px-6a1a3cea9bd259de38d849a87e53dfed .av-subheading{\nfont-size:20px;\n}\n<\/style>\n<div  class='av-special-heading av-1cue8px-6a1a3cea9bd259de38d849a87e53dfed av-special-heading-h2 custom-color-heading blockquote modern-quote  avia-builder-el-13  el_before_av_textblock  avia-builder-el-first'><h2 class='av-special-heading-tag'  itemprop=\"headline\"  >Primer Jueves \u2014 7 de mayo y 4 de junio, de 5:00 a 8:00 p. m.<\/h2><div class=\"special-heading-border\"><div class=\"special-heading-inner-border\"><\/div><\/div><\/div><br \/>\n<section  class='av_textblock_section av-o65nb9-a335eb3145ae63708ad0d02616061d40'   itemscope=\"itemscope\" itemtype=\"https:\/\/schema.org\/CreativeWork\" ><div class='avia_textblock'  itemprop=\"text\" ><h3><span data-teams=\"true\">Entrada de Paga-lo-que-Desees<br \/>\nActividades | Experiencias | espectaculos<br \/>\nColaboradores Comunitarios | Vendedores de Comida<\/span><\/h3>\n<p>El 7 de mayo, d\u00e9jate inspirar por la temporada primaveral con un \u2018medidor de fantas\u00eda\u2019 para explorar las galer\u00edas del museo, una estaci\u00f3n temporal para crear tarjetas y una barra de flores.<\/p>\n<p>El 4 de junio, descubre diversas interpretaciones del concepto de lugar a lo largo del recinto del museo y ve nuevas instalaciones en La Casa Cordova.<\/p>\n<p>De 5:00 p. m. a 8:00 p. m., disfruta de la admisi\u00f3n bajo la modalidad pague-lo-que-desee, crea arte, explora las galer\u00edas con actividades especiales, escucha m\u00fasica en vivo, adquiere comida de un proveedor local y visita la barra de TMA, que ofrece cerveza y vino.<\/p>\n<p>TMA sigue comprometidos con el acceso bajo la modalidad pague-lo-que-desee, y nuestros futuros programas continuar\u00e1n haciendo hincapi\u00e9 en experiencias participativas e interdisciplinarias; mant\u00e9ngase atento a nuestra programaci\u00f3n futura.<\/p>\n<\/div><\/section><\/p><\/div><\/div><\/div><\/div><!-- close content main div --><\/div><\/div>\n<style type=\"text\/css\" data-created_by=\"avia_inline_auto\" id=\"style-css-av-1s6yn9h-94021d23f2a6d759c30011bd5548bfc7\">\n.avia-section.av-1s6yn9h-94021d23f2a6d759c30011bd5548bfc7 .av-parallax .av-parallax-inner{\nbackground-repeat:no-repeat;\nbackground-image:url(https:\/\/www.tucsonmuseumofart.org\/wp-content\/uploads\/2013\/05\/Tucson-Museum-People-BW-scaled.jpg);\nbackground-position:50% 50%;\nbackground-attachment:scroll;\n}\n.avia-section.av-1s6yn9h-94021d23f2a6d759c30011bd5548bfc7 .av-section-color-overlay{\nopacity:0.8;\nbackground-color:#000000;\n}\n<\/style>\n<div id='av_section_4'  class='avia-section av-1s6yn9h-94021d23f2a6d759c30011bd5548bfc7 main_color avia-section-default avia-no-border-styling  avia-builder-el-15  el_after_av_section  avia-builder-el-last  av-parallax-section avia-bg-style-parallax av-section-color-overlay-active av-minimum-height av-minimum-height-100 av-height-100  container_wrap fullsize'  data-section-bg-repeat='no-repeat' data-av_minimum_height_pc='100' data-av_min_height_opt='100'><div class='av-parallax' data-avia-parallax-ratio='0.3' ><div class='av-parallax-inner main_color avia-full-stretch'><\/div><\/div><div class=\"av-section-color-overlay-wrap\"><div class=\"av-section-color-overlay\"><\/div><div class='container av-section-cont-open' ><div class='template-page content  av-content-full alpha units'><div class='post-entry post-entry-type-page post-entry-29413'><div class='entry-content-wrapper clearfix'>\n\n<style type=\"text\/css\" data-created_by=\"avia_inline_auto\" id=\"style-css-av-11e1f51-139ea422c14399cb7bd82940fa0d8de5\">\n#top .av-special-heading.av-11e1f51-139ea422c14399cb7bd82940fa0d8de5{\npadding-bottom:30px;\ncolor:#ffffff;\nfont-size:40px;\n}\nbody .av-special-heading.av-11e1f51-139ea422c14399cb7bd82940fa0d8de5 .av-special-heading-tag .heading-char{\nfont-size:25px;\n}\n#top #wrap_all .av-special-heading.av-11e1f51-139ea422c14399cb7bd82940fa0d8de5 .av-special-heading-tag{\nfont-size:40px;\n}\n.av-special-heading.av-11e1f51-139ea422c14399cb7bd82940fa0d8de5 .special-heading-inner-border{\nborder-color:#ffffff;\n}\n.av-special-heading.av-11e1f51-139ea422c14399cb7bd82940fa0d8de5 .av-subheading{\nfont-size:20px;\n}\n\n@media only screen and (min-width: 480px) and (max-width: 767px){ \n#top #wrap_all .av-special-heading.av-11e1f51-139ea422c14399cb7bd82940fa0d8de5 .av-special-heading-tag{\nfont-size:0.8em;\n}\n}\n\n@media only screen and (max-width: 479px){ \n#top #wrap_all .av-special-heading.av-11e1f51-139ea422c14399cb7bd82940fa0d8de5 .av-special-heading-tag{\nfont-size:0.8em;\n}\n}\n<\/style>\n<div  class='av-special-heading av-11e1f51-139ea422c14399cb7bd82940fa0d8de5 av-special-heading-h1 custom-color-heading blockquote modern-quote modern-centered  avia-builder-el-16  el_before_av_button  avia-builder-el-first  av-inherit-size'><h1 class='av-special-heading-tag'  itemprop=\"headline\"  >Convi\u00e9rtase en miembro de TMA y explore, experimente y con\u00e9ctese<\/h1><div class=\"special-heading-border\"><div class=\"special-heading-inner-border\"><\/div><\/div><\/div>\n<div  class='avia-button-wrap av-j4xarp-4c00ccb2ba00e33195e1e916ea39a7c5-wrap avia-button-center  avia-builder-el-17  el_after_av_heading  avia-builder-el-last'><a href='https:\/\/www.tucsonmuseumofart.org\/es\/membership\/'  class='avia-button av-j4xarp-4c00ccb2ba00e33195e1e916ea39a7c5 avia-icon_select-no avia-size-large avia-position-center avia-color-light'  ><span class='avia_iconbox_title' >\u00danete a nosotros<\/span><\/a><\/div>\n<\/p>","protected":false},"excerpt":{"rendered":"","protected":false},"author":177,"featured_media":0,"parent":0,"menu_order":0,"comment_status":"closed","ping_status":"closed","template":"","meta":{"_price":"","_stock":"","_tribe_ticket_header":"","_tribe_default_ticket_provider":"","_tribe_ticket_capacity":"0","_ticket_start_date":"","_ticket_end_date":"","_tribe_ticket_show_description":"","_tribe_ticket_show_not_going":false,"_tribe_ticket_use_global_stock":"","_tribe_ticket_global_stock_level":"","_global_stock_mode":"","_global_stock_cap":"","_tribe_rsvp_for_event":"","_tribe_ticket_going_count":"","_tribe_ticket_not_going_count":"","_tribe_tickets_list":"[]","_tribe_ticket_has_attendee_info_fields":false,"footnotes":""},"class_list":["post-29413","page","type-page","status-publish","hentry"],"publishpress_future_action":{"enabled":false,"date":"2026-05-03 10:16:37","action":"change-status","newStatus":"draft","terms":[],"taxonomy":"","extraData":[]},"publishpress_future_workflow_manual_trigger":{"enabledWorkflows":[]},"_links":{"self":[{"href":"https:\/\/www.tucsonmuseumofart.org\/es\/wp-json\/wp\/v2\/pages\/29413","targetHints":{"allow":["GET"]}}],"collection":[{"href":"https:\/\/www.tucsonmuseumofart.org\/es\/wp-json\/wp\/v2\/pages"}],"about":[{"href":"https:\/\/www.tucsonmuseumofart.org\/es\/wp-json\/wp\/v2\/types\/page"}],"author":[{"embeddable":true,"href":"https:\/\/www.tucsonmuseumofart.org\/es\/wp-json\/wp\/v2\/users\/177"}],"replies":[{"embeddable":true,"href":"https:\/\/www.tucsonmuseumofart.org\/es\/wp-json\/wp\/v2\/comments?post=29413"}],"version-history":[{"count":34,"href":"https:\/\/www.tucsonmuseumofart.org\/es\/wp-json\/wp\/v2\/pages\/29413\/revisions"}],"predecessor-version":[{"id":44727,"href":"https:\/\/www.tucsonmuseumofart.org\/es\/wp-json\/wp\/v2\/pages\/29413\/revisions\/44727"}],"wp:attachment":[{"href":"https:\/\/www.tucsonmuseumofart.org\/es\/wp-json\/wp\/v2\/media?parent=29413"}],"curies":[{"name":"wp","href":"https:\/\/api.w.org\/{rel}","templated":true}]}}