{"id":29429,"date":"2022-08-24T12:18:08","date_gmt":"2022-08-24T19:18:08","guid":{"rendered":"https:\/\/www.tucsonmuseumofart.org\/?page_id=29429"},"modified":"2025-05-01T14:50:00","modified_gmt":"2025-05-01T21:50:00","slug":"lectures","status":"publish","type":"page","link":"https:\/\/www.tucsonmuseumofart.org\/es\/lectures\/","title":{"rendered":"Conferencias"},"content":{"rendered":"<div id='av_section_1'  class='avia-section av-340yo8l-d007c827294149c57d36d27f15f969cb main_color avia-section-default avia-no-border-styling  avia-builder-el-0  el_before_av_section  avia-builder-el-first  avia-bg-style-scroll container_wrap fullsize'  ><div class='container av-section-cont-open' ><main  role=\"main\" itemprop=\"mainContentOfPage\"  class='template-page content  av-content-full alpha units'><div class='post-entry post-entry-type-page post-entry-29429'><div class='entry-content-wrapper clearfix'>\n\n<style type=\"text\/css\" data-created_by=\"avia_inline_auto\" id=\"style-css-av-l77zttxe-4b0f19c2d9d0d1d82f8982b17e961669\">\n#top .av-special-heading.av-l77zttxe-4b0f19c2d9d0d1d82f8982b17e961669{\npadding-bottom:10px;\n}\nbody .av-special-heading.av-l77zttxe-4b0f19c2d9d0d1d82f8982b17e961669 .av-special-heading-tag .heading-char{\nfont-size:25px;\n}\n.av-special-heading.av-l77zttxe-4b0f19c2d9d0d1d82f8982b17e961669 .av-subheading{\nfont-size:15px;\n}\n<\/style>\n<div  class='av-special-heading av-l77zttxe-4b0f19c2d9d0d1d82f8982b17e961669 av-special-heading-h1 blockquote modern-quote modern-centered  avia-builder-el-1  el_before_av_hr  avia-builder-el-first'><h1 class='av-special-heading-tag'  itemprop=\"headline\"  >Lectures | Art Talks<\/h1><div class=\"special-heading-border\"><div class=\"special-heading-inner-border\"><\/div><\/div><\/div>\n<div  class='hr av-12ypvxx-6eddbaffbda7704f42896770962c5f2d hr-default  avia-builder-el-2  el_after_av_heading  el_before_av_one_half'><span class='hr-inner'><span class=\"hr-inner-style\"><\/span><\/span><\/div>\n<div  class='flex_column av-1kv5h4l-fbe120b5de6265ede7f63153612b4ebb av_one_half  avia-builder-el-3  el_after_av_hr  el_before_av_one_half  first flex_column_div'     ><p>\n<style type=\"text\/css\" data-created_by=\"avia_inline_auto\" id=\"style-css-av-l7819rr3-7c8028d668584f3ddd56c033380ed552\">\n#top .av-special-heading.av-l7819rr3-7c8028d668584f3ddd56c033380ed552{\npadding-bottom:10px;\n}\nbody .av-special-heading.av-l7819rr3-7c8028d668584f3ddd56c033380ed552 .av-special-heading-tag .heading-char{\nfont-size:25px;\n}\n.av-special-heading.av-l7819rr3-7c8028d668584f3ddd56c033380ed552 .av-subheading{\nfont-size:15px;\n}\n<\/style>\n<div  class='av-special-heading av-l7819rr3-7c8028d668584f3ddd56c033380ed552 av-special-heading-h1 blockquote modern-quote  avia-builder-el-4  el_before_av_textblock  avia-builder-el-first'><h1 class='av-special-heading-tag'  itemprop=\"headline\"  >About TMA Lectures <\/h1><div class=\"special-heading-border\"><div class=\"special-heading-inner-border\"><\/div><\/div><\/div><br \/>\n<section  class='av_textblock_section av-l77zupbe-6e08ef696b0480f500793bae6f09503f'   itemscope=\"itemscope\" itemtype=\"https:\/\/schema.org\/CreativeWork\" ><div class='avia_textblock'  itemprop=\"text\" ><p>Cada a\u00f1o, el Museo de Arte de Tucson presenta una emocionante serie de conferencias que ofrecen una visi\u00f3n \u00fanica de las colecciones, exhibiciones, programas o temas relacionados con el mundo del arte de TMA. A trav\u00e9s de estos programas, interact\u00fae con una amplia gama de artistas, miembros de la comunidad, curadores, profesionales de museos y acad\u00e9micos para una serie de conferencias innovadoras sobre arte, comunidad y m\u00e1s.<\/p>\n<p>Las conferencias son $5 para no miembros; gratis para miembros de TMA y estudiantes con credencial.<\/p>\n<p>Previa solicitud, se puede proporcionar interpretaci\u00f3n de lenguaje de se\u00f1as estadounidense para conferencias. Los visitantes pueden solicitar este servicio hasta dos semanas antes de la fecha de la conferencia. Para solicitar este servicio llamar a Isa\u00ed Pacheco al <a href=\"mailto:ipacheco@tucsonmuseumofart.org\" target=\"_blank\" rel=\"noopener\">ipacheco@tucsonmuseumofart.org<\/a> o 520-616-2699.<\/p>\n<p>A pedido, se puede proporcionar interpretaci\u00f3n al espa\u00f1ol para las conferencias. Los visitantes pueden solicitar este servicio hasta dos semanas antes de la fecha del congreso. Para solicitar este servicio contacte con Isai Pacheco en <a href=\"mailto:ipacheco@tucsonmuseumofart.org\" target=\"_blank\" rel=\"noopener\">ipacheco@tucsonmuseumofart.org<\/a> o 520-616-2699.<\/p>\n<p><strong>The elevator to the Alice Chaiten Baker Center for Art Education is temporarily out of order. The building remains accessible through the entrance located on the south side of the building along Alameda; the door is labeled \u201c166.\u201d Please call 520-616-2692 for assistance.<\/strong><\/p>\n<\/div><\/section><\/p><\/div><div  class='flex_column av-16z1cz9-94e6a0ebe06a4864be46cc4f6c9f18b4 av_one_half  avia-builder-el-6  el_after_av_one_half  el_before_av_one_half  flex_column_div'     ><style type=\"text\/css\" data-created_by=\"avia_inline_auto\" id=\"style-css-av-l77zxuzv-ec498bce8c27a9026644bb668b568a27\">\n.avia-image-container.av-l77zxuzv-ec498bce8c27a9026644bb668b568a27 img.avia_image{\nbox-shadow:none;\n}\n.avia-image-container.av-l77zxuzv-ec498bce8c27a9026644bb668b568a27 .av-image-caption-overlay-center{\ncolor:#ffffff;\n}\n<\/style>\n<div  class='avia-image-container av-l77zxuzv-ec498bce8c27a9026644bb668b568a27 av-styling- avia-align-center  avia-builder-el-7  avia-builder-el-no-sibling'   itemprop=\"image\" itemscope=\"itemscope\" itemtype=\"https:\/\/schema.org\/ImageObject\" ><div class=\"avia-image-container-inner\"><div class=\"avia-image-overlay-wrap\"><img decoding=\"async\" class='wp-image-30017 avia-img-lazy-loading-not-30017 avia_image' src=\"https:\/\/www.tucsonmuseumofart.org\/wp-content\/uploads\/2022\/09\/MonicaAissaMartinez-121-495x400.jpg\" alt='' title='MonicaAissaMartinez-121'  height=\"400\" width=\"495\"  itemprop=\"thumbnailUrl\" srcset=\"https:\/\/www.tucsonmuseumofart.org\/wp-content\/uploads\/2022\/09\/MonicaAissaMartinez-121-495x400.jpg 495w, https:\/\/www.tucsonmuseumofart.org\/wp-content\/uploads\/2022\/09\/MonicaAissaMartinez-121-845x684.jpg 845w\" sizes=\"(max-width: 495px) 100vw, 495px\" \/><\/div><\/div><\/div><\/div><div  class='flex_column av-6099md-eb982176bcf2f4b69999026e953ebbbc av_one_half  avia-builder-el-8  el_after_av_one_half  el_before_av_one_half  first flex_column_div  column-top-margin'     ><p><br \/>\n\n<style type=\"text\/css\" data-created_by=\"avia_inline_auto\" id=\"style-css-av-m2m53kr8-9a83c9ba7e8093e638a20681d6e94543\">\n.avia-image-container.av-m2m53kr8-9a83c9ba7e8093e638a20681d6e94543 img.avia_image{\nbox-shadow:none;\n}\n.avia-image-container.av-m2m53kr8-9a83c9ba7e8093e638a20681d6e94543 .av-image-caption-overlay-center{\ncolor:#ffffff;\n}\n<\/style>\n<div  class='avia-image-container av-m2m53kr8-9a83c9ba7e8093e638a20681d6e94543 av-styling- avia-align-center  avia-builder-el-10  el_after_av_image  avia-builder-el-last'   itemprop=\"image\" itemscope=\"itemscope\" itemtype=\"https:\/\/schema.org\/ImageObject\" ><div class=\"avia-image-container-inner\"><div class=\"avia-image-overlay-wrap\"><img decoding=\"async\" class='wp-image-40309 avia-img-lazy-loading-not-40309 avia_image' src=\"https:\/\/www.tucsonmuseumofart.org\/wp-content\/uploads\/2024\/10\/Cumbi_Opening_at_TMA_20231013_Julius_Schlosburg_136-845x681.jpg\" alt='' title=''  height=\"681\" width=\"845\"  itemprop=\"thumbnailUrl\" srcset=\"https:\/\/www.tucsonmuseumofart.org\/wp-content\/uploads\/2024\/10\/Cumbi_Opening_at_TMA_20231013_Julius_Schlosburg_136-845x681.jpg 845w, https:\/\/www.tucsonmuseumofart.org\/wp-content\/uploads\/2024\/10\/Cumbi_Opening_at_TMA_20231013_Julius_Schlosburg_136-495x400.jpg 495w\" sizes=\"(max-width: 845px) 100vw, 845px\" \/><\/div><\/div><\/div><\/p><\/div><div  class='flex_column av-15ce5w5-3c7b552bcfbc16e4390cf6bb6358e7cb av_one_half  avia-builder-el-11  el_after_av_one_half  el_before_av_hr  flex_column_div  column-top-margin'     ><section  class='av_textblock_section av-lmfi2297-5583c40126447b3f1082b49bd81abb4a'   itemscope=\"itemscope\" itemtype=\"https:\/\/schema.org\/CreativeWork\" ><div class='avia_textblock'  itemprop=\"text\" ><p>La entrada a la conferencia es $5 o gratis para miembros y estudiantes.<\/p>\n<p>Previa solicitud, se puede proporcionar interpretaci\u00f3n de lenguaje de se\u00f1as estadounidenses para conferencias. Los visitantes pueden solicitar este servicio hasta dos semanas antes de la fecha de la conferencia. Para solicitar este servicio comun\u00edquese con Isa\u00ed Pacheco a <a href=\"mailto:ipacheco@tucsonmuseumofart.org\" target=\"_blank\" rel=\"noopener\">ipacheco@tucsonmuseumofart.org<\/a> o al 520-616-2699.<\/p>\n<p>Previa solicitud, se puede proporcionar interpretaci\u00f3n en espa\u00f1ol para conferencias. Los visitantes pueden solicitar este servicio hasta dos semanas antes de la fecha de la conferencia. Para solicitar este servicio comun\u00edquese con Isa\u00ed Pacheco a <a href=\"mailto:ipacheco@tucsonmuseumofart.org\" target=\"_blank\" rel=\"noopener\">ipacheco@tucsonmuseumofart.org<\/a> o 520-616-2699.<\/p>\n<p><strong>Tenga en cuenta que el elevador al Centro de Educaci\u00f3n Art\u00edstica Alice Chaiten Baker est\u00e1 temporalmente fuera de servicio. El edificio contin\u00faa accesible a trav\u00e9s de la entrada ubicada en el lado sur del edificio a lo largo de Alameda; la puerta est\u00e1 etiquetada \u201c166\u201d. Llame al 520-616-2692 para obtener ayuda.<\/strong><\/p>\n<\/div><\/section><\/div>\n<style type=\"text\/css\" data-created_by=\"avia_inline_auto\" id=\"style-css-av-vw72tx-cdce86fe9de04721da0389a8059a7b91\">\n#top .hr.hr-invisible.av-vw72tx-cdce86fe9de04721da0389a8059a7b91{\nheight:50px;\n}\n<\/style>\n<div  class='hr av-vw72tx-cdce86fe9de04721da0389a8059a7b91 hr-invisible  avia-builder-el-13  el_after_av_one_half  el_before_av_heading'><span class='hr-inner'><span class=\"hr-inner-style\"><\/span><\/span><\/div>\n\n<style type=\"text\/css\" data-created_by=\"avia_inline_auto\" id=\"style-css-av-m01lx75q-f8f3f7f1876c0c5b5c37bdc11eaeb048\">\n#top .av-special-heading.av-m01lx75q-f8f3f7f1876c0c5b5c37bdc11eaeb048{\npadding-bottom:10px;\n}\nbody .av-special-heading.av-m01lx75q-f8f3f7f1876c0c5b5c37bdc11eaeb048 .av-special-heading-tag .heading-char{\nfont-size:25px;\n}\n.av-special-heading.av-m01lx75q-f8f3f7f1876c0c5b5c37bdc11eaeb048 .av-subheading{\nfont-size:15px;\n}\n<\/style>\n<div  class='av-special-heading av-m01lx75q-f8f3f7f1876c0c5b5c37bdc11eaeb048 av-special-heading-h1 blockquote modern-quote modern-centered  avia-builder-el-14  el_after_av_hr  el_before_av_hr'><h1 class='av-special-heading-tag'  itemprop=\"headline\"  >Upcoming <\/h1><div class=\"special-heading-border\"><div class=\"special-heading-inner-border\"><\/div><\/div><\/div>\n<div  class='hr av-vuahp1-98fa267382a3f43035c7bd350fb6b99a hr-default  avia-builder-el-15  el_after_av_heading  el_before_av_masonry_entries  avia-builder-el-last'><span class='hr-inner'><span class=\"hr-inner-style\"><\/span><\/span><\/div>\n<div id='av-masonry-1' class='av-masonry av-rjm2qd-53da5b9c173664c05b313a5de0191fcb noHover av-flex-size av-large-gap av-hover-overlay- av-masonry-animation-active av-masonry-col-4 av-caption-always av-caption-style- av-masonry-entries' data-post_id=\"29429\"><div class=\"av-masonry-container isotope av-js-disabled\"><div class='av-masonry-entry isotope-item av-masonry-item-no-image all_sort artist-talk_sort  free-events_sort  lectures_sort  docent-art-talks_sort'><\/div><a href=\"https:\/\/www.tucsonmuseumofart.org\/es\/event\/artist-talk-vicente-telles-charla-del-artista-vicente-telles\/\"  id='av-masonry-1-item-42835' data-av-masonry-item='42835' class='av-masonry-entry isotope-item post-42835 tribe_events type-tribe_events status-publish has-post-thumbnail hentry tribe_events_cat-artist-talk tribe_events_cat-free-events tribe_events_cat-lectures all_sort artist-talk_sort  free-events_sort  lectures_sort  av-masonry-item-with-image' title=\"VicenteTelles\"   itemscope=\"itemscope\" itemtype=\"https:\/\/schema.org\/CreativeWork\" ><div class='av-inner-masonry-sizer'><\/div><figure class='av-inner-masonry main_color'><div class=\"av-masonry-outerimage-container\"><div class='av-masonry-image-container'   ><img decoding=\"async\" width=\"705\" height=\"565\" class=\"wp-image-42897 avia-img-lazy-loading-not-42897\"  src=\"https:\/\/www.tucsonmuseumofart.org\/wp-content\/uploads\/2025\/06\/VicenteTelles-705x565.jpg\" title=\"VicenteTelles\" alt=\"\" srcset=\"https:\/\/www.tucsonmuseumofart.org\/wp-content\/uploads\/2025\/06\/VicenteTelles-705x565.jpg 705w, https:\/\/www.tucsonmuseumofart.org\/wp-content\/uploads\/2025\/06\/VicenteTelles-300x241.jpg 300w, https:\/\/www.tucsonmuseumofart.org\/wp-content\/uploads\/2025\/06\/VicenteTelles-768x616.jpg 768w, https:\/\/www.tucsonmuseumofart.org\/wp-content\/uploads\/2025\/06\/VicenteTelles-15x12.jpg 15w, https:\/\/www.tucsonmuseumofart.org\/wp-content\/uploads\/2025\/06\/VicenteTelles-450x361.jpg 450w, https:\/\/www.tucsonmuseumofart.org\/wp-content\/uploads\/2025\/06\/VicenteTelles.jpg 1000w\" sizes=\"(max-width: 705px) 100vw, 705px\" \/><\/div><\/div><figcaption class='av-inner-masonry-content site-background'><div class='av-inner-masonry-content-pos'><div class='av-inner-masonry-content-pos-content'><div class='avia-arrow'><\/div><h3 class='av-masonry-entry-title entry-title'  itemprop=\"headline\" >Artist Talk: Vicente Telles \/ Charla del Artista: Vicente Telles<\/h3><\/div><\/div><\/figcaption><\/figure><\/a><!--end av-masonry entry--><a href=\"https:\/\/www.tucsonmuseumofart.org\/es\/event\/history-social-with-the-mexican-american-heritage-history-museum-historia-social-con-el-museo-de-historia-y-patrimonio-mexicano-americano-5\/\"  id='av-masonry-1-item-43370' data-av-masonry-item='43370' class='av-masonry-entry isotope-item post-43370 tribe_events type-tribe_events status-publish has-post-thumbnail hentry tribe_events_cat-lectures all_sort lectures_sort  av-masonry-item-with-image' title=\"History-Social-Featured_Image_Events-\"   itemscope=\"itemscope\" itemtype=\"https:\/\/schema.org\/CreativeWork\" ><div class='av-inner-masonry-sizer'><\/div><figure class='av-inner-masonry main_color'><div class=\"av-masonry-outerimage-container\"><div class='av-masonry-image-container'   ><img decoding=\"async\" width=\"705\" height=\"705\" class=\"wp-image-42603 avia-img-lazy-loading-not-42603\"  src=\"https:\/\/www.tucsonmuseumofart.org\/wp-content\/uploads\/2025\/03\/History-Social-Featured_Image_Events--705x705.jpg\" title=\"History-Social-Featured_Image_Events-\" alt=\"\" srcset=\"https:\/\/www.tucsonmuseumofart.org\/wp-content\/uploads\/2025\/03\/History-Social-Featured_Image_Events--705x705.jpg 705w, https:\/\/www.tucsonmuseumofart.org\/wp-content\/uploads\/2025\/03\/History-Social-Featured_Image_Events--300x300.jpg 300w, https:\/\/www.tucsonmuseumofart.org\/wp-content\/uploads\/2025\/03\/History-Social-Featured_Image_Events--1030x1030.jpg 1030w, https:\/\/www.tucsonmuseumofart.org\/wp-content\/uploads\/2025\/03\/History-Social-Featured_Image_Events--80x80.jpg 80w, https:\/\/www.tucsonmuseumofart.org\/wp-content\/uploads\/2025\/03\/History-Social-Featured_Image_Events--768x768.jpg 768w, https:\/\/www.tucsonmuseumofart.org\/wp-content\/uploads\/2025\/03\/History-Social-Featured_Image_Events--1536x1536.jpg 1536w, https:\/\/www.tucsonmuseumofart.org\/wp-content\/uploads\/2025\/03\/History-Social-Featured_Image_Events--2048x2048.jpg 2048w, https:\/\/www.tucsonmuseumofart.org\/wp-content\/uploads\/2025\/03\/History-Social-Featured_Image_Events--12x12.jpg 12w, https:\/\/www.tucsonmuseumofart.org\/wp-content\/uploads\/2025\/03\/History-Social-Featured_Image_Events--36x36.jpg 36w, https:\/\/www.tucsonmuseumofart.org\/wp-content\/uploads\/2025\/03\/History-Social-Featured_Image_Events--180x180.jpg 180w, https:\/\/www.tucsonmuseumofart.org\/wp-content\/uploads\/2025\/03\/History-Social-Featured_Image_Events--1500x1500.jpg 1500w, https:\/\/www.tucsonmuseumofart.org\/wp-content\/uploads\/2025\/03\/History-Social-Featured_Image_Events--120x120.jpg 120w, https:\/\/www.tucsonmuseumofart.org\/wp-content\/uploads\/2025\/03\/History-Social-Featured_Image_Events--450x450.jpg 450w, https:\/\/www.tucsonmuseumofart.org\/wp-content\/uploads\/2025\/03\/History-Social-Featured_Image_Events--100x100.jpg 100w\" sizes=\"(max-width: 705px) 100vw, 705px\" \/><\/div><\/div><figcaption class='av-inner-masonry-content site-background'><div class='av-inner-masonry-content-pos'><div class='av-inner-masonry-content-pos-content'><div class='avia-arrow'><\/div><h3 class='av-masonry-entry-title entry-title'  itemprop=\"headline\" >History Social with the Mexican American Heritage &#038; History Museum | Historia Social con el Museo de Historia y Patrimonio Mexicano-Americano<\/h3><\/div><\/div><\/figcaption><\/figure><\/a><!--end av-masonry entry--><a href=\"https:\/\/www.tucsonmuseumofart.org\/es\/event\/docent-art-talk-from-taos-to-tucson-from-darkness-to-light-and-color-in-the-art-of-the-american-west\/\"  id='av-masonry-1-item-43520' data-av-masonry-item='43520' class='av-masonry-entry isotope-item post-43520 tribe_events type-tribe_events status-publish has-post-thumbnail hentry tribe_events_cat-lectures all_sort lectures_sort  av-masonry-item-with-image' title=\"Indian with Corn\"   itemscope=\"itemscope\" itemtype=\"https:\/\/schema.org\/CreativeWork\" ><div class='av-inner-masonry-sizer'><\/div><figure class='av-inner-masonry main_color'><div class=\"av-masonry-outerimage-container\"><div class='av-masonry-image-container'   ><img decoding=\"async\" width=\"452\" height=\"529\" class=\"wp-image-43522 avia-img-lazy-loading-not-43522\"  src=\"https:\/\/www.tucsonmuseumofart.org\/wp-content\/uploads\/2025\/09\/Indian-with-Corn.png\" title=\"Indian with Corn\" alt=\"\" srcset=\"https:\/\/www.tucsonmuseumofart.org\/wp-content\/uploads\/2025\/09\/Indian-with-Corn.png 452w, https:\/\/www.tucsonmuseumofart.org\/wp-content\/uploads\/2025\/09\/Indian-with-Corn-256x300.png 256w, https:\/\/www.tucsonmuseumofart.org\/wp-content\/uploads\/2025\/09\/Indian-with-Corn-10x12.png 10w, https:\/\/www.tucsonmuseumofart.org\/wp-content\/uploads\/2025\/09\/Indian-with-Corn-450x527.png 450w\" sizes=\"(max-width: 452px) 100vw, 452px\" \/><\/div><\/div><figcaption class='av-inner-masonry-content site-background'><div class='av-inner-masonry-content-pos'><div class='av-inner-masonry-content-pos-content'><div class='avia-arrow'><\/div><h3 class='av-masonry-entry-title entry-title'  itemprop=\"headline\" >Docent Art Talk: From Taos to Tucson: From Darkness to Light and Color in the Art of the American West \/ De Taos a Tucson: De la Oscuridad a la Luz y el Color en el Arte del Oeste Americano<\/h3><\/div><\/div><\/figcaption><\/figure><\/a><!--end av-masonry entry--><a href=\"https:\/\/www.tucsonmuseumofart.org\/es\/event\/docent-art-talk-not-just-a-horse-the-art-and-life-of-luis-jimenez\/\"  id='av-masonry-1-item-43525' data-av-masonry-item='43525' class='av-masonry-entry isotope-item post-43525 tribe_events type-tribe_events status-publish has-post-thumbnail hentry tribe_events_cat-docent-art-talks tribe_events_cat-lectures all_sort docent-art-talks_sort  lectures_sort  av-masonry-item-with-image' title=\"Electricsunset\"   itemscope=\"itemscope\" itemtype=\"https:\/\/schema.org\/CreativeWork\" ><div class='av-inner-masonry-sizer'><\/div><figure class='av-inner-masonry main_color'><div class=\"av-masonry-outerimage-container\"><div class='av-masonry-image-container'   ><img decoding=\"async\" width=\"442\" height=\"662\" class=\"wp-image-43526 avia-img-lazy-loading-not-43526\"  src=\"https:\/\/www.tucsonmuseumofart.org\/wp-content\/uploads\/2025\/09\/Electricsunset.png\" title=\"Electricsunset\" alt=\"\" srcset=\"https:\/\/www.tucsonmuseumofart.org\/wp-content\/uploads\/2025\/09\/Electricsunset.png 442w, https:\/\/www.tucsonmuseumofart.org\/wp-content\/uploads\/2025\/09\/Electricsunset-200x300.png 200w, https:\/\/www.tucsonmuseumofart.org\/wp-content\/uploads\/2025\/09\/Electricsunset-8x12.png 8w\" sizes=\"(max-width: 442px) 100vw, 442px\" \/><\/div><\/div><figcaption class='av-inner-masonry-content site-background'><div class='av-inner-masonry-content-pos'><div class='av-inner-masonry-content-pos-content'><div class='avia-arrow'><\/div><h3 class='av-masonry-entry-title entry-title'  itemprop=\"headline\" >Docent Art Talk: Not Just a Horse \u2013 The Art and Life of Luis Jimenez \/ No Solo un Caballo \u2013 El Arte y la Vida de Luis Jimenez<\/h3><\/div><\/div><\/figcaption><\/figure><\/a><!--end av-masonry entry--><\/div><\/div>\n\n<style type=\"text\/css\" data-created_by=\"avia_inline_auto\" id=\"style-css-av-17lu9g5-887e94248858f71c11a003ad080727d4\">\n#top .hr.hr-invisible.av-17lu9g5-887e94248858f71c11a003ad080727d4{\nheight:50px;\n}\n<\/style>\n<div  class='hr av-17lu9g5-887e94248858f71c11a003ad080727d4 hr-invisible  avia-builder-el-17  el_after_av_masonry_entries  avia-builder-el-no-sibling'><span class='hr-inner'><span class=\"hr-inner-style\"><\/span><\/span><\/div>\n<\/div><\/div><\/main><!-- close content main element --><\/div><\/div>\n<style type=\"text\/css\" data-created_by=\"avia_inline_auto\" id=\"style-css-av-1njd4hh-f856d2b9b68958d9f6b903b355e7ca2c\">\n.avia-section.av-1njd4hh-f856d2b9b68958d9f6b903b355e7ca2c .av-parallax .av-parallax-inner{\nbackground-repeat:no-repeat;\nbackground-image:url(https:\/\/www.tucsonmuseumofart.org\/wp-content\/uploads\/2013\/05\/Tucson-Museum-People-BW-scaled.jpg);\nbackground-position:50% 50%;\nbackground-attachment:scroll;\n}\n.avia-section.av-1njd4hh-f856d2b9b68958d9f6b903b355e7ca2c .av-section-color-overlay{\nopacity:0.8;\nbackground-color:#000000;\n}\n<\/style>\n<div id='av_section_2'  class='avia-section av-1njd4hh-f856d2b9b68958d9f6b903b355e7ca2c main_color avia-section-default avia-no-border-styling  avia-builder-el-18  el_after_av_section  avia-builder-el-last  av-parallax-section avia-bg-style-parallax av-section-color-overlay-active av-minimum-height av-minimum-height-100 av-height-100  container_wrap fullsize'  data-section-bg-repeat='no-repeat' data-av_minimum_height_pc='100' data-av_min_height_opt='100'><div class='av-parallax' data-avia-parallax-ratio='0.3' ><div class='av-parallax-inner main_color avia-full-stretch'><\/div><\/div><div class=\"av-section-color-overlay-wrap\"><div class=\"av-section-color-overlay\"><\/div><div class='container av-section-cont-open' ><div class='template-page content  av-content-full alpha units'><div class='post-entry post-entry-type-page post-entry-29429'><div class='entry-content-wrapper clearfix'>\n\n<style type=\"text\/css\" data-created_by=\"avia_inline_auto\" id=\"style-css-av-3relo5-98a6f23b5976ee0fd21028bd594cd021\">\n#top .av-special-heading.av-3relo5-98a6f23b5976ee0fd21028bd594cd021{\npadding-bottom:30px;\ncolor:#ffffff;\nfont-size:40px;\n}\nbody .av-special-heading.av-3relo5-98a6f23b5976ee0fd21028bd594cd021 .av-special-heading-tag .heading-char{\nfont-size:25px;\n}\n#top #wrap_all .av-special-heading.av-3relo5-98a6f23b5976ee0fd21028bd594cd021 .av-special-heading-tag{\nfont-size:40px;\n}\n.av-special-heading.av-3relo5-98a6f23b5976ee0fd21028bd594cd021 .special-heading-inner-border{\nborder-color:#ffffff;\n}\n.av-special-heading.av-3relo5-98a6f23b5976ee0fd21028bd594cd021 .av-subheading{\nfont-size:20px;\n}\n\n@media only screen and (min-width: 480px) and (max-width: 767px){ \n#top #wrap_all .av-special-heading.av-3relo5-98a6f23b5976ee0fd21028bd594cd021 .av-special-heading-tag{\nfont-size:0.8em;\n}\n}\n\n@media only screen and (max-width: 479px){ \n#top #wrap_all .av-special-heading.av-3relo5-98a6f23b5976ee0fd21028bd594cd021 .av-special-heading-tag{\nfont-size:0.8em;\n}\n}\n<\/style>\n<div  class='av-special-heading av-3relo5-98a6f23b5976ee0fd21028bd594cd021 av-special-heading-h1 custom-color-heading blockquote modern-quote modern-centered  avia-builder-el-19  el_before_av_button  avia-builder-el-first  av-inherit-size'><h1 class='av-special-heading-tag'  itemprop=\"headline\"  >Convi\u00e9rtase en miembro de TMA y explore, experimente y con\u00e9ctese<\/h1><div class=\"special-heading-border\"><div class=\"special-heading-inner-border\"><\/div><\/div><\/div>\n<div  class='avia-button-wrap av-j5zvo5-dbcb06d7752c0cd9aa6a37c6aa7ed700-wrap avia-button-center  avia-builder-el-20  el_after_av_heading  avia-builder-el-last'><a href='https:\/\/www.tucsonmuseumofart.org\/es\/membership\/'  class='avia-button av-j5zvo5-dbcb06d7752c0cd9aa6a37c6aa7ed700 avia-icon_select-no avia-size-large avia-position-center avia-color-light'  ><span class='avia_iconbox_title' >\u00danete a nosotros<\/span><\/a><\/div>\n<\/p>","protected":false},"excerpt":{"rendered":"","protected":false},"author":177,"featured_media":0,"parent":0,"menu_order":0,"comment_status":"closed","ping_status":"closed","template":"","meta":{"_price":"","_stock":"","_tribe_ticket_header":"","_tribe_default_ticket_provider":"","_tribe_ticket_capacity":"0","_ticket_start_date":"","_ticket_end_date":"","_tribe_ticket_show_description":"","_tribe_ticket_show_not_going":false,"_tribe_ticket_use_global_stock":"","_tribe_ticket_global_stock_level":"","_global_stock_mode":"","_global_stock_cap":"","_tribe_rsvp_for_event":"","_tribe_ticket_going_count":"","_tribe_ticket_not_going_count":"","_tribe_tickets_list":"[]","_tribe_ticket_has_attendee_info_fields":false,"footnotes":""},"class_list":["post-29429","page","type-page","status-publish","hentry"],"publishpress_future_action":{"enabled":false,"date":"2026-04-14 04:56:58","action":"change-status","newStatus":"draft","terms":[],"taxonomy":"","extraData":[]},"publishpress_future_workflow_manual_trigger":{"enabledWorkflows":[]},"_links":{"self":[{"href":"https:\/\/www.tucsonmuseumofart.org\/es\/wp-json\/wp\/v2\/pages\/29429","targetHints":{"allow":["GET"]}}],"collection":[{"href":"https:\/\/www.tucsonmuseumofart.org\/es\/wp-json\/wp\/v2\/pages"}],"about":[{"href":"https:\/\/www.tucsonmuseumofart.org\/es\/wp-json\/wp\/v2\/types\/page"}],"author":[{"embeddable":true,"href":"https:\/\/www.tucsonmuseumofart.org\/es\/wp-json\/wp\/v2\/users\/177"}],"replies":[{"embeddable":true,"href":"https:\/\/www.tucsonmuseumofart.org\/es\/wp-json\/wp\/v2\/comments?post=29429"}],"version-history":[{"count":47,"href":"https:\/\/www.tucsonmuseumofart.org\/es\/wp-json\/wp\/v2\/pages\/29429\/revisions"}],"predecessor-version":[{"id":43728,"href":"https:\/\/www.tucsonmuseumofart.org\/es\/wp-json\/wp\/v2\/pages\/29429\/revisions\/43728"}],"wp:attachment":[{"href":"https:\/\/www.tucsonmuseumofart.org\/es\/wp-json\/wp\/v2\/media?parent=29429"}],"curies":[{"name":"wp","href":"https:\/\/api.w.org\/{rel}","templated":true}]}}