{"id":37722,"date":"2024-04-24T09:56:51","date_gmt":"2024-04-24T16:56:51","guid":{"rendered":"https:\/\/www.tucsonmuseumofart.org\/?page_id=37722"},"modified":"2024-10-19T03:00:25","modified_gmt":"2024-10-19T10:00:25","slug":"tma-creative-space","status":"publish","type":"page","link":"https:\/\/www.tucsonmuseumofart.org\/es\/tma-creative-space\/","title":{"rendered":"Creative Space"},"content":{"rendered":"<div id='av_section_1'  class='avia-section av-1hy0i3e-0333fc63b1f18474c5e36e80cde09721 main_color avia-section-default avia-no-border-styling  avia-builder-el-0  avia-builder-el-no-sibling  avia-bg-style-scroll av-minimum-height av-minimum-height-50 av-height-50  container_wrap fullsize'   data-av_minimum_height_pc='50' data-av_min_height_opt='50'><div class='container av-section-cont-open' ><main  role=\"main\" itemprop=\"mainContentOfPage\"  class='template-page content  av-content-full alpha units'><div class='post-entry post-entry-type-page post-entry-37722'><div class='entry-content-wrapper clearfix'>\n\n<style type=\"text\/css\" data-created_by=\"avia_inline_auto\" id=\"style-css-av-lvcz86ia-321ea161db91f39cd6b8a3fcbf958002\">\n#top .av-special-heading.av-lvcz86ia-321ea161db91f39cd6b8a3fcbf958002{\npadding-bottom:10px;\n}\nbody .av-special-heading.av-lvcz86ia-321ea161db91f39cd6b8a3fcbf958002 .av-special-heading-tag .heading-char{\nfont-size:25px;\n}\n.av-special-heading.av-lvcz86ia-321ea161db91f39cd6b8a3fcbf958002 .av-subheading{\nfont-size:15px;\n}\n<\/style>\n<div  class='av-special-heading av-lvcz86ia-321ea161db91f39cd6b8a3fcbf958002 av-special-heading-h1 blockquote modern-quote modern-centered  avia-builder-el-1  el_before_av_slideshow  avia-builder-el-first'><h1 class='av-special-heading-tag'  itemprop=\"headline\"  > Creative Space \/ Espacio Creativo<\/h1><div class=\"special-heading-border\"><div class=\"special-heading-inner-border\"><\/div><\/div><\/div>\n<div  class='avia-slideshow av-lvo9otfe-329c3425a1741890581ef5e9f66fbea4 avia-slideshow-featured av_slideshow avia-slide-slider  avia-builder-el-2  el_after_av_heading  el_before_av_hr  av-slideshow-ui av-control-default av-slideshow-manual av-loop-once av-loop-manual-endless av-default-height-applied avia-slideshow-1' data-slideshow-options=\"{&quot;animation&quot;:&quot;slide&quot;,&quot;autoplay&quot;:false,&quot;loop_autoplay&quot;:&quot;once&quot;,&quot;interval&quot;:5,&quot;loop_manual&quot;:&quot;manual-endless&quot;,&quot;autoplay_stopper&quot;:false,&quot;noNavigation&quot;:false,&quot;bg_slider&quot;:false,&quot;keep_padding&quot;:false,&quot;hoverpause&quot;:false,&quot;show_slide_delay&quot;:0}\"  itemprop=\"image\" itemscope=\"itemscope\" itemtype=\"https:\/\/schema.org\/ImageObject\" ><ul class='avia-slideshow-inner' style='padding-bottom: 26.073619631902%;'><li  class='avia-slideshow-slide av-lvo9otfe-329c3425a1741890581ef5e9f66fbea4__0  av-single-slide slide-1 slide-odd'><div data-rel='slideshow-1' class='avia-slide-wrap'   ><img decoding=\"async\" class=\"wp-image-37847 avia-img-lazy-loading-not-37847\"  src=\"https:\/\/www.tucsonmuseumofart.org\/wp-content\/uploads\/2024\/05\/Creative_Space_LOGO-removebg-preview.png\" width=\"978\" height=\"255\" title='Creative_Space_LOGO-removebg-preview' alt=''  itemprop=\"thumbnailUrl\" srcset=\"https:\/\/www.tucsonmuseumofart.org\/wp-content\/uploads\/2024\/05\/Creative_Space_LOGO-removebg-preview.png 978w, https:\/\/www.tucsonmuseumofart.org\/wp-content\/uploads\/2024\/05\/Creative_Space_LOGO-removebg-preview-300x78.png 300w, https:\/\/www.tucsonmuseumofart.org\/wp-content\/uploads\/2024\/05\/Creative_Space_LOGO-removebg-preview-768x200.png 768w, https:\/\/www.tucsonmuseumofart.org\/wp-content\/uploads\/2024\/05\/Creative_Space_LOGO-removebg-preview-18x5.png 18w, https:\/\/www.tucsonmuseumofart.org\/wp-content\/uploads\/2024\/05\/Creative_Space_LOGO-removebg-preview-705x184.png 705w, https:\/\/www.tucsonmuseumofart.org\/wp-content\/uploads\/2024\/05\/Creative_Space_LOGO-removebg-preview-450x117.png 450w\" sizes=\"(max-width: 978px) 100vw, 978px\" \/><\/div><\/li><\/ul><\/div>\n<div  class='hr av-p3uyka-61d8425955b16b225363215db0052077 hr-default  avia-builder-el-3  el_after_av_slideshow  el_before_av_gallery'><span class='hr-inner'><span class=\"hr-inner-style\"><\/span><\/span><\/div>\n\n<style type=\"text\/css\" data-created_by=\"avia_inline_auto\" id=\"style-css-av-lvd1ihej-ac27829ba020b5e3137a4c3ff558171e\">\n#top .avia-gallery.av-lvd1ihej-ac27829ba020b5e3137a4c3ff558171e .avia-gallery-thumb a{\nwidth:33.3333%;\n}\n<\/style>\n<div  class='avia-gallery av-lvd1ihej-ac27829ba020b5e3137a4c3ff558171e avia_animate_when_visible  avia-builder-el-4  el_after_av_hr  el_before_av_hr  avia_lazyload avia-gallery-animate avia-gallery-1'  itemprop=\"image\" itemscope=\"itemscope\" itemtype=\"https:\/\/schema.org\/ImageObject\" ><meta itemprop=\"contentURL\" content=\"https:\/\/www.tucsonmuseumofart.org\/es\/tma-creative-space\/\"><div class='avia-gallery-thumb'><a href=\"https:\/\/www.tucsonmuseumofart.org\/wp-content\/uploads\/2024\/04\/For-Web-TMA-Art-Camp-Julius-Schlosburg-206-1030x685.jpg\" data-srcset=\"https:\/\/www.tucsonmuseumofart.org\/wp-content\/uploads\/2024\/04\/For-Web-TMA-Art-Camp-Julius-Schlosburg-206-1030x685.jpg 1030w, https:\/\/www.tucsonmuseumofart.org\/wp-content\/uploads\/2024\/04\/For-Web-TMA-Art-Camp-Julius-Schlosburg-206-300x200.jpg 300w, https:\/\/www.tucsonmuseumofart.org\/wp-content\/uploads\/2024\/04\/For-Web-TMA-Art-Camp-Julius-Schlosburg-206-768x511.jpg 768w, https:\/\/www.tucsonmuseumofart.org\/wp-content\/uploads\/2024\/04\/For-Web-TMA-Art-Camp-Julius-Schlosburg-206-1536x1022.jpg 1536w, https:\/\/www.tucsonmuseumofart.org\/wp-content\/uploads\/2024\/04\/For-Web-TMA-Art-Camp-Julius-Schlosburg-206-2048x1362.jpg 2048w, https:\/\/www.tucsonmuseumofart.org\/wp-content\/uploads\/2024\/04\/For-Web-TMA-Art-Camp-Julius-Schlosburg-206-18x12.jpg 18w, https:\/\/www.tucsonmuseumofart.org\/wp-content\/uploads\/2024\/04\/For-Web-TMA-Art-Camp-Julius-Schlosburg-206-1500x998.jpg 1500w, https:\/\/www.tucsonmuseumofart.org\/wp-content\/uploads\/2024\/04\/For-Web-TMA-Art-Camp-Julius-Schlosburg-206-705x469.jpg 705w, https:\/\/www.tucsonmuseumofart.org\/wp-content\/uploads\/2024\/04\/For-Web-TMA-Art-Camp-Julius-Schlosburg-206-450x299.jpg 450w\" data-sizes=\"(max-width: 1030px) 100vw, 1030px\" data-rel='gallery-1' data-prev-img='https:\/\/www.tucsonmuseumofart.org\/wp-content\/uploads\/2024\/04\/For-Web-TMA-Art-Camp-Julius-Schlosburg-206-495x400.jpg' class='first_thumb lightbox' data-onclick='1' title=''  itemprop=\"thumbnailUrl\"  ><img decoding=\"async\" class=\"wp-image-37726 avia-img-lazy-loading-not-37726\"   src=\"https:\/\/www.tucsonmuseumofart.org\/wp-content\/uploads\/2024\/04\/For-Web-TMA-Art-Camp-Julius-Schlosburg-206-845x684.jpg\" width=\"845\" height=\"684\"  title='' alt='' srcset=\"https:\/\/www.tucsonmuseumofart.org\/wp-content\/uploads\/2024\/04\/For-Web-TMA-Art-Camp-Julius-Schlosburg-206-845x684.jpg 845w, https:\/\/www.tucsonmuseumofart.org\/wp-content\/uploads\/2024\/04\/For-Web-TMA-Art-Camp-Julius-Schlosburg-206-495x400.jpg 495w\" sizes=\"(max-width: 845px) 100vw, 845px\" \/><div class='big-prev-fake'><img loading=\"lazy\" decoding=\"async\" class=\"wp-image-37726 avia-img-lazy-loading-37726\"  width=\"495\" height=\"400\" src=\"https:\/\/www.tucsonmuseumofart.org\/wp-content\/uploads\/2024\/04\/For-Web-TMA-Art-Camp-Julius-Schlosburg-206-495x400.jpg\" title='' alt='' srcset=\"https:\/\/www.tucsonmuseumofart.org\/wp-content\/uploads\/2024\/04\/For-Web-TMA-Art-Camp-Julius-Schlosburg-206-495x400.jpg 495w, https:\/\/www.tucsonmuseumofart.org\/wp-content\/uploads\/2024\/04\/For-Web-TMA-Art-Camp-Julius-Schlosburg-206-845x684.jpg 845w\" sizes=\"auto, (max-width: 495px) 100vw, 495px\" \/><\/div><\/a><a href=\"https:\/\/www.tucsonmuseumofart.org\/wp-content\/uploads\/2023\/12\/TMA_First_Thursdays_Oct_2024_Julius_Schlosburg-423-685x1030.jpg\" data-srcset=\"https:\/\/www.tucsonmuseumofart.org\/wp-content\/uploads\/2023\/12\/TMA_First_Thursdays_Oct_2024_Julius_Schlosburg-423-685x1030.jpg 685w, https:\/\/www.tucsonmuseumofart.org\/wp-content\/uploads\/2023\/12\/TMA_First_Thursdays_Oct_2024_Julius_Schlosburg-423-450x676.jpg 450w, https:\/\/www.tucsonmuseumofart.org\/wp-content\/uploads\/2023\/12\/TMA_First_Thursdays_Oct_2024_Julius_Schlosburg-423-200x300.jpg 200w, https:\/\/www.tucsonmuseumofart.org\/wp-content\/uploads\/2023\/12\/TMA_First_Thursdays_Oct_2024_Julius_Schlosburg-423-768x1154.jpg 768w, https:\/\/www.tucsonmuseumofart.org\/wp-content\/uploads\/2023\/12\/TMA_First_Thursdays_Oct_2024_Julius_Schlosburg-423-1022x1536.jpg 1022w, https:\/\/www.tucsonmuseumofart.org\/wp-content\/uploads\/2023\/12\/TMA_First_Thursdays_Oct_2024_Julius_Schlosburg-423-8x12.jpg 8w, https:\/\/www.tucsonmuseumofart.org\/wp-content\/uploads\/2023\/12\/TMA_First_Thursdays_Oct_2024_Julius_Schlosburg-423-998x1500.jpg 998w, https:\/\/www.tucsonmuseumofart.org\/wp-content\/uploads\/2023\/12\/TMA_First_Thursdays_Oct_2024_Julius_Schlosburg-423-469x705.jpg 469w, https:\/\/www.tucsonmuseumofart.org\/wp-content\/uploads\/2023\/12\/TMA_First_Thursdays_Oct_2024_Julius_Schlosburg-423.jpg 1024w\" data-sizes=\"(max-width: 685px) 100vw, 685px\" data-rel='gallery-1' data-prev-img='https:\/\/www.tucsonmuseumofart.org\/wp-content\/uploads\/2023\/12\/TMA_First_Thursdays_Oct_2024_Julius_Schlosburg-423-495x400.jpg' class='lightbox' data-onclick='2' title=''  itemprop=\"thumbnailUrl\"  ><img decoding=\"async\" class=\"wp-image-36180 avia-img-lazy-loading-not-36180\"   src=\"https:\/\/www.tucsonmuseumofart.org\/wp-content\/uploads\/2023\/12\/TMA_First_Thursdays_Oct_2024_Julius_Schlosburg-423-845x684.jpg\" width=\"845\" height=\"684\"  title='' alt='' srcset=\"https:\/\/www.tucsonmuseumofart.org\/wp-content\/uploads\/2023\/12\/TMA_First_Thursdays_Oct_2024_Julius_Schlosburg-423-845x684.jpg 845w, https:\/\/www.tucsonmuseumofart.org\/wp-content\/uploads\/2023\/12\/TMA_First_Thursdays_Oct_2024_Julius_Schlosburg-423-495x400.jpg 495w\" sizes=\"(max-width: 845px) 100vw, 845px\" \/><div class='big-prev-fake'><img loading=\"lazy\" decoding=\"async\" class=\"wp-image-36180 avia-img-lazy-loading-36180\"  width=\"495\" height=\"400\" src=\"https:\/\/www.tucsonmuseumofart.org\/wp-content\/uploads\/2023\/12\/TMA_First_Thursdays_Oct_2024_Julius_Schlosburg-423-495x400.jpg\" title='' alt='' srcset=\"https:\/\/www.tucsonmuseumofart.org\/wp-content\/uploads\/2023\/12\/TMA_First_Thursdays_Oct_2024_Julius_Schlosburg-423-495x400.jpg 495w, https:\/\/www.tucsonmuseumofart.org\/wp-content\/uploads\/2023\/12\/TMA_First_Thursdays_Oct_2024_Julius_Schlosburg-423-845x684.jpg 845w\" sizes=\"auto, (max-width: 495px) 100vw, 495px\" \/><\/div><\/a><a href=\"https:\/\/www.tucsonmuseumofart.org\/wp-content\/uploads\/2024\/04\/For-Web-TMA-Art-Camp-Julius-Schlosburg-2-1030x685.jpg\" data-srcset=\"https:\/\/www.tucsonmuseumofart.org\/wp-content\/uploads\/2024\/04\/For-Web-TMA-Art-Camp-Julius-Schlosburg-2-1030x685.jpg 1030w, https:\/\/www.tucsonmuseumofart.org\/wp-content\/uploads\/2024\/04\/For-Web-TMA-Art-Camp-Julius-Schlosburg-2-300x200.jpg 300w, https:\/\/www.tucsonmuseumofart.org\/wp-content\/uploads\/2024\/04\/For-Web-TMA-Art-Camp-Julius-Schlosburg-2-768x511.jpg 768w, https:\/\/www.tucsonmuseumofart.org\/wp-content\/uploads\/2024\/04\/For-Web-TMA-Art-Camp-Julius-Schlosburg-2-1536x1022.jpg 1536w, https:\/\/www.tucsonmuseumofart.org\/wp-content\/uploads\/2024\/04\/For-Web-TMA-Art-Camp-Julius-Schlosburg-2-2048x1362.jpg 2048w, https:\/\/www.tucsonmuseumofart.org\/wp-content\/uploads\/2024\/04\/For-Web-TMA-Art-Camp-Julius-Schlosburg-2-18x12.jpg 18w, https:\/\/www.tucsonmuseumofart.org\/wp-content\/uploads\/2024\/04\/For-Web-TMA-Art-Camp-Julius-Schlosburg-2-1500x998.jpg 1500w, https:\/\/www.tucsonmuseumofart.org\/wp-content\/uploads\/2024\/04\/For-Web-TMA-Art-Camp-Julius-Schlosburg-2-705x469.jpg 705w, https:\/\/www.tucsonmuseumofart.org\/wp-content\/uploads\/2024\/04\/For-Web-TMA-Art-Camp-Julius-Schlosburg-2-450x299.jpg 450w\" data-sizes=\"(max-width: 1030px) 100vw, 1030px\" data-rel='gallery-1' data-prev-img='https:\/\/www.tucsonmuseumofart.org\/wp-content\/uploads\/2024\/04\/For-Web-TMA-Art-Camp-Julius-Schlosburg-2-495x400.jpg' class='lightbox' data-onclick='3' title='For Web - TMA - Art Camp - Julius Schlosburg-2'  itemprop=\"thumbnailUrl\"  ><img decoding=\"async\" class=\"wp-image-37745 avia-img-lazy-loading-not-37745\"   src=\"https:\/\/www.tucsonmuseumofart.org\/wp-content\/uploads\/2024\/04\/For-Web-TMA-Art-Camp-Julius-Schlosburg-2-845x684.jpg\" width=\"845\" height=\"684\"  title='For Web - TMA - Art Camp - Julius Schlosburg-2' alt='' srcset=\"https:\/\/www.tucsonmuseumofart.org\/wp-content\/uploads\/2024\/04\/For-Web-TMA-Art-Camp-Julius-Schlosburg-2-845x684.jpg 845w, https:\/\/www.tucsonmuseumofart.org\/wp-content\/uploads\/2024\/04\/For-Web-TMA-Art-Camp-Julius-Schlosburg-2-495x400.jpg 495w\" sizes=\"(max-width: 845px) 100vw, 845px\" \/><div class='big-prev-fake'><img loading=\"lazy\" decoding=\"async\" class=\"wp-image-37745 avia-img-lazy-loading-37745\"  width=\"495\" height=\"400\" src=\"https:\/\/www.tucsonmuseumofart.org\/wp-content\/uploads\/2024\/04\/For-Web-TMA-Art-Camp-Julius-Schlosburg-2-495x400.jpg\" title='For Web - TMA - Art Camp - Julius Schlosburg-2' alt='' srcset=\"https:\/\/www.tucsonmuseumofart.org\/wp-content\/uploads\/2024\/04\/For-Web-TMA-Art-Camp-Julius-Schlosburg-2-495x400.jpg 495w, https:\/\/www.tucsonmuseumofart.org\/wp-content\/uploads\/2024\/04\/For-Web-TMA-Art-Camp-Julius-Schlosburg-2-845x684.jpg 845w\" sizes=\"auto, (max-width: 495px) 100vw, 495px\" \/><\/div><\/a><\/div><\/div>\n\n<style type=\"text\/css\" data-created_by=\"avia_inline_auto\" id=\"style-css-av-m0o9m5nf-23fe068d1528f069d889ebc6d7df88a4\">\n#top .hr.hr-invisible.av-m0o9m5nf-23fe068d1528f069d889ebc6d7df88a4{\nheight:50px;\n}\n<\/style>\n<div  class='hr av-m0o9m5nf-23fe068d1528f069d889ebc6d7df88a4 hr-invisible  avia-builder-el-5  el_after_av_gallery  el_before_av_one_fourth'><span class='hr-inner'><span class=\"hr-inner-style\"><\/span><\/span><\/div>\n<div  class='flex_column av-1j7og6y-f4c9965daf215ef154957f358c240d59 av_one_fourth  avia-builder-el-6  el_after_av_hr  el_before_av_one_half  first flex_column_div'     ><section  class='av_textblock_section av-m2fzgsvu-2e0fc6685aded9f6cdb1b08b916917f0'   itemscope=\"itemscope\" itemtype=\"https:\/\/schema.org\/CreativeWork\" ><div class='avia_textblock'  itemprop=\"text\" ><p><strong>Horario del museo:<br \/>\n<\/strong>mi\u00e9rcoles \u2013 domingo<br \/>\n10:00 a. m. a 5:00 p. m.<\/p>\n<hr \/>\n<p><strong>Horario del museo:<\/strong><br \/>\nMi\u00e9rcoles \u2013 Domingo<br \/>\n10:00 a. m. a 5:00 p. m.<\/p>\n<\/div><\/section><\/div><div  class='flex_column av-13zxnne-3ec98f633bb6136837440a25b7a3dbce av_one_half  avia-builder-el-8  el_after_av_one_fourth  el_before_av_one_fourth  flex_column_div'     ><section  class='av_textblock_section av-lvczchyz-ac8caaf54405f3a14da1bf0540611b1f'   itemscope=\"itemscope\" itemtype=\"https:\/\/schema.org\/CreativeWork\" ><div class='avia_textblock'  itemprop=\"text\" ><p>\u00c9l <em>Creative Space<\/em> is the museum\u2019s interactive and family-friendly gallery. Two rooms located in the John K. Goodman Pavilion include hands-on experiences based on TMA\u2019s collections and temporary exhibitions as well as a reading area where guests have a place to take a break. Visitors will be able to enjoy this space anytime the museum is open, and all ages can participate.<\/p>\n<p><em>Thank you to Scott &amp; Anne Jones and the James C. Stewart Charitable Foundation for their generous gifts to the TMA Creative Space program<\/em>.<\/p>\n<hr \/>\n<p>El <em>Espacio Creativo<\/em> es la galer\u00eda interactiva y familiar del museo. Dos salas situadas en el Pabell\u00f3n John K. Goodman incluyen experiencias pr\u00e1cticas basadas en las colecciones y exhibiciones temporales de TMA, as\u00ed como una zona de lectura donde los visitantes tienen un lugar para descansar. Los visitantes de todas las edades pueden explorar esta \u00e1rea mientras el museo est\u00e9 abierto.<\/p>\n<p><em>Gracias a Scott &amp; Anne Jones y a la James C. Stewart Charitable Foundation (Fundaci\u00f3n Caritativa de James C. Stewart) por sus generosas donaciones al programa Espacio Creativo de TMA<\/em>.<\/p>\n<\/div><\/section><\/div><div  class='flex_column av-9lvy2-6031bbd389faad7d216a65298bde12a2 av_one_fourth  avia-builder-el-10  el_after_av_one_half  avia-builder-el-last  flex_column_div'     ><section  class='av_textblock_section av-m2fzfrda-a04d6419a8132c09ae8b97711357271a'   itemscope=\"itemscope\" itemtype=\"https:\/\/schema.org\/CreativeWork\" ><div class='avia_textblock'  itemprop=\"text\" ><p>\u00a1La entrada es siempre gratuita para los miembros de TMA!<\/p>\n<p>Esta exposici\u00f3n est\u00e1 incluida en todas las entradas pagadas al museo.<\/p>\n<hr \/>\n<p>\u00a1La admisi\u00f3n siempre es gratis para miembros del TMA!<\/p>\n<p>Esta exhibici\u00f3n est\u00e1 incluida con todas las admisiones pagadas al museo.<\/p>\n<\/div><\/section><\/div>","protected":false},"excerpt":{"rendered":"","protected":false},"author":178,"featured_media":0,"parent":0,"menu_order":0,"comment_status":"closed","ping_status":"closed","template":"","meta":{"_price":"","_stock":"","_tribe_ticket_header":"","_tribe_default_ticket_provider":"","_tribe_ticket_capacity":"0","_ticket_start_date":"","_ticket_end_date":"","_tribe_ticket_show_description":"","_tribe_ticket_show_not_going":false,"_tribe_ticket_use_global_stock":"","_tribe_ticket_global_stock_level":"","_global_stock_mode":"","_global_stock_cap":"","_tribe_rsvp_for_event":"","_tribe_ticket_going_count":"","_tribe_ticket_not_going_count":"","_tribe_tickets_list":"[]","_tribe_ticket_has_attendee_info_fields":false,"footnotes":""},"class_list":["post-37722","page","type-page","status-publish","hentry"],"publishpress_future_action":{"enabled":false,"date":"2026-04-21 08:08:39","action":"change-status","newStatus":"draft","terms":[],"taxonomy":"","extraData":[]},"publishpress_future_workflow_manual_trigger":{"enabledWorkflows":[]},"_links":{"self":[{"href":"https:\/\/www.tucsonmuseumofart.org\/es\/wp-json\/wp\/v2\/pages\/37722","targetHints":{"allow":["GET"]}}],"collection":[{"href":"https:\/\/www.tucsonmuseumofart.org\/es\/wp-json\/wp\/v2\/pages"}],"about":[{"href":"https:\/\/www.tucsonmuseumofart.org\/es\/wp-json\/wp\/v2\/types\/page"}],"author":[{"embeddable":true,"href":"https:\/\/www.tucsonmuseumofart.org\/es\/wp-json\/wp\/v2\/users\/178"}],"replies":[{"embeddable":true,"href":"https:\/\/www.tucsonmuseumofart.org\/es\/wp-json\/wp\/v2\/comments?post=37722"}],"version-history":[{"count":22,"href":"https:\/\/www.tucsonmuseumofart.org\/es\/wp-json\/wp\/v2\/pages\/37722\/revisions"}],"predecessor-version":[{"id":40278,"href":"https:\/\/www.tucsonmuseumofart.org\/es\/wp-json\/wp\/v2\/pages\/37722\/revisions\/40278"}],"wp:attachment":[{"href":"https:\/\/www.tucsonmuseumofart.org\/es\/wp-json\/wp\/v2\/media?parent=37722"}],"curies":[{"name":"wp","href":"https:\/\/api.w.org\/{rel}","templated":true}]}}