{"id":37729,"date":"2024-04-24T09:52:14","date_gmt":"2024-04-24T16:52:14","guid":{"rendered":"https:\/\/www.tucsonmuseumofart.org\/?page_id=37729"},"modified":"2025-11-25T15:33:08","modified_gmt":"2025-11-25T22:33:08","slug":"community-gallery","status":"publish","type":"page","link":"https:\/\/www.tucsonmuseumofart.org\/es\/community-gallery\/","title":{"rendered":"Galer\u00eda de la comunidad"},"content":{"rendered":"<div id='av_section_1'  class='avia-section av-11r54v5-a80c66b22f9e1bca3708c4434661869b main_color avia-section-default avia-no-border-styling  avia-builder-el-0  avia-builder-el-no-sibling  avia-bg-style-scroll container_wrap fullsize'  ><div class='container av-section-cont-open' ><main  role=\"main\" itemprop=\"mainContentOfPage\"  class='template-page content  av-content-full alpha units'><div class='post-entry post-entry-type-page post-entry-37729'><div class='entry-content-wrapper clearfix'>\n\n<style type=\"text\/css\" data-created_by=\"avia_inline_auto\" id=\"style-css-av-lvczxr9r-c1cd9e59149d0cdcc31caa5e80115a1e\">\n#top .av-special-heading.av-lvczxr9r-c1cd9e59149d0cdcc31caa5e80115a1e{\npadding-bottom:10px;\n}\nbody .av-special-heading.av-lvczxr9r-c1cd9e59149d0cdcc31caa5e80115a1e .av-special-heading-tag .heading-char{\nfont-size:25px;\n}\n.av-special-heading.av-lvczxr9r-c1cd9e59149d0cdcc31caa5e80115a1e .av-subheading{\nfont-size:15px;\n}\n<\/style>\n<div  class='av-special-heading av-lvczxr9r-c1cd9e59149d0cdcc31caa5e80115a1e av-special-heading-h1 blockquote modern-quote modern-centered  avia-builder-el-1  el_before_av_hr  avia-builder-el-first'><h1 class='av-special-heading-tag'  itemprop=\"headline\"  >Community Gallery \/ Galer\u00eda Comunitaria<\/h1><div class=\"special-heading-border\"><div class=\"special-heading-inner-border\"><\/div><\/div><\/div>\n<div  class='hr av-ijfq8x-48045b361c4092a072b9ccf54eb64a66 hr-default  avia-builder-el-2  el_after_av_heading  el_before_av_image'><span class='hr-inner'><span class=\"hr-inner-style\"><\/span><\/span><\/div>\n\n<style type=\"text\/css\" data-created_by=\"avia_inline_auto\" id=\"style-css-av-midkle94-e93c0c29dc62e4b3ee7110f8b15d5696\">\n.avia-image-container.av-midkle94-e93c0c29dc62e4b3ee7110f8b15d5696 img.avia_image{\nbox-shadow:none;\n}\n.avia-image-container.av-midkle94-e93c0c29dc62e4b3ee7110f8b15d5696 .av-image-caption-overlay-center{\ncolor:#ffffff;\n}\n<\/style>\n<div  class='avia-image-container av-midkle94-e93c0c29dc62e4b3ee7110f8b15d5696 av-styling- avia-align-center  avia-builder-el-3  el_after_av_hr  el_before_av_hr'   itemprop=\"image\" itemscope=\"itemscope\" itemtype=\"https:\/\/schema.org\/ImageObject\" ><div class=\"avia-image-container-inner\"><div class=\"avia-image-overlay-wrap\"><img decoding=\"async\" class='wp-image-43932 avia-img-lazy-loading-not-43932 avia_image' src=\"https:\/\/www.tucsonmuseumofart.org\/wp-content\/uploads\/2025\/11\/WeRecoverTogether_Burden_1-825x1030.jpg\" alt='' title='WeRecoverTogether_Burden_1'  height=\"1030\" width=\"825\"  itemprop=\"thumbnailUrl\" srcset=\"https:\/\/www.tucsonmuseumofart.org\/wp-content\/uploads\/2025\/11\/WeRecoverTogether_Burden_1-825x1030.jpg 825w, https:\/\/www.tucsonmuseumofart.org\/wp-content\/uploads\/2025\/11\/WeRecoverTogether_Burden_1-240x300.jpg 240w, https:\/\/www.tucsonmuseumofart.org\/wp-content\/uploads\/2025\/11\/WeRecoverTogether_Burden_1-768x958.jpg 768w, https:\/\/www.tucsonmuseumofart.org\/wp-content\/uploads\/2025\/11\/WeRecoverTogether_Burden_1-1231x1536.jpg 1231w, https:\/\/www.tucsonmuseumofart.org\/wp-content\/uploads\/2025\/11\/WeRecoverTogether_Burden_1-1641x2048.jpg 1641w, https:\/\/www.tucsonmuseumofart.org\/wp-content\/uploads\/2025\/11\/WeRecoverTogether_Burden_1-10x12.jpg 10w, https:\/\/www.tucsonmuseumofart.org\/wp-content\/uploads\/2025\/11\/WeRecoverTogether_Burden_1-1202x1500.jpg 1202w, https:\/\/www.tucsonmuseumofart.org\/wp-content\/uploads\/2025\/11\/WeRecoverTogether_Burden_1-565x705.jpg 565w, https:\/\/www.tucsonmuseumofart.org\/wp-content\/uploads\/2025\/11\/WeRecoverTogether_Burden_1-450x562.jpg 450w\" sizes=\"(max-width: 825px) 100vw, 825px\" \/><\/div><\/div><\/div>\n\n<style type=\"text\/css\" data-created_by=\"avia_inline_auto\" id=\"style-css-av-m0o9fw7l-0d21099f22ed5a859f0827971f14b150\">\n#top .hr.hr-invisible.av-m0o9fw7l-0d21099f22ed5a859f0827971f14b150{\nheight:50px;\n}\n<\/style>\n<div  class='hr av-m0o9fw7l-0d21099f22ed5a859f0827971f14b150 hr-invisible  avia-builder-el-4  el_after_av_image  el_before_av_one_fourth'><span class='hr-inner'><span class=\"hr-inner-style\"><\/span><\/span><\/div>\n<div  class='flex_column av-r3loyp-dca36b3f516ba3c5bc8bc0b668e231a9 av_one_fourth  avia-builder-el-5  el_after_av_hr  el_before_av_one_half  first flex_column_div'     ><section  class='av_textblock_section av-m0o99ogf-ad45722bb8bf46741d536c4d3593ec03'   itemscope=\"itemscope\" itemtype=\"https:\/\/schema.org\/CreativeWork\" ><div class='avia_textblock'  itemprop=\"text\" ><p><strong>Current Exhibition:<\/strong><br \/>\nNovember 22, 2025 \u2013 May 10, 2026<\/p>\n<p><strong>Horario del museo:<br \/>\n<\/strong>mi\u00e9rcoles \u2013 domingo<br \/>\n10:00 a. m. a 5:00 p. m.<\/p>\n<hr \/>\n<p><strong>Exhibici\u00f3n Actual:<\/strong><br \/>\n22 de noviembrede 2025 \u2013 10 de mayo de 2026<\/p>\n<p><strong>Horario del museo:<\/strong><br \/>\nMi\u00e9rcoles \u2013 Domingo<br \/>\n10:00 a. m. a 5:00 p. m.<\/p>\n<\/div><\/section><\/div><div  class='flex_column av-1414iv5-b91183dfaf6a38b6d64a98fd73b6eba3 av_one_half  avia-builder-el-7  el_after_av_one_fourth  el_before_av_one_fourth  flex_column_div'     ><section  class='av_textblock_section av-lvd0140b-3ae200c157b76ec68390496e984d05e0'   itemscope=\"itemscope\" itemtype=\"https:\/\/schema.org\/CreativeWork\" ><div class='avia_textblock'  itemprop=\"text\" ><p><em>We Recover Together: The Most Important Element<\/em>, an installation by artist Elizabeth Burden, tells the story of recovery as a communal, creative practice\u2014 through art, writing, and sound. The original project involved city-wide, socially engaged artworks where connections emerged as a method for lived and embodied harm reduction, wellbeing, and recovery through collective making, story sharing, and encountering one another as full human beings.<\/p>\n<p>This installation is part of the 2025 SaludArte Program in partnership with Pima County Health Department and the Arts Foundation for Tucson and Southern Arizona.<\/p>\n<hr \/>\n<p><em>Nos Recuperamos Juntos: El Elemento Mas Importante (We Recover Together: The Most Important Element<\/em>), una instalaci\u00f3n de la artista Elizabeth Burden, cuenta la historia de la recuperaci\u00f3n como pr\u00e1ctica comunitaria y creativa\u2014a trav\u00e9s del arte, la escritura, y el sonido. El proyecto original involucro toda la ciudad con obras de arte comprometidas socialmente, en las que conexiones surg\u00edan como un m\u00e9todo vivido y personificado de reducci\u00f3n de da\u00f1o, bienestar y recuperaci\u00f3n a trav\u00e9s de la creaci\u00f3n colectiva, el intercambio de historias y el encuentro entre personas como plenos seres humanos.<\/p>\n<p>Esta instalaci\u00f3n forma parte del Programa SaludArte 2025 en colaboraci\u00f3n con el Departamento de Salud del Condado de Pima y Arts Foundation para Tucson y el Sur de Arizona.<\/p>\n<\/div><\/section><\/div><div  class='flex_column av-1jsc6w1-a5909b9c206d741cc26d48d9d6f183d0 av_one_fourth  avia-builder-el-9  el_after_av_one_half  avia-builder-el-last  flex_column_div'     ><section  class='av_textblock_section av-m0o95j6q-7aafa38ecae378ce9b2825f50ec4e820'   itemscope=\"itemscope\" itemtype=\"https:\/\/schema.org\/CreativeWork\" ><div class='avia_textblock'  itemprop=\"text\" ><p>\u00a1La entrada es siempre gratuita para los miembros de TMA!<\/p>\n<p>Esta exposici\u00f3n est\u00e1 incluida en todas las entradas pagadas al museo.<\/p>\n<hr \/>\n<p>\u00a1La admisi\u00f3n siempre es gratis para miembros del TMA!<\/p>\n<p>Esta exhibici\u00f3n est\u00e1 incluida con todas las admisiones pagadas al museo.<\/p>\n<\/div><\/section><\/div>","protected":false},"excerpt":{"rendered":"","protected":false},"author":178,"featured_media":0,"parent":0,"menu_order":0,"comment_status":"closed","ping_status":"closed","template":"","meta":{"_price":"","_stock":"","_tribe_ticket_header":"","_tribe_default_ticket_provider":"","_tribe_ticket_capacity":"0","_ticket_start_date":"","_ticket_end_date":"","_tribe_ticket_show_description":"","_tribe_ticket_show_not_going":false,"_tribe_ticket_use_global_stock":"","_tribe_ticket_global_stock_level":"","_global_stock_mode":"","_global_stock_cap":"","_tribe_rsvp_for_event":"","_tribe_ticket_going_count":"","_tribe_ticket_not_going_count":"","_tribe_tickets_list":"[]","_tribe_ticket_has_attendee_info_fields":false,"footnotes":""},"class_list":["post-37729","page","type-page","status-publish","hentry"],"publishpress_future_action":{"enabled":false,"date":"2026-04-12 18:13:56","action":"change-status","newStatus":"draft","terms":[],"taxonomy":"","extraData":[]},"publishpress_future_workflow_manual_trigger":{"enabledWorkflows":[]},"_links":{"self":[{"href":"https:\/\/www.tucsonmuseumofart.org\/es\/wp-json\/wp\/v2\/pages\/37729","targetHints":{"allow":["GET"]}}],"collection":[{"href":"https:\/\/www.tucsonmuseumofart.org\/es\/wp-json\/wp\/v2\/pages"}],"about":[{"href":"https:\/\/www.tucsonmuseumofart.org\/es\/wp-json\/wp\/v2\/types\/page"}],"author":[{"embeddable":true,"href":"https:\/\/www.tucsonmuseumofart.org\/es\/wp-json\/wp\/v2\/users\/178"}],"replies":[{"embeddable":true,"href":"https:\/\/www.tucsonmuseumofart.org\/es\/wp-json\/wp\/v2\/comments?post=37729"}],"version-history":[{"count":36,"href":"https:\/\/www.tucsonmuseumofart.org\/es\/wp-json\/wp\/v2\/pages\/37729\/revisions"}],"predecessor-version":[{"id":43942,"href":"https:\/\/www.tucsonmuseumofart.org\/es\/wp-json\/wp\/v2\/pages\/37729\/revisions\/43942"}],"wp:attachment":[{"href":"https:\/\/www.tucsonmuseumofart.org\/es\/wp-json\/wp\/v2\/media?parent=37729"}],"curies":[{"name":"wp","href":"https:\/\/api.w.org\/{rel}","templated":true}]}}