{"id":37751,"date":"2024-04-24T09:59:08","date_gmt":"2024-04-24T16:59:08","guid":{"rendered":"https:\/\/www.tucsonmuseumofart.org\/?page_id=37751"},"modified":"2025-05-01T14:48:26","modified_gmt":"2025-05-01T21:48:26","slug":"history-room","status":"publish","type":"page","link":"https:\/\/www.tucsonmuseumofart.org\/es\/history-room\/","title":{"rendered":"History Room"},"content":{"rendered":"<div id='av_section_1'  class='avia-section av-16k3k47-d58e6b881d3417de5febbcd703f92353 main_color avia-section-default avia-no-border-styling  avia-builder-el-0  avia-builder-el-no-sibling  avia-bg-style-scroll container_wrap fullsize'  ><div class='container av-section-cont-open' ><main  role=\"main\" itemprop=\"mainContentOfPage\"  class='template-page content  av-content-full alpha units'><div class='post-entry post-entry-type-page post-entry-37751'><div class='entry-content-wrapper clearfix'>\n\n<style type=\"text\/css\" data-created_by=\"avia_inline_auto\" id=\"style-css-av-lvd0v7so-ed79c46cbeb05869ef11b07a98bebaa8\">\n#top .av-special-heading.av-lvd0v7so-ed79c46cbeb05869ef11b07a98bebaa8{\npadding-bottom:10px;\n}\nbody .av-special-heading.av-lvd0v7so-ed79c46cbeb05869ef11b07a98bebaa8 .av-special-heading-tag .heading-char{\nfont-size:25px;\n}\n.av-special-heading.av-lvd0v7so-ed79c46cbeb05869ef11b07a98bebaa8 .av-subheading{\nfont-size:15px;\n}\n<\/style>\n<div  class='av-special-heading av-lvd0v7so-ed79c46cbeb05869ef11b07a98bebaa8 av-special-heading-h1 blockquote modern-quote modern-centered  avia-builder-el-1  el_before_av_hr  avia-builder-el-first'><h1 class='av-special-heading-tag'  itemprop=\"headline\"  >History Room: TMA\u2019s Historic Block \/ Sala de Historia: El Bloque Hist\u00f3rico de TMA<\/h1><div class=\"special-heading-border\"><div class=\"special-heading-inner-border\"><\/div><\/div><\/div>\n<div  class='hr av-r3wes7-26aaafb0c0072c1a4fa72dd4d6f9eba4 hr-default  avia-builder-el-2  el_after_av_heading  el_before_av_gallery'><span class='hr-inner'><span class=\"hr-inner-style\"><\/span><\/span><\/div>\n\n<style type=\"text\/css\" data-created_by=\"avia_inline_auto\" id=\"style-css-av-lvd19tsp-e2e391e330f81f9ee237f059a83be17f\">\n#top .avia-gallery.av-lvd19tsp-e2e391e330f81f9ee237f059a83be17f .avia-gallery-thumb a{\nwidth:33.3333%;\n}\n<\/style>\n<div  class='avia-gallery av-lvd19tsp-e2e391e330f81f9ee237f059a83be17f avia_animate_when_visible  avia-builder-el-3  el_after_av_hr  el_before_av_hr  avia_lazyload avia-gallery-animate avia-gallery-1'  itemprop=\"image\" itemscope=\"itemscope\" itemtype=\"https:\/\/schema.org\/ImageObject\" ><meta itemprop=\"contentURL\" content=\"https:\/\/www.tucsonmuseumofart.org\/es\/history-room\/\"><div class='avia-gallery-thumb'><a href=\"https:\/\/www.tucsonmuseumofart.org\/wp-content\/uploads\/2016\/09\/CasaCordova_2-1030x687.jpg\" data-srcset=\"https:\/\/www.tucsonmuseumofart.org\/wp-content\/uploads\/2016\/09\/CasaCordova_2-1030x687.jpg 1030w, https:\/\/www.tucsonmuseumofart.org\/wp-content\/uploads\/2016\/09\/CasaCordova_2-450x300.jpg 450w, https:\/\/www.tucsonmuseumofart.org\/wp-content\/uploads\/2016\/09\/CasaCordova_2-300x200.jpg 300w, https:\/\/www.tucsonmuseumofart.org\/wp-content\/uploads\/2016\/09\/CasaCordova_2-768x512.jpg 768w, https:\/\/www.tucsonmuseumofart.org\/wp-content\/uploads\/2016\/09\/CasaCordova_2-1500x1000.jpg 1500w, https:\/\/www.tucsonmuseumofart.org\/wp-content\/uploads\/2016\/09\/CasaCordova_2-705x470.jpg 705w\" data-sizes=\"(max-width: 1030px) 100vw, 1030px\" data-rel='gallery-1' data-prev-img='https:\/\/www.tucsonmuseumofart.org\/wp-content\/uploads\/2016\/09\/CasaCordova_2-495x400.jpg' class='first_thumb lightbox' data-onclick='1' title='La Casa C\u00f3rdoba '  itemprop=\"thumbnailUrl\"  ><img decoding=\"async\" class=\"wp-image-187 avia-img-lazy-loading-not-187\"  data-avia-tooltip='La Casa Cordova ' src=\"https:\/\/www.tucsonmuseumofart.org\/wp-content\/uploads\/2016\/09\/CasaCordova_2-845x684.jpg\" width=\"845\" height=\"684\"  title='casacordova_2' alt='' srcset=\"https:\/\/www.tucsonmuseumofart.org\/wp-content\/uploads\/2016\/09\/CasaCordova_2-845x684.jpg 845w, https:\/\/www.tucsonmuseumofart.org\/wp-content\/uploads\/2016\/09\/CasaCordova_2-495x400.jpg 495w\" sizes=\"(max-width: 845px) 100vw, 845px\" \/><div class='big-prev-fake'><img loading=\"lazy\" decoding=\"async\" class=\"wp-image-187 avia-img-lazy-loading-187\"  width=\"495\" height=\"400\" src=\"https:\/\/www.tucsonmuseumofart.org\/wp-content\/uploads\/2016\/09\/CasaCordova_2-495x400.jpg\" title='casacordova_2' alt='' srcset=\"https:\/\/www.tucsonmuseumofart.org\/wp-content\/uploads\/2016\/09\/CasaCordova_2-495x400.jpg 495w, https:\/\/www.tucsonmuseumofart.org\/wp-content\/uploads\/2016\/09\/CasaCordova_2-845x684.jpg 845w\" sizes=\"auto, (max-width: 495px) 100vw, 495px\" \/><\/div><\/a><a href=\"https:\/\/www.tucsonmuseumofart.org\/wp-content\/uploads\/2016\/09\/corbetthouse_1-1030x687.jpg\" data-srcset=\"https:\/\/www.tucsonmuseumofart.org\/wp-content\/uploads\/2016\/09\/corbetthouse_1-1030x687.jpg 1030w, https:\/\/www.tucsonmuseumofart.org\/wp-content\/uploads\/2016\/09\/corbetthouse_1-450x300.jpg 450w, https:\/\/www.tucsonmuseumofart.org\/wp-content\/uploads\/2016\/09\/corbetthouse_1-300x200.jpg 300w, https:\/\/www.tucsonmuseumofart.org\/wp-content\/uploads\/2016\/09\/corbetthouse_1-768x512.jpg 768w, https:\/\/www.tucsonmuseumofart.org\/wp-content\/uploads\/2016\/09\/corbetthouse_1-1500x1000.jpg 1500w, https:\/\/www.tucsonmuseumofart.org\/wp-content\/uploads\/2016\/09\/corbetthouse_1-705x470.jpg 705w\" data-sizes=\"(max-width: 1030px) 100vw, 1030px\" data-rel='gallery-1' data-prev-img='https:\/\/www.tucsonmuseumofart.org\/wp-content\/uploads\/2016\/09\/corbetthouse_1-495x400.jpg' class='lightbox' data-onclick='2' title='Casa J. Knox Corbett '  itemprop=\"thumbnailUrl\"  ><img decoding=\"async\" class=\"wp-image-191 avia-img-lazy-loading-not-191\"  data-avia-tooltip='J. Knox Corbett House ' src=\"https:\/\/www.tucsonmuseumofart.org\/wp-content\/uploads\/2016\/09\/corbetthouse_1-845x684.jpg\" width=\"845\" height=\"684\"  title='corbetthouse_1' alt='' srcset=\"https:\/\/www.tucsonmuseumofart.org\/wp-content\/uploads\/2016\/09\/corbetthouse_1-845x684.jpg 845w, https:\/\/www.tucsonmuseumofart.org\/wp-content\/uploads\/2016\/09\/corbetthouse_1-495x400.jpg 495w\" sizes=\"(max-width: 845px) 100vw, 845px\" \/><div class='big-prev-fake'><img loading=\"lazy\" decoding=\"async\" class=\"wp-image-191 avia-img-lazy-loading-191\"  width=\"495\" height=\"400\" src=\"https:\/\/www.tucsonmuseumofart.org\/wp-content\/uploads\/2016\/09\/corbetthouse_1-495x400.jpg\" title='corbetthouse_1' alt='' srcset=\"https:\/\/www.tucsonmuseumofart.org\/wp-content\/uploads\/2016\/09\/corbetthouse_1-495x400.jpg 495w, https:\/\/www.tucsonmuseumofart.org\/wp-content\/uploads\/2016\/09\/corbetthouse_1-845x684.jpg 845w\" sizes=\"auto, (max-width: 495px) 100vw, 495px\" \/><\/div><\/a><a href=\"https:\/\/www.tucsonmuseumofart.org\/wp-content\/uploads\/2016\/09\/Fish-House-1030x773.jpg\" data-srcset=\"https:\/\/www.tucsonmuseumofart.org\/wp-content\/uploads\/2016\/09\/Fish-House-1030x773.jpg 1030w, https:\/\/www.tucsonmuseumofart.org\/wp-content\/uploads\/2016\/09\/Fish-House-450x338.jpg 450w, https:\/\/www.tucsonmuseumofart.org\/wp-content\/uploads\/2016\/09\/Fish-House-300x225.jpg 300w, https:\/\/www.tucsonmuseumofart.org\/wp-content\/uploads\/2016\/09\/Fish-House-768x576.jpg 768w, https:\/\/www.tucsonmuseumofart.org\/wp-content\/uploads\/2016\/09\/Fish-House-1500x1125.jpg 1500w, https:\/\/www.tucsonmuseumofart.org\/wp-content\/uploads\/2016\/09\/Fish-House-705x529.jpg 705w, https:\/\/www.tucsonmuseumofart.org\/wp-content\/uploads\/2016\/09\/Fish-House.jpg 1600w\" data-sizes=\"(max-width: 1030px) 100vw, 1030px\" data-rel='gallery-1' data-prev-img='https:\/\/www.tucsonmuseumofart.org\/wp-content\/uploads\/2016\/09\/Fish-House-495x400.jpg' class='lightbox' data-onclick='3' title='The Fish House'  itemprop=\"thumbnailUrl\"  ><img decoding=\"async\" class=\"wp-image-1822 avia-img-lazy-loading-not-1822\"  data-avia-tooltip='The Fish House' src=\"https:\/\/www.tucsonmuseumofart.org\/wp-content\/uploads\/2016\/09\/Fish-House-845x684.jpg\" width=\"845\" height=\"684\"  title='fish-house' alt='' srcset=\"https:\/\/www.tucsonmuseumofart.org\/wp-content\/uploads\/2016\/09\/Fish-House-845x684.jpg 845w, https:\/\/www.tucsonmuseumofart.org\/wp-content\/uploads\/2016\/09\/Fish-House-495x400.jpg 495w\" sizes=\"(max-width: 845px) 100vw, 845px\" \/><div class='big-prev-fake'><img loading=\"lazy\" decoding=\"async\" class=\"wp-image-1822 avia-img-lazy-loading-1822\"  width=\"495\" height=\"400\" src=\"https:\/\/www.tucsonmuseumofart.org\/wp-content\/uploads\/2016\/09\/Fish-House-495x400.jpg\" title='fish-house' alt='' srcset=\"https:\/\/www.tucsonmuseumofart.org\/wp-content\/uploads\/2016\/09\/Fish-House-495x400.jpg 495w, https:\/\/www.tucsonmuseumofart.org\/wp-content\/uploads\/2016\/09\/Fish-House-845x684.jpg 845w\" sizes=\"auto, (max-width: 495px) 100vw, 495px\" \/><\/div><\/a><\/div><\/div>\n\n<style type=\"text\/css\" data-created_by=\"avia_inline_auto\" id=\"style-css-av-m0o9lgyq-5c98d53850d06749747fd55380e76956\">\n#top .hr.hr-invisible.av-m0o9lgyq-5c98d53850d06749747fd55380e76956{\nheight:50px;\n}\n<\/style>\n<div  class='hr av-m0o9lgyq-5c98d53850d06749747fd55380e76956 hr-invisible  avia-builder-el-4  el_after_av_gallery  el_before_av_one_fourth'><span class='hr-inner'><span class=\"hr-inner-style\"><\/span><\/span><\/div>\n<div  class='flex_column av-25yhwhj-2ffdfb15be35f01fdf8ad31de4f7dd2d av_one_fourth  avia-builder-el-5  el_after_av_hr  el_before_av_one_half  first flex_column_div'     ><section  class='av_textblock_section av-lvd0vqi7-853bc05a3821e303d5e23e0044282425'   itemscope=\"itemscope\" itemtype=\"https:\/\/schema.org\/CreativeWork\" ><div class='avia_textblock'  itemprop=\"text\" ><p><strong>Horario del museo:<br \/>\n<\/strong>mi\u00e9rcoles \u2013 domingo<br \/>\n10:00 a. m. a 5:00 p. m.<\/p>\n<hr \/>\n<p><strong>Horario del museo:<\/strong><br \/>\nMi\u00e9rcoles \u2013 Domingo<br \/>\n10:00 a. m. a 5:00 p. m.<\/p>\n<\/div><\/section><\/div><div  class='flex_column av-69uivr-386b7627bc858327d1224a4640464350 av_one_half  avia-builder-el-7  el_after_av_one_fourth  el_before_av_one_fourth  flex_column_div'     ><section  class='av_textblock_section av-15vbxcn-b54a786a60c5aaca7a67c6b36b0dbad7'   itemscope=\"itemscope\" itemtype=\"https:\/\/schema.org\/CreativeWork\" ><div class='avia_textblock'  itemprop=\"text\" ><p>In this interpretive space, learn about the structures that make up the museum\u2019s Historic Block and the people who inhabited them\u2014with a focus on the families and architecture along Main Avenue and the historic El Presidio. Main Avenue, once known as Calle Real, served as the central roadway through Tucson, connecting the Spanish territories. Edward Fish, Hiram Stevens, and Milton B. Duffield purchased land along Calle Real in the 1860s. In the early 1900s, J. Knox Corbett and his family constructed their home along the renamed road, Main Avenue. The Casa Cordova and Romero Houses, located east of this area, were constructed in the mid to late 1800s, and housed early Tucson families and businesses.<\/p>\n<p>The buildings that comprise TMA\u2019s Historic Block were saved from urban renewal in the 1960s and 1970s, and were placed under the museum\u2019s care, which continues today.<\/p>\n<hr \/>\n<p>En este espacio interpretativo, aprenda sobre las estructuras que conforman el Bloque Hist\u00f3rico del museo y las personas que las habitaron, centr\u00e1ndose en las familias y la arquitectura a lo largo de Main Avenue y el hist\u00f3rico El Presidio. Main Avenue, anteriormente conocida como Calle Real, fue la v\u00eda central de Tucson y conectaba los territorios espa\u00f1oles. Edward Fish, Hiram Stevens y Milton B. Duffield compraron terrenos a lo largo de la Calle Real en la d\u00e9cada de 1860. A principios del siglo XX, J. Knox Corbett y su familia construyeron su casa a lo largo de la calle renombrada Main Avenue. La Casa Cordova y la Casa Romero, situadas al este de esta zona, se construyeron a mediados y finales del siglo XIX y albergaron a las primeras familias y negocios de Tucson.<\/p>\n<p>Los edificios que componen el Bloque Hist\u00f3rico de TMA se salvaron de la renovaci\u00f3n urbana en las d\u00e9cadas de 1960 y 1970, y se pusieron bajo el cuidado del museo, que contin\u00faa hasta el d\u00eda de hoy.<\/p>\n<\/div><\/section><\/div><div  class='flex_column av-2rt247-a15cf8e10dfe2314f76e5605e2371d15 av_one_fourth  avia-builder-el-9  el_after_av_one_half  avia-builder-el-last  flex_column_div'     ><section  class='av_textblock_section av-m2fzjj8l-c3cd8cc916a6ad50b536a628e98ec948'   itemscope=\"itemscope\" itemtype=\"https:\/\/schema.org\/CreativeWork\" ><div class='avia_textblock'  itemprop=\"text\" ><p>\u00a1La entrada es siempre gratuita para los miembros de TMA!<\/p>\n<p>Esta exposici\u00f3n est\u00e1 incluida en todas las entradas pagadas al museo.<\/p>\n<hr \/>\n<p>\u00a1La admisi\u00f3n siempre es gratis para miembros del TMA!<\/p>\n<p>Esta exhibici\u00f3n est\u00e1 incluida con todas las admisiones pagadas al museo.<\/p>\n<\/div><\/section><\/div>","protected":false},"excerpt":{"rendered":"","protected":false},"author":178,"featured_media":0,"parent":0,"menu_order":0,"comment_status":"closed","ping_status":"closed","template":"","meta":{"_price":"","_stock":"","_tribe_ticket_header":"","_tribe_default_ticket_provider":"","_tribe_ticket_capacity":"0","_ticket_start_date":"","_ticket_end_date":"","_tribe_ticket_show_description":"","_tribe_ticket_show_not_going":false,"_tribe_ticket_use_global_stock":"","_tribe_ticket_global_stock_level":"","_global_stock_mode":"","_global_stock_cap":"","_tribe_rsvp_for_event":"","_tribe_ticket_going_count":"","_tribe_ticket_not_going_count":"","_tribe_tickets_list":"[]","_tribe_ticket_has_attendee_info_fields":false,"footnotes":""},"class_list":["post-37751","page","type-page","status-publish","hentry"],"publishpress_future_action":{"enabled":false,"date":"2026-04-13 18:02:36","action":"change-status","newStatus":"draft","terms":[],"taxonomy":"","extraData":[]},"publishpress_future_workflow_manual_trigger":{"enabledWorkflows":[]},"_links":{"self":[{"href":"https:\/\/www.tucsonmuseumofart.org\/es\/wp-json\/wp\/v2\/pages\/37751","targetHints":{"allow":["GET"]}}],"collection":[{"href":"https:\/\/www.tucsonmuseumofart.org\/es\/wp-json\/wp\/v2\/pages"}],"about":[{"href":"https:\/\/www.tucsonmuseumofart.org\/es\/wp-json\/wp\/v2\/types\/page"}],"author":[{"embeddable":true,"href":"https:\/\/www.tucsonmuseumofart.org\/es\/wp-json\/wp\/v2\/users\/178"}],"replies":[{"embeddable":true,"href":"https:\/\/www.tucsonmuseumofart.org\/es\/wp-json\/wp\/v2\/comments?post=37751"}],"version-history":[{"count":20,"href":"https:\/\/www.tucsonmuseumofart.org\/es\/wp-json\/wp\/v2\/pages\/37751\/revisions"}],"predecessor-version":[{"id":42562,"href":"https:\/\/www.tucsonmuseumofart.org\/es\/wp-json\/wp\/v2\/pages\/37751\/revisions\/42562"}],"wp:attachment":[{"href":"https:\/\/www.tucsonmuseumofart.org\/es\/wp-json\/wp\/v2\/media?parent=37751"}],"curies":[{"name":"wp","href":"https:\/\/api.w.org\/{rel}","templated":true}]}}