{"id":41702,"date":"2025-12-30T12:00:50","date_gmt":"2025-12-30T19:00:50","guid":{"rendered":"https:\/\/www.tucsonmuseumofart.org\/?page_id=41702"},"modified":"2026-02-02T13:23:59","modified_gmt":"2026-02-02T20:23:59","slug":"dinner-a-lart-2026","status":"publish","type":"page","link":"https:\/\/www.tucsonmuseumofart.org\/es\/dinner-a-lart-2026\/","title":{"rendered":"Dinner \u00e0 l\u2019Art 2026"},"content":{"rendered":"<div  class='flex_column av-th1d7j-a612adc2c150abe15bff424f035998c0 av_one_full  avia-builder-el-0  el_before_av_section  avia-builder-el-no-sibling  first flex_column_div'     ><style type=\"text\/css\" data-created_by=\"avia_inline_auto\" id=\"style-css-av-lrif82ei-cf6f70e43e944034b4716db692eefe0f\">\n.avia-image-container.av-lrif82ei-cf6f70e43e944034b4716db692eefe0f img.avia_image{\nbox-shadow:none;\n}\n.avia-image-container.av-lrif82ei-cf6f70e43e944034b4716db692eefe0f .av-image-caption-overlay-center{\ncolor:#ffffff;\n}\n<\/style>\n<div  class='avia-image-container av-lrif82ei-cf6f70e43e944034b4716db692eefe0f av-styling- avia-align-center  avia-builder-el-1  avia-builder-el-no-sibling'   itemprop=\"image\" itemscope=\"itemscope\" itemtype=\"https:\/\/schema.org\/ImageObject\" ><div class=\"avia-image-container-inner\"><div class=\"avia-image-overlay-wrap\"><img decoding=\"async\" class='wp-image-36362 avia-img-lazy-loading-not-36362 avia_image' src=\"https:\/\/www.tucsonmuseumofart.org\/wp-content\/uploads\/2024\/01\/Dinners-logo.png\" alt='' title='Dinners logo'  height=\"453\" width=\"1793\"  itemprop=\"thumbnailUrl\" srcset=\"https:\/\/www.tucsonmuseumofart.org\/wp-content\/uploads\/2024\/01\/Dinners-logo.png 1793w, https:\/\/www.tucsonmuseumofart.org\/wp-content\/uploads\/2024\/01\/Dinners-logo-450x114.png 450w, https:\/\/www.tucsonmuseumofart.org\/wp-content\/uploads\/2024\/01\/Dinners-logo-300x76.png 300w, https:\/\/www.tucsonmuseumofart.org\/wp-content\/uploads\/2024\/01\/Dinners-logo-1030x260.png 1030w, https:\/\/www.tucsonmuseumofart.org\/wp-content\/uploads\/2024\/01\/Dinners-logo-768x194.png 768w, https:\/\/www.tucsonmuseumofart.org\/wp-content\/uploads\/2024\/01\/Dinners-logo-1536x388.png 1536w, https:\/\/www.tucsonmuseumofart.org\/wp-content\/uploads\/2024\/01\/Dinners-logo-18x5.png 18w, https:\/\/www.tucsonmuseumofart.org\/wp-content\/uploads\/2024\/01\/Dinners-logo-1500x379.png 1500w, https:\/\/www.tucsonmuseumofart.org\/wp-content\/uploads\/2024\/01\/Dinners-logo-705x178.png 705w\" sizes=\"(max-width: 1793px) 100vw, 1793px\" \/><\/div><\/div><\/div><\/div>\n<\/div><\/div><\/div><!-- close content main div --><\/div><\/div><div id='av_section_1'  class='avia-section av-12iuq5m-61b615316c3e569243faf57e25137d3b main_color avia-section-default avia-no-shadow  avia-builder-el-2  el_after_av_one_full  el_before_av_section  avia-bg-style-scroll container_wrap fullsize'  ><div class='container av-section-cont-open' ><div class='template-page content  av-content-full alpha units'><div class='post-entry post-entry-type-page post-entry-41702'><div class='entry-content-wrapper clearfix'>\n\n<style type=\"text\/css\" data-created_by=\"avia_inline_auto\" id=\"style-css-av-xhfqey-c0990dd45b55200d5905d0e2de566e0b\">\n.flex_column.av-xhfqey-c0990dd45b55200d5905d0e2de566e0b{\nborder-radius:0px 0px 0px 0px;\npadding:0px 0px 0px 0px;\n}\n<\/style>\n<div  class='flex_column av-xhfqey-c0990dd45b55200d5905d0e2de566e0b av_one_half  avia-builder-el-3  el_before_av_one_half  avia-builder-el-first  first flex_column_div av-zero-column-padding'     ><p>\n<style type=\"text\/css\" data-created_by=\"avia_inline_auto\" id=\"style-css-av-5ngx16-42392d6a6392649f95eb8db4836e5af1\">\n#top .av-special-heading.av-5ngx16-42392d6a6392649f95eb8db4836e5af1{\npadding-bottom:30px;\n}\nbody .av-special-heading.av-5ngx16-42392d6a6392649f95eb8db4836e5af1 .av-special-heading-tag .heading-char{\nfont-size:25px;\n}\n.av-special-heading.av-5ngx16-42392d6a6392649f95eb8db4836e5af1 .av-subheading{\nfont-size:15px;\n}\n<\/style>\n<div  class='av-special-heading av-5ngx16-42392d6a6392649f95eb8db4836e5af1 av-special-heading-h2 blockquote modern-quote  avia-builder-el-4  el_before_av_textblock  avia-builder-el-first  av-linked-heading'><h2 class='av-special-heading-tag'  itemprop=\"headline\"  >Join Us in Support of TMA with Dinner \u00e0 l\u2019Art 2026<\/h2><div class=\"special-heading-border\"><div class=\"special-heading-inner-border\"><\/div><\/div><\/div><br \/>\n<section  class='av_textblock_section av-351dyi-a377eedfd484a063233ec8f67d21f61b'   itemscope=\"itemscope\" itemtype=\"https:\/\/schema.org\/CreativeWork\" ><div class='avia_textblock'  itemprop=\"text\" ><p>For more than 30 years, the Tucson Museum of Art League has organized Dinner \u00e0 l\u2019Art as a delightful way to support TMA\u2019s mission. The tradition continues in 2026.<\/p>\n<p>Cada cena seguramente brindar\u00e1 una agradable velada en compa\u00f1\u00eda de los amantes del arte. Planifique ahora para reservar su cena especial de comida y vino excepcionales, con una conversaci\u00f3n animada. Todas las cenas se llevar\u00e1n a cabo en las casas de los anfitriones, a menos que se indique lo contrario.<\/p>\n<p>\u00bfPreguntas? <a href=\"mailto:dinneralarttma@gmail.com\">Env\u00edenos un correo electr\u00f3nico<\/a><\/p>\n<\/div><\/section><\/p><\/div>\n<style type=\"text\/css\" data-created_by=\"avia_inline_auto\" id=\"style-css-av-11kpawa-405a8352cdc473c00876f97717e485ba\">\n.flex_column.av-11kpawa-405a8352cdc473c00876f97717e485ba{\nborder-radius:0px 0px 0px 0px;\npadding:20px 20px 20px 20px;\nbackground-color:#ededed;\n}\n<\/style>\n<div  class='flex_column av-11kpawa-405a8352cdc473c00876f97717e485ba av_one_half  avia-builder-el-6  el_after_av_one_half  el_before_av_one_full  flex_column_div'     ><p>\n<style type=\"text\/css\" data-created_by=\"avia_inline_auto\" id=\"style-css-av-47ouju-302f82a52e855cbf168546173a64c733\">\n#top .av-special-heading.av-47ouju-302f82a52e855cbf168546173a64c733{\npadding-bottom:30px;\n}\nbody .av-special-heading.av-47ouju-302f82a52e855cbf168546173a64c733 .av-special-heading-tag .heading-char{\nfont-size:25px;\n}\n.av-special-heading.av-47ouju-302f82a52e855cbf168546173a64c733 .av-subheading{\nfont-size:15px;\n}\n<\/style>\n<div  class='av-special-heading av-47ouju-302f82a52e855cbf168546173a64c733 av-special-heading-h2 blockquote modern-quote  avia-builder-el-7  el_before_av_textblock  avia-builder-el-first  av-linked-heading'><h2 class='av-special-heading-tag'  itemprop=\"headline\"  >Proceso de reserva<\/h2><div class=\"special-heading-border\"><div class=\"special-heading-inner-border\"><\/div><\/div><\/div><br \/>\n<section  class='av_textblock_section av-351dyi-18-3e69305d926f6130b7890f17d202a908'   itemscope=\"itemscope\" itemtype=\"https:\/\/schema.org\/CreativeWork\" ><div class='avia_textblock'  itemprop=\"text\" ><p>Los asientos en las cenas se reservar\u00e1n por orden de llegada a trav\u00e9s de este sitio web, incluido el pago con tarjeta de cr\u00e9dito.<\/p>\n<p>Those who prefer to purchase seats by phone call 520-616-2692.<\/p>\n<\/div><\/section><br \/>\n<div  class='avia-buttonrow-wrap av-k55i3oez-ca497fe946c1431234b6123ccbb65900 avia-buttonrow-left  avia-builder-el-9  el_after_av_textblock  avia-builder-el-last'>\n\n<style type=\"text\/css\" data-created_by=\"avia_inline_auto\" id=\"style-css-av-5ma1tm-bbf58ff5602367ead49bb422eeddd343\">\n#top #wrap_all .avia-button.av-5ma1tm-bbf58ff5602367ead49bb422eeddd343{\nmargin-bottom:5px;\nmargin-right:5px;\n}\n<\/style>\n<a href='https:\/\/www.tucsonmuseumofart.org\/wp-content\/uploads\/2026\/01\/2026-Dinners-Menus.pdf'  class='avia-button av-5ma1tm-bbf58ff5602367ead49bb422eeddd343 avia-icon_select-no avia-size-medium avia-color-dark'  ><span class='avia_iconbox_title' >DESCARGAR MEN\u00daS<\/span><\/a>\n<\/div><\/p><\/div>\n<style type=\"text\/css\" data-created_by=\"avia_inline_auto\" id=\"style-css-av-awyjqi-479b372f7854a224a27b682f7a97240c\">\n.flex_column.av-awyjqi-479b372f7854a224a27b682f7a97240c{\nborder-radius:0px 0px 0px 0px;\npadding:0px 0px 0px 0px;\n}\n<\/style>\n<div  class='flex_column av-awyjqi-479b372f7854a224a27b682f7a97240c av_one_full  avia-builder-el-10  el_after_av_one_half  el_before_av_hr  first flex_column_div av-zero-column-padding  column-top-margin'     ><style type=\"text\/css\" data-created_by=\"avia_inline_auto\" id=\"style-css-av-29w7ay-f10d573e2a26bd88c0615871d98d4b25\">\n#top .av-special-heading.av-29w7ay-f10d573e2a26bd88c0615871d98d4b25{\npadding-bottom:10px;\n}\nbody .av-special-heading.av-29w7ay-f10d573e2a26bd88c0615871d98d4b25 .av-special-heading-tag .heading-char{\nfont-size:25px;\n}\n.av-special-heading.av-29w7ay-f10d573e2a26bd88c0615871d98d4b25 .av-subheading{\nfont-size:15px;\n}\n<\/style>\n<div  class='av-special-heading av-29w7ay-f10d573e2a26bd88c0615871d98d4b25 av-special-heading-h2 blockquote modern-quote  avia-builder-el-11  avia-builder-el-no-sibling  av-linked-heading'><h2 class='av-special-heading-tag'  itemprop=\"headline\"  >2026 Dinners<\/h2><div class=\"special-heading-border\"><div class=\"special-heading-inner-border\"><\/div><\/div><\/div><\/div><div  class='hr av-9xdn2n3-c6bb6c14c645d2bebf3bc4d14cbbf2d5 hr-default  avia-builder-el-12  el_after_av_one_full  el_before_av_one_half'><span class='hr-inner'><span class=\"hr-inner-style\"><\/span><\/span><\/div>\n\n<style type=\"text\/css\" data-created_by=\"avia_inline_auto\" id=\"style-css-av-4ov7cq-92bdb9e8efe94c06f39ad47f6950461a\">\n.flex_column.av-4ov7cq-92bdb9e8efe94c06f39ad47f6950461a{\nborder-radius:0px 0px 0px 0px;\npadding:0px 0px 0px 0px;\n}\n<\/style>\n<div  class='flex_column av-4ov7cq-92bdb9e8efe94c06f39ad47f6950461a av_one_half  avia-builder-el-13  el_after_av_hr  el_before_av_one_half  first flex_column_div av-zero-column-padding'     ><p><section  class='av_textblock_section av-k4p2v5uj-9f113d589b494ee3cc3805f91a2efffd'   itemscope=\"itemscope\" itemtype=\"https:\/\/schema.org\/CreativeWork\" ><div class='avia_textblock'  itemprop=\"text\" ><p>CENA #1<br \/>\nFrench Feast Celebrating Art<br \/>\nTuesday, February 10, 2026 at 6:00 p.m. for 10 guests<br \/>\nLocated in Northeast Catalina Foothills<br \/>\nHosted by Moira Geoffrion with Wine Sponsored by Beth Foster<\/p>\n<\/div><\/section><br \/>\n<div  class='avia-buttonrow-wrap av-25f141y-fbf86513cabc89a12185c600076ab93d avia-buttonrow-left  avia-builder-el-15  el_after_av_textblock  el_before_av_buttonrow'>\n\n<style type=\"text\/css\" data-created_by=\"avia_inline_auto\" id=\"style-css-av-1pel85i-44b4b5b52aba4ee7db32b285643d67c7\">\n#top #wrap_all .avia-button.av-1pel85i-44b4b5b52aba4ee7db32b285643d67c7{\nmargin-bottom:5px;\nmargin-right:5px;\n}\n<\/style>\n<a href='https:\/\/www.tucsonmuseumofart.org\/wp-content\/uploads\/2026\/01\/Menu-2026-02-10-Geoffrion.pdf'  class='avia-button av-1pel85i-44b4b5b52aba4ee7db32b285643d67c7 avia-icon_select-no avia-size-medium avia-color-dark'  ><span class='avia_iconbox_title' >DOWNLOAD THE MENU<\/span><\/a>\n<\/div><br \/>\n<div  class='avia-buttonrow-wrap av-14zaw1y-cd7ff154d83718e6161d6e18c8cc7a00 avia-buttonrow-left  avia-builder-el-16  el_after_av_buttonrow  avia-builder-el-last'>\n\n<style type=\"text\/css\" data-created_by=\"avia_inline_auto\" id=\"style-css-av-vxihty-638901de53a29840d9c04170758a8c2f\">\n#top #wrap_all .avia-button.av-vxihty-638901de53a29840d9c04170758a8c2f{\nmargin-bottom:5px;\nmargin-right:5px;\n}\n<\/style>\n<a href='https:\/\/12194a.blackbaudhosting.com\/12194a\/Dinner-a-la-Art---French-Feast-Celebrating-Art---TMAL-Dinner-1'  class='avia-button av-vxihty-638901de53a29840d9c04170758a8c2f avia-icon_select-no avia-size-medium avia-color-dark'  ><span class='avia_iconbox_title' >AGOTADO<\/span><\/a>\n<\/div><\/p><\/div>\n<style type=\"text\/css\" data-created_by=\"avia_inline_auto\" id=\"style-css-av-38hhju-58bcd49cf57fd4def97dea299032a237\">\n.flex_column.av-38hhju-58bcd49cf57fd4def97dea299032a237{\nborder-radius:0px 0px 0px 0px;\npadding:0px 0px 0px 0px;\n}\n<\/style>\n<div  class='flex_column av-38hhju-58bcd49cf57fd4def97dea299032a237 av_one_half  avia-builder-el-17  el_after_av_one_half  el_before_av_one_half  flex_column_div av-zero-column-padding'     ><p><section  class='av_textblock_section av-k4p2v5uj-9-c02ceffbd46e0078b97ce3379a630963'   itemscope=\"itemscope\" itemtype=\"https:\/\/schema.org\/CreativeWork\" ><div class='avia_textblock'  itemprop=\"text\" ><p>CENA #2<br \/>\nA Wine Pairing Dinner at Bear Mountain Lodge, Silver City, NM<br \/>\nFriday, February 27, 2026 at 6:00 p.m. for 20 guests<br \/>\nLocated in Silver City, New Mexico<br \/>\nPresentado por John McNulty, Jeff Brown, Linda Brewer y John Rohovec<\/p>\n<\/div><\/section><br \/>\n<div  class='avia-buttonrow-wrap av-m73yi59q-a6e44f0b1bcd32f88ac2edfcbf866497 avia-buttonrow-left  avia-builder-el-19  el_after_av_textblock  el_before_av_buttonrow'>\n\n<style type=\"text\/css\" data-created_by=\"avia_inline_auto\" id=\"style-css-av-m73yi44v-c45332cd90ad09790e310ac38e41cdb3\">\n#top #wrap_all .avia-button.av-m73yi44v-c45332cd90ad09790e310ac38e41cdb3{\nmargin-bottom:5px;\nmargin-right:5px;\n}\n<\/style>\n<a href='https:\/\/www.tucsonmuseumofart.org\/wp-content\/uploads\/2025\/12\/Menu-2026-02-27-McNulty-Brown-Brewer-Rohovec.pdf'  class='avia-button av-m73yi44v-c45332cd90ad09790e310ac38e41cdb3 avia-icon_select-no avia-size-medium avia-color-dark'  ><span class='avia_iconbox_title' >DOWNLOAD THE MENU<\/span><\/a>\n<\/div><br \/>\n<div  class='avia-buttonrow-wrap av-m73yja66-5b55864203f5fc6e7044d8ead3e1a732 avia-buttonrow-left  avia-builder-el-20  el_after_av_buttonrow  avia-builder-el-last'>\n\n<style type=\"text\/css\" data-created_by=\"avia_inline_auto\" id=\"style-css-av-m73yj9f4-2bfa07bdb7bd0129469ea71895acb156\">\n#top #wrap_all .avia-button.av-m73yj9f4-2bfa07bdb7bd0129469ea71895acb156{\nmargin-bottom:5px;\nmargin-right:5px;\n}\n<\/style>\n<a href='https:\/\/12194a.blackbaudhosting.com\/12194a\/Dinner-a-la-Art---A-Wine-Pairing-Dinner-at-Bear-Mountain-Lodge---TMAL-Dinner-2'  class='avia-button av-m73yj9f4-2bfa07bdb7bd0129469ea71895acb156 avia-icon_select-no avia-size-medium avia-color-dark'  ><span class='avia_iconbox_title' >COMPRAR ENTRADAS<\/span><\/a>\n<\/div><\/p><\/div>\n<style type=\"text\/css\" data-created_by=\"avia_inline_auto\" id=\"style-css-av-5mqh8h2-9c12c18405052d69774f7dc9424a37cc\">\n.flex_column.av-5mqh8h2-9c12c18405052d69774f7dc9424a37cc{\nborder-radius:0px 0px 0px 0px;\npadding:0px 0px 0px 0px;\n}\n<\/style>\n<div  class='flex_column av-5mqh8h2-9c12c18405052d69774f7dc9424a37cc av_one_half  avia-builder-el-21  el_after_av_one_half  el_before_av_one_half  first flex_column_div av-zero-column-padding  column-top-margin'     ><p><section  class='av_textblock_section av-59b5jl2-000a479e6394e93570f9e75fb63b50bb'   itemscope=\"itemscope\" itemtype=\"https:\/\/schema.org\/CreativeWork\" ><div class='avia_textblock'  itemprop=\"text\" ><p>CENA #3<br \/>\nChampagne, Camaraderie &amp; Collaborations<br \/>\nFriday, March 13, 2026 at 6:00 p.m. for 10 guests<br \/>\nCatalina Foothills &#8211; Tucson<br \/>\nHosted by Heidi &amp; Josh King<\/p>\n<\/div><\/section><br \/>\n<div  class='avia-buttonrow-wrap av-4o27tk6-71712dbbe63c77fd15004740565770e8 avia-buttonrow-left  avia-builder-el-23  el_after_av_textblock  el_before_av_buttonrow'>\n\n<style type=\"text\/css\" data-created_by=\"avia_inline_auto\" id=\"style-css-av-4biv3uu-bdeadbc7528512e190d7115ac5a7ef76\">\n#top #wrap_all .avia-button.av-4biv3uu-bdeadbc7528512e190d7115ac5a7ef76{\nmargin-bottom:5px;\nmargin-right:5px;\n}\n<\/style>\n<a href='https:\/\/www.tucsonmuseumofart.org\/wp-content\/uploads\/2025\/12\/Menu-2026-03-13-King.pdf'  class='avia-button av-4biv3uu-bdeadbc7528512e190d7115ac5a7ef76 avia-icon_select-no avia-size-medium avia-color-dark'  ><span class='avia_iconbox_title' >DOWNLOAD THE MENU<\/span><\/a>\n<\/div><br \/>\n<div  class='avia-buttonrow-wrap av-3qcfekm-11e6db6486e4febed8f3bf83e1178293 avia-buttonrow-left  avia-builder-el-24  el_after_av_buttonrow  avia-builder-el-last'>\n\n<style type=\"text\/css\" data-created_by=\"avia_inline_auto\" id=\"style-css-av-3fx3qti-56b7a7d96498f531eab886c29c76e823\">\n#top #wrap_all .avia-button.av-3fx3qti-56b7a7d96498f531eab886c29c76e823{\nmargin-bottom:5px;\nmargin-right:5px;\n}\n<\/style>\n<a href='https:\/\/12194a.blackbaudhosting.com\/12194a\/Dinner-a-la-Art---Champagne-Camaraderie--Collaborations---TMAL-Dinner-3'  class='avia-button av-3fx3qti-56b7a7d96498f531eab886c29c76e823 avia-icon_select-no avia-size-medium avia-color-dark'  ><span class='avia_iconbox_title' >AGOTADO<\/span><\/a>\n<\/div><\/p><\/div>\n<style type=\"text\/css\" data-created_by=\"avia_inline_auto\" id=\"style-css-av-372teti-8aa6dbaa257eb4f3ca0150c7bff3e6c7\">\n.flex_column.av-372teti-8aa6dbaa257eb4f3ca0150c7bff3e6c7{\nborder-radius:0px 0px 0px 0px;\npadding:0px 0px 0px 0px;\n}\n<\/style>\n<div  class='flex_column av-372teti-8aa6dbaa257eb4f3ca0150c7bff3e6c7 av_one_half  avia-builder-el-25  el_after_av_one_half  el_before_av_hr  flex_column_div av-zero-column-padding  column-top-margin'     ><p><section  class='av_textblock_section av-8oaqyu-5047ae49c2b1bce34b73d9a1b5ee287c'   itemscope=\"itemscope\" itemtype=\"https:\/\/schema.org\/CreativeWork\" ><div class='avia_textblock'  itemprop=\"text\" ><p>CENA #4<br \/>\nA Tour Through Art and Sky<br \/>\nSaturday, March 14, 2025 at 4:30 p.m. for 6 guests<br \/>\nLocated on the far east side of Tucson near Saguaro East National Park<br \/>\nHosted by Holley Bakich &amp; Brenda Schweder<\/p>\n<\/div><\/section><br \/>\n<div  class='avia-buttonrow-wrap av-277g7pi-e24a7a1109d35576ef67bae940035e6a avia-buttonrow-left  avia-builder-el-27  el_after_av_textblock  el_before_av_buttonrow'>\n\n<style type=\"text\/css\" data-created_by=\"avia_inline_auto\" id=\"style-css-av-1r24kna-c5f70e98b95d127c39e208a5c44fcc94\">\n#top #wrap_all .avia-button.av-1r24kna-c5f70e98b95d127c39e208a5c44fcc94{\nmargin-bottom:5px;\nmargin-right:5px;\n}\n<\/style>\n<a href='https:\/\/www.tucsonmuseumofart.org\/wp-content\/uploads\/2025\/12\/Menu-2026-03-14-Bakich-Schweder.pdf'  class='avia-button av-1r24kna-c5f70e98b95d127c39e208a5c44fcc94 avia-icon_select-no avia-size-medium avia-color-dark'  ><span class='avia_iconbox_title' >DOWNLOAD THE MENU<\/span><\/a>\n<\/div><br \/>\n<div  class='avia-buttonrow-wrap av-18e0bty-683b0962fd665e52bf164fe1e2a9ded9 avia-buttonrow-left  avia-builder-el-28  el_after_av_buttonrow  avia-builder-el-last'>\n\n<style type=\"text\/css\" data-created_by=\"avia_inline_auto\" id=\"style-css-av-wzqiva-d8be6172ef26519aa9d7ac9ef89d7008\">\n#top #wrap_all .avia-button.av-wzqiva-d8be6172ef26519aa9d7ac9ef89d7008{\nmargin-bottom:5px;\nmargin-right:5px;\n}\n<\/style>\n<a href='https:\/\/12194a.blackbaudhosting.com\/12194a\/Dinner-a-la-Art---A-Tour-Through-Art-and-Sky---TMAL-Dinner-4'  class='avia-button av-wzqiva-d8be6172ef26519aa9d7ac9ef89d7008 avia-icon_select-no avia-size-medium avia-color-dark'  ><span class='avia_iconbox_title' >AGOTADO<\/span><\/a>\n<\/div><\/p><\/div><div  class='hr av-jm74sm-acb578802e351edb861f23d76bf2ece6 hr-default  avia-builder-el-29  el_after_av_one_half  avia-builder-el-last'><span class='hr-inner'><span class=\"hr-inner-style\"><\/span><\/span><\/div>\n<\/div><\/div><\/div><!-- close content main div --><\/div><\/div>\n<style type=\"text\/css\" data-created_by=\"avia_inline_auto\" id=\"style-css-av-6shgwa-408d88d6a16c3b0dda2786b489272265\">\n.avia-section.av-6shgwa-408d88d6a16c3b0dda2786b489272265 .av-section-color-overlay{\nopacity:0.5;\nbackground-color:#000000;\n}\n<\/style>\n<div id='av_section_2'  class='avia-section av-6shgwa-408d88d6a16c3b0dda2786b489272265 main_color avia-section-default avia-no-border-styling  avia-builder-el-30  el_after_av_section  avia-builder-el-last  avia-bg-style-parallax av-section-color-overlay-active av-minimum-height av-minimum-height-100 av-height-100  container_wrap fullsize'   data-av_minimum_height_pc='100' data-av_min_height_opt='100'><div class=\"av-section-color-overlay-wrap\"><div class=\"av-section-color-overlay\"><\/div><div class='container av-section-cont-open' ><div class='template-page content  av-content-full alpha units'><div class='post-entry post-entry-type-page post-entry-41702'><div class='entry-content-wrapper clearfix'>\n\n<style type=\"text\/css\" data-created_by=\"avia_inline_auto\" id=\"style-css-av-6lac6y-48ed8ecf0c2c50492cdcb7bff3534c07\">\n#top .av-special-heading.av-6lac6y-48ed8ecf0c2c50492cdcb7bff3534c07{\npadding-bottom:30px;\ncolor:#ffffff;\nfont-size:40px;\n}\nbody .av-special-heading.av-6lac6y-48ed8ecf0c2c50492cdcb7bff3534c07 .av-special-heading-tag .heading-char{\nfont-size:25px;\n}\n#top #wrap_all .av-special-heading.av-6lac6y-48ed8ecf0c2c50492cdcb7bff3534c07 .av-special-heading-tag{\nfont-size:40px;\n}\n.av-special-heading.av-6lac6y-48ed8ecf0c2c50492cdcb7bff3534c07 .special-heading-inner-border{\nborder-color:#ffffff;\n}\n.av-special-heading.av-6lac6y-48ed8ecf0c2c50492cdcb7bff3534c07 .av-subheading{\nfont-size:20px;\n}\n\n@media only screen and (min-width: 480px) and (max-width: 767px){ \n#top #wrap_all .av-special-heading.av-6lac6y-48ed8ecf0c2c50492cdcb7bff3534c07 .av-special-heading-tag{\nfont-size:0.8em;\n}\n}\n\n@media only screen and (max-width: 479px){ \n#top #wrap_all .av-special-heading.av-6lac6y-48ed8ecf0c2c50492cdcb7bff3534c07 .av-special-heading-tag{\nfont-size:0.8em;\n}\n}\n<\/style>\n<div  class='av-special-heading av-6lac6y-48ed8ecf0c2c50492cdcb7bff3534c07 av-special-heading-h1 custom-color-heading blockquote modern-quote modern-centered  avia-builder-el-31  avia-builder-el-no-sibling  av-inherit-size'><h1 class='av-special-heading-tag'  itemprop=\"headline\"  >Una agradable velada en compa\u00f1\u00eda de amantes del arte para apoyar la misi\u00f3n de TMA<\/h1><div class=\"special-heading-border\"><div class=\"special-heading-inner-border\"><\/div><\/div><\/div>\n<\/p>","protected":false},"excerpt":{"rendered":"","protected":false},"author":178,"featured_media":0,"parent":0,"menu_order":0,"comment_status":"closed","ping_status":"closed","template":"","meta":{"_price":"","_stock":"","_tribe_ticket_header":"","_tribe_default_ticket_provider":"","_tribe_ticket_capacity":"0","_ticket_start_date":"","_ticket_end_date":"","_tribe_ticket_show_description":"","_tribe_ticket_show_not_going":false,"_tribe_ticket_use_global_stock":"","_tribe_ticket_global_stock_level":"","_global_stock_mode":"","_global_stock_cap":"","_tribe_rsvp_for_event":"","_tribe_ticket_going_count":"","_tribe_ticket_not_going_count":"","_tribe_tickets_list":"[]","_tribe_ticket_has_attendee_info_fields":false,"footnotes":""},"class_list":["post-41702","page","type-page","status-publish","hentry"],"publishpress_future_action":{"enabled":false,"date":"2026-04-23 10:03:18","action":"change-status","newStatus":"draft","terms":[],"taxonomy":"","extraData":[]},"publishpress_future_workflow_manual_trigger":{"enabledWorkflows":[]},"_links":{"self":[{"href":"https:\/\/www.tucsonmuseumofart.org\/es\/wp-json\/wp\/v2\/pages\/41702","targetHints":{"allow":["GET"]}}],"collection":[{"href":"https:\/\/www.tucsonmuseumofart.org\/es\/wp-json\/wp\/v2\/pages"}],"about":[{"href":"https:\/\/www.tucsonmuseumofart.org\/es\/wp-json\/wp\/v2\/types\/page"}],"author":[{"embeddable":true,"href":"https:\/\/www.tucsonmuseumofart.org\/es\/wp-json\/wp\/v2\/users\/178"}],"replies":[{"embeddable":true,"href":"https:\/\/www.tucsonmuseumofart.org\/es\/wp-json\/wp\/v2\/comments?post=41702"}],"version-history":[{"count":31,"href":"https:\/\/www.tucsonmuseumofart.org\/es\/wp-json\/wp\/v2\/pages\/41702\/revisions"}],"predecessor-version":[{"id":44360,"href":"https:\/\/www.tucsonmuseumofart.org\/es\/wp-json\/wp\/v2\/pages\/41702\/revisions\/44360"}],"wp:attachment":[{"href":"https:\/\/www.tucsonmuseumofart.org\/es\/wp-json\/wp\/v2\/media?parent=41702"}],"curies":[{"name":"wp","href":"https:\/\/api.w.org\/{rel}","templated":true}]}}