{"id":43,"date":"2016-08-10T17:35:14","date_gmt":"2016-08-10T21:35:14","guid":{"rendered":"https:\/\/www.tucsonmuseumofart.org\/?page_id=43"},"modified":"2025-07-07T11:16:07","modified_gmt":"2025-07-07T18:16:07","slug":"adult-tours","status":"publish","type":"page","link":"https:\/\/www.tucsonmuseumofart.org\/es\/adult-tours\/","title":{"rendered":"Tours para adultos"},"content":{"rendered":"<div id='av_section_1'  class='avia-section av-f61zb-09e7dde2dc4137033d67e6aa820b7456 main_color avia-section-default avia-no-shadow  avia-builder-el-0  el_before_av_section  avia-builder-el-first  avia-bg-style-scroll container_wrap fullsize'  ><div class='container av-section-cont-open' ><main  role=\"main\" itemprop=\"mainContentOfPage\"  class='template-page content  av-content-full alpha units'><div class='post-entry post-entry-type-page post-entry-43'><div class='entry-content-wrapper clearfix'>\n\n<style type=\"text\/css\" data-created_by=\"avia_inline_auto\" id=\"style-css-av-qfpar-4dedb45d3b3a16731f241ab903ab035c\">\n#top .av-special-heading.av-qfpar-4dedb45d3b3a16731f241ab903ab035c{\npadding-bottom:0;\nfont-size:40px;\n}\nbody .av-special-heading.av-qfpar-4dedb45d3b3a16731f241ab903ab035c .av-special-heading-tag .heading-char{\nfont-size:25px;\n}\n#top #wrap_all .av-special-heading.av-qfpar-4dedb45d3b3a16731f241ab903ab035c .av-special-heading-tag{\nfont-size:40px;\n}\n.av-special-heading.av-qfpar-4dedb45d3b3a16731f241ab903ab035c .av-subheading{\nfont-size:20px;\n}\n\n@media only screen and (min-width: 480px) and (max-width: 767px){ \n#top #wrap_all .av-special-heading.av-qfpar-4dedb45d3b3a16731f241ab903ab035c .av-special-heading-tag{\nfont-size:0.8em;\n}\n}\n\n@media only screen and (max-width: 479px){ \n#top #wrap_all .av-special-heading.av-qfpar-4dedb45d3b3a16731f241ab903ab035c .av-special-heading-tag{\nfont-size:0.8em;\n}\n}\n<\/style>\n<div  class='av-special-heading av-qfpar-4dedb45d3b3a16731f241ab903ab035c av-special-heading-h1 custom-color-heading blockquote modern-quote modern-centered  avia-builder-el-1  el_before_av_hr  avia-builder-el-first  av-inherit-size'><h1 class='av-special-heading-tag'  itemprop=\"headline\"  >About Adult\/College Tours<\/h1><div class=\"special-heading-border\"><div class=\"special-heading-inner-border\"><\/div><\/div><\/div>\n<div  class='hr av-4293-7424e40e18dfbc3b6dbbf450ad22533d hr-default  avia-builder-el-2  el_after_av_heading  el_before_av_one_half'><span class='hr-inner'><span class=\"hr-inner-style\"><\/span><\/span><\/div>\n\n<style type=\"text\/css\" data-created_by=\"avia_inline_auto\" id=\"style-css-av-erhd7-dc9e8e3e56ea0940d2e2fcbb1d704f95\">\n.flex_column.av-erhd7-dc9e8e3e56ea0940d2e2fcbb1d704f95{\nborder-radius:0px 0px 0px 0px;\npadding:0px 0px 0px 0px;\n}\n<\/style>\n<div  class='flex_column av-erhd7-dc9e8e3e56ea0940d2e2fcbb1d704f95 av_one_half  avia-builder-el-3  el_after_av_hr  el_before_av_one_half  first flex_column_div av-zero-column-padding'     ><p>\n<style type=\"text\/css\" data-created_by=\"avia_inline_auto\" id=\"style-css-av-ut27-e7e15e607e202b5a6d7a42c3e1c176df\">\n#top .av-special-heading.av-ut27-e7e15e607e202b5a6d7a42c3e1c176df{\npadding-bottom:40px;\n}\nbody .av-special-heading.av-ut27-e7e15e607e202b5a6d7a42c3e1c176df .av-special-heading-tag .heading-char{\nfont-size:25px;\n}\n.av-special-heading.av-ut27-e7e15e607e202b5a6d7a42c3e1c176df .av-subheading{\nfont-size:20px;\n}\n<\/style>\n<div  class='av-special-heading av-ut27-e7e15e607e202b5a6d7a42c3e1c176df av-special-heading-h2 custom-color-heading blockquote modern-quote  avia-builder-el-4  el_before_av_textblock  avia-builder-el-first'><h2 class='av-special-heading-tag'  itemprop=\"headline\"  >Programar un recorrido<\/h2><div class=\"special-heading-border\"><div class=\"special-heading-inner-border\"><\/div><\/div><\/div><br \/>\n<section  class='av_textblock_section av-de2nv-fd26490c6baf7d1bf4e9520a7d8a86cc'   itemscope=\"itemscope\" itemtype=\"https:\/\/schema.org\/CreativeWork\" ><div class='avia_textblock'  itemprop=\"text\" ><p>The museum provides docent led tours for both adult groups and college students. These tours can be customized by specific exhibitions, collections, or topics. Docents can also provide a highlights tour that gives guests a brief taste of what the museum has to offer. Docent Tours normally last one hour. For additional information and questions, please contact the education department at <a href=\"mailto:education@tucsonmuseumofart.org\">education@tucsonmuseumofart.org<\/a>. Tours are Wednesday through Sunday 10 a.m. \u2013 4 p.m. weekly.<\/p>\n<p>*Tours must be scheduled four weeks prior to desired tour date. On occasion we can accommodate tour requests with shorter notice, please call (520) 624-2333 ext. 7102, or email <a href=\"mailto:education@tucsonmuseumofart.org\" target=\"_blank\" rel=\"noopener\">education@tucsonmuseumofart.org<\/a>.<\/p>\n<ul>\n<li><strong>College Tours:<\/strong> $10 per student<\/li>\n<li><strong>Adults Tours:<\/strong> $15 Adults \/ $12 Seniors ages 65+<\/li>\n<\/ul>\n<p>Previa solicitud, se puede proporcionar interpretaci\u00f3n en lenguaje de se\u00f1as americano para los recorridos. Los visitantes podr\u00e1n solicitar este servicio hasta dos semanas antes de la fecha de la conferencia. Para solicitar este servicio llame a Isa\u00ed Pacheco al tel\u00e9fono <a href=\"mailto:ipacheco@tucsonmuseumofart.org\" target=\"_blank\" rel=\"noopener\">ipacheco@tucsonmuseumofart.org<\/a> o 520-616-2699.<\/p>\n<p>Previa solicitud, se puede proporcionar interpretaci\u00f3n en espa\u00f1ol para visitas guiadas. Los visitantes pueden solicitar este servicio hasta dos semanas antes de la fecha de la visita guiada. Para solicitar este servicio comun\u00edquese con Isa\u00ed Pacheco a <a href=\"mailto:ipacheco@tucsonmuseumofart.org\" target=\"_blank\" rel=\"noopener\">ipacheco@tucsonmuseumofart.org<\/a> o 520-616-2699.<\/p>\n<\/div><\/section><br \/>\n\n<style type=\"text\/css\" data-created_by=\"avia_inline_auto\" id=\"style-css-av-1aeej-fc0ec8bf6330ab3c2782a16698a2acd3\">\n#top .hr.hr-invisible.av-1aeej-fc0ec8bf6330ab3c2782a16698a2acd3{\nheight:20px;\n}\n<\/style>\n<div  class='hr av-1aeej-fc0ec8bf6330ab3c2782a16698a2acd3 hr-invisible  avia-builder-el-6  el_after_av_textblock  el_before_av_button'><span class='hr-inner'><span class=\"hr-inner-style\"><\/span><\/span><\/div><br \/>\n<div  class='avia-button-wrap av-l6v7b44x-367b870f2a3f39bbde9d035cc614dbb5-wrap avia-button-left  avia-builder-el-7  el_after_av_hr  avia-builder-el-last'>\n<style type=\"text\/css\" data-created_by=\"avia_inline_auto\" id=\"style-css-av-l6v7b44x-367b870f2a3f39bbde9d035cc614dbb5\">\n#top #wrap_all .avia-button.av-l6v7b44x-367b870f2a3f39bbde9d035cc614dbb5:hover{\ncolor:black;\ntransition:all 0.4s ease-in-out;\n}\n<\/style>\n<a href='https:\/\/www.tucsonmuseumofart.org\/es\/schedule-a-tour\/'  class='avia-button av-l6v7b44x-367b870f2a3f39bbde9d035cc614dbb5 avia-icon_select-no avia-size-large avia-position-left avia-color-black avia-font-color-white'  target=\"_blank\"  rel=\"noopener noreferrer\" ><span class='avia_iconbox_title' >Programar Tour<\/span><span class='avia_button_background avia-button avia-color-theme-color-highlight' ><\/span><\/a><\/div><\/p><\/div>\n<style type=\"text\/css\" data-created_by=\"avia_inline_auto\" id=\"style-css-av-2kqdr-fa23fa35862b604e4d72ee6a3a59041b\">\n.flex_column.av-2kqdr-fa23fa35862b604e4d72ee6a3a59041b{\nborder-radius:0px 0px 0px 0px;\npadding:0px 0px 0px 0px;\n}\n<\/style>\n<div  class='flex_column av-2kqdr-fa23fa35862b604e4d72ee6a3a59041b av_one_half  avia-builder-el-8  el_after_av_one_half  el_before_av_hr  flex_column_div av-zero-column-padding'     ><style type=\"text\/css\" data-created_by=\"avia_inline_auto\" id=\"style-css-av-1vpgf-b4f4929e3367036d17700f6aae74d54e\">\n.avia-image-container.av-1vpgf-b4f4929e3367036d17700f6aae74d54e img.avia_image{\nbox-shadow:none;\n}\n.avia-image-container.av-1vpgf-b4f4929e3367036d17700f6aae74d54e .av-image-caption-overlay-center{\ncolor:#ffffff;\n}\n<\/style>\n<div  class='avia-image-container av-1vpgf-b4f4929e3367036d17700f6aae74d54e av-styling-no-styling avia-align-center  avia-builder-el-9  avia-builder-el-no-sibling'   itemprop=\"image\" itemscope=\"itemscope\" itemtype=\"https:\/\/schema.org\/ImageObject\" ><div class=\"avia-image-container-inner\"><div class=\"avia-image-overlay-wrap\"><img decoding=\"async\" class='wp-image-29128 avia-img-lazy-loading-not-29128 avia_image' src=\"https:\/\/www.tucsonmuseumofart.org\/wp-content\/uploads\/2022\/08\/For-Web-DSCF6289-HDR-845x684.jpg\" alt='' title='Para Web - DSCF6289-HDR'  height=\"684\" width=\"845\"  itemprop=\"thumbnailUrl\" srcset=\"https:\/\/www.tucsonmuseumofart.org\/wp-content\/uploads\/2022\/08\/For-Web-DSCF6289-HDR-845x684.jpg 845w, https:\/\/www.tucsonmuseumofart.org\/wp-content\/uploads\/2022\/08\/For-Web-DSCF6289-HDR-495x400.jpg 495w\" sizes=\"(max-width: 845px) 100vw, 845px\" \/><\/div><\/div><\/div><\/div><div  class='hr av-15n6n-aa300f591106b8d286f84f6493d5e5fb hr-default  avia-builder-el-10  el_after_av_one_half  el_before_av_one_half'><span class='hr-inner'><span class=\"hr-inner-style\"><\/span><\/span><\/div>\n\n<style type=\"text\/css\" data-created_by=\"avia_inline_auto\" id=\"style-css-av-bh1h7-83b1b31a0b4f93a829d095854740b2e4\">\n.flex_column.av-bh1h7-83b1b31a0b4f93a829d095854740b2e4{\nborder-radius:0px 0px 0px 0px;\npadding:0px 0px 0px 0px;\n}\n<\/style>\n<div  class='flex_column av-bh1h7-83b1b31a0b4f93a829d095854740b2e4 av_one_half  avia-builder-el-11  el_after_av_hr  el_before_av_one_half  first flex_column_div av-zero-column-padding'     ><style type=\"text\/css\" data-created_by=\"avia_inline_auto\" id=\"style-css-av-aw50b-952e7f7b76fce85dbca8ee6a7aacfa9f\">\n.avia-image-container.av-aw50b-952e7f7b76fce85dbca8ee6a7aacfa9f img.avia_image{\nbox-shadow:none;\n}\n.avia-image-container.av-aw50b-952e7f7b76fce85dbca8ee6a7aacfa9f .av-image-caption-overlay-center{\ncolor:#ffffff;\n}\n<\/style>\n<div  class='avia-image-container av-aw50b-952e7f7b76fce85dbca8ee6a7aacfa9f av-styling-no-styling avia-align-center  avia-builder-el-12  avia-builder-el-no-sibling'   itemprop=\"image\" itemscope=\"itemscope\" itemtype=\"https:\/\/schema.org\/ImageObject\" ><div class=\"avia-image-container-inner\"><div class=\"avia-image-overlay-wrap\"><img decoding=\"async\" class='wp-image-34650 avia-img-lazy-loading-not-34650 avia_image' src=\"https:\/\/www.tucsonmuseumofart.org\/wp-content\/uploads\/2023\/09\/For-Web-TMA-Art-Camp-Julius-Schlosburg-305-845x684.jpg\" alt='' title=''  height=\"684\" width=\"845\"  itemprop=\"thumbnailUrl\" srcset=\"https:\/\/www.tucsonmuseumofart.org\/wp-content\/uploads\/2023\/09\/For-Web-TMA-Art-Camp-Julius-Schlosburg-305-845x684.jpg 845w, https:\/\/www.tucsonmuseumofart.org\/wp-content\/uploads\/2023\/09\/For-Web-TMA-Art-Camp-Julius-Schlosburg-305-495x400.jpg 495w\" sizes=\"(max-width: 845px) 100vw, 845px\" \/><\/div><\/div><\/div><\/div>\n<style type=\"text\/css\" data-created_by=\"avia_inline_auto\" id=\"style-css-av-1a62j-797df9b2b56e51be3815a43c42c9ee13\">\n.flex_column.av-1a62j-797df9b2b56e51be3815a43c42c9ee13{\nborder-radius:0px 0px 0px 0px;\npadding:0px 0px 0px 0px;\n}\n<\/style>\n<div  class='flex_column av-1a62j-797df9b2b56e51be3815a43c42c9ee13 av_one_half  avia-builder-el-13  el_after_av_one_half  avia-builder-el-last  flex_column_div av-zero-column-padding'     ><p>\n<style type=\"text\/css\" data-created_by=\"avia_inline_auto\" id=\"style-css-av-lm89c9el-6370d997177ea59ff25b0e28164927db\">\n#top .av-special-heading.av-lm89c9el-6370d997177ea59ff25b0e28164927db{\npadding-bottom:40px;\n}\nbody .av-special-heading.av-lm89c9el-6370d997177ea59ff25b0e28164927db .av-special-heading-tag .heading-char{\nfont-size:25px;\n}\n.av-special-heading.av-lm89c9el-6370d997177ea59ff25b0e28164927db .av-subheading{\nfont-size:20px;\n}\n<\/style>\n<div  class='av-special-heading av-lm89c9el-6370d997177ea59ff25b0e28164927db av-special-heading-h2 custom-color-heading blockquote modern-quote  avia-builder-el-14  el_before_av_textblock  avia-builder-el-first'><h2 class='av-special-heading-tag'  itemprop=\"headline\"  >Tours p\u00fablicos<\/h2><div class=\"special-heading-border\"><div class=\"special-heading-inner-border\"><\/div><\/div><\/div><br \/>\n<section  class='av_textblock_section av-lm89cy0s-8e7505ce60216d615312327e8599f4e1'   itemscope=\"itemscope\" itemtype=\"https:\/\/schema.org\/CreativeWork\" ><div class='avia_textblock'  itemprop=\"text\" ><p>Interested in getting a guided tour of the museum? The Tucson Museum of Art is now offering Public Tours on Wednesday through Sunday at 11:30 a.m. These guided experiences will be led by docents and will focus on the highlights of the museum\u2019s collection. Tours will meet in the Mooney Lobby and are free with admission. For more information and if you would like to RSVP (not mandatory), contact the education department at <a href=\"mailto:education@tucsonmuseumofart.org\">education@tucsonmuseumofart.org<\/a>.<\/p>\n<\/div><\/section><\/p><\/div><\/div><\/div><\/main><!-- close content main element --><\/div><\/div><div id='av_section_2'  class='avia-section av-3cmxn-c16d9b0a8fb6962b7679cbc7e5f959bb main_color avia-section-default avia-no-shadow  avia-builder-el-16  el_after_av_section  el_before_av_section  avia-bg-style-scroll container_wrap fullsize'  ><div class='container av-section-cont-open' ><div class='template-page content  av-content-full alpha units'><div class='post-entry post-entry-type-page post-entry-43'><div class='entry-content-wrapper clearfix'>\n\n<style type=\"text\/css\" data-created_by=\"avia_inline_auto\" id=\"style-css-av-1jce7-39ae9535b143ecee9e66fb0179698149\">\n.flex_column.av-1jce7-39ae9535b143ecee9e66fb0179698149{\nborder-radius:0px 0px 0px 0px;\npadding:0px 0px 0px 0px;\n}\n<\/style>\n<div  class='flex_column av-1jce7-39ae9535b143ecee9e66fb0179698149 av_one_half  avia-builder-el-17  el_before_av_one_half  avia-builder-el-first  first flex_column_div av-zero-column-padding'     ><p>\n<style type=\"text\/css\" data-created_by=\"avia_inline_auto\" id=\"style-css-av-l6v78bij-b4cb7bf0716d42a1a71d761377c2ac68\">\n#top .av-special-heading.av-l6v78bij-b4cb7bf0716d42a1a71d761377c2ac68{\npadding-bottom:40px;\n}\nbody .av-special-heading.av-l6v78bij-b4cb7bf0716d42a1a71d761377c2ac68 .av-special-heading-tag .heading-char{\nfont-size:25px;\n}\n.av-special-heading.av-l6v78bij-b4cb7bf0716d42a1a71d761377c2ac68 .av-subheading{\nfont-size:20px;\n}\n<\/style>\n<div  class='av-special-heading av-l6v78bij-b4cb7bf0716d42a1a71d761377c2ac68 av-special-heading-h2 custom-color-heading blockquote modern-quote  avia-builder-el-18  el_before_av_textblock  avia-builder-el-first'><h2 class='av-special-heading-tag'  itemprop=\"headline\"  >Estacionamiento<\/h2><div class=\"special-heading-border\"><div class=\"special-heading-inner-border\"><\/div><\/div><\/div><br \/>\n<section  class='av_textblock_section av-l6v79t2n-963aaae2f8d257505584965f74194129'   itemscope=\"itemscope\" itemtype=\"https:\/\/schema.org\/CreativeWork\" ><div class='avia_textblock'  itemprop=\"text\" ><p>El estacionamiento para autobuses\/camionetas est\u00e1 disponible en la esquina de Telles Street y Meyer Avenue y directamente frente a las puertas de entrada del Museo en 140 N. Main Avenue.<br \/>\nEstacionamiento gratuito de TMA: desde Main Avenue, gire hacia el este en Washington Street, luego gire a la derecha en el estacionamiento. Hay estacionamiento accesible disponible.<\/p>\n<p>Estacionamiento en la calle con parqu\u00edmetro disponible alrededor del Museo.<\/p>\n<p>Garaje de estacionamiento El Presidio, 160 W. Alameda Street (lado sur de la calle, la rampa desciende al estacionamiento subterr\u00e1neo), cerrado los fines de semana. El Museo no valida estacionamiento para este garaje.<\/p>\n<\/div><\/section><br \/>\n\n<style type=\"text\/css\" data-created_by=\"avia_inline_auto\" id=\"style-css-av-13gv7-c4fa0e05700192cd196ec6753617a51b\">\n#top .hr.hr-invisible.av-13gv7-c4fa0e05700192cd196ec6753617a51b{\nheight:20px;\n}\n<\/style>\n<div  class='hr av-13gv7-c4fa0e05700192cd196ec6753617a51b hr-invisible  avia-builder-el-20  el_after_av_textblock  el_before_av_heading'><span class='hr-inner'><span class=\"hr-inner-style\"><\/span><\/span><\/div><br \/>\n\n<style type=\"text\/css\" data-created_by=\"avia_inline_auto\" id=\"style-css-av-l6v7afze-ceb8f1e52719d82ab64ba2e6e5facdcc\">\n#top .av-special-heading.av-l6v7afze-ceb8f1e52719d82ab64ba2e6e5facdcc{\npadding-bottom:40px;\n}\nbody .av-special-heading.av-l6v7afze-ceb8f1e52719d82ab64ba2e6e5facdcc .av-special-heading-tag .heading-char{\nfont-size:25px;\n}\n.av-special-heading.av-l6v7afze-ceb8f1e52719d82ab64ba2e6e5facdcc .av-subheading{\nfont-size:20px;\n}\n<\/style>\n<div  class='av-special-heading av-l6v7afze-ceb8f1e52719d82ab64ba2e6e5facdcc av-special-heading-h2 custom-color-heading blockquote modern-quote  avia-builder-el-21  el_after_av_hr  el_before_av_textblock'><h2 class='av-special-heading-tag'  itemprop=\"headline\"  >Almuerzo<\/h2><div class=\"special-heading-border\"><div class=\"special-heading-inner-border\"><\/div><\/div><\/div><br \/>\n<section  class='av_textblock_section av-l6v7ded1-2b3d301199f51224ce930eaf9ae2a993'   itemscope=\"itemscope\" itemtype=\"https:\/\/schema.org\/CreativeWork\" ><div class='avia_textblock'  itemprop=\"text\" ><p>Si est\u00e1 interesado en almorzar mientras su grupo visita el museo, comun\u00edquese con <a href=\"https:\/\/www.cafealacarttucson.com\/\" target=\"_blank\" rel=\"noopener\">Caf\u00e9 a la C&#039;Art<\/a> para reservas al 520-628-8533.<\/p>\n<\/div><\/section><\/p><\/div>\n<style type=\"text\/css\" data-created_by=\"avia_inline_auto\" id=\"style-css-av-2jcaz-01c7223f5718cf883e107c43ed604ba3\">\n.flex_column.av-2jcaz-01c7223f5718cf883e107c43ed604ba3{\nborder-radius:0px 0px 0px 0px;\npadding:0px 0px 0px 0px;\n}\n<\/style>\n<div  class='flex_column av-2jcaz-01c7223f5718cf883e107c43ed604ba3 av_one_half  avia-builder-el-23  el_after_av_one_half  avia-builder-el-last  flex_column_div av-zero-column-padding'     ><style type=\"text\/css\" data-created_by=\"avia_inline_auto\" id=\"style-css-av-210nr-973ffc55a52fab146689a66d6685c07e\">\n.avia-image-container.av-210nr-973ffc55a52fab146689a66d6685c07e img.avia_image{\nbox-shadow:none;\n}\n.avia-image-container.av-210nr-973ffc55a52fab146689a66d6685c07e .av-image-caption-overlay-center{\ncolor:#ffffff;\n}\n<\/style>\n<div  class='avia-image-container av-210nr-973ffc55a52fab146689a66d6685c07e av-styling-no-styling avia-align-center  avia-builder-el-24  avia-builder-el-no-sibling'   itemprop=\"image\" itemscope=\"itemscope\" itemtype=\"https:\/\/schema.org\/ImageObject\" ><div class=\"avia-image-container-inner\"><div class=\"avia-image-overlay-wrap\"><img decoding=\"async\" class='wp-image-29129 avia-img-lazy-loading-not-29129 avia_image' src=\"https:\/\/www.tucsonmuseumofart.org\/wp-content\/uploads\/2022\/08\/For-Web-DSCF6334-845x684.jpg\" alt='' title='Para Web - DSCF6334'  height=\"684\" width=\"845\"  itemprop=\"thumbnailUrl\" srcset=\"https:\/\/www.tucsonmuseumofart.org\/wp-content\/uploads\/2022\/08\/For-Web-DSCF6334-845x684.jpg 845w, https:\/\/www.tucsonmuseumofart.org\/wp-content\/uploads\/2022\/08\/For-Web-DSCF6334-495x400.jpg 495w\" sizes=\"(max-width: 845px) 100vw, 845px\" \/><\/div><\/div><\/div><\/div>\n<\/p>\n<\/div><\/div><\/div><!-- close content main div --><\/div><\/div>\n<style type=\"text\/css\" data-created_by=\"avia_inline_auto\" id=\"style-css-av-3i7jv-0520cb97fef9351ed2a0ea34361bd165\">\n.avia-section.av-3i7jv-0520cb97fef9351ed2a0ea34361bd165 .av-parallax .av-parallax-inner{\nbackground-repeat:no-repeat;\nbackground-image:url(https:\/\/www.tucsonmuseumofart.org\/wp-content\/uploads\/2013\/05\/Tucson-Museum-People-BW-scaled.jpg);\nbackground-position:50% 50%;\nbackground-attachment:scroll;\n}\n.avia-section.av-3i7jv-0520cb97fef9351ed2a0ea34361bd165 .av-section-color-overlay{\nopacity:0.8;\nbackground-color:#000000;\n}\n<\/style>\n<div id='av_section_3'  class='avia-section av-3i7jv-0520cb97fef9351ed2a0ea34361bd165 main_color avia-section-default avia-no-border-styling  avia-builder-el-25  el_after_av_section  avia-builder-el-last  av-parallax-section avia-bg-style-parallax av-section-color-overlay-active av-minimum-height av-minimum-height-100 av-height-100  container_wrap fullsize'  data-section-bg-repeat='no-repeat' data-av_minimum_height_pc='100' data-av_min_height_opt='100'><div class='av-parallax' data-avia-parallax-ratio='0.3' ><div class='av-parallax-inner main_color avia-full-stretch'><\/div><\/div><div class=\"av-section-color-overlay-wrap\"><div class=\"av-section-color-overlay\"><\/div><div class='container av-section-cont-open' ><div class='template-page content  av-content-full alpha units'><div class='post-entry post-entry-type-page post-entry-43'><div class='entry-content-wrapper clearfix'>\n\n<style type=\"text\/css\" data-created_by=\"avia_inline_auto\" id=\"style-css-av-9snn-8a892231ada49e1cf9d196ee1b545108\">\n#top .av-special-heading.av-9snn-8a892231ada49e1cf9d196ee1b545108{\npadding-bottom:30px;\ncolor:#ffffff;\nfont-size:40px;\n}\nbody .av-special-heading.av-9snn-8a892231ada49e1cf9d196ee1b545108 .av-special-heading-tag .heading-char{\nfont-size:25px;\n}\n#top #wrap_all .av-special-heading.av-9snn-8a892231ada49e1cf9d196ee1b545108 .av-special-heading-tag{\nfont-size:40px;\n}\n.av-special-heading.av-9snn-8a892231ada49e1cf9d196ee1b545108 .special-heading-inner-border{\nborder-color:#ffffff;\n}\n.av-special-heading.av-9snn-8a892231ada49e1cf9d196ee1b545108 .av-subheading{\nfont-size:20px;\n}\n\n@media only screen and (min-width: 480px) and (max-width: 767px){ \n#top #wrap_all .av-special-heading.av-9snn-8a892231ada49e1cf9d196ee1b545108 .av-special-heading-tag{\nfont-size:0.8em;\n}\n}\n\n@media only screen and (max-width: 479px){ \n#top #wrap_all .av-special-heading.av-9snn-8a892231ada49e1cf9d196ee1b545108 .av-special-heading-tag{\nfont-size:0.8em;\n}\n}\n<\/style>\n<div  class='av-special-heading av-9snn-8a892231ada49e1cf9d196ee1b545108 av-special-heading-h1 custom-color-heading blockquote modern-quote modern-centered  avia-builder-el-26  el_before_av_button  avia-builder-el-first  av-inherit-size'><h1 class='av-special-heading-tag'  itemprop=\"headline\"  >Convi\u00e9rtase en miembro de TMA y explore, experimente y con\u00e9ctese<\/h1><div class=\"special-heading-border\"><div class=\"special-heading-inner-border\"><\/div><\/div><\/div>\n<div  class='avia-button-wrap av-288az-0a87147fb45fd399e9c0af4ae4f6ba15-wrap avia-button-center  avia-builder-el-27  el_after_av_heading  avia-builder-el-last'><a href='https:\/\/www.tucsonmuseumofart.org\/es\/membership\/'  class='avia-button av-288az-0a87147fb45fd399e9c0af4ae4f6ba15 avia-icon_select-no avia-size-large avia-position-center avia-color-light'  ><span class='avia_iconbox_title' >\u00danete a nosotros<\/span><\/a><\/div>","protected":false},"excerpt":{"rendered":"","protected":false},"author":177,"featured_media":0,"parent":0,"menu_order":0,"comment_status":"closed","ping_status":"closed","template":"","meta":{"_price":"","_stock":"","_tribe_ticket_header":"","_tribe_default_ticket_provider":"","_tribe_ticket_capacity":"0","_ticket_start_date":"","_ticket_end_date":"","_tribe_ticket_show_description":"","_tribe_ticket_show_not_going":false,"_tribe_ticket_use_global_stock":"","_tribe_ticket_global_stock_level":"","_global_stock_mode":"","_global_stock_cap":"","_tribe_rsvp_for_event":"","_tribe_ticket_going_count":"","_tribe_ticket_not_going_count":"","_tribe_tickets_list":"[]","_tribe_ticket_has_attendee_info_fields":false,"footnotes":""},"class_list":["post-43","page","type-page","status-publish","hentry"],"publishpress_future_action":{"enabled":false,"date":"2026-04-23 02:59:13","action":"change-status","newStatus":"draft","terms":[],"taxonomy":"","extraData":[]},"publishpress_future_workflow_manual_trigger":{"enabledWorkflows":[]},"_links":{"self":[{"href":"https:\/\/www.tucsonmuseumofart.org\/es\/wp-json\/wp\/v2\/pages\/43","targetHints":{"allow":["GET"]}}],"collection":[{"href":"https:\/\/www.tucsonmuseumofart.org\/es\/wp-json\/wp\/v2\/pages"}],"about":[{"href":"https:\/\/www.tucsonmuseumofart.org\/es\/wp-json\/wp\/v2\/types\/page"}],"author":[{"embeddable":true,"href":"https:\/\/www.tucsonmuseumofart.org\/es\/wp-json\/wp\/v2\/users\/177"}],"replies":[{"embeddable":true,"href":"https:\/\/www.tucsonmuseumofart.org\/es\/wp-json\/wp\/v2\/comments?post=43"}],"version-history":[{"count":18,"href":"https:\/\/www.tucsonmuseumofart.org\/es\/wp-json\/wp\/v2\/pages\/43\/revisions"}],"predecessor-version":[{"id":42982,"href":"https:\/\/www.tucsonmuseumofart.org\/es\/wp-json\/wp\/v2\/pages\/43\/revisions\/42982"}],"wp:attachment":[{"href":"https:\/\/www.tucsonmuseumofart.org\/es\/wp-json\/wp\/v2\/media?parent=43"}],"curies":[{"name":"wp","href":"https:\/\/api.w.org\/{rel}","templated":true}]}}