{"id":65,"date":"2016-08-10T17:42:59","date_gmt":"2016-08-11T00:42:59","guid":{"rendered":"https:\/\/www.tucsonmuseumofart.org\/?page_id=65"},"modified":"2026-04-02T16:02:57","modified_gmt":"2026-04-02T23:02:57","slug":"opportunities","status":"publish","type":"page","link":"https:\/\/www.tucsonmuseumofart.org\/es\/opportunities\/","title":{"rendered":"Oportunidades de empleo"},"content":{"rendered":"<div id='av_section_1'  class='avia-section av-bgjz9-7fe444d3d75d25a175402c0850481450 main_color avia-section-default avia-no-border-styling  avia-builder-el-0  el_before_av_section  avia-builder-el-first  avia-bg-style-parallax av-minimum-height av-minimum-height-50 av-height-50  container_wrap fullsize'   data-av_minimum_height_pc='50' data-av_min_height_opt='50'><div class='container av-section-cont-open' ><main  role=\"main\" itemprop=\"mainContentOfPage\"  class='template-page content  av-content-full alpha units'><div class='post-entry post-entry-type-page post-entry-65'><div class='entry-content-wrapper clearfix'>\n\n<style type=\"text\/css\" data-created_by=\"avia_inline_auto\" id=\"style-css-av-auzl9-0f66638a3805b8c420509ffe518a739b\">\n#top .av-special-heading.av-auzl9-0f66638a3805b8c420509ffe518a739b{\npadding-bottom:0;\nfont-size:40px;\n}\nbody .av-special-heading.av-auzl9-0f66638a3805b8c420509ffe518a739b .av-special-heading-tag .heading-char{\nfont-size:25px;\n}\n#top #wrap_all .av-special-heading.av-auzl9-0f66638a3805b8c420509ffe518a739b .av-special-heading-tag{\nfont-size:40px;\n}\n.av-special-heading.av-auzl9-0f66638a3805b8c420509ffe518a739b .av-subheading{\nfont-size:20px;\n}\n\n@media only screen and (min-width: 480px) and (max-width: 767px){ \n#top #wrap_all .av-special-heading.av-auzl9-0f66638a3805b8c420509ffe518a739b .av-special-heading-tag{\nfont-size:0.8em;\n}\n}\n\n@media only screen and (max-width: 479px){ \n#top #wrap_all .av-special-heading.av-auzl9-0f66638a3805b8c420509ffe518a739b .av-special-heading-tag{\nfont-size:0.8em;\n}\n}\n<\/style>\n<div  class='av-special-heading av-auzl9-0f66638a3805b8c420509ffe518a739b av-special-heading-h1 custom-color-heading blockquote modern-quote modern-centered  avia-builder-el-1  avia-builder-el-no-sibling  av-inherit-size'><h1 class='av-special-heading-tag'  itemprop=\"headline\"  >Oportunidades de empleo<\/h1><div class=\"special-heading-border\"><div class=\"special-heading-inner-border\"><\/div><\/div><\/div>\n\n<\/div><\/div><\/main><!-- close content main element --><\/div><\/div>\n<style type=\"text\/css\" data-created_by=\"avia_inline_auto\" id=\"style-css-av-acp0x-c5f49605511bca756e73558b8ac3ae73\">\n.avia-section.av-acp0x-c5f49605511bca756e73558b8ac3ae73 .av-parallax .av-parallax-inner{\nbackground-repeat:no-repeat;\nbackground-image:url(https:\/\/www.tucsonmuseumofart.org\/wp-content\/uploads\/2016\/08\/196_willoart-1-scaled.jpg);\nbackground-position:50% 50%;\nbackground-attachment:scroll;\n}\n<\/style>\n<div id='av_section_2'  class='avia-section av-acp0x-c5f49605511bca756e73558b8ac3ae73 main_color avia-section-default avia-no-border-styling  avia-builder-el-2  el_after_av_section  el_before_av_section  av-parallax-section avia-bg-style-parallax av-minimum-height av-minimum-height-50 av-height-50  container_wrap fullsize'  data-section-bg-repeat='no-repeat' data-av_minimum_height_pc='50' data-av_min_height_opt='50'><div class='av-parallax' data-avia-parallax-ratio='0.3' ><div class='av-parallax-inner main_color avia-full-stretch'><\/div><\/div><div class='container av-section-cont-open' ><div class='template-page content  av-content-full alpha units'><div class='post-entry post-entry-type-page post-entry-65'><div class='entry-content-wrapper clearfix'>\n<\/div><\/div><\/div><!-- close content main div --><\/div><\/div><div id='av_section_3'  class='avia-section av-9vnod-6a2a1629424126d3152c1e27fc337340 main_color avia-section-default avia-no-shadow  avia-builder-el-3  el_after_av_section  el_before_av_section  avia-bg-style-scroll container_wrap fullsize'  ><div class='container av-section-cont-open' ><div class='template-page content  av-content-full alpha units'><div class='post-entry post-entry-type-page post-entry-65'><div class='entry-content-wrapper clearfix'>\n\n<style type=\"text\/css\" data-created_by=\"avia_inline_auto\" id=\"style-css-av-98701-83eb86c0d528deade043f1c1cd8b036d\">\n.flex_column.av-98701-83eb86c0d528deade043f1c1cd8b036d{\nborder-radius:0px 0px 0px 0px;\npadding:0px 0px 0px 0px;\n}\n<\/style>\n<div  class='flex_column av-98701-83eb86c0d528deade043f1c1cd8b036d av_one_half  avia-builder-el-4  el_before_av_one_half  avia-builder-el-first  first flex_column_div av-zero-column-padding'     ><p>\n<style type=\"text\/css\" data-created_by=\"avia_inline_auto\" id=\"style-css-av-1qfnp-482e47433def61bd510173010a0957ff\">\n#top .av-special-heading.av-1qfnp-482e47433def61bd510173010a0957ff{\npadding-bottom:40px;\n}\nbody .av-special-heading.av-1qfnp-482e47433def61bd510173010a0957ff .av-special-heading-tag .heading-char{\nfont-size:25px;\n}\n.av-special-heading.av-1qfnp-482e47433def61bd510173010a0957ff .av-subheading{\nfont-size:20px;\n}\n<\/style>\n<div  class='av-special-heading av-1qfnp-482e47433def61bd510173010a0957ff av-special-heading-h3 custom-color-heading blockquote modern-quote  avia-builder-el-5  el_before_av_textblock  avia-builder-el-first'><h3 class='av-special-heading-tag'  itemprop=\"headline\"  >Empleo<\/h3><div class=\"special-heading-border\"><div class=\"special-heading-inner-border\"><\/div><\/div><\/div><br \/>\n<section  class='av_textblock_section av-suxt-ec6d7311623a931565eebf6b29e6c234'   itemscope=\"itemscope\" itemtype=\"https:\/\/schema.org\/CreativeWork\" ><div class='avia_textblock'  itemprop=\"text\" ><p><strong>El Museo de Arte de Tucson es un empleador que ofrece igualdad de oportunidades y es accesible seg\u00fan la ADA.<\/strong><\/p>\n<p><a href=\"https:\/\/workforcenow.adp.com\/mascsr\/default\/mdf\/recruitment\/recruitment.html?cid=9fa49a73-a51e-4fdf-b793-5439b096b992&amp;ccId=19000101_000003&amp;jobId=552198&amp;jwId=SYS:JW:001&amp;lang=en_US&amp;source=CC3\" target=\"_blank\" rel=\"noopener\">Assistant Registrar<\/a><\/p>\n<p><a href=\"https:\/\/workforcenow.adp.com\/mascsr\/default\/mdf\/recruitment\/recruitment.html?cid=9fa49a73-a51e-4fdf-b793-5439b096b992&amp;ccId=19000101_000003&amp;jobId=552274&amp;jwId=SYS:JW:001&amp;lang=en_US&amp;source=CC3\" target=\"_blank\" rel=\"noopener\">Curatorial Fellow, Latin American Art<\/a><\/p>\n<p><a href=\"https:\/\/workforcenow.adp.com\/mascsr\/default\/mdf\/recruitment\/recruitment.html?cid=9fa49a73-a51e-4fdf-b793-5439b096b992&amp;ccId=19000101_000001&amp;jobId=552518&amp;lang=en_US&amp;source=CC2\" target=\"_blank\" rel=\"noopener\">Executive Associate<\/a><\/p>\n<p><a href=\"https:\/\/workforcenow.adp.com\/mascsr\/default\/mdf\/recruitment\/recruitment.html?cid=9fa49a73-a51e-4fdf-b793-5439b096b992&amp;ccId=19000101_000001&amp;jobId=552948&amp;lang=en_US&amp;source=CC2\">Senior Director of Visitor Experience and Safety<\/a><\/p>\n<p><strong>Para los puestos mencionados a continuaci\u00f3n, actualmente estamos en el proceso continuo de aceptaci\u00f3n de solicitudes y esperamos seleccionar candidatos potenciales en varios intervalos a lo largo del a\u00f1o. Enviar una solicitud para los siguientes archivos muestra su inter\u00e9s en el puesto para una fecha futura.\u00a0 \u00a0<\/strong><\/p>\n<p><a href=\"https:\/\/workforcenow.adp.com\/mascsr\/default\/mdf\/recruitment\/recruitment.html?cid=9fa49a73-a51e-4fdf-b793-5439b096b992&amp;ccId=19000101_000003&amp;jobId=552283&amp;jwId=SYS:JW:001&amp;lang=en_US&amp;source=CC2\" target=\"_blank\" rel=\"noopener\">Educador a tiempo parcial<\/a><\/p>\n<p><a href=\"https:\/\/workforcenow.adp.com\/mascsr\/default\/mdf\/recruitment\/recruitment.html?cid=9fa49a73-a51e-4fdf-b793-5439b096b992&amp;ccId=19000101_000001&amp;jobId=552277&amp;lang=en_US&amp;source=CC2\" target=\"_blank\" rel=\"noopener\">Part-time Visitor Experience Associate<\/a><\/p>\n<p><a href=\"https:\/\/workforcenow.adp.com\/mascsr\/default\/mdf\/recruitment\/recruitment.html?cid=9fa49a73-a51e-4fdf-b793-5439b096b992&amp;ccId=19000101_000003&amp;jobId=552280&amp;jwId=SYS:JW:001&amp;lang=en_US&amp;source=CC3\" target=\"_blank\" rel=\"noopener\">Oficial de seguridad a tiempo parcial<\/a><\/p>\n<\/div><\/section><\/p><\/div>\n<style type=\"text\/css\" data-created_by=\"avia_inline_auto\" id=\"style-css-av-6ycux-a0b3c149d2b3d1b0ee3de9727bbb8409\">\n.flex_column.av-6ycux-a0b3c149d2b3d1b0ee3de9727bbb8409{\nborder-radius:0px 0px 0px 0px;\npadding:0px 0px 0px 0px;\n}\n<\/style>\n<div  class='flex_column av-6ycux-a0b3c149d2b3d1b0ee3de9727bbb8409 av_one_half  avia-builder-el-7  el_after_av_one_half  avia-builder-el-last  flex_column_div av-zero-column-padding'     ><p>\n<style type=\"text\/css\" data-created_by=\"avia_inline_auto\" id=\"style-css-av-yr1x-e7e21e53f15754677d685b79a4d570d8\">\n#top .av-special-heading.av-yr1x-e7e21e53f15754677d685b79a4d570d8{\npadding-bottom:40px;\n}\nbody .av-special-heading.av-yr1x-e7e21e53f15754677d685b79a4d570d8 .av-special-heading-tag .heading-char{\nfont-size:25px;\n}\n.av-special-heading.av-yr1x-e7e21e53f15754677d685b79a4d570d8 .av-subheading{\nfont-size:20px;\n}\n<\/style>\n<div  class='av-special-heading av-yr1x-e7e21e53f15754677d685b79a4d570d8 av-special-heading-h3 custom-color-heading blockquote modern-quote  avia-builder-el-8  el_before_av_textblock  avia-builder-el-first'><h3 class='av-special-heading-tag'  itemprop=\"headline\"  >Pasant\u00edas<\/h3><div class=\"special-heading-border\"><div class=\"special-heading-inner-border\"><\/div><\/div><\/div><br \/>\n<section  class='av_textblock_section av-5m7u1-bed6deb60d468292a6f8a92f8156d26d'   itemscope=\"itemscope\" itemtype=\"https:\/\/schema.org\/CreativeWork\" ><div class='avia_textblock'  itemprop=\"text\" ><p>For-credit internships may be available in the following areas on a limited basis:<\/p>\n<p><strong>relaciones p\u00fablicas y marketing<\/strong><br \/>\nMarketing, communications, publicity, social media, photography \u2013 journalism, English, and art history majors are encouraged to apply.<\/p>\n<p><strong>Educaci\u00f3n<\/strong><br \/>\nDesarrollo y Eventos Especiales<br \/>\nFotograf\u00eda de eventos<\/p>\n<p><strong>Curadur\u00eda\/Exposiciones<\/strong><br \/>\nArte del oeste americano<br \/>\nArte latinoamericano<br \/>\nArte Moderno y Contempor\u00e1neo<br \/>\nColecciones<\/p>\n<p>To apply for an internship position, please send your resume and a cover letter detailing your area of interest along with available dates and times for work <a href=\"mailto:jobs@tucsonmuseumofart.org\">aqu\u00ed<\/a>\u00a0(Por favor, escriba &quot;pasant\u00eda&quot; y \u00e1rea de inter\u00e9s en la l\u00ednea de asunto).<\/p>\n<\/div><\/section><\/p><\/div><\/div><\/div><\/div><!-- close content main div --><\/div><\/div>\n<style type=\"text\/css\" data-created_by=\"avia_inline_auto\" id=\"style-css-av-32izh-dcacb0ff86ef23508a5a8b382ed08284\">\n.avia-section.av-32izh-dcacb0ff86ef23508a5a8b382ed08284 .av-parallax .av-parallax-inner{\nbackground-repeat:no-repeat;\nbackground-image:url(https:\/\/www.tucsonmuseumofart.org\/wp-content\/uploads\/2013\/05\/Tucson-Museum-People-BW-scaled.jpg);\nbackground-position:50% 50%;\nbackground-attachment:scroll;\n}\n.avia-section.av-32izh-dcacb0ff86ef23508a5a8b382ed08284 .av-section-color-overlay{\nopacity:0.8;\nbackground-color:#000000;\n}\n<\/style>\n<div id='av_section_4'  class='avia-section av-32izh-dcacb0ff86ef23508a5a8b382ed08284 main_color avia-section-default avia-no-border-styling  avia-builder-el-10  el_after_av_section  avia-builder-el-last  av-parallax-section avia-bg-style-parallax av-section-color-overlay-active av-minimum-height av-minimum-height-100 av-height-100  container_wrap fullsize'  data-section-bg-repeat='no-repeat' data-av_minimum_height_pc='100' data-av_min_height_opt='100'><div class='av-parallax' data-avia-parallax-ratio='0.3' ><div class='av-parallax-inner main_color avia-full-stretch'><\/div><\/div><div class=\"av-section-color-overlay-wrap\"><div class=\"av-section-color-overlay\"><\/div><div class='container av-section-cont-open' ><div class='template-page content  av-content-full alpha units'><div class='post-entry post-entry-type-page post-entry-65'><div class='entry-content-wrapper clearfix'>\n\n<style type=\"text\/css\" data-created_by=\"avia_inline_auto\" id=\"style-css-av-2j329-143563e7fc0f327e5ebe12f12dc45f7d\">\n#top .av-special-heading.av-2j329-143563e7fc0f327e5ebe12f12dc45f7d{\npadding-bottom:30px;\ncolor:#ffffff;\nfont-size:40px;\n}\nbody .av-special-heading.av-2j329-143563e7fc0f327e5ebe12f12dc45f7d .av-special-heading-tag .heading-char{\nfont-size:25px;\n}\n#top #wrap_all .av-special-heading.av-2j329-143563e7fc0f327e5ebe12f12dc45f7d .av-special-heading-tag{\nfont-size:40px;\n}\n.av-special-heading.av-2j329-143563e7fc0f327e5ebe12f12dc45f7d .special-heading-inner-border{\nborder-color:#ffffff;\n}\n.av-special-heading.av-2j329-143563e7fc0f327e5ebe12f12dc45f7d .av-subheading{\nfont-size:20px;\n}\n\n@media only screen and (min-width: 480px) and (max-width: 767px){ \n#top #wrap_all .av-special-heading.av-2j329-143563e7fc0f327e5ebe12f12dc45f7d .av-special-heading-tag{\nfont-size:0.8em;\n}\n}\n\n@media only screen and (max-width: 479px){ \n#top #wrap_all .av-special-heading.av-2j329-143563e7fc0f327e5ebe12f12dc45f7d .av-special-heading-tag{\nfont-size:0.8em;\n}\n}\n<\/style>\n<div  class='av-special-heading av-2j329-143563e7fc0f327e5ebe12f12dc45f7d av-special-heading-h1 custom-color-heading blockquote modern-quote modern-centered  avia-builder-el-11  el_before_av_button  avia-builder-el-first  av-inherit-size'><h1 class='av-special-heading-tag'  itemprop=\"headline\"  >Convi\u00e9rtase en miembro de TMA y explore, experimente y con\u00e9ctese<\/h1><div class=\"special-heading-border\"><div class=\"special-heading-inner-border\"><\/div><\/div><\/div>\n<div  class='avia-button-wrap av-2b1bp-56eb0cd3a3bf55bcb34ba99b7de6c684-wrap avia-button-center  avia-builder-el-12  el_after_av_heading  avia-builder-el-last'><a href='https:\/\/www.tucsonmuseumofart.org\/es\/membership\/'  class='avia-button av-2b1bp-56eb0cd3a3bf55bcb34ba99b7de6c684 avia-icon_select-no avia-size-large avia-position-center avia-color-light'  ><span class='avia_iconbox_title' >\u00danete a nosotros<\/span><\/a><\/div>\n<\/p>","protected":false},"excerpt":{"rendered":"","protected":false},"author":177,"featured_media":0,"parent":0,"menu_order":0,"comment_status":"closed","ping_status":"closed","template":"","meta":{"_price":"","_stock":"","_tribe_ticket_header":"","_tribe_default_ticket_provider":"","_tribe_ticket_capacity":"0","_ticket_start_date":"","_ticket_end_date":"","_tribe_ticket_show_description":"","_tribe_ticket_show_not_going":false,"_tribe_ticket_use_global_stock":"","_tribe_ticket_global_stock_level":"","_global_stock_mode":"","_global_stock_cap":"","_tribe_rsvp_for_event":"","_tribe_ticket_going_count":"","_tribe_ticket_not_going_count":"","_tribe_tickets_list":"[]","_tribe_ticket_has_attendee_info_fields":false,"footnotes":""},"class_list":["post-65","page","type-page","status-publish","hentry"],"publishpress_future_action":{"enabled":false,"date":"2026-04-26 08:22:03","action":"change-status","newStatus":"draft","terms":[],"taxonomy":"","extraData":[]},"publishpress_future_workflow_manual_trigger":{"enabledWorkflows":[]},"_links":{"self":[{"href":"https:\/\/www.tucsonmuseumofart.org\/es\/wp-json\/wp\/v2\/pages\/65","targetHints":{"allow":["GET"]}}],"collection":[{"href":"https:\/\/www.tucsonmuseumofart.org\/es\/wp-json\/wp\/v2\/pages"}],"about":[{"href":"https:\/\/www.tucsonmuseumofart.org\/es\/wp-json\/wp\/v2\/types\/page"}],"author":[{"embeddable":true,"href":"https:\/\/www.tucsonmuseumofart.org\/es\/wp-json\/wp\/v2\/users\/177"}],"replies":[{"embeddable":true,"href":"https:\/\/www.tucsonmuseumofart.org\/es\/wp-json\/wp\/v2\/comments?post=65"}],"version-history":[{"count":71,"href":"https:\/\/www.tucsonmuseumofart.org\/es\/wp-json\/wp\/v2\/pages\/65\/revisions"}],"predecessor-version":[{"id":44682,"href":"https:\/\/www.tucsonmuseumofart.org\/es\/wp-json\/wp\/v2\/pages\/65\/revisions\/44682"}],"wp:attachment":[{"href":"https:\/\/www.tucsonmuseumofart.org\/es\/wp-json\/wp\/v2\/media?parent=65"}],"curies":[{"name":"wp","href":"https:\/\/api.w.org\/{rel}","templated":true}]}}