{"id":6643,"date":"2018-03-30T11:38:49","date_gmt":"2018-03-30T18:38:49","guid":{"rendered":"https:\/\/www.tucsonmuseumofart.org\/?page_id=6643"},"modified":"2018-04-02T10:33:07","modified_gmt":"2018-04-02T17:33:07","slug":"donor-privacy-policy","status":"publish","type":"page","link":"https:\/\/www.tucsonmuseumofart.org\/es\/donor-privacy-policy\/","title":{"rendered":"Pol\u00edtica de privacidad del donante"},"content":{"rendered":"<div id='av_section_1'  class='avia-section av-av_section-ca3c901b7301c9e1dea18105f2aa2fa0 main_color avia-section-default avia-no-border-styling  avia-builder-el-0  el_before_av_section  avia-builder-el-first  avia-bg-style-parallax av-minimum-height av-minimum-height-50 av-height-50  container_wrap fullsize'   data-av_minimum_height_pc='50' data-av_min_height_opt='50'><div class='container av-section-cont-open' ><main  role=\"main\" itemprop=\"mainContentOfPage\"  class='template-page content  av-content-full alpha units'><div class='post-entry post-entry-type-page post-entry-6643'><div class='entry-content-wrapper clearfix'>\n\n<style type=\"text\/css\" data-created_by=\"avia_inline_auto\" id=\"style-css-av-av_heading-0ede4a5e3560e047179608fc7bd8f95f\">\n#top .av-special-heading.av-av_heading-0ede4a5e3560e047179608fc7bd8f95f{\npadding-bottom:0;\nfont-size:40px;\n}\nbody .av-special-heading.av-av_heading-0ede4a5e3560e047179608fc7bd8f95f .av-special-heading-tag .heading-char{\nfont-size:25px;\n}\n#top #wrap_all .av-special-heading.av-av_heading-0ede4a5e3560e047179608fc7bd8f95f .av-special-heading-tag{\nfont-size:40px;\n}\n.av-special-heading.av-av_heading-0ede4a5e3560e047179608fc7bd8f95f .av-subheading{\nfont-size:20px;\n}\n\n@media only screen and (min-width: 480px) and (max-width: 767px){ \n#top #wrap_all .av-special-heading.av-av_heading-0ede4a5e3560e047179608fc7bd8f95f .av-special-heading-tag{\nfont-size:0.8em;\n}\n}\n\n@media only screen and (max-width: 479px){ \n#top #wrap_all .av-special-heading.av-av_heading-0ede4a5e3560e047179608fc7bd8f95f .av-special-heading-tag{\nfont-size:0.8em;\n}\n}\n<\/style>\n<div  class='av-special-heading av-av_heading-0ede4a5e3560e047179608fc7bd8f95f av-special-heading-h1 custom-color-heading blockquote modern-quote modern-centered  avia-builder-el-1  avia-builder-el-no-sibling  av-inherit-size'><h1 class='av-special-heading-tag'  itemprop=\"headline\"  >Pol\u00edtica de privacidad del donante<\/h1><div class=\"special-heading-border\"><div class=\"special-heading-inner-border\"><\/div><\/div><\/div>\n\n<\/div><\/div><\/main><!-- close content main element --><\/div><\/div><div id='av_section_2'  class='avia-section av-av_section-1f1977f6efab0c98093a3e01788c118a main_color avia-section-large avia-no-shadow  avia-builder-el-2  el_after_av_section  avia-builder-el-last  avia-bg-style-scroll container_wrap fullsize'  ><div class='container av-section-cont-open' ><div class='template-page content  av-content-full alpha units'><div class='post-entry post-entry-type-page post-entry-6643'><div class='entry-content-wrapper clearfix'>\n\n<style type=\"text\/css\" data-created_by=\"avia_inline_auto\" id=\"style-css-av-av_one_fifth-15d750bd1b332b34c6e70b077ebbccdf\">\n.flex_column.av-av_one_fifth-15d750bd1b332b34c6e70b077ebbccdf{\nborder-radius:0px 0px 0px 0px;\npadding:0px 0px 0px 0px;\n}\n<\/style>\n<div  class='flex_column av-av_one_fifth-15d750bd1b332b34c6e70b077ebbccdf av_one_fifth  avia-builder-el-3  el_before_av_three_fifth  avia-builder-el-first  first flex_column_div av-zero-column-padding'     ><\/div>\n<style type=\"text\/css\" data-created_by=\"avia_inline_auto\" id=\"style-css-av-av_three_fifth-c8fc129dc35fd1ae2a1e410224d39ea8\">\n.flex_column.av-av_three_fifth-c8fc129dc35fd1ae2a1e410224d39ea8{\nborder-radius:0px 0px 0px 0px;\npadding:0px 0px 0px 0px;\n}\n<\/style>\n<div  class='flex_column av-av_three_fifth-c8fc129dc35fd1ae2a1e410224d39ea8 av_three_fifth  avia-builder-el-4  el_after_av_one_fifth  el_before_av_one_fifth  flex_column_div av-zero-column-padding'     ><p>\n<style type=\"text\/css\" data-created_by=\"avia_inline_auto\" id=\"style-css-av-av_heading-6f98617bdd04f391f782b7de5052cc5f\">\n#top .av-special-heading.av-av_heading-6f98617bdd04f391f782b7de5052cc5f{\npadding-bottom:30px;\n}\nbody .av-special-heading.av-av_heading-6f98617bdd04f391f782b7de5052cc5f .av-special-heading-tag .heading-char{\nfont-size:25px;\n}\n.av-special-heading.av-av_heading-6f98617bdd04f391f782b7de5052cc5f .av-subheading{\nfont-size:15px;\n}\n<\/style>\n<div  class='av-special-heading av-av_heading-6f98617bdd04f391f782b7de5052cc5f av-special-heading-h2 blockquote modern-quote modern-centered  avia-builder-el-5  el_before_av_heading  avia-builder-el-first'><h2 class='av-special-heading-tag'  itemprop=\"headline\"  >Nuestro compromiso con la privacidad<\/h2><div class=\"special-heading-border\"><div class=\"special-heading-inner-border\"><\/div><\/div><\/div><br \/>\n\n<style type=\"text\/css\" data-created_by=\"avia_inline_auto\" id=\"style-css-av-av_heading-45e80a5679841d2c7cc0f1e870979b24\">\n#top .av-special-heading.av-av_heading-45e80a5679841d2c7cc0f1e870979b24{\npadding-bottom:30px;\n}\nbody .av-special-heading.av-av_heading-45e80a5679841d2c7cc0f1e870979b24 .av-special-heading-tag .heading-char{\nfont-size:25px;\n}\n.av-special-heading.av-av_heading-45e80a5679841d2c7cc0f1e870979b24 .av-subheading{\nfont-size:15px;\n}\n<\/style>\n<div  class='av-special-heading av-av_heading-45e80a5679841d2c7cc0f1e870979b24 av-special-heading-h4 blockquote modern-quote modern-centered  avia-builder-el-6  el_after_av_heading  avia-builder-el-last'><h4 class='av-special-heading-tag'  itemprop=\"headline\"  >El Museo de Arte y Bloque Hist\u00f3rico de Tucson (TMA) se compromete a proteger la privacidad de nuestros donantes. TMA no vende, intercambia ni alquila informaci\u00f3n personal sobre nuestros donantes con organizaciones de terceros.<\/h4><div class=\"special-heading-border\"><div class=\"special-heading-inner-border\"><\/div><\/div><\/div><\/p><\/div>\n<style type=\"text\/css\" data-created_by=\"avia_inline_auto\" id=\"style-css-av-av_one_fifth-c8fc129dc35fd1ae2a1e410224d39ea8\">\n.flex_column.av-av_one_fifth-c8fc129dc35fd1ae2a1e410224d39ea8{\nborder-radius:0px 0px 0px 0px;\npadding:0px 0px 0px 0px;\n}\n<\/style>\n<div  class='flex_column av-av_one_fifth-c8fc129dc35fd1ae2a1e410224d39ea8 av_one_fifth  avia-builder-el-7  el_after_av_three_fifth  el_before_av_one_half  flex_column_div av-zero-column-padding'     ><\/div>\n<style type=\"text\/css\" data-created_by=\"avia_inline_auto\" id=\"style-css-av-av_one_half-6126cab7d8fab8d08143dd2dacdf673c\">\n.flex_column.av-av_one_half-6126cab7d8fab8d08143dd2dacdf673c{\nborder-radius:0px 0px 0px 0px;\npadding:0px 0px 0px 0px;\n}\n<\/style>\n<div  class='flex_column av-av_one_half-6126cab7d8fab8d08143dd2dacdf673c av_one_half  avia-builder-el-8  el_after_av_one_fifth  el_before_av_one_half  first flex_column_div av-zero-column-padding  column-top-margin'     ><section  class='av_textblock_section av-av_textblock-2de302bf1aa3cf4c9157dbe6f50ac7eb'   itemscope=\"itemscope\" itemtype=\"https:\/\/schema.org\/CreativeWork\" ><div class='avia_textblock'  itemprop=\"text\" ><h4>Recopilaci\u00f3n de datos<\/h4>\n<p>TMA puede recopilar informaci\u00f3n personal sobre los donantes por varias razones, que incluyen:<\/p>\n<ul>\n<li>Administrar y mantener cuentas relacionadas con las donaciones.<\/li>\n<li>Para facilitar la recaudaci\u00f3n de fondos<\/li>\n<li>Comunicarse con donantes y posibles donantes en relaci\u00f3n con el museo y los servicios del museo.<\/li>\n<li>Para cumplir con los requisitos legales y reglamentarios<\/li>\n<\/ul>\n<p>Dicha informaci\u00f3n puede incluir: nombre, direcci\u00f3n, n\u00famero de tel\u00e9fono, direcci\u00f3n de correo electr\u00f3nico e informaci\u00f3n de la tarjeta de cr\u00e9dito cuando un donante nos la proporciona voluntariamente. Adem\u00e1s, TMA mantiene un registro del historial de donaciones de cada donante y las comunicaciones con el personal. Esta informaci\u00f3n se mantiene en archivo y puede ser utilizada para los siguientes prop\u00f3sitos internos:<\/p>\n<ul>\n<li>Para repartir recibos de donaciones.<\/li>\n<li>Para agradecer a los donantes por su donaci\u00f3n<\/li>\n<li>Informar a los donantes sobre eventos y programas.<\/li>\n<li>Informar a los donantes sobre las actividades de recaudaci\u00f3n de fondos.<\/li>\n<li>Para an\u00e1lisis interno y mantenimiento de registros.<\/li>\n<li>Para informar a las agencias gubernamentales federales y estatales pertinentes, como el IRS<\/li>\n<li>Para auditor\u00edas anuales<\/li>\n<li>Para informes de subvenciones<\/li>\n<li>Para contactar a los donantes sobre los cambios a esta pol\u00edtica<\/li>\n<\/ul>\n<\/div><\/section><br \/>\n<section  class='av_textblock_section av-av_textblock-2de302bf1aa3cf4c9157dbe6f50ac7eb'   itemscope=\"itemscope\" itemtype=\"https:\/\/schema.org\/CreativeWork\" ><div class='avia_textblock'  itemprop=\"text\" ><h4>Reconocimiento y Reporte<\/h4>\n<p>TMA puede reconocer p\u00fablicamente la recepci\u00f3n y el prop\u00f3sito de un obsequio individual, a menos que el donante solicite expl\u00edcitamente que el obsequio sea an\u00f3nimo. El monto espec\u00edfico de una donaci\u00f3n no se revelar\u00e1 sin el consentimiento del donante, excepto cuando lo exija la ley. Los datos sobre los donantes y los montos de las donaciones (excluyendo la informaci\u00f3n de identificaci\u00f3n personal) pueden agregarse y usarse con fines informativos, incluidas las subvenciones y las presentaciones gubernamentales, sin el consentimiento del donante. TMA tambi\u00e9n divulga una lista de donantes en categor\u00edas de donaciones en su Informe Anual.<\/p>\n<\/div><\/section><\/p><\/div>\n<style type=\"text\/css\" data-created_by=\"avia_inline_auto\" id=\"style-css-av-av_one_half-0aa7055fe62c3622faec82866afbaeb2\">\n.flex_column.av-av_one_half-0aa7055fe62c3622faec82866afbaeb2{\nborder-radius:0px 0px 0px 0px;\npadding:0px 0px 0px 0px;\n}\n<\/style>\n<div  class='flex_column av-av_one_half-0aa7055fe62c3622faec82866afbaeb2 av_one_half  avia-builder-el-11  el_after_av_one_half  avia-builder-el-last  flex_column_div av-zero-column-padding  column-top-margin'     ><section  class='av_textblock_section av-av_textblock-2de302bf1aa3cf4c9157dbe6f50ac7eb'   itemscope=\"itemscope\" itemtype=\"https:\/\/schema.org\/CreativeWork\" ><div class='avia_textblock'  itemprop=\"text\" ><h4>salvaguardias<\/h4>\n<p>TMA salvaguarda la informaci\u00f3n de los donantes al:<\/p>\n<ul>\n<li>Medidas f\u00edsicas, incluidos archivos cerrados y oficinas cerradas<\/li>\n<li>Medidas tecnol\u00f3gicas, incluido el uso de contrase\u00f1as y seguridad digital<\/li>\n<li>Otras medidas, incluida la restricci\u00f3n del acceso seg\u00fan la \u201cnecesidad de saber\u201d<\/li>\n<li>Uso de un sitio seguro para transacciones financieras en l\u00ednea<\/li>\n<li>Destrucci\u00f3n de la informaci\u00f3n de la tarjeta de cr\u00e9dito despu\u00e9s de que se haya procesado y completado una transacci\u00f3n<\/li>\n<\/ul>\n<h4>Cambios a nuestra pol\u00edtica de privacidad de donantes<\/h4>\n<p>TMA puede revisar su pol\u00edtica de privacidad de donantes en cualquier momento, sin previo aviso, y dichos cambios entrar\u00e1n en vigencia inmediatamente despu\u00e9s de publicar la pol\u00edtica revisada en el sitio web de TMA. Los cambios pueden ser necesarios debido a cambios en la ley, la pol\u00edtica o los procedimientos de TMA. Consulte aqu\u00ed peri\u00f3dicamente para ver si hay actualizaciones.<\/p>\n<h4>Cont\u00e1ctenos<\/h4>\n<p>Puede escribir al Museo de Arte y Manzana Hist\u00f3rica de Tucson, 140 N. Main Avenue, Tucson, AZ, 85701, para solicitar una revisi\u00f3n de cualquier informaci\u00f3n personal que pueda haber recopilado TMA y solicitar las correcciones que sean necesarias.<\/p>\n<p>Si tiene preguntas sobre esta Pol\u00edtica de privacidad del donante o si desea que lo eliminemos de nuestras listas de contactos postales y de correo electr\u00f3nico, puede escribir al Museo de Arte y Bloque Hist\u00f3rico de Tucson, 140 N. Main Avenue, Tucson, AZ, 85701.<\/p>\n<\/div><\/section><\/div>","protected":false},"excerpt":{"rendered":"","protected":false},"author":177,"featured_media":0,"parent":0,"menu_order":0,"comment_status":"closed","ping_status":"closed","template":"","meta":{"_price":"","_stock":"","_tribe_ticket_header":"","_tribe_default_ticket_provider":"","_tribe_ticket_capacity":"0","_ticket_start_date":"","_ticket_end_date":"","_tribe_ticket_show_description":"","_tribe_ticket_show_not_going":false,"_tribe_ticket_use_global_stock":"","_tribe_ticket_global_stock_level":"","_global_stock_mode":"","_global_stock_cap":"","_tribe_rsvp_for_event":"","_tribe_ticket_going_count":"","_tribe_ticket_not_going_count":"","_tribe_tickets_list":"[]","_tribe_ticket_has_attendee_info_fields":false,"footnotes":""},"class_list":["post-6643","page","type-page","status-publish","hentry"],"publishpress_future_action":{"enabled":false,"date":"2026-04-15 03:25:20","action":"change-status","newStatus":"draft","terms":[],"taxonomy":"","extraData":[]},"publishpress_future_workflow_manual_trigger":{"enabledWorkflows":[]},"_links":{"self":[{"href":"https:\/\/www.tucsonmuseumofart.org\/es\/wp-json\/wp\/v2\/pages\/6643","targetHints":{"allow":["GET"]}}],"collection":[{"href":"https:\/\/www.tucsonmuseumofart.org\/es\/wp-json\/wp\/v2\/pages"}],"about":[{"href":"https:\/\/www.tucsonmuseumofart.org\/es\/wp-json\/wp\/v2\/types\/page"}],"author":[{"embeddable":true,"href":"https:\/\/www.tucsonmuseumofart.org\/es\/wp-json\/wp\/v2\/users\/177"}],"replies":[{"embeddable":true,"href":"https:\/\/www.tucsonmuseumofart.org\/es\/wp-json\/wp\/v2\/comments?post=6643"}],"version-history":[{"count":3,"href":"https:\/\/www.tucsonmuseumofart.org\/es\/wp-json\/wp\/v2\/pages\/6643\/revisions"}],"predecessor-version":[{"id":6753,"href":"https:\/\/www.tucsonmuseumofart.org\/es\/wp-json\/wp\/v2\/pages\/6643\/revisions\/6753"}],"wp:attachment":[{"href":"https:\/\/www.tucsonmuseumofart.org\/es\/wp-json\/wp\/v2\/media?parent=6643"}],"curies":[{"name":"wp","href":"https:\/\/api.w.org\/{rel}","templated":true}]}}