{"id":6646,"date":"2018-03-30T11:44:59","date_gmt":"2018-03-30T18:44:59","guid":{"rendered":"https:\/\/www.tucsonmuseumofart.org\/?page_id=6646"},"modified":"2023-09-06T10:38:08","modified_gmt":"2023-09-06T17:38:08","slug":"privacy-policy","status":"publish","type":"page","link":"https:\/\/www.tucsonmuseumofart.org\/es\/privacy-policy\/","title":{"rendered":"Pol\u00edtica de privacidad"},"content":{"rendered":"<div id='av_section_1'  class='avia-section av-dh5mue-8083dbc994488986ef2b90b175eddb8b main_color avia-section-default avia-no-border-styling  avia-builder-el-0  el_before_av_section  avia-builder-el-first  avia-bg-style-parallax av-minimum-height av-minimum-height-50 av-height-50  container_wrap fullsize'   data-av_minimum_height_pc='50' data-av_min_height_opt='50'><div class='container av-section-cont-open' ><main  role=\"main\" itemprop=\"mainContentOfPage\"  class='template-page content  av-content-full alpha units'><div class='post-entry post-entry-type-page post-entry-6646'><div class='entry-content-wrapper clearfix'>\n\n<style type=\"text\/css\" data-created_by=\"avia_inline_auto\" id=\"style-css-av-c4kvli-45fd4386ee568c7eb5ee152472bcbd3d\">\n#top .av-special-heading.av-c4kvli-45fd4386ee568c7eb5ee152472bcbd3d{\npadding-bottom:0;\nfont-size:40px;\n}\nbody .av-special-heading.av-c4kvli-45fd4386ee568c7eb5ee152472bcbd3d .av-special-heading-tag .heading-char{\nfont-size:25px;\n}\n#top #wrap_all .av-special-heading.av-c4kvli-45fd4386ee568c7eb5ee152472bcbd3d .av-special-heading-tag{\nfont-size:40px;\n}\n.av-special-heading.av-c4kvli-45fd4386ee568c7eb5ee152472bcbd3d .av-subheading{\nfont-size:20px;\n}\n\n@media only screen and (min-width: 480px) and (max-width: 767px){ \n#top #wrap_all .av-special-heading.av-c4kvli-45fd4386ee568c7eb5ee152472bcbd3d .av-special-heading-tag{\nfont-size:0.8em;\n}\n}\n\n@media only screen and (max-width: 479px){ \n#top #wrap_all .av-special-heading.av-c4kvli-45fd4386ee568c7eb5ee152472bcbd3d .av-special-heading-tag{\nfont-size:0.8em;\n}\n}\n<\/style>\n<div  class='av-special-heading av-c4kvli-45fd4386ee568c7eb5ee152472bcbd3d av-special-heading-h1 custom-color-heading blockquote modern-quote modern-centered  avia-builder-el-1  avia-builder-el-no-sibling  av-inherit-size'><h1 class='av-special-heading-tag'  itemprop=\"headline\"  >Pol\u00edtica de privacidad<\/h1><div class=\"special-heading-border\"><div class=\"special-heading-inner-border\"><\/div><\/div><\/div>\n\n<\/div><\/div><\/main><!-- close content main element --><\/div><\/div><div id='av_section_2'  class='avia-section av-ac5znq-bab900cf23ce58256588479ab082da0a main_color avia-section-large avia-no-shadow  avia-builder-el-2  el_after_av_section  avia-builder-el-last  avia-bg-style-scroll container_wrap fullsize'  ><div class='container av-section-cont-open' ><div class='template-page content  av-content-full alpha units'><div class='post-entry post-entry-type-page post-entry-6646'><div class='entry-content-wrapper clearfix'>\n\n<style type=\"text\/css\" data-created_by=\"avia_inline_auto\" id=\"style-css-av-y8s4m-caa81033974b6835ef29155a35006af6\">\n.flex_column.av-y8s4m-caa81033974b6835ef29155a35006af6{\nborder-radius:0px 0px 0px 0px;\npadding:0px 0px 0px 0px;\n}\n<\/style>\n<div  class='flex_column av-y8s4m-caa81033974b6835ef29155a35006af6 av_one_half  avia-builder-el-3  el_before_av_one_half  avia-builder-el-first  first flex_column_div av-zero-column-padding'     ><section  class='av_textblock_section av-82utkm-e5d0f3375388cefe7ca6db058e37efee'   itemscope=\"itemscope\" itemtype=\"https:\/\/schema.org\/CreativeWork\" ><div class='avia_textblock'  itemprop=\"text\" ><h4>Nuestro compromiso con la privacidad y la seguridad<\/h4>\n<p>El Museo de Arte y Bloque Hist\u00f3rico de Tucson (TMA) est\u00e1 comprometido a proteger la privacidad y seguridad de nuestros visitantes. Tu privacidad es una prioridad. Esta Pol\u00edtica de Privacidad describe c\u00f3mo recopilamos y utilizamos informaci\u00f3n tanto en l\u00ednea como fuera de l\u00ednea, incluso en www.tucsonmuseumofart.org. No recopilamos informaci\u00f3n personal sobre personas, como nombres y direcciones postales o de correo electr\u00f3nico, a menos que usted la proporcione con conocimiento. TMA cifra la informaci\u00f3n de facturaci\u00f3n siempre que se recopila en l\u00ednea y solo el personal designado para manejar dicha informaci\u00f3n puede acceder a la informaci\u00f3n personal. Su uso del sitio web de TMA o el suministro de informaci\u00f3n personal a TMA como se describe a continuaci\u00f3n constituye su aceptaci\u00f3n de los t\u00e9rminos de esta pol\u00edtica de privacidad.<\/p>\n<\/div><\/section><br \/>\n<section  class='av_textblock_section av-6ki5ra-d268ad0683bc234d9317fa807e53fc8e'   itemscope=\"itemscope\" itemtype=\"https:\/\/schema.org\/CreativeWork\" ><div class='avia_textblock'  itemprop=\"text\" ><h4>Los datos que recopilamos y c\u00f3mo usamos su informaci\u00f3n<\/h4>\n<p>Nuestro sitio web le brinda una forma conveniente de conocer importantes oportunidades y eventos de TMA. Recopilamos informaci\u00f3n sobre nuestros visitantes en l\u00ednea tanto directamente de nuestros visitantes como indirectamente de otras empresas que nos proporcionan datos. Usamos esta informaci\u00f3n para comunicarnos con nuestros miembros y visitantes, procesar sus transacciones, proporcionar informaci\u00f3n sobre nuestros programas y eventos y solicitar donaciones. Mantenemos la informaci\u00f3n que proporciona, junto con un registro de sus transacciones, de forma segura. No lo alquilamos ni lo vendemos a otras organizaciones.<\/p>\n<p>Cuando usa nuestro sitio web, tel\u00e9fono, correo o visita en persona para hacer una contribuci\u00f3n financiera, convertirse en miembro de TMA, registrarse para una clase o evento especial, registrarse para ser voluntario, solicitar un trabajo o para otras transacciones similares , podemos pedirle su nombre, direcci\u00f3n, n\u00famero(s) de tel\u00e9fono, direcci\u00f3n de correo electr\u00f3nico y otra informaci\u00f3n relevante para la transacci\u00f3n.<\/p>\n<p>Le pediremos la informaci\u00f3n est\u00e1ndar de la tarjeta de cr\u00e9dito necesaria para procesar y atender su transacci\u00f3n cuando realice una donaci\u00f3n financiera, se convierta en miembro de TMA, pague un evento o realice una compra. La informaci\u00f3n de su tarjeta de cr\u00e9dito se almacenar\u00e1 temporalmente en un servidor seguro y se usar\u00e1 solo para procesar la transacci\u00f3n en l\u00ednea, por tel\u00e9fono o en persona. La informaci\u00f3n de la tarjeta de cr\u00e9dito se destruye tan pronto como se completa la transacci\u00f3n.<\/p>\n<p>TMA env\u00eda regularmente correos electr\u00f3nicos a los miembros, patrocinadores y visitantes del sitio web. Los destinatarios del correo electr\u00f3nico pueden optar por no participar en cualquier momento siguiendo las instrucciones de &quot;cancelar suscripci\u00f3n&quot; incluidas en el mensaje de correo electr\u00f3nico.<\/p>\n<\/div><\/section><\/p><\/div>\n<style type=\"text\/css\" data-created_by=\"avia_inline_auto\" id=\"style-css-av-4hnjl2-5dd1bf39555d9b9e314e959fd9f158cf\">\n.flex_column.av-4hnjl2-5dd1bf39555d9b9e314e959fd9f158cf{\nborder-radius:0px 0px 0px 0px;\npadding:0px 0px 0px 0px;\n}\n<\/style>\n<div  class='flex_column av-4hnjl2-5dd1bf39555d9b9e314e959fd9f158cf av_one_half  avia-builder-el-6  el_after_av_one_half  avia-builder-el-last  flex_column_div av-zero-column-padding'     ><section  class='av_textblock_section av-29jgfa-cb4d2fce3b12fc94dd56cac3fca42a02'   itemscope=\"itemscope\" itemtype=\"https:\/\/schema.org\/CreativeWork\" ><div class='avia_textblock'  itemprop=\"text\" ><h4>Encuestas en l\u00ednea<\/h4>\n<p>De vez en cuando, TMA puede invitarlo a participar en encuestas publicadas en el sitio web de TMA o enviadas por correo electr\u00f3nico. Su participaci\u00f3n en estas encuestas es voluntaria y an\u00f3nima, a menos que se indique lo contrario. Podemos preguntarle sobre sus antecedentes, ocupaci\u00f3n u otras preguntas. Usar\u00edamos esta informaci\u00f3n para ayudarnos a comprender mejor a nuestra audiencia y satisfacer mejor las necesidades de nuestros visitantes. La informaci\u00f3n que se puede recopilar en estas encuestas no se vende, alquila ni comparte con terceros con fines de marketing.<\/p>\n<h4>Boletines en l\u00ednea de TMA<\/h4>\n<p>TMA ofrece a los visitantes de su sitio web la oportunidad de suscribirse a los boletines de TMA, as\u00ed como a promociones ocasionales para eventos del museo. Puede suscribirse o darse de baja en cualquier momento siguiendo las instrucciones de &quot;darse de baja&quot; incluidas en el correo electr\u00f3nico.<\/p>\n<h4>Galletas<\/h4>\n<p>El sitio web de TMA utiliza tecnolog\u00edas como &quot;cookies&quot; y &quot;etiquetas de p\u00edxel&quot; para mejorar la funcionalidad del sitio web y su experiencia. Las \u201ccookies\u201d son peque\u00f1os archivos de datos que se env\u00edan autom\u00e1ticamente a su navegador desde un servidor web y se almacenan en el disco duro de su computadora. Las &quot;etiquetas de p\u00edxeles&quot; son peque\u00f1as im\u00e1genes gr\u00e1ficas incrustadas en correos electr\u00f3nicos o p\u00e1ginas web. Se utilizan para determinar qu\u00e9 partes del sitio web de TMA ha visto un visitante y si un correo electr\u00f3nico se abri\u00f3 con \u00e9xito. Ni las cookies ni las etiquetas de p\u00edxeles contienen informaci\u00f3n personal sobre usted. Se utilizan para recopilar informaci\u00f3n para analizar el tr\u00e1fico en el sitio web de TMA, para mejorar nuestro contenido y la navegaci\u00f3n del sitio web, y para marketing dirigido.<\/p>\n<p>Puede configurar su navegador para que no acepte cookies.<\/p>\n<h4>Enlace<\/h4>\n<p>El sitio web de TMA puede incluir enlaces a sitios web operados por terceros sobre los que no tenemos control. Una vez que abandone el sitio web de TMA, no se aplicar\u00e1 la pol\u00edtica de privacidad de TMA. Cualquier sitio web vinculado hacia o desde el sitio de TMA es solo para su conveniencia, y TMA no controla, revisa, aprueba, patrocina ni respalda ning\u00fan contenido en los sitios vinculados.<\/p>\n<h4>Contacto<\/h4>\n<p>Para cualquier pregunta, comentario o solicitud de informaci\u00f3n adicional, puede enviarnos un correo electr\u00f3nico a <a href=\"mailto:info@tucsonmuseumofart.org\">info@tucsonmuseumofart.org<\/a>.<\/p>\n<\/div><\/section><\/div>","protected":false},"excerpt":{"rendered":"","protected":false},"author":177,"featured_media":0,"parent":0,"menu_order":0,"comment_status":"closed","ping_status":"closed","template":"","meta":{"_price":"","_stock":"","_tribe_ticket_header":"","_tribe_default_ticket_provider":"","_tribe_ticket_capacity":"0","_ticket_start_date":"","_ticket_end_date":"","_tribe_ticket_show_description":"","_tribe_ticket_show_not_going":false,"_tribe_ticket_use_global_stock":"","_tribe_ticket_global_stock_level":"","_global_stock_mode":"","_global_stock_cap":"","_tribe_rsvp_for_event":"","_tribe_ticket_going_count":"","_tribe_ticket_not_going_count":"","_tribe_tickets_list":"[]","_tribe_ticket_has_attendee_info_fields":false,"footnotes":""},"class_list":["post-6646","page","type-page","status-publish","hentry"],"publishpress_future_action":{"enabled":false,"date":"2026-04-20 09:53:27","action":"change-status","newStatus":"draft","terms":[],"taxonomy":"","extraData":[]},"publishpress_future_workflow_manual_trigger":{"enabledWorkflows":[]},"_links":{"self":[{"href":"https:\/\/www.tucsonmuseumofart.org\/es\/wp-json\/wp\/v2\/pages\/6646","targetHints":{"allow":["GET"]}}],"collection":[{"href":"https:\/\/www.tucsonmuseumofart.org\/es\/wp-json\/wp\/v2\/pages"}],"about":[{"href":"https:\/\/www.tucsonmuseumofart.org\/es\/wp-json\/wp\/v2\/types\/page"}],"author":[{"embeddable":true,"href":"https:\/\/www.tucsonmuseumofart.org\/es\/wp-json\/wp\/v2\/users\/177"}],"replies":[{"embeddable":true,"href":"https:\/\/www.tucsonmuseumofart.org\/es\/wp-json\/wp\/v2\/comments?post=6646"}],"version-history":[{"count":4,"href":"https:\/\/www.tucsonmuseumofart.org\/es\/wp-json\/wp\/v2\/pages\/6646\/revisions"}],"predecessor-version":[{"id":34571,"href":"https:\/\/www.tucsonmuseumofart.org\/es\/wp-json\/wp\/v2\/pages\/6646\/revisions\/34571"}],"wp:attachment":[{"href":"https:\/\/www.tucsonmuseumofart.org\/es\/wp-json\/wp\/v2\/media?parent=6646"}],"curies":[{"name":"wp","href":"https:\/\/api.w.org\/{rel}","templated":true}]}}