{"id":8037,"date":"2018-07-23T15:03:36","date_gmt":"2018-07-23T22:03:36","guid":{"rendered":"https:\/\/www.tucsonmuseumofart.org\/?page_id=8037"},"modified":"2018-07-24T02:34:36","modified_gmt":"2018-07-24T09:34:36","slug":"notice-of-filming-and-photography","status":"publish","type":"page","link":"https:\/\/www.tucsonmuseumofart.org\/es\/notice-of-filming-and-photography\/","title":{"rendered":"Aviso de Filmaci\u00f3n y Fotograf\u00eda"},"content":{"rendered":"<div id='av_section_1'  class='avia-section av-jjyt83a9-bc7630fbed5d5b55bb95c18dfefc9f8d main_color avia-section-default avia-no-border-styling  avia-builder-el-0  el_before_av_section  avia-builder-el-first  avia-bg-style-scroll av-minimum-height av-minimum-height-50 av-height-50  container_wrap fullsize'   data-av_minimum_height_pc='50' data-av_min_height_opt='50'><div class='container av-section-cont-open' ><main  role=\"main\" itemprop=\"mainContentOfPage\"  class='template-page content  av-content-full alpha units'><div class='post-entry post-entry-type-page post-entry-8037'><div class='entry-content-wrapper clearfix'>\n\n<style type=\"text\/css\" data-created_by=\"avia_inline_auto\" id=\"style-css-av-jjzi5smh-2ec3faa239547d3c601eb90498b1e9d7\">\n#top .av-special-heading.av-jjzi5smh-2ec3faa239547d3c601eb90498b1e9d7{\npadding-bottom:10px;\nfont-size:40px;\n}\nbody .av-special-heading.av-jjzi5smh-2ec3faa239547d3c601eb90498b1e9d7 .av-special-heading-tag .heading-char{\nfont-size:25px;\n}\n#top #wrap_all .av-special-heading.av-jjzi5smh-2ec3faa239547d3c601eb90498b1e9d7 .av-special-heading-tag{\nfont-size:40px;\n}\n.av-special-heading.av-jjzi5smh-2ec3faa239547d3c601eb90498b1e9d7 .av-subheading{\nfont-size:15px;\n}\n\n@media only screen and (min-width: 480px) and (max-width: 767px){ \n#top #wrap_all .av-special-heading.av-jjzi5smh-2ec3faa239547d3c601eb90498b1e9d7 .av-special-heading-tag{\nfont-size:0.8em;\n}\n}\n\n@media only screen and (max-width: 479px){ \n#top #wrap_all .av-special-heading.av-jjzi5smh-2ec3faa239547d3c601eb90498b1e9d7 .av-special-heading-tag{\nfont-size:0.8em;\n}\n}\n<\/style>\n<div  class='av-special-heading av-jjzi5smh-2ec3faa239547d3c601eb90498b1e9d7 av-special-heading-h1 blockquote modern-quote modern-centered  avia-builder-el-1  avia-builder-el-no-sibling  av-inherit-size'><h1 class='av-special-heading-tag'  itemprop=\"headline\"  >AVISO DE FILMACI\u00d3N <span class='special_amp'>&amp;<\/span> FOTOGRAF\u00cdA <\/h1><div class=\"special-heading-border\"><div class=\"special-heading-inner-border\"><\/div><\/div><\/div>\n<\/div><\/div><\/main><!-- close content main element --><\/div><\/div><div id='av_section_2'  class='avia-section av-6di4r9-7dd76f0614933a42c7cf3896fd008d95 main_color avia-section-small avia-no-border-styling  avia-builder-el-2  el_after_av_section  avia-builder-el-last  avia-bg-style-scroll container_wrap fullsize'  ><div class='container av-section-cont-open' ><div class='template-page content  av-content-full alpha units'><div class='post-entry post-entry-type-page post-entry-8037'><div class='entry-content-wrapper clearfix'>\n\n<style type=\"text\/css\" data-created_by=\"avia_inline_auto\" id=\"style-css-av-3qghqt-05dc9c3bc04d6815756b9d6eeb2feff2\">\n.flex_column.av-3qghqt-05dc9c3bc04d6815756b9d6eeb2feff2{\nborder-radius:0px 0px 0px 0px;\npadding:0px 0px 0px 0px;\n}\n<\/style>\n<div  class='flex_column av-3qghqt-05dc9c3bc04d6815756b9d6eeb2feff2 av_one_half  avia-builder-el-3  el_before_av_one_half  avia-builder-el-first  first flex_column_div av-zero-column-padding'     ><section  class='av_textblock_section av-jjytdmff-2804ef891b13bdad7fc663b2f9874b76'   itemscope=\"itemscope\" itemtype=\"https:\/\/schema.org\/CreativeWork\" ><div class='avia_textblock'  itemprop=\"text\" ><p>Al Museo de Arte y Bloque Hist\u00f3rico de Tucson le encanta incluir im\u00e1genes de nuestros visitantes en nuestras redes sociales, en l\u00ednea y publicaciones impresas. Cuando ingresa al campus del Museo de Arte y Bloque Hist\u00f3rico (TMA) de Tucson, ingresa a un \u00e1rea donde se pueden realizar fotograf\u00edas, grabaciones de audio y video. Al ingresar a las instalaciones, usted acepta que la fotograf\u00eda, la grabaci\u00f3n de audio, la grabaci\u00f3n de video y su lanzamiento, publicaci\u00f3n, exhibici\u00f3n o reproducci\u00f3n se utilicen para noticias, transmisiones web, fines promocionales, transmisiones por televisi\u00f3n, publicidad, inclusi\u00f3n en sitios web, redes sociales o cualquier otro prop\u00f3sito, por TMA, sus afiliados y representantes.<\/p>\n<\/div><\/section><\/div>\n<style type=\"text\/css\" data-created_by=\"avia_inline_auto\" id=\"style-css-av-2amhth-ef5d2122287dabb439c8bf8e0f24e3a9\">\n.flex_column.av-2amhth-ef5d2122287dabb439c8bf8e0f24e3a9{\nborder-radius:0px 0px 0px 0px;\npadding:0px 0px 0px 0px;\n}\n<\/style>\n<div  class='flex_column av-2amhth-ef5d2122287dabb439c8bf8e0f24e3a9 av_one_half  avia-builder-el-5  el_after_av_one_half  avia-builder-el-last  flex_column_div av-zero-column-padding'     ><section  class='av_textblock_section av-jjytec12-8fb066ecfd4c6908a117f6cb99df3c7e'   itemscope=\"itemscope\" itemtype=\"https:\/\/schema.org\/CreativeWork\" ><div class='avia_textblock'  itemprop=\"text\" ><p>Se pueden utilizar im\u00e1genes, fotos y\/o videos para promover eventos similares de TMA en el futuro, resaltar el evento y exhibir las capacidades del museo. Usted libera a TMA, sus funcionarios y empleados, y a todas y cada una de las personas involucradas de cualquier responsabilidad relacionada con la toma, grabaci\u00f3n, digitalizaci\u00f3n o publicaci\u00f3n y uso de fotograf\u00edas, videos y\/o grabaciones de sonido. Al ingresar a las instalaciones, renuncia a todos los derechos que pueda tener sobre cualquier reclamo de pago o regal\u00edas en relaci\u00f3n con cualquier uso, exhibici\u00f3n, transmisi\u00f3n, transmisi\u00f3n por Internet, televisi\u00f3n u otra publicaci\u00f3n de estos materiales, independientemente del prop\u00f3sito o patrocinio de dicho uso. exhibici\u00f3n, transmisi\u00f3n, webcasting u otra publicaci\u00f3n, independientemente de si se cobra una tarifa de admisi\u00f3n o patrocinio. Tambi\u00e9n renuncia a cualquier derecho de inspeccionar o aprobar cualquier foto, video o grabaci\u00f3n de audio tomada por TMA o la persona o entidad designada para hacerlo por TMA.<\/p>\n<\/div><\/section><\/div>\n<\/p>","protected":false},"excerpt":{"rendered":"","protected":false},"author":177,"featured_media":0,"parent":0,"menu_order":0,"comment_status":"closed","ping_status":"closed","template":"","meta":{"_price":"","_stock":"","_tribe_ticket_header":"","_tribe_default_ticket_provider":"","_tribe_ticket_capacity":"0","_ticket_start_date":"","_ticket_end_date":"","_tribe_ticket_show_description":"","_tribe_ticket_show_not_going":false,"_tribe_ticket_use_global_stock":"","_tribe_ticket_global_stock_level":"","_global_stock_mode":"","_global_stock_cap":"","_tribe_rsvp_for_event":"","_tribe_ticket_going_count":"","_tribe_ticket_not_going_count":"","_tribe_tickets_list":"[]","_tribe_ticket_has_attendee_info_fields":false,"footnotes":""},"class_list":["post-8037","page","type-page","status-publish","hentry"],"publishpress_future_action":{"enabled":false,"date":"2026-04-28 04:17:42","action":"change-status","newStatus":"draft","terms":[],"taxonomy":"","extraData":[]},"publishpress_future_workflow_manual_trigger":{"enabledWorkflows":[]},"_links":{"self":[{"href":"https:\/\/www.tucsonmuseumofart.org\/es\/wp-json\/wp\/v2\/pages\/8037","targetHints":{"allow":["GET"]}}],"collection":[{"href":"https:\/\/www.tucsonmuseumofart.org\/es\/wp-json\/wp\/v2\/pages"}],"about":[{"href":"https:\/\/www.tucsonmuseumofart.org\/es\/wp-json\/wp\/v2\/types\/page"}],"author":[{"embeddable":true,"href":"https:\/\/www.tucsonmuseumofart.org\/es\/wp-json\/wp\/v2\/users\/177"}],"replies":[{"embeddable":true,"href":"https:\/\/www.tucsonmuseumofart.org\/es\/wp-json\/wp\/v2\/comments?post=8037"}],"version-history":[{"count":6,"href":"https:\/\/www.tucsonmuseumofart.org\/es\/wp-json\/wp\/v2\/pages\/8037\/revisions"}],"predecessor-version":[{"id":8076,"href":"https:\/\/www.tucsonmuseumofart.org\/es\/wp-json\/wp\/v2\/pages\/8037\/revisions\/8076"}],"wp:attachment":[{"href":"https:\/\/www.tucsonmuseumofart.org\/es\/wp-json\/wp\/v2\/media?parent=8037"}],"curies":[{"name":"wp","href":"https:\/\/api.w.org\/{rel}","templated":true}]}}