{"id":11108,"date":"2019-01-15T10:57:20","date_gmt":"2019-01-15T17:57:20","guid":{"rendered":"https:\/\/www.tucsonmuseumofart.org\/?post_type=product&#038;p=11108"},"modified":"2022-07-14T11:10:35","modified_gmt":"2022-07-14T18:10:35","slug":"carlos-estevez-entelechy","status":"publish","type":"product","link":"https:\/\/www.tucsonmuseumofart.org\/es\/producto\/carlos-estevez-entelechy\/","title":{"rendered":"Carlos Est\u00e9vez: Entelequia"},"content":{"rendered":"<p>El arte de Carlos Est\u00e9vez revela un inter\u00e9s por el v\u00ednculo entre la espiritualidad humana y la infinitud de la experiencia humana. Explora nociones de simbolismo, tiempo, anatom\u00eda, metaf\u00edsica y cosmos en una b\u00fasqueda de comprensi\u00f3n que trasciende lo visual para entrar en el reino de la mente en obras complejas en diferentes medios.<\/p>\n<p>El Museo de Arte y Bloque Hist\u00f3rico de Tucson (TMA) presenta la primera encuesta significativa de mitad de carrera del artista Carlos Est\u00e9vez en <em>Carlos Est\u00e9vez: Entelequia, Obras de 1992 a 2018<\/em>, del 26 de enero al 5 de mayo de 2019 en las galer\u00edas James J. y Louise R. Glasser. Esta exposici\u00f3n personal y reflexiva explora 25 a\u00f1os de trabajo, con m\u00e1s de 70 pinturas, dibujos, instalaciones y esculturas de Est\u00e9vez, considerado uno de los artistas cubanos m\u00e1s destacados de finales del siglo XX.<\/p>\n<p>La exposici\u00f3n est\u00e1 comisariada por la Dra. Carol Damian, exprofesora de Arte e Historia del Arte y exdirectora y curadora en jefe del Museo de Arte Patricia y Phillip Frost de la Universidad Internacional de Florida. Especialista en el arte de Am\u00e9rica Latina y el Caribe, es autora de varios libros, cat\u00e1logos y art\u00edculos. Damian da conferencias y ha curado numerosas exposiciones en todo el pa\u00eds.<\/p>\n<p>Editado por la Dra. Julie Sasse y la Dra. Marianna Pegno. Con un pr\u00f3logo de Jeremy Mikolajczak, director ejecutivo, y un ensayo de la Dra. Carol Damian, curadora de la exposici\u00f3n. Dise\u00f1o de Eleven Suns Media, con impresi\u00f3n de Four Color Print Group, Louisville, Kentucky. Publicado por el Museo de Arte y Bloque Hist\u00f3rico de Tucson.<\/p>\n<p>De tapa dura. 192 p\u00e1gs.; 128 ilustraciones.<\/p>\n<p>El precio incluye el env\u00edo dentro de los Estados Unidos contiguos. Para env\u00edos fuera de los EE. UU., comun\u00edquese con la tienda del museo en store@localhost<\/p>","protected":false},"excerpt":{"rendered":"<p>The art of Carlos Est\u00e9vez reveals an interest in the link between human spirituality and the infinity of human experience. He explores notions of symbolism, time, anatomy, metaphysics and the [&hellip;]<\/p>\n","protected":false},"featured_media":11107,"template":"","meta":{"_price":"40","_stock":"","_tribe_ticket_header":"","_tribe_default_ticket_provider":"","_tribe_ticket_capacity":"34","_ticket_start_date":"","_ticket_end_date":"","_tribe_ticket_show_description":"","_tribe_ticket_show_not_going":false,"_tribe_ticket_use_global_stock":"","_tribe_ticket_global_stock_level":"","_global_stock_mode":"","_global_stock_cap":"","_tribe_rsvp_for_event":"","_tribe_ticket_going_count":"","_tribe_ticket_not_going_count":"","_tribe_tickets_list":"[]","_tribe_ticket_has_attendee_info_fields":false},"product_brand":[],"product_cat":[101],"product_tag":[],"class_list":{"0":"post-11108","1":"product","2":"type-product","3":"status-publish","4":"has-post-thumbnail","6":"product_cat-books-cards","8":"first","9":"instock","10":"sale","11":"shipping-taxable","12":"purchasable","13":"product-type-simple"},"publishpress_future_workflow_manual_trigger":{"enabledWorkflows":[]},"_links":{"self":[{"href":"https:\/\/www.tucsonmuseumofart.org\/es\/wp-json\/wp\/v2\/product\/11108","targetHints":{"allow":["GET"]}}],"collection":[{"href":"https:\/\/www.tucsonmuseumofart.org\/es\/wp-json\/wp\/v2\/product"}],"about":[{"href":"https:\/\/www.tucsonmuseumofart.org\/es\/wp-json\/wp\/v2\/types\/product"}],"wp:featuredmedia":[{"embeddable":true,"href":"https:\/\/www.tucsonmuseumofart.org\/es\/wp-json\/wp\/v2\/media\/11107"}],"wp:attachment":[{"href":"https:\/\/www.tucsonmuseumofart.org\/es\/wp-json\/wp\/v2\/media?parent=11108"}],"wp:term":[{"taxonomy":"product_brand","embeddable":true,"href":"https:\/\/www.tucsonmuseumofart.org\/es\/wp-json\/wp\/v2\/product_brand?post=11108"},{"taxonomy":"product_cat","embeddable":true,"href":"https:\/\/www.tucsonmuseumofart.org\/es\/wp-json\/wp\/v2\/product_cat?post=11108"},{"taxonomy":"product_tag","embeddable":true,"href":"https:\/\/www.tucsonmuseumofart.org\/es\/wp-json\/wp\/v2\/product_tag?post=11108"}],"curies":[{"name":"wp","href":"https:\/\/api.w.org\/{rel}","templated":true}]}}