{"id":11650,"date":"2019-02-19T13:37:34","date_gmt":"2019-02-19T20:37:34","guid":{"rendered":"https:\/\/www.tucsonmuseumofart.org\/?post_type=product&#038;p=11650"},"modified":"2022-07-14T11:11:17","modified_gmt":"2022-07-14T18:11:17","slug":"western-heroes-of-pulp-fiction-dime-novel-to-pop-culture","status":"publish","type":"product","link":"https:\/\/www.tucsonmuseumofart.org\/es\/producto\/western-heroes-of-pulp-fiction-dime-novel-to-pop-culture\/","title":{"rendered":"Western Heroes of Pulp Fiction: novela de diez centavos a la cultura pop"},"content":{"rendered":"<p>Esta publicaci\u00f3n acompa\u00f1\u00f3 la exposici\u00f3n del Museo de Arte de Tucson <em>Western Heroes of Pulp Fiction: novela de diez centavos a la cultura pop<\/em> mostrada del 23 de octubre de 2014 al 14 de febrero de 2015. El cat\u00e1logo incluye im\u00e1genes de obras de arte en la exhibici\u00f3n y cinco ensayos que discuten la progresi\u00f3n hist\u00f3rica de c\u00f3mo la identidad del h\u00e9roe occidental se entrelaz\u00f3 en formas de arte que se encuentran en los medios p\u00fablicos. Los ensayos cubren temas sobre el nacimiento del m\u00edtico h\u00e9roe occidental, el papel de la novela de diez centavos, el arte pulp fiction occidental, el c\u00f3mic occidental y la visi\u00f3n moderna del h\u00e9roe occidental en las bellas artes, la televisi\u00f3n y el cine.<\/p>\n<p>Artistas que aparecen en la exposici\u00f3n y el cat\u00e1logo: Maura Allen, Allen Anderson, James Bama, Walter Baumhofer, Marshal Bravestarr, Gerald Brom, Richard Case, Fred Craft, Gerard Delano, Maynard Dixon, Albert Drake, Bill Draut, WH Dunton, Fred Harman, RG Harris, Levey, Roy Lichtenstein, Earl Linderman, Danny Martin, Lon Megargee, Stan Natchez, Richard Pettibone, Frederic Remington, Aaron Riley, Thom Ross, George Rozen, Bill Schenck, H. Winfield Scott, John Severin, Jeane Quick-to -Ver Smith, Paul Stahr, Ben Steele, Jeffrey Veregge, Andy Warhol, Dennis Zienienski.<\/p>\n<p>Pr\u00f3logo del Dr. Robert Knight, CEO, y ensayo de Christine Brindza, curadora s\u00e9nior, James y Louise Glasser Curadora de Arte del Oeste Americano. Dise\u00f1ado por Melina Lew, con impresi\u00f3n de Arizona Lithographers, Tucson, Arizona. Publicado por el Museo de Arte y Bloque Hist\u00f3rico de Tucson.<\/p>\n<p>Tapa blanda. 116 p\u00e1gs.<\/p>\n<p>El precio incluye el env\u00edo dentro de los Estados Unidos contiguos. Para env\u00edos fuera de los EE. UU., comun\u00edquese con la tienda del museo en store@localhost<\/p>","protected":false},"excerpt":{"rendered":"<p>This publication accompanied the Tucson Museum of Art\u2019s exhibition Western Heroes of Pulp Fiction: Dime Novel to Pop Culture shown October 23, 2014- February 14, 2015. The catalogue includes images [&hellip;]<\/p>\n","protected":false},"featured_media":11652,"template":"","meta":{"_price":"20","_stock":"","_tribe_ticket_header":"","_tribe_default_ticket_provider":"","_tribe_ticket_capacity":"4","_ticket_start_date":"","_ticket_end_date":"","_tribe_ticket_show_description":"","_tribe_ticket_show_not_going":false,"_tribe_ticket_use_global_stock":"","_tribe_ticket_global_stock_level":"","_global_stock_mode":"","_global_stock_cap":"","_tribe_rsvp_for_event":"","_tribe_ticket_going_count":"","_tribe_ticket_not_going_count":"","_tribe_tickets_list":"[]","_tribe_ticket_has_attendee_info_fields":false},"product_brand":[],"product_cat":[101],"product_tag":[],"class_list":{"0":"post-11650","1":"product","2":"type-product","3":"status-publish","4":"has-post-thumbnail","6":"product_cat-books-cards","8":"first","9":"instock","10":"sale","11":"shipping-taxable","12":"purchasable","13":"product-type-simple"},"publishpress_future_workflow_manual_trigger":{"enabledWorkflows":[]},"_links":{"self":[{"href":"https:\/\/www.tucsonmuseumofart.org\/es\/wp-json\/wp\/v2\/product\/11650","targetHints":{"allow":["GET"]}}],"collection":[{"href":"https:\/\/www.tucsonmuseumofart.org\/es\/wp-json\/wp\/v2\/product"}],"about":[{"href":"https:\/\/www.tucsonmuseumofart.org\/es\/wp-json\/wp\/v2\/types\/product"}],"wp:featuredmedia":[{"embeddable":true,"href":"https:\/\/www.tucsonmuseumofart.org\/es\/wp-json\/wp\/v2\/media\/11652"}],"wp:attachment":[{"href":"https:\/\/www.tucsonmuseumofart.org\/es\/wp-json\/wp\/v2\/media?parent=11650"}],"wp:term":[{"taxonomy":"product_brand","embeddable":true,"href":"https:\/\/www.tucsonmuseumofart.org\/es\/wp-json\/wp\/v2\/product_brand?post=11650"},{"taxonomy":"product_cat","embeddable":true,"href":"https:\/\/www.tucsonmuseumofart.org\/es\/wp-json\/wp\/v2\/product_cat?post=11650"},{"taxonomy":"product_tag","embeddable":true,"href":"https:\/\/www.tucsonmuseumofart.org\/es\/wp-json\/wp\/v2\/product_tag?post=11650"}],"curies":[{"name":"wp","href":"https:\/\/api.w.org\/{rel}","templated":true}]}}