{"id":11660,"date":"2019-02-19T14:36:25","date_gmt":"2019-02-19T21:36:25","guid":{"rendered":"https:\/\/www.tucsonmuseumofart.org\/?post_type=product&#038;p=11660"},"modified":"2021-05-19T14:46:57","modified_gmt":"2021-05-19T21:46:57","slug":"trouble-in-paradise-examining-discord-in-nature-and-society","status":"publish","type":"product","link":"https:\/\/www.tucsonmuseumofart.org\/es\/producto\/trouble-in-paradise-examining-discord-in-nature-and-society\/","title":{"rendered":"Problemas en el Para\u00edso: examinando la discordia en la naturaleza y la sociedad"},"content":{"rendered":"<p>Los artistas observan cada vez m\u00e1s la fragilidad de la tierra a trav\u00e9s de sus representaciones honestas y emocionales, mientras env\u00edan mensajes urgentes para prestar atenci\u00f3n a los r\u00e1pidos cambios que enfrenta la sociedad actual. <em>Problemas en el paraiso <\/em>examina una gama de arte en una variedad de medios que aborda las fuerzas extremas de la naturaleza en dos categor\u00edas b\u00e1sicas: discordia basada en la naturaleza, como rel\u00e1mpagos, tornados, volcanes, huracanes e incendios; y la discordia ambiental causada por el hombre, como la contaminaci\u00f3n, la sobrepoblaci\u00f3n, el calentamiento global, los incendios de campos petroleros, la lluvia radiactiva y la destrucci\u00f3n de la tierra. El debate sobre cu\u00e1nto de la ira de la naturaleza es el resultado del impacto y la interferencia humanos est\u00e1 en curso, pero se plantean preguntas a trav\u00e9s de im\u00e1genes dram\u00e1ticas sobre el ciclo aparentemente imparable de causa y efecto.<\/p>\n<p>Muchos de los artistas en esta exposici\u00f3n imbuyen su trabajo con mensajes inquietantes mientras documentan objetivamente la realidad ante ellos. Otros se exaltan en la asombrosa belleza del poder de la naturaleza sin juzgar su g\u00e9nesis o su conclusi\u00f3n. Si bien ofrece una selecci\u00f3n de obras poderosas que abordan las fuerzas de la naturaleza, esta exposici\u00f3n est\u00e1 lejos de ser un retrato &quot;pesimista&quot; de la situaci\u00f3n actual de la tierra y la sociedad, ni intenta resolver problemas ambientales. Lo que surge de estas obras no es solo una revelaci\u00f3n de los acuciantes problemas ambientales de nuestro tiempo, sino tambi\u00e9n c\u00f3mo los artistas ven el mundo y comparten ese mensaje con una belleza deslumbrante y una resonancia po\u00e9tica.<\/p>\n<p>Artistas incluidos en la exposici\u00f3n y el cat\u00e1logo: Kim Abeles, Luis Cruz Azaceta, Sasha Bezzubov, Randy Bolton, Sonja Braas, Alice Leora Briggs, Diane Burko, Edward Burtynsky, Corwin Clairmont and Leonard Edmonson, Robert D. Cocke, Anne Coe, Sue Coe , Dan Collins, James P. Cook, Susan Crile, Johann Ryno De Wet, Mark Dion, Mitch Epstein, Vernon Fisher, Paul Fusco, Francesca Gabbiani, Susan Graham, Heather Green, Emilie Halpern, Julie Heffernan, Roderik Henderson, Tracy Hicks, Dodo Jin Ming, Kim Keever, Isabella Kirkland, Dimitri Kozyrev, Nevan Lahart, Rosemary Laing, David Maisel, Mary Mattingly, Richard Misrach, Matthew Moore, Michael Najjar, Joe Novak, Leah Oates, Robyn O&#039;Neil, Tom Palmore, Robert y Shana ParkeHarrison, Anthony Pessler, Robert Polidori, Alexis Rockman, Barbara Rogers, Thomas Ruff, Chris Rush, Susan Shatter, Jeff Smith, Mikhael Subotsky, Tom Uttech, Ellen Wagener, William T. Wiley, AT Willett y Joel-Peter Witkin.<\/p>\n<p>Comisariada por la Dra. Julie Sasse, curadora en jefe<\/p>\n<p>Editado por Vanessa Mallory y Mary Sasse. Biograf\u00edas de artistas por Lindsay Russell. Pr\u00f3logo del Dr. Robert Knight, director ejecutivo, y ensayo de la Dra. Julie Sasse, curadora en jefe. Dise\u00f1ado por PS Studios, Inc. Phoenix, Arizona; con impresi\u00f3n de Ben Franklin Press, Tempe, Arizona. Publicado por el Museo de Arte y Bloque Hist\u00f3rico de Tucson.<\/p>\n<p>De tapa dura. 208 p\u00e1gs.<\/p>\n<p>El precio incluye el env\u00edo dentro de los Estados Unidos contiguos. Para env\u00edos fuera de los EE. UU., comun\u00edquese con la tienda del museo en store@localhost<\/p>","protected":false},"excerpt":{"rendered":"<p>Artists are increasingly looking at the fragility of the earth through their honest and emotional portrayals, while sending urgent messages to pay attention to the swift changes facing society today. [&hellip;]<\/p>\n","protected":false},"featured_media":11661,"template":"","meta":{"_price":"20","_stock":"","_tribe_ticket_header":"","_tribe_default_ticket_provider":"","_tribe_ticket_capacity":"2","_ticket_start_date":"","_ticket_end_date":"","_tribe_ticket_show_description":"","_tribe_ticket_show_not_going":false,"_tribe_ticket_use_global_stock":"","_tribe_ticket_global_stock_level":"","_global_stock_mode":"","_global_stock_cap":"","_tribe_rsvp_for_event":"","_tribe_ticket_going_count":"","_tribe_ticket_not_going_count":"","_tribe_tickets_list":"[]","_tribe_ticket_has_attendee_info_fields":false},"product_brand":[],"product_cat":[101],"product_tag":[],"class_list":{"0":"post-11660","1":"product","2":"type-product","3":"status-publish","4":"has-post-thumbnail","6":"product_cat-books-cards","8":"first","9":"instock","10":"sale","11":"shipping-taxable","12":"purchasable","13":"product-type-simple"},"publishpress_future_workflow_manual_trigger":{"enabledWorkflows":[]},"_links":{"self":[{"href":"https:\/\/www.tucsonmuseumofart.org\/es\/wp-json\/wp\/v2\/product\/11660","targetHints":{"allow":["GET"]}}],"collection":[{"href":"https:\/\/www.tucsonmuseumofart.org\/es\/wp-json\/wp\/v2\/product"}],"about":[{"href":"https:\/\/www.tucsonmuseumofart.org\/es\/wp-json\/wp\/v2\/types\/product"}],"wp:featuredmedia":[{"embeddable":true,"href":"https:\/\/www.tucsonmuseumofart.org\/es\/wp-json\/wp\/v2\/media\/11661"}],"wp:attachment":[{"href":"https:\/\/www.tucsonmuseumofart.org\/es\/wp-json\/wp\/v2\/media?parent=11660"}],"wp:term":[{"taxonomy":"product_brand","embeddable":true,"href":"https:\/\/www.tucsonmuseumofart.org\/es\/wp-json\/wp\/v2\/product_brand?post=11660"},{"taxonomy":"product_cat","embeddable":true,"href":"https:\/\/www.tucsonmuseumofart.org\/es\/wp-json\/wp\/v2\/product_cat?post=11660"},{"taxonomy":"product_tag","embeddable":true,"href":"https:\/\/www.tucsonmuseumofart.org\/es\/wp-json\/wp\/v2\/product_tag?post=11660"}],"curies":[{"name":"wp","href":"https:\/\/api.w.org\/{rel}","templated":true}]}}