{"id":11663,"date":"2019-02-19T14:48:55","date_gmt":"2019-02-19T21:48:55","guid":{"rendered":"https:\/\/www.tucsonmuseumofart.org\/?post_type=product&#038;p=11663"},"modified":"2021-03-18T13:50:22","modified_gmt":"2021-03-18T20:50:22","slug":"paint-on-metal-modern-and-contemporary-explorations-and-discoveries","status":"publish","type":"product","link":"https:\/\/www.tucsonmuseumofart.org\/es\/producto\/paint-on-metal-modern-and-contemporary-explorations-and-discoveries\/","title":{"rendered":"PINTURA SOBRE METAL: exploraciones y descubrimientos modernos y contempor\u00e1neos"},"content":{"rendered":"<p>La exposici\u00f3n y el cat\u00e1logo, <em>Pintura sobre metal: exploraciones y descubrimientos modernos y contempor\u00e1neos<\/em>, re\u00fane a artistas modernos y contempor\u00e1neos que trabajan con t\u00e9cnicas tradicionales de pintura y escultura, cada una con un v\u00ednculo com\u00fan: el uso del metal como lienzo o la forma sobre la que se aplica el color en una fusi\u00f3n simbi\u00f3tica de superficie y sustrato. Los artistas que utilizan metales como el aluminio, el cobre, el lat\u00f3n y el esta\u00f1o lo hacen por diversas razones: las cualidades de la luz inherentes al material; la superficie lisa y estable sobre la que aplicar la pintura; y la capacidad del material para ser manipulado en un n\u00famero de formas. El resultado final de la superficie de metal adornada es visualmente atractivo y conceptualmente variado.<\/p>\n<p>Artistas que aparecen en la exposici\u00f3n y el cat\u00e1logo: Ren\u00e9 Pierre Allain, Sally Anderson, Kim Anno, Richard Anuszkiewicz, Stuart Arends, Robert Arneson, Charles Arnoldi, John Baldessari, Scott Barber, Billy Al Bengston, Fletcher Benton, Ellen Berkenblit, Tony Berlant, Michael Berman, Carlotta Boettcher, Alexander Calder, Marco Casentini, John Chamberlain, Robert Cottingham, Constance De Jong, Lois Dodd, Simon Donovan, Sally Elesby, Margaret Evangeline, Janet Fish, Nancy Graves, L\u00e9onie Guyer, Richard Haas, Harmony Hammond, Aryen Hart , Julie Heffernan y Kathleen Anderson, Scott Hess, Tom Holland, Alex Katz, David T. Kessler, John Kindness, Imi Knoebel, Grace Knowlton, Don Maynard, Lynn McCarty, Matt McClune, Keith Milow, Joan Mir\u00f3, Olivier Mosset, Manuel Neri , Don Nice, Patti Parsons, John Pomara, Joseph Raffael, Robert Rauschenberg, Peter Reginato, Judith Rothschild, Robert Ryman, Vytas Sakalas, Nancy Scheinman, Barbara Schwartz, David Smith, Frank Stella, Inez Storer, Richard Taylor, Roy T hurston, John Tuomisto-Bell, Paul Waldman, Tom Wesselmann, Andrew Young, Jason Young, Otto Zitko.<\/p>\n<p>Comisariada por la Dra. Julie Sasse, curadora en jefe<\/p>\n<p>Editado por Mary Sasse. Pr\u00f3logo de Laurie J. Ruff, directora ejecutiva, y ensayo de la Dra. Julie Sasse, curadora en jefe. Dise\u00f1ado por PS Studios, Inc. Phoenix, Arizona; con impresi\u00f3n de Ben Franklin Press, Tempe, Arizona. Publicado por el Museo de Arte y Bloque Hist\u00f3rico de Tucson.<\/p>\n<p>De tapa dura. 154 p\u00e1gs.<\/p>\n<p>El precio incluye el env\u00edo dentro de los Estados Unidos contiguos. Para env\u00edos fuera de los EE. UU., comun\u00edquese con la tienda del museo en store@localhost<\/p>","protected":false},"excerpt":{"rendered":"<p>The exhibition and catalog, Paint on Metal: Modern and Contemporary Explorations and Discoveries, brings together modern and contemporary artists working with traditional painting and sculptural techniques, each with a common [&hellip;]<\/p>\n","protected":false},"featured_media":11664,"template":"","meta":{"_price":"20","_stock":"","_tribe_ticket_header":"","_tribe_default_ticket_provider":"","_tribe_ticket_capacity":"2","_ticket_start_date":"","_ticket_end_date":"","_tribe_ticket_show_description":"","_tribe_ticket_show_not_going":false,"_tribe_ticket_use_global_stock":"","_tribe_ticket_global_stock_level":"","_global_stock_mode":"","_global_stock_cap":"","_tribe_rsvp_for_event":"","_tribe_ticket_going_count":"","_tribe_ticket_not_going_count":"","_tribe_tickets_list":"[]","_tribe_ticket_has_attendee_info_fields":false},"product_brand":[],"product_cat":[101],"product_tag":[],"class_list":{"0":"post-11663","1":"product","2":"type-product","3":"status-publish","4":"has-post-thumbnail","6":"product_cat-books-cards","8":"first","9":"instock","10":"sale","11":"shipping-taxable","12":"purchasable","13":"product-type-simple"},"publishpress_future_workflow_manual_trigger":{"enabledWorkflows":[]},"_links":{"self":[{"href":"https:\/\/www.tucsonmuseumofart.org\/es\/wp-json\/wp\/v2\/product\/11663","targetHints":{"allow":["GET"]}}],"collection":[{"href":"https:\/\/www.tucsonmuseumofart.org\/es\/wp-json\/wp\/v2\/product"}],"about":[{"href":"https:\/\/www.tucsonmuseumofart.org\/es\/wp-json\/wp\/v2\/types\/product"}],"wp:featuredmedia":[{"embeddable":true,"href":"https:\/\/www.tucsonmuseumofart.org\/es\/wp-json\/wp\/v2\/media\/11664"}],"wp:attachment":[{"href":"https:\/\/www.tucsonmuseumofart.org\/es\/wp-json\/wp\/v2\/media?parent=11663"}],"wp:term":[{"taxonomy":"product_brand","embeddable":true,"href":"https:\/\/www.tucsonmuseumofart.org\/es\/wp-json\/wp\/v2\/product_brand?post=11663"},{"taxonomy":"product_cat","embeddable":true,"href":"https:\/\/www.tucsonmuseumofart.org\/es\/wp-json\/wp\/v2\/product_cat?post=11663"},{"taxonomy":"product_tag","embeddable":true,"href":"https:\/\/www.tucsonmuseumofart.org\/es\/wp-json\/wp\/v2\/product_tag?post=11663"}],"curies":[{"name":"wp","href":"https:\/\/api.w.org\/{rel}","templated":true}]}}