{"id":14071,"date":"2019-10-29T17:07:49","date_gmt":"2019-10-30T00:07:49","guid":{"rendered":"https:\/\/www.tucsonmuseumofart.org\/?post_type=product&#038;p=14071"},"modified":"2023-02-02T11:44:58","modified_gmt":"2023-02-02T18:44:58","slug":"the_western_sublime","status":"publish","type":"product","link":"https:\/\/www.tucsonmuseumofart.org\/es\/producto\/the_western_sublime\/","title":{"rendered":"The Western Sublime: majestuosos paisajes del oeste americano"},"content":{"rendered":"<p>\u00a1Ll\u00e9vate lo sublime a casa contigo! La \u00faltima exposici\u00f3n de TMA, The Western Sublime: Majestic Landscapes of the American West est\u00e1 acompa\u00f1ada por un cat\u00e1logo a todo color de 144 p\u00e1ginas con reproducciones de todas las obras de la exposici\u00f3n, un pr\u00f3logo de Jeremy Mikolajczak, ensayos de Christine Brindza y Martina Dawley, Ph. D., y poes\u00eda de Ofelia Zepeda, Ph.D.<\/p>","protected":false},"excerpt":{"rendered":"<p>Take the sublime home with you! TMA&#8217;s latest exhibition, The Western Sublime: Majestic Landscapes of the American West is accompanied by a 144 page, full-color catalogue with reproductions of all [&hellip;]<\/p>\n","protected":false},"featured_media":14065,"template":"","meta":{"_price":"40","_stock":"","_tribe_ticket_header":"","_tribe_default_ticket_provider":"","_tribe_ticket_capacity":"19","_ticket_start_date":"","_ticket_end_date":"","_tribe_ticket_show_description":"","_tribe_ticket_show_not_going":false,"_tribe_ticket_use_global_stock":"","_tribe_ticket_global_stock_level":"","_global_stock_mode":"","_global_stock_cap":"","_tribe_rsvp_for_event":"","_tribe_ticket_going_count":"","_tribe_ticket_not_going_count":"","_tribe_tickets_list":"[]","_tribe_ticket_has_attendee_info_fields":false},"product_brand":[],"product_cat":[101],"product_tag":[],"class_list":{"0":"post-14071","1":"product","2":"type-product","3":"status-publish","4":"has-post-thumbnail","6":"product_cat-books-cards","8":"first","9":"instock","10":"sale","11":"shipping-taxable","12":"purchasable","13":"product-type-simple"},"publishpress_future_workflow_manual_trigger":{"enabledWorkflows":[]},"_links":{"self":[{"href":"https:\/\/www.tucsonmuseumofart.org\/es\/wp-json\/wp\/v2\/product\/14071","targetHints":{"allow":["GET"]}}],"collection":[{"href":"https:\/\/www.tucsonmuseumofart.org\/es\/wp-json\/wp\/v2\/product"}],"about":[{"href":"https:\/\/www.tucsonmuseumofart.org\/es\/wp-json\/wp\/v2\/types\/product"}],"wp:featuredmedia":[{"embeddable":true,"href":"https:\/\/www.tucsonmuseumofart.org\/es\/wp-json\/wp\/v2\/media\/14065"}],"wp:attachment":[{"href":"https:\/\/www.tucsonmuseumofart.org\/es\/wp-json\/wp\/v2\/media?parent=14071"}],"wp:term":[{"taxonomy":"product_brand","embeddable":true,"href":"https:\/\/www.tucsonmuseumofart.org\/es\/wp-json\/wp\/v2\/product_brand?post=14071"},{"taxonomy":"product_cat","embeddable":true,"href":"https:\/\/www.tucsonmuseumofart.org\/es\/wp-json\/wp\/v2\/product_cat?post=14071"},{"taxonomy":"product_tag","embeddable":true,"href":"https:\/\/www.tucsonmuseumofart.org\/es\/wp-json\/wp\/v2\/product_tag?post=14071"}],"curies":[{"name":"wp","href":"https:\/\/api.w.org\/{rel}","templated":true}]}}