{"id":15373,"date":"2020-02-11T11:00:45","date_gmt":"2020-02-11T18:00:45","guid":{"rendered":"https:\/\/www.tucsonmuseumofart.org\/?post_type=product&#038;p=15373"},"modified":"2026-03-02T08:51:56","modified_gmt":"2026-03-02T15:51:56","slug":"southwest-rising-contemporary-art-and-the-legacy-of-elaine-horwitch","status":"publish","type":"product","link":"https:\/\/www.tucsonmuseumofart.org\/es\/producto\/southwest-rising-contemporary-art-and-the-legacy-of-elaine-horwitch\/","title":{"rendered":"Southwest Rising: Arte contempor\u00e1neo y el legado de Elaine Horwitch \u2013 Tapa blanda"},"content":{"rendered":"<p>Un nuevo libro de la Dra. Julie Sasse, curadora en jefe del Museo de Arte y Bloque Hist\u00f3rico de Tucson, celebra a uno de los comerciantes de arte m\u00e1s poderosos e influyentes en la historia del arte de Arizona y Nuevo M\u00e9xico. Southwest Rising: Contemporary Art and the Legacy of Elaine Horwitch, coeditado por Cattle Track Arts &amp; Preservation y Tucson Museum of Art.<\/p>\n<p>Elaine Horwitch fue una fuerza importante en el arte contempor\u00e1neo en el suroeste desde fines de la d\u00e9cada de 1960 hasta su muerte en 1991. Fue responsable de impulsar las carreras de cientos de artistas del suroeste y de la naci\u00f3n.<\/p>\n<p>Con un enfoque en la colorida vida, las galer\u00edas y los artistas de Horwitch, este libro examina el arte en Arizona y Nuevo M\u00e9xico desde mediados del siglo XIX hasta principios de la d\u00e9cada de 1990, revelando los viajes art\u00edsticos y los logros de cientos de artistas, galeristas y profesionales del arte. quienes contribuyeron al rico patrimonio cultural del suroeste. Escrito por Julie Sasse, quien trabaj\u00f3 en Elaine Horwitch Galleries durante catorce a\u00f1os, Southwest Rising es una combinaci\u00f3n de biograf\u00eda, memorias y una descripci\u00f3n hist\u00f3rica del arte de las artes y el auge del arte contempor\u00e1neo en Arizona y Nuevo M\u00e9xico.<\/p>\n<p><strong>Sobre el Autor<\/strong><\/p>\n<p>Julie Sasse es autora de m\u00e1s de cuarenta libros de arte, cat\u00e1logos de exposiciones y ensayos publicados, incluidos James Havard (Hudson Hills Press, 2006), Trouble in Paradise: Examining Discord Between Nature and Society (Tucson Museum of Art, 2008), Contemporary Art of the Southwest (Schiffer, 2012) y The Art of MF Cardamone (Pomegranate Press, 2016). La Dra. Sasse es curadora en jefe del Museo de Arte de Tucson, donde ha organizado m\u00e1s de 100 exposiciones individuales y colectivas de artistas regionales, nacionales e internacionales.<\/p>","protected":false},"excerpt":{"rendered":"<p>Los precios incluyen el env\u00edo.<\/p>\n<p>Un nuevo libro de la Dra. Julie Sasse, curadora en jefe del Museo de Arte y Bloque Hist\u00f3rico de Tucson, celebra a uno de los comerciantes de arte m\u00e1s poderosos e influyentes en la historia del arte de Arizona y Nuevo M\u00e9xico. Southwest Rising: Contemporary Art and the Legacy of Elaine Horwitch, coeditado por Cattle Track Arts &amp; Preservation y Tucson Museum of Art.<\/p>","protected":false},"featured_media":15369,"template":"","meta":{"_price":"26","_stock":"220","_tribe_ticket_header":"","_tribe_default_ticket_provider":"","_tribe_ticket_capacity":"468","_ticket_start_date":"","_ticket_end_date":"","_tribe_ticket_show_description":"","_tribe_ticket_show_not_going":false,"_tribe_ticket_use_global_stock":"","_tribe_ticket_global_stock_level":"","_global_stock_mode":"","_global_stock_cap":"","_tribe_rsvp_for_event":"","_tribe_ticket_going_count":"","_tribe_ticket_not_going_count":"","_tribe_tickets_list":"[]","_tribe_ticket_has_attendee_info_fields":false},"product_brand":[],"product_cat":[101],"product_tag":[85,86,93,92],"class_list":{"0":"post-15373","1":"product","2":"type-product","3":"status-publish","4":"has-post-thumbnail","6":"product_cat-books-cards","7":"product_tag-book","8":"product_tag-catalog","9":"product_tag-elaine-horwitch","10":"product_tag-southest-rising","12":"first","13":"instock","14":"sale","15":"shipping-taxable","16":"purchasable","17":"product-type-simple"},"publishpress_future_workflow_manual_trigger":{"enabledWorkflows":[]},"_links":{"self":[{"href":"https:\/\/www.tucsonmuseumofart.org\/es\/wp-json\/wp\/v2\/product\/15373","targetHints":{"allow":["GET"]}}],"collection":[{"href":"https:\/\/www.tucsonmuseumofart.org\/es\/wp-json\/wp\/v2\/product"}],"about":[{"href":"https:\/\/www.tucsonmuseumofart.org\/es\/wp-json\/wp\/v2\/types\/product"}],"wp:featuredmedia":[{"embeddable":true,"href":"https:\/\/www.tucsonmuseumofart.org\/es\/wp-json\/wp\/v2\/media\/15369"}],"wp:attachment":[{"href":"https:\/\/www.tucsonmuseumofart.org\/es\/wp-json\/wp\/v2\/media?parent=15373"}],"wp:term":[{"taxonomy":"product_brand","embeddable":true,"href":"https:\/\/www.tucsonmuseumofart.org\/es\/wp-json\/wp\/v2\/product_brand?post=15373"},{"taxonomy":"product_cat","embeddable":true,"href":"https:\/\/www.tucsonmuseumofart.org\/es\/wp-json\/wp\/v2\/product_cat?post=15373"},{"taxonomy":"product_tag","embeddable":true,"href":"https:\/\/www.tucsonmuseumofart.org\/es\/wp-json\/wp\/v2\/product_tag?post=15373"}],"curies":[{"name":"wp","href":"https:\/\/api.w.org\/{rel}","templated":true}]}}