{"id":16426,"date":"2020-05-11T15:26:13","date_gmt":"2020-05-11T22:26:13","guid":{"rendered":"https:\/\/www.tucsonmuseumofart.org\/?post_type=product&#038;p=16426"},"modified":"2022-09-25T10:02:37","modified_gmt":"2022-09-25T17:02:37","slug":"paint-by-sticker-masterpieces","status":"publish","type":"product","link":"https:\/\/www.tucsonmuseumofart.org\/es\/producto\/paint-by-sticker-masterpieces\/","title":{"rendered":"Paint by Sticker: Obras maestras"},"content":{"rendered":"<p><i>Pintar por pegatina<\/i>\u00a0es una nueva actividad atractiva para artesanos y artistas, dibujantes y entusiastas de los libros para colorear de todas las edades.<i>\u00a0Obras maestras<\/i>\u00a0alienta a todos a canalizar su da Vinci interior y crear doce obras de arte ic\u00f3nicas.<\/p>\n<p><i>Pintura de Sticker Masterpieces<\/i>\u00a0incluye todo lo que necesita para crear doce &quot;pinturas&quot; vibrantes a todo color: las pegatinas, las plantillas, las instrucciones intuitivas. Las obras incluyen\u00a0<i>El nacimiento de Venus<\/i>, de Sandro Botticelli,\u00a0<i>La creaci\u00f3n de Ad\u00e1n<\/i>, de Miguel \u00c1ngel,<i>\u00a0Mona Lisa<\/i>, de Leonardo da Vinci,<i>\u00a0La chica de la perla<\/i>, por Johannes Vermeer,<i>\u00a0Napole\u00f3n en el Paso de San Bernardo<\/i>, por Jacques-Louis David,\u00a0<i>La gran ola de Kanagawa<\/i>, por Katsushika Hokusai,\u00a0<i>C\u00e1maras del parlamento, efecto de la luz del sol<\/i>, de Claude Monet,\u00a0<i>Bodeg\u00f3n con manzanas y un bote de pr\u00edmulas<\/i>, de Paul C\u00e9zanne,<i>\u00a0Baile en Bougival<\/i>, de Pierre-Auguste Renoir,\u00a0<i>Dormitorio en Arl\u00e9s<\/i>, de Vincent van Gogh,<i>\u00a0Breezing Up (Un viento favorable)<\/i>, de Winslow Homer, y el impresionante estudio en color,\u00a0<i>junio llameante<\/i>, por Frederic Leighton.<\/p>\n<p>Las p\u00e1ginas de cartulina est\u00e1n perforadas para facilitar su extracci\u00f3n, lo que facilita enmarcar las im\u00e1genes completas.<\/p>\n<p>El precio incluye env\u00edo<\/p>","protected":false},"excerpt":{"rendered":"<p>Paint by Sticker\u00a0is a compelling new activity for crafters and artists, doodlers and coloring book enthusiasts of all ages.\u00a0Masterpieces\u00a0encourages everyone to channel their inner da Vinci and create twelve iconic [&hellip;]<\/p>\n","protected":false},"featured_media":16428,"template":"","meta":{"_price":"20","_stock":"4","_tribe_ticket_header":"","_tribe_default_ticket_provider":"","_tribe_ticket_capacity":"5","_ticket_start_date":"","_ticket_end_date":"","_tribe_ticket_show_description":"","_tribe_ticket_show_not_going":false,"_tribe_ticket_use_global_stock":"","_tribe_ticket_global_stock_level":"","_global_stock_mode":"","_global_stock_cap":"","_tribe_rsvp_for_event":"","_tribe_ticket_going_count":"","_tribe_ticket_not_going_count":"","_tribe_tickets_list":"[]","_tribe_ticket_has_attendee_info_fields":false},"product_brand":[],"product_cat":[101,107],"product_tag":[],"class_list":{"0":"post-16426","1":"product","2":"type-product","3":"status-publish","4":"has-post-thumbnail","6":"product_cat-books-cards","7":"product_cat-toys-fun","9":"first","10":"instock","11":"shipping-taxable","12":"purchasable","13":"product-type-simple"},"publishpress_future_workflow_manual_trigger":{"enabledWorkflows":[]},"_links":{"self":[{"href":"https:\/\/www.tucsonmuseumofart.org\/es\/wp-json\/wp\/v2\/product\/16426","targetHints":{"allow":["GET"]}}],"collection":[{"href":"https:\/\/www.tucsonmuseumofart.org\/es\/wp-json\/wp\/v2\/product"}],"about":[{"href":"https:\/\/www.tucsonmuseumofart.org\/es\/wp-json\/wp\/v2\/types\/product"}],"wp:featuredmedia":[{"embeddable":true,"href":"https:\/\/www.tucsonmuseumofart.org\/es\/wp-json\/wp\/v2\/media\/16428"}],"wp:attachment":[{"href":"https:\/\/www.tucsonmuseumofart.org\/es\/wp-json\/wp\/v2\/media?parent=16426"}],"wp:term":[{"taxonomy":"product_brand","embeddable":true,"href":"https:\/\/www.tucsonmuseumofart.org\/es\/wp-json\/wp\/v2\/product_brand?post=16426"},{"taxonomy":"product_cat","embeddable":true,"href":"https:\/\/www.tucsonmuseumofart.org\/es\/wp-json\/wp\/v2\/product_cat?post=16426"},{"taxonomy":"product_tag","embeddable":true,"href":"https:\/\/www.tucsonmuseumofart.org\/es\/wp-json\/wp\/v2\/product_tag?post=16426"}],"curies":[{"name":"wp","href":"https:\/\/api.w.org\/{rel}","templated":true}]}}