{"id":18553,"date":"2020-10-26T12:33:26","date_gmt":"2020-10-26T19:33:26","guid":{"rendered":"https:\/\/www.tucsonmuseumofart.org\/?post_type=product&#038;p=18553"},"modified":"2021-11-30T20:43:21","modified_gmt":"2021-12-01T03:43:21","slug":"homage-to-the-square","status":"publish","type":"product","link":"https:\/\/www.tucsonmuseumofart.org\/es\/producto\/homage-to-the-square\/","title":{"rendered":"Homenaje a la Plaza"},"content":{"rendered":"<div class=\"a-expander-collapsed-height a-row a-expander-container a-expander-partial-collapse-container\" aria-live=\"polite\" data-a-expander-collapsed-height=\"300\">\n<div class=\"a-expander-content a-expander-partial-collapse-content\" aria-expanded=\"false\">\n<div class=\"a-expander-collapsed-height a-row a-expander-container a-expander-partial-collapse-container\" aria-live=\"polite\" data-a-expander-collapsed-height=\"300\">\n<div class=\"a-expander-content a-expander-partial-collapse-content\" aria-expanded=\"false\">\n<p>&quot;Homenaje al cuadrado&quot;, de Mark Sublette, es un examen innovador de la est\u00e9tica moderna expresada en los tejidos tradicionales navajos de 1860 a 1950 y su relaci\u00f3n con el arte moderno producido en los a\u00f1os 50 a 70. Es el primer cat\u00e1logo que examina una forma \u00fanica del arte de los primeros pueblos de Estados Unidos creado mucho antes de la escena del arte contempor\u00e1neo de Nueva York.<\/p>\n<ul>\n<li>Libro de bolsillo<\/li>\n<li>112 p\u00e1ginas<\/li>\n<li>El precio incluye env\u00edo<\/li>\n<\/ul>\n<\/div>\n<\/div>\n<\/div>\n<\/div>","protected":false},"excerpt":{"rendered":"<p>&#8220;Homage to the Square,&#8221; by Mark Sublette, is a groundbreaking examination of the Modern Aesthetic expressed in traditional Navajo weavings from 1860-1950 and their relationship to modern art produced in [&hellip;]<\/p>\n","protected":false},"featured_media":18512,"template":"","meta":{"_price":"40","_stock":"5","_tribe_ticket_header":"","_tribe_default_ticket_provider":"","_tribe_ticket_capacity":"6","_ticket_start_date":"","_ticket_end_date":"","_tribe_ticket_show_description":"","_tribe_ticket_show_not_going":false,"_tribe_ticket_use_global_stock":"","_tribe_ticket_global_stock_level":"","_global_stock_mode":"","_global_stock_cap":"","_tribe_rsvp_for_event":"","_tribe_ticket_going_count":"","_tribe_ticket_not_going_count":"","_tribe_tickets_list":"[]","_tribe_ticket_has_attendee_info_fields":false},"product_brand":[],"product_cat":[101],"product_tag":[],"class_list":{"0":"post-18553","1":"product","2":"type-product","3":"status-publish","4":"has-post-thumbnail","6":"product_cat-books-cards","8":"first","9":"instock","10":"shipping-taxable","11":"purchasable","12":"product-type-simple"},"publishpress_future_workflow_manual_trigger":{"enabledWorkflows":[]},"_links":{"self":[{"href":"https:\/\/www.tucsonmuseumofart.org\/es\/wp-json\/wp\/v2\/product\/18553","targetHints":{"allow":["GET"]}}],"collection":[{"href":"https:\/\/www.tucsonmuseumofart.org\/es\/wp-json\/wp\/v2\/product"}],"about":[{"href":"https:\/\/www.tucsonmuseumofart.org\/es\/wp-json\/wp\/v2\/types\/product"}],"wp:featuredmedia":[{"embeddable":true,"href":"https:\/\/www.tucsonmuseumofart.org\/es\/wp-json\/wp\/v2\/media\/18512"}],"wp:attachment":[{"href":"https:\/\/www.tucsonmuseumofart.org\/es\/wp-json\/wp\/v2\/media?parent=18553"}],"wp:term":[{"taxonomy":"product_brand","embeddable":true,"href":"https:\/\/www.tucsonmuseumofart.org\/es\/wp-json\/wp\/v2\/product_brand?post=18553"},{"taxonomy":"product_cat","embeddable":true,"href":"https:\/\/www.tucsonmuseumofart.org\/es\/wp-json\/wp\/v2\/product_cat?post=18553"},{"taxonomy":"product_tag","embeddable":true,"href":"https:\/\/www.tucsonmuseumofart.org\/es\/wp-json\/wp\/v2\/product_tag?post=18553"}],"curies":[{"name":"wp","href":"https:\/\/api.w.org\/{rel}","templated":true}]}}