{"id":20220,"date":"2021-01-09T11:09:19","date_gmt":"2021-01-09T18:09:19","guid":{"rendered":"https:\/\/www.tucsonmuseumofart.org\/?post_type=product&#038;p=20220"},"modified":"2023-10-21T17:06:30","modified_gmt":"2023-10-22T00:06:30","slug":"michael_moore_drawings","status":"publish","type":"product","link":"https:\/\/www.tucsonmuseumofart.org\/es\/producto\/michael_moore_drawings\/","title":{"rendered":"Michael Moore: Dibujos"},"content":{"rendered":"<div class=\"a-expander-collapsed-height a-row a-expander-container a-expander-partial-collapse-container\" aria-live=\"polite\" data-a-expander-collapsed-height=\"300\">\n<div class=\"a-expander-content a-expander-partial-collapse-content\" aria-expanded=\"false\">\n<div class=\"a-expander-collapsed-height a-row a-expander-container a-expander-partial-collapse-container\" aria-live=\"polite\" data-a-expander-collapsed-height=\"300\">\n<div class=\"a-expander-content a-expander-partial-collapse-content\" aria-expanded=\"false\">\n<p class=\"normal1\">Al anunciar el lanzamiento de junio de 2022 de <em><span style=\"font-family: 'Calibri',sans-serif;\">Michael Moore: dibujos,<\/span><\/em> un nuevo libro en coautor\u00eda de Paul Gold y Michael Moore. Impulsado por el \u00e9xito de <em><span style=\"font-family: 'Calibri',sans-serif;\">Doblar en el lavado<\/span><\/em> (lanzado en 2021), el nuevo libro contin\u00faa la exploraci\u00f3n de los artistas del sur de Arizona. Este libro es un cat\u00e1logo de dibujos al carb\u00f3n seleccionados dibujados durante cinco d\u00e9cadas, incluida la narrativa reflexiva y perspicaz del artista.<\/p>\n<p class=\"normal1\"><u>Detalles del libro<\/u><\/p>\n<p class=\"normal1\">ISBN-978-0-578-38042-1<\/p>\n<p class=\"normal1\">Editor: Tubecat LLC<\/p>\n<p class=\"normal1\">Fecha de publicaci\u00f3n: 1 de junio de 2022<\/p>\n<p class=\"normal1\">Encuadernaci\u00f3n: Tapa blanda<\/p>\n<p class=\"normal1\">Impresora: lit\u00f3grafos de Arizona<\/p>\n<p class=\"normal1\">P\u00e1ginas: 88 p\u00e1ginas (72 p\u00e1ginas numeradas)<\/p>\n<p class=\"normal1\">Impresi\u00f3n: tirada limitada de 200 ejemplares<\/p>\n<p class=\"normal1\">Dimensiones: 11 x 8,5 pulgadas<\/p>\n<ul>\n<li>El precio incluye env\u00edo y manejo nacional<\/li>\n<\/ul>\n<\/div>\n<\/div>\n<\/div>\n<\/div>","protected":false},"excerpt":{"rendered":"<p>Announcing the June 2022 release of Michael Moore: Drawings, a new book coauthored by Paul Gold and Michael Moore. Spurred on by the success of Bend in the Wash (released [&hellip;]<\/p>\n","protected":false},"featured_media":28080,"template":"","meta":{"_price":"46","_stock":"3","_tribe_ticket_header":"","_tribe_default_ticket_provider":"","_tribe_ticket_capacity":"34","_ticket_start_date":"","_ticket_end_date":"","_tribe_ticket_show_description":"","_tribe_ticket_show_not_going":false,"_tribe_ticket_use_global_stock":"","_tribe_ticket_global_stock_level":"","_global_stock_mode":"","_global_stock_cap":"","_tribe_rsvp_for_event":"","_tribe_ticket_going_count":"","_tribe_ticket_not_going_count":"","_tribe_tickets_list":"[]","_tribe_ticket_has_attendee_info_fields":false},"product_brand":[],"product_cat":[101],"product_tag":[],"class_list":{"0":"post-20220","1":"product","2":"type-product","3":"status-publish","4":"has-post-thumbnail","6":"product_cat-books-cards","8":"first","9":"instock","10":"shipping-taxable","11":"purchasable","12":"product-type-simple"},"publishpress_future_workflow_manual_trigger":{"enabledWorkflows":[]},"_links":{"self":[{"href":"https:\/\/www.tucsonmuseumofart.org\/es\/wp-json\/wp\/v2\/product\/20220","targetHints":{"allow":["GET"]}}],"collection":[{"href":"https:\/\/www.tucsonmuseumofart.org\/es\/wp-json\/wp\/v2\/product"}],"about":[{"href":"https:\/\/www.tucsonmuseumofart.org\/es\/wp-json\/wp\/v2\/types\/product"}],"wp:featuredmedia":[{"embeddable":true,"href":"https:\/\/www.tucsonmuseumofart.org\/es\/wp-json\/wp\/v2\/media\/28080"}],"wp:attachment":[{"href":"https:\/\/www.tucsonmuseumofart.org\/es\/wp-json\/wp\/v2\/media?parent=20220"}],"wp:term":[{"taxonomy":"product_brand","embeddable":true,"href":"https:\/\/www.tucsonmuseumofart.org\/es\/wp-json\/wp\/v2\/product_brand?post=20220"},{"taxonomy":"product_cat","embeddable":true,"href":"https:\/\/www.tucsonmuseumofart.org\/es\/wp-json\/wp\/v2\/product_cat?post=20220"},{"taxonomy":"product_tag","embeddable":true,"href":"https:\/\/www.tucsonmuseumofart.org\/es\/wp-json\/wp\/v2\/product_tag?post=20220"}],"curies":[{"name":"wp","href":"https:\/\/api.w.org\/{rel}","templated":true}]}}