{"id":22087,"date":"2021-06-13T14:58:56","date_gmt":"2021-06-13T21:58:56","guid":{"rendered":"https:\/\/www.tucsonmuseumofart.org\/?post_type=product&#038;p=22087"},"modified":"2022-07-14T11:24:50","modified_gmt":"2022-07-14T18:24:50","slug":"images-tucson-at-the-millennium","status":"publish","type":"product","link":"https:\/\/www.tucsonmuseumofart.org\/es\/producto\/images-tucson-at-the-millennium\/","title":{"rendered":"Im\u00e1genes: Tucson en el Millennium"},"content":{"rendered":"<div class=\"a-expander-collapsed-height a-row a-expander-container a-expander-partial-collapse-container\" aria-live=\"polite\" data-a-expander-collapsed-height=\"300\">\n<div class=\"a-expander-content a-expander-partial-collapse-content\" aria-expanded=\"false\">\n<div class=\"a-expander-collapsed-height a-row a-expander-container a-expander-partial-collapse-container\" aria-live=\"polite\" data-a-expander-collapsed-height=\"300\">\n<div class=\"a-expander-content a-expander-partial-collapse-content\" aria-expanded=\"false\">\n<p>Bernard L. Fontana<\/p>\n<p>Museo de Arte de Tucson<\/p>\n<p>120 p\u00e1ginas, 8 \u00be x 11 \u00be pulgadas<\/p>\n<p>Libro de bolsillo<\/p>\n<p>1999<\/p>\n<ul>\n<li>El precio incluye env\u00edo y manejo nacional<\/li>\n<\/ul>\n<\/div>\n<\/div>\n<\/div>\n<\/div>","protected":false},"excerpt":{"rendered":"<div id=\"node-collection-full-group-entry-meta\" class=\"col group-entry-meta field-group-div\">\n<div id=\"node-collection-full-group-date\" class=\"group-date field-group-div\">\n<div class=\"field field-name-field-collection-dates field-type-datetime field-label-hidden\">\n<div class=\"field-item\">\n<div class=\"date-display-range\"><span class=\"date-display-start\">1999<\/span>\u00a0a\u00a0<span class=\"date-display-end\">2000<\/span><\/div>\n<\/div>\n<\/div>\n<div class=\"field field-name-field-collection-circa field-type-list-boolean field-label-hidden\">\n<div class=\"field-item\"><\/div>\n<\/div>\n<div class=\"field field-name-field-collection-number field-type-text field-label-hidden\">\n<div class=\"field-item\">MS 458<\/div>\n<\/div>\n<div class=\"field field-name-field-collection-ongoing field-type-list-boolean field-label-hidden\">\n<div class=\"field-item\"><\/div>\n<\/div>\n<\/div>\n<div class=\"field field-name-field-finding-aid-link field-type-link-field field-label-hidden\">\n<div class=\"field-item\"><a href=\"http:\/\/www.azarchivesonline.org\/xtf\/view?docId=ead\/uoa\/UAMS458.xml\" target=\"_blank\" rel=\"noopener\">Gu\u00eda de colecci\u00f3n<\/a><\/div>\n<\/div>\n<\/div>\n<div id=\"node-collection-full-group-entry-content\" class=\"col col-2 group-entry-content field-group-div\">\n<div class=\"field field-name-field-image-reference-placeholde field-type-entityreference field-label-hidden\">\n<div class=\"field-item\">\n<figure><a href=\"https:\/\/speccoll.library.arizona.edu\/stone-avenue-esther-snow-circa-2000\"><img loading=\"lazy\" decoding=\"async\" src=\"https:\/\/speccoll.library.arizona.edu\/sites\/default\/files\/styles\/ual-large-16-9\/public\/MS458_B3_Stone%20Avenue.jpg?itok=GArizBTX\" alt=\"Stone Avenue by Esther Snow, circa 2000\" width=\"1024\" height=\"576\" \/><\/a><\/figure>\n<\/div>\n<\/div>\n<div class=\"field field-name-body field-type-text-with-summary field-label-hidden\">\n<div class=\"field-item\">\n<p>Tucson at the Millennium fue una celebraci\u00f3n fotogr\u00e1fica de Tucson patrocinada por el Museo de Arte de Tucson, The Tucson Citizen y Research Corporation. Los involucrados en la planificaci\u00f3n fueron John Schaefer de Research Corp., Don Hatfield de Citizen, Robert Yassin, director del Museo de Arte de Tucson, Harold Jones, Ann Simmons Myers y Jack Dykinga, por nombrar algunos. Se alent\u00f3 a los participantes a enviar fotograf\u00edas que representaran a Tucson al entrar en el siglo XXI. A los participantes se les permiti\u00f3 presentaciones ilimitadas siempre que las fotos cumplieran con los criterios. Todas las entradas fueron recibidas el 31 de diciembre de 1999.<\/p>\n<p>Las im\u00e1genes seleccionadas se publicaron en el Tucson Citizen o en su sitio web con el fot\u00f3grafo individual acreditado. Cuando se complet\u00f3 el proyecto, se seleccionaron 100 fotograf\u00edas que representaban mejor a Tucson. Estos se exhibieron en una exhibici\u00f3n especial en el Museo de Arte de Tucson y se publicaron en forma de libro que se comercializ\u00f3 al p\u00fablico. Cientos de otras im\u00e1genes seleccionadas tambi\u00e9n se exhibieron en espect\u00e1culos satelitales alrededor de Tucson en el Centro de Fotograf\u00eda Creativa, la Escuela Secundaria de Tucson, el Campus Oeste de Pima Community College y el Parque Tohono Chul.<\/p>\n<p>La mayor parte de la colecci\u00f3n contiene fotograf\u00edas, algunas en cartulina y otras en marcos. Tambi\u00e9n se incluye una peque\u00f1a cantidad de correspondencia y otros materiales relacionados con el negocio de Tucson en el Millennium. La fotograf\u00eda incluye im\u00e1genes que reflejan las facetas social, cultural y comercial de la comunidad, as\u00ed como paisajes y puestas de sol en Tucson, Arizona, entre 1999 y 2000. La serie de documentaci\u00f3n incluye archivos sobre la selecci\u00f3n de im\u00e1genes para la exhibici\u00f3n en el Museo de Arte de Tucson. , el libro y la colecci\u00f3n digital\/IPTC creada por Tucson Citizen. La serie de fotograf\u00edas incluye im\u00e1genes presentadas para el concurso Tucson at the Millennium. Las im\u00e1genes est\u00e1n ordenadas por tama\u00f1o y ordenadas alfab\u00e9ticamente por apellido del fot\u00f3grafo. La mayor\u00eda de las impresiones incluyen n\u00fameros de identificaci\u00f3n creados por el comit\u00e9.<\/p>\n<\/div>\n<\/div>\n<\/div>","protected":false},"featured_media":22069,"template":"","meta":{"_price":"12","_stock":"","_tribe_ticket_header":"","_tribe_default_ticket_provider":"","_tribe_ticket_capacity":"34","_ticket_start_date":"","_ticket_end_date":"","_tribe_ticket_show_description":"","_tribe_ticket_show_not_going":false,"_tribe_ticket_use_global_stock":"","_tribe_ticket_global_stock_level":"","_global_stock_mode":"","_global_stock_cap":"","_tribe_rsvp_for_event":"","_tribe_ticket_going_count":"","_tribe_ticket_not_going_count":"","_tribe_tickets_list":"[]","_tribe_ticket_has_attendee_info_fields":false},"product_brand":[],"product_cat":[101],"product_tag":[],"class_list":{"0":"post-22087","1":"product","2":"type-product","3":"status-publish","4":"has-post-thumbnail","6":"product_cat-books-cards","8":"first","9":"instock","10":"shipping-taxable","11":"purchasable","12":"product-type-simple"},"publishpress_future_workflow_manual_trigger":{"enabledWorkflows":[]},"_links":{"self":[{"href":"https:\/\/www.tucsonmuseumofart.org\/es\/wp-json\/wp\/v2\/product\/22087","targetHints":{"allow":["GET"]}}],"collection":[{"href":"https:\/\/www.tucsonmuseumofart.org\/es\/wp-json\/wp\/v2\/product"}],"about":[{"href":"https:\/\/www.tucsonmuseumofart.org\/es\/wp-json\/wp\/v2\/types\/product"}],"wp:featuredmedia":[{"embeddable":true,"href":"https:\/\/www.tucsonmuseumofart.org\/es\/wp-json\/wp\/v2\/media\/22069"}],"wp:attachment":[{"href":"https:\/\/www.tucsonmuseumofart.org\/es\/wp-json\/wp\/v2\/media?parent=22087"}],"wp:term":[{"taxonomy":"product_brand","embeddable":true,"href":"https:\/\/www.tucsonmuseumofart.org\/es\/wp-json\/wp\/v2\/product_brand?post=22087"},{"taxonomy":"product_cat","embeddable":true,"href":"https:\/\/www.tucsonmuseumofart.org\/es\/wp-json\/wp\/v2\/product_cat?post=22087"},{"taxonomy":"product_tag","embeddable":true,"href":"https:\/\/www.tucsonmuseumofart.org\/es\/wp-json\/wp\/v2\/product_tag?post=22087"}],"curies":[{"name":"wp","href":"https:\/\/api.w.org\/{rel}","templated":true}]}}