{"id":23517,"date":"2021-09-08T12:48:35","date_gmt":"2021-09-08T19:48:35","guid":{"rendered":"https:\/\/www.tucsonmuseumofart.org\/?post_type=product&#038;p=23517"},"modified":"2025-09-29T07:22:06","modified_gmt":"2025-09-29T14:22:06","slug":"olivier-mosset-catalog-pre-sale","status":"publish","type":"product","link":"https:\/\/www.tucsonmuseumofart.org\/es\/producto\/olivier-mosset-catalog-pre-sale\/","title":{"rendered":"Cat\u00e1logo Olivier Mosset"},"content":{"rendered":"<p>esta exposici\u00f3n, <em>OLIVIER MOSSET<\/em>, y el cat\u00e1logo que lo acompa\u00f1a, presenta pinturas importantes de las d\u00e9cadas de 1970, 1990 y 2000, incluidas nuevas pinturas modulares a gran escala y esculturas construidas y de hielo. A trav\u00e9s de tales obras, Mosset involucra constantemente las expectativas de los espectadores sobre el arte y c\u00f3mo lo encuentran.<\/p>\n<p><em>OLIVIER MOSSET<\/em> \u2013 14 de octubre de 2021 \u2013 27 de febrero de 2022<\/p>\n<p>Olivier Mosset, artista de renombre internacional nacido en Suiza y residente en Tucson, nacido en 1944 en Berna, Suiza, es conocido por sus pinturas monocrom\u00e1ticas, reductivas y con formas a gran escala que desaf\u00edan la noci\u00f3n de autoridad modernista y la pintura como un objeto hist\u00f3rico, enfoques vinculado a la apropiaci\u00f3n y la abstracci\u00f3n geom\u00e9trica y conceptual. Miembro del grupo de pintura de vanguardia BMPT a mediados de la d\u00e9cada de 1960, se mud\u00f3 a la ciudad de Nueva York en 1977 y se uni\u00f3 al Radical Painting Group, estableci\u00e9ndose como un destacado pintor abstracto internacional.<\/p>\n<p>En 1995, despu\u00e9s de una productiva carrera art\u00edstica en Par\u00eds, Francia y la ciudad de Nueva York, Mosset se mud\u00f3 a Tucson, Arizona, y continu\u00f3 exhibiendo internacionalmente desde su base de operaciones en Arizona. Desde mediados de la d\u00e9cada de 1980, Mosset ha expuesto en exposiciones individuales y colectivas en museos y galer\u00edas de Europa, Estados Unidos y todo el mundo, incluida la prestigiosa 44\u00aa Bienal de Venecia en 1990 y la Bienal de Whitney en la ciudad de Nueva York en 2008.<\/p>\n<ul>\n<li>El precio incluye el env\u00edo con tarifa de medios nacionales<\/li>\n<\/ul>","protected":false},"excerpt":{"rendered":"<p>esta exposici\u00f3n, <em>OLIVIER MOSSET <\/em>y el cat\u00e1logo que lo acompa\u00f1a, presenta pinturas importantes de las d\u00e9cadas de 1970, 1990 y 2000, incluidas nuevas pinturas modulares a gran escala y esculturas construidas y de hielo.<\/p>","protected":false},"featured_media":23077,"template":"","meta":{"_price":"30","_stock":"446","_tribe_ticket_header":"","_tribe_default_ticket_provider":"","_tribe_ticket_capacity":"468","_ticket_start_date":"","_ticket_end_date":"","_tribe_ticket_show_description":"","_tribe_ticket_show_not_going":false,"_tribe_ticket_use_global_stock":"","_tribe_ticket_global_stock_level":"","_global_stock_mode":"","_global_stock_cap":"","_tribe_rsvp_for_event":"","_tribe_ticket_going_count":"","_tribe_ticket_not_going_count":"","_tribe_tickets_list":"[]","_tribe_ticket_has_attendee_info_fields":false},"product_brand":[],"product_cat":[101],"product_tag":[86,175,173,174],"class_list":{"0":"post-23517","1":"product","2":"type-product","3":"status-publish","4":"has-post-thumbnail","6":"product_cat-books-cards","7":"product_tag-catalog","8":"product_tag-minimalism","9":"product_tag-mosset","10":"product_tag-olivier","12":"first","13":"instock","14":"sale","15":"shipping-taxable","16":"purchasable","17":"product-type-simple"},"publishpress_future_workflow_manual_trigger":{"enabledWorkflows":[]},"_links":{"self":[{"href":"https:\/\/www.tucsonmuseumofart.org\/es\/wp-json\/wp\/v2\/product\/23517","targetHints":{"allow":["GET"]}}],"collection":[{"href":"https:\/\/www.tucsonmuseumofart.org\/es\/wp-json\/wp\/v2\/product"}],"about":[{"href":"https:\/\/www.tucsonmuseumofart.org\/es\/wp-json\/wp\/v2\/types\/product"}],"wp:featuredmedia":[{"embeddable":true,"href":"https:\/\/www.tucsonmuseumofart.org\/es\/wp-json\/wp\/v2\/media\/23077"}],"wp:attachment":[{"href":"https:\/\/www.tucsonmuseumofart.org\/es\/wp-json\/wp\/v2\/media?parent=23517"}],"wp:term":[{"taxonomy":"product_brand","embeddable":true,"href":"https:\/\/www.tucsonmuseumofart.org\/es\/wp-json\/wp\/v2\/product_brand?post=23517"},{"taxonomy":"product_cat","embeddable":true,"href":"https:\/\/www.tucsonmuseumofart.org\/es\/wp-json\/wp\/v2\/product_cat?post=23517"},{"taxonomy":"product_tag","embeddable":true,"href":"https:\/\/www.tucsonmuseumofart.org\/es\/wp-json\/wp\/v2\/product_tag?post=23517"}],"curies":[{"name":"wp","href":"https:\/\/api.w.org\/{rel}","templated":true}]}}