{"id":23657,"date":"2021-09-28T16:41:10","date_gmt":"2021-09-28T23:41:10","guid":{"rendered":"https:\/\/www.tucsonmuseumofart.org\/?post_type=product&#038;p=23657"},"modified":"2022-02-28T09:04:42","modified_gmt":"2022-02-28T16:04:42","slug":"olivier-mosset-limited-edition-print","status":"publish","type":"product","link":"https:\/\/www.tucsonmuseumofart.org\/es\/producto\/olivier-mosset-limited-edition-print\/","title":{"rendered":"Impresi\u00f3n de edici\u00f3n limitada de Olivier Mosset \u2013 Sin t\u00edtulo"},"content":{"rendered":"<p>Copia firmada y numerada \u2013 Edici\u00f3n \/40<\/p>\n<p>Olivier Mosset ha creado grabados, incluidas serigraf\u00edas, xilograf\u00edas, litograf\u00edas y lin\u00f3leos, desde mediados de la d\u00e9cada de 1970, producidos principalmente para recaudar fondos para instituciones sin fines de lucro y otras causas. Mosset cre\u00f3 su impresi\u00f3n m\u00e1s reciente,<em> Intitulado<\/em>, en 2021 como recaudador de fondos para el Museo de Arte de Tucson para acompa\u00f1ar su exposici\u00f3n individual, <em>OLIVIER MOSSET<\/em> (14 de octubre de 2021 \u2013 27 de febrero de 2022). Creado por Master Printer Brent Bond en Santo Press, la imagen de lin\u00f3leo mide 12 por 12 pulgadas, y el papel mide 17 por 15 pulgadas.<\/p>\n<p>&nbsp;<\/p>\n<p>Sobre la exposici\u00f3n:<\/p>\n<p><em>OLIVIER MOSSET<\/em> \u2013 14 de octubre de 2021 \u2013 27 de febrero de 2022<\/p>\n<p>Olivier Mosset, artista de renombre internacional nacido en Suiza y residente en Tucson, nacido en 1944 en Berna, Suiza, es conocido por sus pinturas monocrom\u00e1ticas, reductivas y con formas a gran escala que desaf\u00edan la noci\u00f3n de autoridad modernista y la pintura como un objeto hist\u00f3rico, enfoques vinculado a la apropiaci\u00f3n y la abstracci\u00f3n geom\u00e9trica y conceptual. Miembro del grupo de pintura de vanguardia BMPT a mediados de la d\u00e9cada de 1960, se mud\u00f3 a la ciudad de Nueva York en 1977 y se uni\u00f3 al Radical Painting Group, estableci\u00e9ndose como un destacado pintor abstracto internacional.<\/p>\n<p>En 1995, despu\u00e9s de una productiva carrera art\u00edstica en Par\u00eds, Francia y la ciudad de Nueva York, Mosset se mud\u00f3 a Tucson, Arizona, y continu\u00f3 exhibiendo internacionalmente desde su base de operaciones en Arizona. Desde mediados de la d\u00e9cada de 1980, Mosset ha expuesto en exposiciones individuales y colectivas en museos y galer\u00edas de Europa, Estados Unidos y todo el mundo, incluida la prestigiosa 44\u00aa Bienal de Venecia en 1990 y la Bienal de Whitney en la ciudad de Nueva York en 2008.<\/p>\n<p>&nbsp;<\/p>\n<p>esta exposici\u00f3n, <em>OLIVIER MOSSET<\/em>, presenta pinturas importantes de las d\u00e9cadas de 1970, 1990 y 2000, incluidas nuevas pinturas modulares a gran escala y esculturas construidas y de hielo. A trav\u00e9s de tales obras, Mosset involucra constantemente las expectativas de los espectadores sobre el arte y c\u00f3mo lo encuentran.<\/p>\n<p><em>OLIVIER MOSSET<\/em> es presentado por la Dra. Peggy Jones y Alan Willenbrock, con el apoyo adicional de la Sociedad de Arte Contempor\u00e1neo del Museo de Arte de Tucson.<\/p>\n<p>La temporada de exhibici\u00f3n 2021\/2022 en TMA es presentada por Jim y Fran Allen, Jon y Linda Ender, James y Louise Glasser, Connie Hillman Family Foundation e I. Michael y Beth Kasser.<\/p>","protected":false},"excerpt":{"rendered":"<p>Impresi\u00f3n firmada y numerada para la exposici\u00f3n TMA <em>OLIVIER MOSSET<\/em> \u2013 14 de octubre de 2021 \u2013 27 de febrero de 2022<\/p>\n<p>$1,500.00 (incluyendo env\u00edo y manejo)<\/p>\n<p>Edici\u00f3n limitada de 40 copias<\/p>\n<p>esta exposici\u00f3n, <em>OLIVIER MOSSET <\/em>y el cat\u00e1logo que lo acompa\u00f1a, presenta pinturas importantes de las d\u00e9cadas de 1970, 1990 y 2000, incluidas nuevas pinturas modulares a gran escala y esculturas construidas y de hielo.<\/p>","protected":false},"featured_media":23076,"template":"","meta":{"_price":"1500","_stock":"35","_tribe_ticket_header":"","_tribe_default_ticket_provider":"","_tribe_ticket_capacity":"468","_ticket_start_date":"","_ticket_end_date":"","_tribe_ticket_show_description":"","_tribe_ticket_show_not_going":false,"_tribe_ticket_use_global_stock":"","_tribe_ticket_global_stock_level":"","_global_stock_mode":"","_global_stock_cap":"","_tribe_rsvp_for_event":"","_tribe_ticket_going_count":"","_tribe_ticket_not_going_count":"","_tribe_tickets_list":"[]","_tribe_ticket_has_attendee_info_fields":false},"product_brand":[],"product_cat":[104],"product_tag":[86],"class_list":{"0":"post-23657","1":"product","2":"type-product","3":"status-publish","4":"has-post-thumbnail","6":"product_cat-art-decor","7":"product_tag-catalog","9":"first","10":"instock","11":"shipping-taxable","12":"purchasable","13":"product-type-simple"},"publishpress_future_workflow_manual_trigger":{"enabledWorkflows":[]},"_links":{"self":[{"href":"https:\/\/www.tucsonmuseumofart.org\/es\/wp-json\/wp\/v2\/product\/23657","targetHints":{"allow":["GET"]}}],"collection":[{"href":"https:\/\/www.tucsonmuseumofart.org\/es\/wp-json\/wp\/v2\/product"}],"about":[{"href":"https:\/\/www.tucsonmuseumofart.org\/es\/wp-json\/wp\/v2\/types\/product"}],"wp:featuredmedia":[{"embeddable":true,"href":"https:\/\/www.tucsonmuseumofart.org\/es\/wp-json\/wp\/v2\/media\/23076"}],"wp:attachment":[{"href":"https:\/\/www.tucsonmuseumofart.org\/es\/wp-json\/wp\/v2\/media?parent=23657"}],"wp:term":[{"taxonomy":"product_brand","embeddable":true,"href":"https:\/\/www.tucsonmuseumofart.org\/es\/wp-json\/wp\/v2\/product_brand?post=23657"},{"taxonomy":"product_cat","embeddable":true,"href":"https:\/\/www.tucsonmuseumofart.org\/es\/wp-json\/wp\/v2\/product_cat?post=23657"},{"taxonomy":"product_tag","embeddable":true,"href":"https:\/\/www.tucsonmuseumofart.org\/es\/wp-json\/wp\/v2\/product_tag?post=23657"}],"curies":[{"name":"wp","href":"https:\/\/api.w.org\/{rel}","templated":true}]}}