{"id":2441,"date":"2017-03-14T07:44:35","date_gmt":"2017-03-14T14:44:35","guid":{"rendered":"https:\/\/www.tucsonmuseumofart.org\/?post_type=product&#038;p=2441"},"modified":"2026-02-12T15:22:19","modified_gmt":"2026-02-12T22:22:19","slug":"the-new-westward-trains-planes-and-automobiles-that-move-the-modern-west","status":"publish","type":"product","link":"https:\/\/www.tucsonmuseumofart.org\/es\/producto\/the-new-westward-trains-planes-and-automobiles-that-move-the-modern-west\/","title":{"rendered":"El nuevo oeste: trenes, aviones y autom\u00f3viles que mueven el oeste moderno"},"content":{"rendered":"<p><em>El nuevo oeste: aviones, trenes y autom\u00f3viles que mueven el oeste moderno<\/em>, una exposici\u00f3n exhibida en el Museo de Arte de Tucson del 15 de octubre de 2016 al 12 de febrero de 2017 incluy\u00f3 una publicaci\u00f3n compuesta por cinco ensayos y un cat\u00e1logo de im\u00e1genes de la exposici\u00f3n. Cada ensayo analiza el arte en exhibici\u00f3n, as\u00ed como temas significativos del Destino Manifiesto y la expansi\u00f3n hacia el Oeste, el papel de los trenes en el Oeste, los aviones y c\u00f3mo redefinieron las extensiones del Oeste, la maravilla moderna del autom\u00f3vil, el advenimiento de las carreteras intercontinentales y el turismo. en el oeste.<\/p>\n<p>Artistas que aparecen en la exposici\u00f3n y el cat\u00e1logo: Ansel Adams, Dianne Johnson Adams, Warren H. Anderson, Steve Atkinson, Thomas Bacher, John Baeder, Tom Blackwell, Ross Buckland, Denham B. Clements, Bruce Cody, Maynard Dixon, Holger Eckstein, Josh Elliott, Michael Goettee, Jenny Gummersall, Woody Gwyn, Vivian Mallette Hutchins, Ron Kleeman, Beth Loftin, Joseph Lorusso, Carol Maltby, Mark McDowell, Hansel Mieth, Douglas Paul Morgan, Ed Natiya, Howard Post, Zachary Proctor, Lori Putnam, Arthur Rothstein, John Salt, Ray Strang, Sherry Blanchard Stuart, Jim Vogel, Bob Wade, Wade Weber, Dennis Ziemienski.<\/p>\n<p>Editado por Katie Perry. Con un pr\u00f3logo de Jeremy Mikolajczak, director ejecutivo, y un ensayo de Christine Brindza, curadora s\u00e9nior, James y Louise Glasser curadora de Arte del Oeste americano. Dise\u00f1ado por Melina Lew, con impresi\u00f3n de Arizona Lithographers, Tucson, Arizona. Publicado por el Museo de Arte y Bloque Hist\u00f3rico de Tucson.<\/p>\n<p>Tapa blanda. 120 p\u00e1gs.<\/p>\n<p>El precio incluye el env\u00edo dentro de los Estados Unidos contiguos. Para env\u00edos fuera de los EE. UU., comun\u00edquese con la tienda del museo en store@localhost<\/p>","protected":false},"excerpt":{"rendered":"<p>The New Westward: Planes, Trains, and Automobiles That Move the Modern West, an exhibition shown at the Tucson Museum of Art October 15, 2016- February 12, 2017 included a publication [&hellip;]<\/p>\n","protected":false},"featured_media":2442,"template":"","meta":{"_price":"20","_stock":"","_tribe_ticket_header":"","_tribe_default_ticket_provider":"","_tribe_ticket_capacity":"5","_ticket_start_date":"","_ticket_end_date":"","_tribe_ticket_show_description":"","_tribe_ticket_show_not_going":false,"_tribe_ticket_use_global_stock":"","_tribe_ticket_global_stock_level":"","_global_stock_mode":"","_global_stock_cap":"","_tribe_rsvp_for_event":"","_tribe_ticket_going_count":"","_tribe_ticket_not_going_count":"","_tribe_tickets_list":"[]","_tribe_ticket_has_attendee_info_fields":false},"product_brand":[],"product_cat":[101],"product_tag":[],"class_list":{"0":"post-2441","1":"product","2":"type-product","3":"status-publish","4":"has-post-thumbnail","6":"product_cat-books-cards","8":"first","9":"instock","10":"sale","11":"shipping-taxable","12":"purchasable","13":"product-type-simple"},"publishpress_future_workflow_manual_trigger":{"enabledWorkflows":[]},"_links":{"self":[{"href":"https:\/\/www.tucsonmuseumofart.org\/es\/wp-json\/wp\/v2\/product\/2441","targetHints":{"allow":["GET"]}}],"collection":[{"href":"https:\/\/www.tucsonmuseumofart.org\/es\/wp-json\/wp\/v2\/product"}],"about":[{"href":"https:\/\/www.tucsonmuseumofart.org\/es\/wp-json\/wp\/v2\/types\/product"}],"wp:featuredmedia":[{"embeddable":true,"href":"https:\/\/www.tucsonmuseumofart.org\/es\/wp-json\/wp\/v2\/media\/2442"}],"wp:attachment":[{"href":"https:\/\/www.tucsonmuseumofart.org\/es\/wp-json\/wp\/v2\/media?parent=2441"}],"wp:term":[{"taxonomy":"product_brand","embeddable":true,"href":"https:\/\/www.tucsonmuseumofart.org\/es\/wp-json\/wp\/v2\/product_brand?post=2441"},{"taxonomy":"product_cat","embeddable":true,"href":"https:\/\/www.tucsonmuseumofart.org\/es\/wp-json\/wp\/v2\/product_cat?post=2441"},{"taxonomy":"product_tag","embeddable":true,"href":"https:\/\/www.tucsonmuseumofart.org\/es\/wp-json\/wp\/v2\/product_tag?post=2441"}],"curies":[{"name":"wp","href":"https:\/\/api.w.org\/{rel}","templated":true}]}}