{"id":26823,"date":"2022-03-24T12:28:52","date_gmt":"2022-03-24T19:28:52","guid":{"rendered":"https:\/\/www.tucsonmuseumofart.org\/?post_type=product&#038;p=26823"},"modified":"2023-09-02T07:42:13","modified_gmt":"2023-09-02T14:42:13","slug":"brad-kahlhamer-1159-to-tucson-catalog","status":"publish","type":"product","link":"https:\/\/www.tucsonmuseumofart.org\/es\/producto\/brad-kahlhamer-1159-to-tucson-catalog\/","title":{"rendered":"Cat\u00e1logo Brad Kahlhamer \u201c11:59 a Tucson\u201d"},"content":{"rendered":"<p>El cat\u00e1logo adjunto a la exposici\u00f3n Brad Kahlhamer <em>11:59 a Tucson\u00a0<\/em>en el Museo de Arte de Tucson del 17 de marzo al 25 de septiembre de 2022.<\/p>\n<p><strong><em>Brad Kahlhamer: 11:59 to Tucson es un cat\u00e1logo a todo color publicado por el Museo de Arte de Tucson con un ensayo de Julie Sasse, PhD, curadora en jefe; pr\u00f3logo de Jeremy Mikolajczak, director y director general de Jon y Linda Ender; poes\u00eda de Natalie Diaz, ganadora del premio Pulitzer Akimel O&#039;otham y poeta de Mojave.<\/em><\/strong><\/p>\n<div class=\"flex_column av-13wcq0x-838cba16876d0008989ea16cbf13ba20 av_one_half  avia-builder-el-7  el_after_av_one_fourth  el_before_av_one_fourth  flex_column_div av-zero-column-padding\">\n<section class=\"av_textblock_section av-kq1hec9r-35286a182f2045bff9bb6270b58e74a2\">\n<div class=\"avia_textblock\">\n<p><em>Brad Kahlhamer: 11:59 a Tucson<\/em>\u00a0es una exposici\u00f3n individual de obras de Brad Kahlhamer (n. 1956), nacido en Tucson y residente en Mesa\/Nueva York, quien crea narrativas muy personales que son tanto reflexiones autobiogr\u00e1ficas sobre su vida como enso\u00f1aciones quijotescas sobre su identidad.<\/p>\n<p>Nacido de padres ind\u00edgenas, Kahlhamer fue adoptado por una familia germano-estadounidense y hasta el d\u00eda de hoy todav\u00eda no conoce sus antecedentes completos. Derivados de recuerdos de la infancia, fantas\u00edas sobre el suroeste y experiencias como ilustrador y m\u00fasico, sus obras son una mezcla de sue\u00f1os y pesadillas que expresan las realidades de la experiencia urbana y el anhelo por sus ra\u00edces ind\u00edgenas.<\/p>\n<p>Kahlhamer divide su vida en tres reinos: el &quot;primer lugar&quot; de su herencia ind\u00edgena, el &quot;segundo lugar&quot; de su crianza en Am\u00e9rica Central en una familia adoptiva blanca, y el &quot;tercer lugar&quot; de su trabajo como artista y m\u00fasico. . A trav\u00e9s de su arte, Kahlhamer busca conectarse con un sentido de pertenencia espiritual y comunitario, as\u00ed como con una cultura que lo ha eludido en el pasado. Al abordar temas de cultura e identidad contempor\u00e1neas, crea obras que resuenan tanto con la ambig\u00fcedad como con la ambivalencia sobre sus or\u00edgenes y un ferviente deseo de descubrirlos.<\/p>\n<hr \/>\n<\/div>\n<\/section>\n<\/div>\n<ul>\n<li>Publicado por el Museo de Arte y Bloque Hist\u00f3rico de Tucson<\/li>\n<li>2022<\/li>\n<li>ISBN 978-0-911611-47-2<\/li>\n<li>De tapa dura<\/li>\n<li>126 p\u00e1ginas<\/li>\n<li>ingl\u00e9s<\/li>\n<li>El precio incluye el env\u00edo con tarifa de medios nacionales<\/li>\n<\/ul>","protected":false},"excerpt":{"rendered":"<p><strong><em>Brad Kahlhamer: 11:59 to Tucson es un cat\u00e1logo a todo color publicado por el Museo de Arte de Tucson con un ensayo de Julie Sasse, PhD, curadora en jefe; pr\u00f3logo de Jeremy Mikolajczak, director y director general de Jon y Linda Ender; poes\u00eda de Natalie Diaz, ganadora del premio Pulitzer Akimel O&#039;otham y poeta de Mojave.<\/em><\/strong><\/p>","protected":false},"featured_media":26824,"template":"","meta":{"_price":"52","_stock":"488","_tribe_ticket_header":"","_tribe_default_ticket_provider":"","_tribe_ticket_capacity":"468","_ticket_start_date":"","_ticket_end_date":"","_tribe_ticket_show_description":"","_tribe_ticket_show_not_going":false,"_tribe_ticket_use_global_stock":"","_tribe_ticket_global_stock_level":"","_global_stock_mode":"","_global_stock_cap":"","_tribe_rsvp_for_event":"","_tribe_ticket_going_count":"","_tribe_ticket_not_going_count":"","_tribe_tickets_list":"[]","_tribe_ticket_has_attendee_info_fields":false},"product_brand":[],"product_cat":[101],"product_tag":[197,86],"class_list":{"0":"post-26823","1":"product","2":"type-product","3":"status-publish","4":"has-post-thumbnail","6":"product_cat-books-cards","7":"product_tag-brad-kahlhamer","8":"product_tag-catalog","10":"first","11":"instock","12":"shipping-taxable","13":"purchasable","14":"product-type-simple"},"publishpress_future_workflow_manual_trigger":{"enabledWorkflows":[]},"_links":{"self":[{"href":"https:\/\/www.tucsonmuseumofart.org\/es\/wp-json\/wp\/v2\/product\/26823","targetHints":{"allow":["GET"]}}],"collection":[{"href":"https:\/\/www.tucsonmuseumofart.org\/es\/wp-json\/wp\/v2\/product"}],"about":[{"href":"https:\/\/www.tucsonmuseumofart.org\/es\/wp-json\/wp\/v2\/types\/product"}],"wp:featuredmedia":[{"embeddable":true,"href":"https:\/\/www.tucsonmuseumofart.org\/es\/wp-json\/wp\/v2\/media\/26824"}],"wp:attachment":[{"href":"https:\/\/www.tucsonmuseumofart.org\/es\/wp-json\/wp\/v2\/media?parent=26823"}],"wp:term":[{"taxonomy":"product_brand","embeddable":true,"href":"https:\/\/www.tucsonmuseumofart.org\/es\/wp-json\/wp\/v2\/product_brand?post=26823"},{"taxonomy":"product_cat","embeddable":true,"href":"https:\/\/www.tucsonmuseumofart.org\/es\/wp-json\/wp\/v2\/product_cat?post=26823"},{"taxonomy":"product_tag","embeddable":true,"href":"https:\/\/www.tucsonmuseumofart.org\/es\/wp-json\/wp\/v2\/product_tag?post=26823"}],"curies":[{"name":"wp","href":"https:\/\/api.w.org\/{rel}","templated":true}]}}