{"id":28573,"date":"2022-07-21T11:53:39","date_gmt":"2022-07-21T18:53:39","guid":{"rendered":"https:\/\/www.tucsonmuseumofart.org\/?post_type=product&#038;p=28573"},"modified":"2025-07-08T17:48:40","modified_gmt":"2025-07-09T00:48:40","slug":"meckler","status":"publish","type":"product","link":"https:\/\/www.tucsonmuseumofart.org\/es\/producto\/meckler\/","title":{"rendered":"Fotograf\u00edas de Steven Meckler: Artistas de Tucson"},"content":{"rendered":"<div class=\"a-expander-collapsed-height a-row a-expander-container a-expander-partial-collapse-container\" aria-live=\"polite\" data-a-expander-collapsed-height=\"300\">\n<div class=\"a-expander-content a-expander-partial-collapse-content\" aria-expanded=\"false\">\n<div class=\"a-expander-collapsed-height a-row a-expander-container a-expander-partial-collapse-container\" aria-live=\"polite\" data-a-expander-collapsed-height=\"300\">\n<div class=\"a-expander-content a-expander-partial-collapse-content\" aria-expanded=\"false\">\n<p>El libro cl\u00e1sico de 1995 de 100 fotograf\u00edas de retratos de artistas de Tucson del fot\u00f3grafo de Tucson Steven Meckler, con un ensayo de la escritora de arte Margaret Regan. Las im\u00e1genes documentan una amplia gama de formas de arte y sus creadores, incluidas leyendas y citas de artistas. Impreso en offset con im\u00e1genes barnizadas.<\/p>\n<p>Formato\/Encuadernaci\u00f3n: Tapa blanda<\/p>\n<p>ISBN 0-9647925-1-6<\/p>\n<p>Editorial: Black Spring Books<\/p>\n<p>Lugar de publicaci\u00f3n: Tucson, AZ<\/p>\n<p>Fecha de publicaci\u00f3n: 1995<\/p>\n<ul>\n<li>El precio incluye env\u00edo y manejo nacional<\/li>\n<\/ul>\n<\/div>\n<\/div>\n<\/div>\n<\/div>","protected":false},"excerpt":{"rendered":"<p>The 1995 classic book of 100 Tucson artist portrait photos by Tucson photographer Steven Meckler, with an essay by art writer Margaret Regan. The images document a broad array of [&hellip;]<\/p>\n","protected":false},"featured_media":28773,"template":"","meta":{"_price":"50","_stock":"2","_tribe_ticket_header":"","_tribe_default_ticket_provider":"","_tribe_ticket_capacity":"34","_ticket_start_date":"","_ticket_end_date":"","_tribe_ticket_show_description":"","_tribe_ticket_show_not_going":false,"_tribe_ticket_use_global_stock":"","_tribe_ticket_global_stock_level":"","_global_stock_mode":"","_global_stock_cap":"","_tribe_rsvp_for_event":"","_tribe_ticket_going_count":"","_tribe_ticket_not_going_count":"","_tribe_tickets_list":"[]","_tribe_ticket_has_attendee_info_fields":false},"product_brand":[],"product_cat":[101],"product_tag":[],"class_list":{"0":"post-28573","1":"product","2":"type-product","3":"status-publish","4":"has-post-thumbnail","6":"product_cat-books-cards","8":"first","9":"instock","10":"shipping-taxable","11":"purchasable","12":"product-type-simple"},"publishpress_future_workflow_manual_trigger":{"enabledWorkflows":[]},"_links":{"self":[{"href":"https:\/\/www.tucsonmuseumofart.org\/es\/wp-json\/wp\/v2\/product\/28573","targetHints":{"allow":["GET"]}}],"collection":[{"href":"https:\/\/www.tucsonmuseumofart.org\/es\/wp-json\/wp\/v2\/product"}],"about":[{"href":"https:\/\/www.tucsonmuseumofart.org\/es\/wp-json\/wp\/v2\/types\/product"}],"wp:featuredmedia":[{"embeddable":true,"href":"https:\/\/www.tucsonmuseumofart.org\/es\/wp-json\/wp\/v2\/media\/28773"}],"wp:attachment":[{"href":"https:\/\/www.tucsonmuseumofart.org\/es\/wp-json\/wp\/v2\/media?parent=28573"}],"wp:term":[{"taxonomy":"product_brand","embeddable":true,"href":"https:\/\/www.tucsonmuseumofart.org\/es\/wp-json\/wp\/v2\/product_brand?post=28573"},{"taxonomy":"product_cat","embeddable":true,"href":"https:\/\/www.tucsonmuseumofart.org\/es\/wp-json\/wp\/v2\/product_cat?post=28573"},{"taxonomy":"product_tag","embeddable":true,"href":"https:\/\/www.tucsonmuseumofart.org\/es\/wp-json\/wp\/v2\/product_tag?post=28573"}],"curies":[{"name":"wp","href":"https:\/\/api.w.org\/{rel}","templated":true}]}}