{"id":30102,"date":"2022-10-12T11:11:08","date_gmt":"2022-10-12T18:11:08","guid":{"rendered":"https:\/\/www.tucsonmuseumofart.org\/?post_type=product&#038;p=30102"},"modified":"2024-04-02T14:45:34","modified_gmt":"2024-04-02T21:45:34","slug":"more-than-catalog","status":"publish","type":"product","link":"https:\/\/www.tucsonmuseumofart.org\/es\/producto\/more-than-catalog\/","title":{"rendered":"M\u00c1S QUE: EXPANDIENDO LAS IDENTIDADES DE ARTISTAS DEL OESTE AMERICANO Cat\u00e1logo de la exposici\u00f3n"},"content":{"rendered":"<p>El cat\u00e1logo que acompa\u00f1a a la exposici\u00f3n M\u00c1S QUE: EXPANDIENDO LAS IDENTIDADES DE ARTISTAS DEL OESTE AMERICANO a la vista en el Museo de Arte de Tucson del 15 de octubre de 2022 al 19 de marzo de 2023.<\/p>\n<ul>\n<li>Publicado por el Museo de Arte y Bloque Hist\u00f3rico de Tucson<\/li>\n<li>Impreso por Arizona Lithographers, Tucson, AZ<\/li>\n<li>Curadora y autora: Christine Brindza<\/li>\n<li>2022<\/li>\n<li>ISBN 978-0-911611-48-9<\/li>\n<li>Libro de bolsillo<\/li>\n<li>111 p\u00e1ginas<\/li>\n<li>ingl\u00e9s<\/li>\n<li>El precio incluye el env\u00edo con tarifa de medios nacionales<\/li>\n<\/ul>\n<p><em>M\u00e1s que: Expansi\u00f3n de las identidades de los artistas del oeste americano\u00a0<\/em>se centra en obras de arte creadas en todo el oeste de Estados Unidos, la frontera suroeste de Estados Unidos y partes de Canad\u00e1, y observa c\u00f3mo los artistas adoptan varias partes de s\u00ed mismos e incorporan estas identidades en sus obras de arte.<\/p>\n<p>La individualidad y las percepciones de un artista ofrecen historias ricas, notables y complejas que con frecuencia pueden pasarse por alto. Esta exposici\u00f3n, por lo tanto, explora c\u00f3mo las obras de arte hablan de las formas en que los artistas asumen m\u00faltiples roles, sirviendo no solo como creadores de obras de arte, sino tambi\u00e9n como miembros de la comunidad, socios, cuidadores, narradores de historias, portadores de conocimiento, activistas, inmigrantes e innumerables posiciones. no siempre evidente. Tomando una mirada cr\u00edtica a las estad\u00edsticas dispares de la representaci\u00f3n de artistas en los museos, More Than se centra en artistas que son mujeres, personas de color y personas con antecedentes interseccionales. Al hacer esto, TMA se involucra en una conversaci\u00f3n para abordar las desigualdades y explorar oportunidades para crear una interpretaci\u00f3n m\u00e1s inclusiva del oeste americano.<\/p>\n<p>Para ampliar las discusiones sobre las formas en que se ve y entiende la identidad y el arte del g\u00e9nero del oeste americano, la exposici\u00f3n incluye poes\u00eda del Poeta Laureado de Tucson 2019 TC Tolbert y textos acompa\u00f1antes de miembros de la comunidad local. Adem\u00e1s, los ejemplos de obras hist\u00f3ricas se combinan de manera creativa con el arte contempor\u00e1neo para proporcionar formas de establecer conexiones significativas, vincular el pasado y el presente y establecer comparaciones entre las ideas, los estilos y los motivos de los artistas.<\/p>\n<p>&nbsp;<\/p>\n<p><em><br class=\"avia-permanent-lb\" \/>M\u00e1s que: Expansi\u00f3n de las identidades de los artistas del oeste americano<\/em>\u00a0se centra en las obras de arte creadas en el oeste de Estados Unidos, la frontera suroeste de los Estados Unidos y partes del Canad\u00e1 observando c\u00f3mo los artistas adoptan varias partes de s\u00ed mismos, y las incorporadas en sus obras de arte.<\/p>\n<p>La individualidad y la percepci\u00f3n de un artista surgen historias complejas, notables y ricas que a menudo se pasan por alto. Esta exposici\u00f3n, por lo tanto, explora c\u00f3mo las obras de arte hablan de las formas en que los artistas asumen m\u00faltiples papeles, sirviendo no s\u00f3lo como creadores de obras de arte, sino tambi\u00e9n como miembros de la comunidad, compa\u00f1eros, cuidadores, narradores, portadores de conocimiento, activistas, inmigrantes e innumerables posiciones, no siempre evidentes. Tomando una mirada cr\u00edtica a las estad\u00edsticas dispares de la representaci\u00f3n de artistas en los museos, More Than se centra en artistas que son mujeres, personas de color y personas con antecedentes interseccionales. Al hacer esto, TMA se involucra en una conversaci\u00f3n para abordar las desigualdades y explorar oportunidades para crear una interpretaci\u00f3n m\u00e1s inclusiva del oeste americano.<\/p>\n<p>Para ampliar las discusiones sobre las formas en que se ve y entiende la identidad y el arte del g\u00e9nero del oeste americano, la poes\u00eda del Poeta Laureado de Tucson en 2019, TC Tolbert, y los textos que lo acompa\u00f1an de miembros de la comunidad local se incluyen dentro de la exposici\u00f3n. Adem\u00e1s, los ejemplos de obras hist\u00f3ricas se combinan de forma creativa con el arte contempor\u00e1neo para proporcionar formas de conectar conexiones significativas, enlazar el pasado y el presente y establecer comparaciones entre las ideas, los estilos y los motivos de los artistas.<\/p>\n<p>&nbsp;<\/p>\n<p><span style=\"font-size: 20px;font-weight: 600\">Destacado A<\/span><span style=\"font-size: 20px;font-weight: 600\">artistas<\/span><br \/>\nMarla Allison (Laguna Pueblo), Angela Babby (Oglala Lakota), Christi Belcourt (\u00c2pt\u00eekosan (Metis), George Catlin, Nani Chacon (Din\u00e9), Michael Chiago, Sr. (Tohono O&#039;odham), tejedor de cestas Chitimacha (hist\u00f3rico), Anne Coe, tejedora de cestas Din\u00e9 (hist\u00f3rica), tejedora textil Din\u00e9 (hist\u00f3rica), Steffi Faircloth, Ruth Fehr, Anita Fields (Osage), Frank Buffalo Hyde (Onondaga), Yowshien Kuo, Laguna Pueblo Potters (hist\u00f3rica), Lakota beader (hist\u00f3rica ), C\u00e9sar A. Mart\u00ednez, Maria Martinez (San Il Defonso Pueblo), alfarero maya (hist\u00f3rico), Ivan B. McClellan, Kent Monkman (Fisher River Band Cree), modista Northern Plains\/Lakota (hist\u00f3rico), fabricante de mu\u00f1ecas Quechan (hist\u00f3rico ), Kate Russell y Rose B. Simpson (Santa Clara Pueblo), Roseta Santiago, Sarah Sense (Chitimacha), Louise Serpa, David Benjamin Sherry, Mian Situ, Tohono O&#039;odham cestero (hist\u00f3rico), Ezra Tucker, Rosa G. Valencia (Jemez Pueblo), Bobb Vann, Monica Wapaha (White Mountain Apache y Tohono O&#039;odham), Daniela Werneck, Western Apache\/ Yavapai b asket weavers (hist\u00f3rico), Dyani White Hawk (Si\u010da\u014b\u01e7u Lakota), Debra Yepa-Pappan (Jemez Pueblo y coreano), Agnes Yerkes, Ni Zhu<\/p>","protected":false},"excerpt":{"rendered":"<div class=\"flex_column av-6jw2r46-360c290eab6031257b9b7818596743ae av_one_half avia-builder-el-8 el_after_av_one_fourth el_before_av_one_fourth flex_column_div\">\n<section class=\"av_textblock_section av-l3m5vp9h-06b74dfced43af50360f7291cfa49874\">\n<div class=\"avia_textblock\"><\/div>\n<\/section>\n<\/div>\n<div class=\"flex_column av-50w3lqe-f8f4340c71c0e6748cc2d4f4829c7b93 av_one_half avia-builder-el-14 el_after_av_one_fourth el_before_av_one_fourth flex_column_div\">\n<section class=\"av_textblock_section av-l94tllrn-3a406e7e93d58e67fff9c78324f040a8\">\n<div class=\"avia_textblock av_multi_colums\">\n<p><strong><em>More Than: Expanding Artist Identities from the American West es un cat\u00e1logo a todo color publicado por el Museo de Arte de Tucson con un ensayo de Christine Brindza, curadora s\u00e9nior; pr\u00f3logo de Christopher Gordon; poes\u00eda de TC Tolbert.<\/em><\/strong><\/p>\n<\/div>\n<\/section>\n<\/div>","protected":false},"featured_media":30103,"template":"","meta":{"_price":"44","_stock":"396","_tribe_ticket_header":"","_tribe_default_ticket_provider":"","_tribe_ticket_capacity":"468","_ticket_start_date":"","_ticket_end_date":"","_tribe_ticket_show_description":"","_tribe_ticket_show_not_going":false,"_tribe_ticket_use_global_stock":"","_tribe_ticket_global_stock_level":"","_global_stock_mode":"","_global_stock_cap":"","_tribe_rsvp_for_event":"","_tribe_ticket_going_count":"","_tribe_ticket_not_going_count":"","_tribe_tickets_list":"[]","_tribe_ticket_has_attendee_info_fields":false},"product_brand":[],"product_cat":[101],"product_tag":[86,217,216],"class_list":{"0":"post-30102","1":"product","2":"type-product","3":"status-publish","4":"has-post-thumbnail","6":"product_cat-books-cards","7":"product_tag-catalog","8":"product_tag-exhibition","9":"product_tag-more-than","11":"first","12":"instock","13":"sale","14":"shipping-taxable","15":"purchasable","16":"product-type-simple"},"publishpress_future_workflow_manual_trigger":{"enabledWorkflows":[]},"_links":{"self":[{"href":"https:\/\/www.tucsonmuseumofart.org\/es\/wp-json\/wp\/v2\/product\/30102","targetHints":{"allow":["GET"]}}],"collection":[{"href":"https:\/\/www.tucsonmuseumofart.org\/es\/wp-json\/wp\/v2\/product"}],"about":[{"href":"https:\/\/www.tucsonmuseumofart.org\/es\/wp-json\/wp\/v2\/types\/product"}],"wp:featuredmedia":[{"embeddable":true,"href":"https:\/\/www.tucsonmuseumofart.org\/es\/wp-json\/wp\/v2\/media\/30103"}],"wp:attachment":[{"href":"https:\/\/www.tucsonmuseumofart.org\/es\/wp-json\/wp\/v2\/media?parent=30102"}],"wp:term":[{"taxonomy":"product_brand","embeddable":true,"href":"https:\/\/www.tucsonmuseumofart.org\/es\/wp-json\/wp\/v2\/product_brand?post=30102"},{"taxonomy":"product_cat","embeddable":true,"href":"https:\/\/www.tucsonmuseumofart.org\/es\/wp-json\/wp\/v2\/product_cat?post=30102"},{"taxonomy":"product_tag","embeddable":true,"href":"https:\/\/www.tucsonmuseumofart.org\/es\/wp-json\/wp\/v2\/product_tag?post=30102"}],"curies":[{"name":"wp","href":"https:\/\/api.w.org\/{rel}","templated":true}]}}