{"id":32775,"date":"2023-05-10T15:37:12","date_gmt":"2023-05-10T22:37:12","guid":{"rendered":"https:\/\/www.tucsonmuseumofart.org\/?post_type=product&#038;p=32775"},"modified":"2025-05-28T02:51:20","modified_gmt":"2025-05-28T09:51:20","slug":"roberto-marquez-sojourns-in-the-labyrinth-a-survey-of-paintings-1984-1994","status":"publish","type":"product","link":"https:\/\/www.tucsonmuseumofart.org\/es\/producto\/roberto-marquez-sojourns-in-the-labyrinth-a-survey-of-paintings-1984-1994\/","title":{"rendered":"Las estancias de Roberto M\u00e1rquez en el laberinto: un recorrido por la pintura 1984-1994"},"content":{"rendered":"<p>El cat\u00e1logo que acompa\u00f1a a la exposici\u00f3n a la vista en el Museo de Arte de Tucson del 8 de abril al 5 de junio de 1994.<\/p>\n<ul>\n<li>Publicado por Pueblo, Inc. y Tucson Museum of Art and Historic Block<\/li>\n<li>Curadora: Joanne Stuhr<\/li>\n<li>1994<\/li>\n<li>ISBN 0-911611-00-2<\/li>\n<li>Libro de bolsillo<\/li>\n<li>112 p\u00e1ginas<\/li>\n<li>ingl\u00e9s<\/li>\n<li>El precio incluye el env\u00edo con tarifa de medios nacionales<\/li>\n<\/ul>\n<p>&nbsp;<\/p>","protected":false},"excerpt":{"rendered":"<div class=\"flex_column av-6jw2r46-360c290eab6031257b9b7818596743ae av_one_half avia-builder-el-8 el_after_av_one_fourth el_before_av_one_fourth flex_column_div\">\n<section class=\"av_textblock_section av-l3m5vp9h-06b74dfced43af50360f7291cfa49874\">\n<div class=\"avia_textblock\"><\/div>\n<\/section>\n<\/div>\n<div class=\"flex_column av-50w3lqe-f8f4340c71c0e6748cc2d4f4829c7b93 av_one_half avia-builder-el-14 el_after_av_one_fourth el_before_av_one_fourth flex_column_div\">\n<section class=\"av_textblock_section av-l94tllrn-3a406e7e93d58e67fff9c78324f040a8\">\n<div class=\"avia_textblock av_multi_colums\">\n<p>&nbsp;<\/p>\n<\/div>\n<\/section>\n<\/div>","protected":false},"featured_media":32776,"template":"","meta":{"_price":"20","_stock":"16","_tribe_ticket_header":"","_tribe_default_ticket_provider":"","_tribe_ticket_capacity":"468","_ticket_start_date":"","_ticket_end_date":"","_tribe_ticket_show_description":"","_tribe_ticket_show_not_going":false,"_tribe_ticket_use_global_stock":"","_tribe_ticket_global_stock_level":"","_global_stock_mode":"","_global_stock_cap":"","_tribe_rsvp_for_event":"","_tribe_ticket_going_count":"","_tribe_ticket_not_going_count":"","_tribe_tickets_list":"[]","_tribe_ticket_has_attendee_info_fields":false},"product_brand":[],"product_cat":[101],"product_tag":[86,217,230],"class_list":{"0":"post-32775","1":"product","2":"type-product","3":"status-publish","4":"has-post-thumbnail","6":"product_cat-books-cards","7":"product_tag-catalog","8":"product_tag-exhibition","9":"product_tag-roberto-marquez","11":"first","12":"instock","13":"shipping-taxable","14":"purchasable","15":"product-type-simple"},"publishpress_future_workflow_manual_trigger":{"enabledWorkflows":[]},"_links":{"self":[{"href":"https:\/\/www.tucsonmuseumofart.org\/es\/wp-json\/wp\/v2\/product\/32775","targetHints":{"allow":["GET"]}}],"collection":[{"href":"https:\/\/www.tucsonmuseumofart.org\/es\/wp-json\/wp\/v2\/product"}],"about":[{"href":"https:\/\/www.tucsonmuseumofart.org\/es\/wp-json\/wp\/v2\/types\/product"}],"wp:featuredmedia":[{"embeddable":true,"href":"https:\/\/www.tucsonmuseumofart.org\/es\/wp-json\/wp\/v2\/media\/32776"}],"wp:attachment":[{"href":"https:\/\/www.tucsonmuseumofart.org\/es\/wp-json\/wp\/v2\/media?parent=32775"}],"wp:term":[{"taxonomy":"product_brand","embeddable":true,"href":"https:\/\/www.tucsonmuseumofart.org\/es\/wp-json\/wp\/v2\/product_brand?post=32775"},{"taxonomy":"product_cat","embeddable":true,"href":"https:\/\/www.tucsonmuseumofart.org\/es\/wp-json\/wp\/v2\/product_cat?post=32775"},{"taxonomy":"product_tag","embeddable":true,"href":"https:\/\/www.tucsonmuseumofart.org\/es\/wp-json\/wp\/v2\/product_tag?post=32775"}],"curies":[{"name":"wp","href":"https:\/\/api.w.org\/{rel}","templated":true}]}}