{"id":8490,"date":"2019-02-19T14:27:27","date_gmt":"2019-02-19T21:27:27","guid":{"rendered":"https:\/\/www.tucsonmuseumofart.org\/?post_type=product&#038;p=8490"},"modified":"2021-05-19T14:46:48","modified_gmt":"2021-05-19T21:46:48","slug":"dress-matters-clothing-as-metaphor","status":"publish","type":"product","link":"https:\/\/www.tucsonmuseumofart.org\/es\/producto\/dress-matters-clothing-as-metaphor\/","title":{"rendered":"El vestido importa: la ropa como met\u00e1fora"},"content":{"rendered":"<p><em>El vestido importa: la ropa como met\u00e1fora<\/em> examina la ropa en el arte como s\u00edmbolo de poder e identidad. A la vez funcionales y est\u00e9ticas, las prendas se usan para proteger el cuerpo de los elementos, realzar la belleza de quien las usa, establecer un rango en la sociedad y se\u00f1alar a los dem\u00e1s nuestras diferencias o similitudes. Las prendas tambi\u00e9n apuntan a problemas y condiciones interpersonales, as\u00ed como a preocupaciones sociales y culturales m\u00e1s amplias. Las obras de esta exposici\u00f3n revelan c\u00f3mo los artistas utilizan conceptos e im\u00e1genes de ropa para transmitir mensajes convincentes sobre el g\u00e9nero, la edad, la etnia, la historia, la profesi\u00f3n y el mundo que nos rodea en general.<\/p>\n<p>Artistas que aparecen en la exposici\u00f3n y el cat\u00e1logo: Sama Alshaibi, Laura Schiff, Joseph Beuys, Willie Birch, Christian Boltanski, Robert Bracketti, Bob Carey, Nick Cave, John Coffer, Maureen Conner, John Singleton-Copley, Beatrice Coron, Kate Daudy, Claudio Dicochea, Jim Dine, Simon Donovan, Bailey Doogan, Jay Dusard, Johann Georg Edlinger, Angela Ellsworth, Fausto Fernandez, Julie Fullerton-Batten, Adam Fuss, Valerie Hammond, George E. Huffman, Illman Brothers, Graciela Iturbide, Susan Jamison, Benjamin M. Johnson, Walt Kuhn, Karen LaMonte, Robert Longo, Annie Lopez, Robert Mapplethorpe, Robyn Soutenburg McDaniels, Richard Mosse, Mark Newport, Catherine Opie, Ruth Orkin, Ebony G. Patterson, Barbara Penn, Wendy Red Star, Miriam Schapiro, Raghubir Singh, Jaune Quick-to-See Smith, Raphael Soyer, Agata Stoinska y Andy Warhol.<\/p>\n<p>Comisariada por la Dra. Julie Sasse, curadora en jefe<\/p>\n<p>Editado por Katie Graff. Pr\u00f3logo de Jeremy Mikolajczak, director ejecutivo, y ensayo de la Dra. Julie Sasse, curadora en jefe. Dise\u00f1ado por Melina Lew, con impresi\u00f3n de Arizona Lithographers, Tucson, Arizona. Publicado por el Museo de Arte y Bloque Hist\u00f3rico de Tucson.<\/p>\n<p>Tapa blanda. 64 p\u00e1gs.<\/p>\n<p>El precio incluye el env\u00edo dentro de los Estados Unidos contiguos. Para env\u00edos fuera de los EE. UU., comun\u00edquese con la tienda del museo en store@localhost<\/p>","protected":false},"excerpt":{"rendered":"<p>Dress Matters: Clothing as Metaphor examines clothing in art as symbols of power and identity. At once functional and aesthetic, garments are worn to protect the body from the elements, [&hellip;]<\/p>\n","protected":false},"featured_media":8491,"template":"","meta":{"_price":"15","_stock":"","_tribe_ticket_header":"","_tribe_default_ticket_provider":"","_tribe_ticket_capacity":"24","_ticket_start_date":"","_ticket_end_date":"","_tribe_ticket_show_description":"","_tribe_ticket_show_not_going":false,"_tribe_ticket_use_global_stock":"","_tribe_ticket_global_stock_level":"","_global_stock_mode":"","_global_stock_cap":"","_tribe_rsvp_for_event":"","_tribe_ticket_going_count":"","_tribe_ticket_not_going_count":"","_tribe_tickets_list":"[]","_tribe_ticket_has_attendee_info_fields":false},"product_brand":[],"product_cat":[101],"product_tag":[],"class_list":{"0":"post-8490","1":"product","2":"type-product","3":"status-publish","4":"has-post-thumbnail","6":"product_cat-books-cards","8":"first","9":"instock","10":"sale","11":"shipping-taxable","12":"purchasable","13":"product-type-simple"},"publishpress_future_workflow_manual_trigger":{"enabledWorkflows":[]},"_links":{"self":[{"href":"https:\/\/www.tucsonmuseumofart.org\/es\/wp-json\/wp\/v2\/product\/8490","targetHints":{"allow":["GET"]}}],"collection":[{"href":"https:\/\/www.tucsonmuseumofart.org\/es\/wp-json\/wp\/v2\/product"}],"about":[{"href":"https:\/\/www.tucsonmuseumofart.org\/es\/wp-json\/wp\/v2\/types\/product"}],"wp:featuredmedia":[{"embeddable":true,"href":"https:\/\/www.tucsonmuseumofart.org\/es\/wp-json\/wp\/v2\/media\/8491"}],"wp:attachment":[{"href":"https:\/\/www.tucsonmuseumofart.org\/es\/wp-json\/wp\/v2\/media?parent=8490"}],"wp:term":[{"taxonomy":"product_brand","embeddable":true,"href":"https:\/\/www.tucsonmuseumofart.org\/es\/wp-json\/wp\/v2\/product_brand?post=8490"},{"taxonomy":"product_cat","embeddable":true,"href":"https:\/\/www.tucsonmuseumofart.org\/es\/wp-json\/wp\/v2\/product_cat?post=8490"},{"taxonomy":"product_tag","embeddable":true,"href":"https:\/\/www.tucsonmuseumofart.org\/es\/wp-json\/wp\/v2\/product_tag?post=8490"}],"curies":[{"name":"wp","href":"https:\/\/api.w.org\/{rel}","templated":true}]}}