{"id":8494,"date":"2019-02-19T13:34:45","date_gmt":"2019-02-19T20:34:45","guid":{"rendered":"https:\/\/www.tucsonmuseumofart.org\/?post_type=product&#038;p=8494"},"modified":"2021-05-19T14:49:34","modified_gmt":"2021-05-19T21:49:34","slug":"the-west-observed-the-art-of-howard-post","status":"publish","type":"product","link":"https:\/\/www.tucsonmuseumofart.org\/es\/producto\/the-west-observed-the-art-of-howard-post\/","title":{"rendered":"Occidente observado. El arte de Howard Post"},"content":{"rendered":"<p>La exposici\u00f3n del Museo de Arte de Tucson, <em>The West Observed: El arte de Howard Post<\/em> present\u00f3 el trabajo de este conocido artista de Arizona. Esta publicaci\u00f3n acompa\u00f1\u00f3 la muestra que contiene un cat\u00e1logo de im\u00e1genes expuestas y dos ensayos centrados en la biograf\u00eda y el lugar del artista en la historia del arte. A lo largo de su carrera, Post se ha convertido en uno de los pintores occidentales contempor\u00e1neos m\u00e1s importantes, concentr\u00e1ndose en im\u00e1genes de vaqueros, corrales, caballos, ganado y amplios pastos utilizando su estilo caracter\u00edstico y una variedad de colores. Su fuerte iluminaci\u00f3n, sombras profundas, patrones abstractos y puntos de vista a\u00e9reos presentan una perspectiva moderna de la vida y los entornos occidentales.<em>.<\/em><\/p>\n<p>Itinerario de la exposici\u00f3n:<br \/>\nBooth Museum of Western Art (octubre de 2017 - febrero de 2018)<br \/>\nMuseo de Arte de Tucson (marzo de 2018 - junio de 2018)<br \/>\nMuseo del Oeste del Desierto Caballeros (julio 2018 \u2013 noviembre 2018)<\/p>\n<p>Editado por Katie Perry. Con un pr\u00f3logo de Jeremy Mikolajczak, director ejecutivo, y un ensayo de Christine Brindza, curadora s\u00e9nior, James y Louise Glasser curadora de Arte del Oeste americano. Dise\u00f1ado por Melina Lew, con impresi\u00f3n de Arizona Lithographers, Tucson, Arizona. Publicado por el Museo de Arte y Bloque Hist\u00f3rico de Tucson.<\/p>\n<p>Tapa blanda. 64 p\u00e1gs.<\/p>\n<p>El precio incluye el env\u00edo dentro de los Estados Unidos contiguos. Para env\u00edos fuera de los EE. UU., comun\u00edquese con la tienda del museo en store@localhost<\/p>","protected":false},"excerpt":{"rendered":"<p>The Tucson Museum of Art exhibition, The West Observed: The Art of Howard Post featured the work of this well-known Arizona artist. This publication accompanied the show which contains a [&hellip;]<\/p>\n","protected":false},"featured_media":8495,"template":"","meta":{"_price":"20","_stock":"","_tribe_ticket_header":"","_tribe_default_ticket_provider":"","_tribe_ticket_capacity":"6","_ticket_start_date":"","_ticket_end_date":"","_tribe_ticket_show_description":"","_tribe_ticket_show_not_going":false,"_tribe_ticket_use_global_stock":"","_tribe_ticket_global_stock_level":"","_global_stock_mode":"","_global_stock_cap":"","_tribe_rsvp_for_event":"","_tribe_ticket_going_count":"","_tribe_ticket_not_going_count":"","_tribe_tickets_list":"[]","_tribe_ticket_has_attendee_info_fields":false},"product_brand":[],"product_cat":[101],"product_tag":[],"class_list":{"0":"post-8494","1":"product","2":"type-product","3":"status-publish","4":"has-post-thumbnail","6":"product_cat-books-cards","8":"first","9":"instock","10":"sale","11":"shipping-taxable","12":"purchasable","13":"product-type-simple"},"publishpress_future_workflow_manual_trigger":{"enabledWorkflows":[]},"_links":{"self":[{"href":"https:\/\/www.tucsonmuseumofart.org\/es\/wp-json\/wp\/v2\/product\/8494","targetHints":{"allow":["GET"]}}],"collection":[{"href":"https:\/\/www.tucsonmuseumofart.org\/es\/wp-json\/wp\/v2\/product"}],"about":[{"href":"https:\/\/www.tucsonmuseumofart.org\/es\/wp-json\/wp\/v2\/types\/product"}],"wp:featuredmedia":[{"embeddable":true,"href":"https:\/\/www.tucsonmuseumofart.org\/es\/wp-json\/wp\/v2\/media\/8495"}],"wp:attachment":[{"href":"https:\/\/www.tucsonmuseumofart.org\/es\/wp-json\/wp\/v2\/media?parent=8494"}],"wp:term":[{"taxonomy":"product_brand","embeddable":true,"href":"https:\/\/www.tucsonmuseumofart.org\/es\/wp-json\/wp\/v2\/product_brand?post=8494"},{"taxonomy":"product_cat","embeddable":true,"href":"https:\/\/www.tucsonmuseumofart.org\/es\/wp-json\/wp\/v2\/product_cat?post=8494"},{"taxonomy":"product_tag","embeddable":true,"href":"https:\/\/www.tucsonmuseumofart.org\/es\/wp-json\/wp\/v2\/product_tag?post=8494"}],"curies":[{"name":"wp","href":"https:\/\/api.w.org\/{rel}","templated":true}]}}